{"id":10374,"date":"2024-04-29T06:22:45","date_gmt":"2024-04-29T06:22:45","guid":{"rendered":"http:\/\/foerderverein-theatersommer.net\/archiv\/?page_id=10374"},"modified":"2024-10-23T16:05:36","modified_gmt":"2024-10-23T16:05:36","slug":"der-kleine-prinz","status":"publish","type":"page","link":"https:\/\/foerderverein-theatersommer.net\/archiv\/spielplan\/kindertheater\/der-kleine-prinz\/","title":{"rendered":"<br\/>2023 &#8211; DER KLEINE PRINZ<br\/><br\/>"},"content":{"rendered":"<p><span style=\"font-size: 18pt;\"><strong>DER KLEINE PRINZ<\/strong><\/span><br \/>\nfrei nach dem Kinderbuch von <span class=\"Apple-converted-space\">Antoine de Saint-Exup\u00e9ry<br \/>\n<\/span><span style=\"font-size: 10pt;\">F\u00fcr den Theatersommer szenisch und dramaturgisch eingerichtet von Diana Gantner<\/span><\/p>\n<p><b><\/b>Regie: Diana Gantner<br \/>\nKost\u00fcmbild: Yasmin Attar<br \/>\nMit:\u00a0Esther Browning, Rasmus Max Wirth<\/p>\n<p><span style=\"font-size: 14pt;\"><strong>KONZEPTION\/INHALT<br \/>\n<\/strong><\/span>\u201e<em>Man sieht nur mit dem Herzen gut!\u201c<\/em> lautet der ber\u00fchmteste Satz aus der m\u00e4rchenhaften Geschichte des leidenschaftlichen Piloten Antoine de Saint-Exup\u00e9ry. Die poetische Erz\u00e4hlung mit den unverwechselbaren Zeichnungen sollte sein mit Abstand bekanntestes Werk werden. Nach der Bibel und dem Koran ist sie noch immer das am meisten gelesene Buch auf der ganzen Welt.<\/p>\n<p>Schon 1943 wird \u201eDer kleine Prinz\u201c literarisch geboren, aber seine Geschichte erfreut sich bis heute ihres r\u00e4tselhaften Zaubers. Ja, der kleine Prinz lebt! Sein weltweiter Siegeszug f\u00fchrt ihn endlich auch in den Theatersommer.\u00a0Die von Jung und Alt geliebte, symbolreiche Geschichte besticht durch ihre unnachahmliche Mischung aus Leichtigkeit, Sehnsucht, seelenvollen Einsichten und der ihnen innewohnenden Liebe.<\/p>\n<p>Ihr authentischer kleiner Held ist ebenso kindlich wie weise, seine Story fantasievoll, genussreich und anr\u00fchrend zugleich. Das Kinder- und Familientheater betont die zentralen Themen und Motive des sch\u00f6nen M\u00e4rchens, bringt sie dabei behutsam in die heutige Zeit und toppt das zauberhafte Abenteuer durch die typische Atmosph\u00e4re der Freilichtb\u00fchne \u2013 die l\u00e4sst wie immer viel Platz f\u00fcr kindliche Entdeckerfreude und unterhaltsame \u00dcberraschungen.<\/p>\n<p><span style=\"font-size: 14pt;\"><strong>PRESSESTIMMEN<\/strong><\/span><br \/>\n<strong>Tiefgr\u00fcndig und federleicht<\/strong><br \/>\n\u201eRegisseurin Diana Gantner hat aus der weltbekannten Erz\u00e4hlung ein B\u00fchnenst\u00fcck geschaffen, das gleich zwei Herausforderungen federleicht meistert, ohne es dabei an Tiefgang mangeln zu lassen: Ihr &#8222;kleiner Prinz&#8220; transportiert den urspr\u00fcnglichen Inhalt anschaulich in die heutige Zeit und bietet tats\u00e4chlich eine lohnende Reise f\u00fcr Kinder und Erwachsene zugleich.\u201c \u2013 Ludwigsburger Kreiszeitung \u2013<\/p>\n<p><a href=\"http:\/\/foerderverein-theatersommer.net\/archiv\/wp-content\/uploads\/Der_kleine_Prinz\u00a9THS_by_Crassie-R.M.-Wirth.jpg\"><img loading=\"lazy\" decoding=\"async\" class=\"alignleft wp-image-10388 size-thumbnail\" title=\"2023 Der kleine Prinz (Rasmus Max Wirth) \u00a9 ThS 2023, Fotograf: R. Crassie\" src=\"http:\/\/foerderverein-theatersommer.net\/archiv\/wp-content\/uploads\/Der_kleine_Prinz\u00a9THS_by_Crassie-R.M.-Wirth-175x175.jpg\" alt=\"\" width=\"175\" height=\"175\" \/><\/a><\/p>\n<p><a href=\"http:\/\/foerderverein-theatersommer.net\/archiv\/wp-content\/uploads\/8.-Der_kleine_Prinz\u00a9THS_by_Crassie_R.M.-Wirth-E.-Browning.jpg\"><img loading=\"lazy\" decoding=\"async\" class=\"alignleft wp-image-10385 size-thumbnail\" title=\"Der kleine Prinz (Ester Browning, Max Rasmus Wirth) \u00a9 ThS 2023, Fotograf: R. Crassie\" src=\"http:\/\/foerderverein-theatersommer.net\/archiv\/wp-content\/uploads\/8.-Der_kleine_Prinz\u00a9THS_by_Crassie_R.M.-Wirth-E.-Browning-175x175.jpg\" alt=\"\" width=\"175\" height=\"175\" \/><\/a><\/p>\n<p><a href=\"http:\/\/foerderverein-theatersommer.net\/archiv\/wp-content\/uploads\/9.Der_kleine_Prinz\u00a9THS_by_Crassie_Hochformat_E.-Browing-R.M.-Wirth.jpg\"><img loading=\"lazy\" decoding=\"async\" class=\"alignleft wp-image-10386 size-thumbnail\" title=\"Der kleine Prinz (Ester Browning, Max Rasmus Wirth) \u00a9 ThS 2023, Fotograf: R. Crassie\" src=\"http:\/\/foerderverein-theatersommer.net\/archiv\/wp-content\/uploads\/9.Der_kleine_Prinz\u00a9THS_by_Crassie_Hochformat_E.-Browing-R.M.-Wirth-175x175.jpg\" alt=\"\" width=\"175\" height=\"175\" \/><\/a><\/p>\n<p><a href=\"http:\/\/foerderverein-theatersommer.net\/archiv\/wp-content\/uploads\/6.Der_kleine_Prinz\u00a9THS_by_Crassie_Ritter_E.-Browing-R.M.-Wirth.jpg\"><img loading=\"lazy\" decoding=\"async\" class=\"alignleft wp-image-10383 size-thumbnail\" title=\"Der kleine Prinz (Ester Browning, Max Rasmus Wirth) \u00a9 ThS 2023, Fotograf: R. Crassie\" src=\"http:\/\/foerderverein-theatersommer.net\/archiv\/wp-content\/uploads\/6.Der_kleine_Prinz\u00a9THS_by_Crassie_Ritter_E.-Browing-R.M.-Wirth-175x175.jpg\" alt=\"\" width=\"175\" height=\"175\" \/><\/a><\/p>\n<p><a href=\"http:\/\/foerderverein-theatersommer.net\/archiv\/wp-content\/uploads\/10.Der_kleine_Prinz\u00a9THS_by_Crassie_Ritter_R.M.Wirth_.jpg\"><img loading=\"lazy\" decoding=\"async\" class=\"alignleft wp-image-10387 size-thumbnail\" title=\"Der kleine Prinz (Max Rasmus Wirth) \u00a9 ThS 2023, Fotograf: R. Crassie\" src=\"http:\/\/foerderverein-theatersommer.net\/archiv\/wp-content\/uploads\/10.Der_kleine_Prinz\u00a9THS_by_Crassie_Ritter_R.M.Wirth_-175x175.jpg\" alt=\"Der kleine Prinz (Max Rasmus Wirth) \u00a9 ThS 2023, Fotograf: R. Crassie\" width=\"175\" height=\"175\" \/><\/a><\/p>\n<p><a href=\"http:\/\/foerderverein-theatersommer.net\/archiv\/wp-content\/uploads\/3.Der_kleine_Prinz\u00a9THS_by_Crassie_E.-Browing-R.M.-Wirth-1.jpg\"><img loading=\"lazy\" decoding=\"async\" class=\"alignleft wp-image-10390 size-thumbnail\" title=\"Der kleine Prinz (Ester Browning, Max Rasmus Wirth) \u00a9 ThS 2023, Fotograf: R. Crassie\" src=\"http:\/\/foerderverein-theatersommer.net\/archiv\/wp-content\/uploads\/3.Der_kleine_Prinz\u00a9THS_by_Crassie_E.-Browing-R.M.-Wirth-1-175x175.jpg\" alt=\"\" width=\"175\" height=\"175\" \/><\/a><\/p>\n<p><a href=\"http:\/\/foerderverein-theatersommer.net\/archiv\/wp-content\/uploads\/4.Der_kleine_Prinz\u00a9THS_by_Crassie_E.Browning.jpg\"><img loading=\"lazy\" decoding=\"async\" class=\"alignleft wp-image-10381 size-thumbnail\" title=\"Der kleine Prinz (Ester Browning) \u00a9 ThS 2023, Fotograf: R. Crassie\" src=\"http:\/\/foerderverein-theatersommer.net\/archiv\/wp-content\/uploads\/4.Der_kleine_Prinz\u00a9THS_by_Crassie_E.Browning-175x175.jpg\" alt=\"\" width=\"175\" height=\"175\" \/><\/a><\/p>\n<p>&nbsp;<\/p>\n<p>&nbsp;<\/p>\n<p>&nbsp;<\/p>\n<p>&nbsp;<\/p>\n<p>&nbsp;<\/p>\n<p><span style=\"font-size: 8pt;\">Bildvergr\u00f6\u00dferung: Foto anklicken und \u00fcber re\/li Pfeil weiter<\/span><\/p>\n<p><span style=\"font-size: 14pt;\"><strong>ZUSCHAUERZAHLEN<\/strong><\/span><br \/>\n2.208 Zuschauende<\/p>\n<p><span style=\"text-decoration: underline; color: #339966;\"><span style=\"font-size: 14pt;\"><a style=\"color: #339966;\" href=\"https:\/\/foerderverein-theatersommer.net\/archiv\/spielplan\/kindertheater\/2024-das-neinhorn\/\"><strong>N\u00e4chstes St\u00fcck<\/strong><\/a><\/span><\/span><\/p>\n","protected":false},"excerpt":{"rendered":"<p>DER KLEINE PRINZ frei nach dem Kinderbuch von Antoine de Saint-Exup\u00e9ry F\u00fcr den Theatersommer szenisch und dramaturgisch eingerichtet von Diana&#8230; <span class=\"read-more\"><a href=\"https:\/\/foerderverein-theatersommer.net\/archiv\/spielplan\/kindertheater\/der-kleine-prinz\/\" class=\"button button-darkgray small\"> Continue Reading &rarr; <\/a><\/span><\/p>\n","protected":false},"author":3,"featured_media":10363,"parent":1583,"menu_order":0,"comment_status":"closed","ping_status":"closed","template":"","meta":{"footnotes":""},"_links":{"self":[{"href":"https:\/\/foerderverein-theatersommer.net\/archiv\/wp-json\/wp\/v2\/pages\/10374"}],"collection":[{"href":"https:\/\/foerderverein-theatersommer.net\/archiv\/wp-json\/wp\/v2\/pages"}],"about":[{"href":"https:\/\/foerderverein-theatersommer.net\/archiv\/wp-json\/wp\/v2\/types\/page"}],"author":[{"embeddable":true,"href":"https:\/\/foerderverein-theatersommer.net\/archiv\/wp-json\/wp\/v2\/users\/3"}],"replies":[{"embeddable":true,"href":"https:\/\/foerderverein-theatersommer.net\/archiv\/wp-json\/wp\/v2\/comments?post=10374"}],"version-history":[{"count":12,"href":"https:\/\/foerderverein-theatersommer.net\/archiv\/wp-json\/wp\/v2\/pages\/10374\/revisions"}],"predecessor-version":[{"id":11530,"href":"https:\/\/foerderverein-theatersommer.net\/archiv\/wp-json\/wp\/v2\/pages\/10374\/revisions\/11530"}],"up":[{"embeddable":true,"href":"https:\/\/foerderverein-theatersommer.net\/archiv\/wp-json\/wp\/v2\/pages\/1583"}],"wp:featuredmedia":[{"embeddable":true,"href":"https:\/\/foerderverein-theatersommer.net\/archiv\/wp-json\/wp\/v2\/media\/10363"}],"wp:attachment":[{"href":"https:\/\/foerderverein-theatersommer.net\/archiv\/wp-json\/wp\/v2\/media?parent=10374"}],"curies":[{"name":"wp","href":"https:\/\/api.w.org\/{rel}","templated":true}]}}