{"id":11168,"date":"2024-06-04T15:53:26","date_gmt":"2024-06-04T15:53:26","guid":{"rendered":"https:\/\/foerderverein-theatersommer.net\/archiv\/?page_id=11168"},"modified":"2024-06-04T15:53:26","modified_gmt":"2024-06-04T15:53:26","slug":"interview-andreas-klaue","status":"publish","type":"page","link":"https:\/\/foerderverein-theatersommer.net\/archiv\/interview-andreas-klaue\/","title":{"rendered":"Interview &#8211; Andreas Klaue"},"content":{"rendered":"<p><span style=\"font-size: 18pt;\">INTERVIEW\u00a0<br \/>\n<\/span>Im Gespr\u00e4ch mit dem Schauspieler Andreas Klaue<\/p>\n<p><span style=\"color: #333399;\"><em>Du spielst seit 2006 beim Theatersommer und hast Dir auch schon vorher einige Auff\u00fchrungen angesehen? Erinnerst Du Dich an die erste Auff\u00fchrung, die Du im Cluss-Garten gesehen hast?<span class=\"Apple-converted-space\">\u00a0<br \/>\n<\/span><\/em><\/span>Andreas Klaue: Die erste Auff\u00fchrung, die ich in Ludwigsburg gesehen habe, war \u201eVenus, Adonis und der Eber\u201c.<span class=\"Apple-converted-space\">\u00a0 <\/span>Zu dieser Zeit war ich in Kaiserslautern im festen Engagement und hatte nie Zeit f\u00fcr Sommertheater. Erst ab 2002, nach meinem Entschluss, als freier Schauspieler zu arbeiten, wurde es f\u00fcr mich m\u00f6glich, bei Freilichtspielen mitzuwirken.<\/p>\n<p><em><span style=\"color: #333399;\">Harry Haller in \u201eSteppenwolf\u201c, Franz K. in \u201eProzess\u201c, Treplew in \u201eM. wie M\u00f6we\u201c, Hirschy in \u201ePurple Rose of Cairo\u201c, Damiel in \u201eHimmel \u00fcber Berlin\u201c, Harry in \u201eHarry und Sally\u201c, Lemaitre in \u201eKinder des Olymp\u201c und schlie\u00dflich Karl Moor in \u201eR\u00e4uber\u201c. Entscheide dich. Was war Deine Lieblingsrolle?<span class=\"Apple-converted-space\">\u00a0<br \/>\n<\/span><\/span><\/em>Andreas Klaue: Geliebt habe ich all diese wunderbaren Figuren, jede auf ihre Art, so wie ich auch um die eine h\u00e4rter ringen musste<span class=\"Apple-converted-space\">\u00a0 <\/span>als um die andere. Es gibt aber zwei Inszenierungen, die ich herausheben m\u00f6chte: Emotional h\u00e4nge ich am st\u00e4rksten an \u201eSteppenwolf\u201c, weil ich damit auch die Erinnerung an meinen verstorbenen Kollegen und Freund Michael Holz verbinde. Doch \u201e Die R\u00e4uber\u201c und Karl Moor haben mir schauspielerisch am meisten abverlangt und stehen darum an erster Stelle.<\/p>\n<p><em><span style=\"color: #333399;\">Mal ganz aus der Perspektive des Schauspielers betrachtet. Ticken die Uhren beim Theatersommer anders als bei anderen Theatern?<br \/>\n<\/span><\/em>Andreas Klaue: Die Arbeit an sich unterscheidet sich nicht von der an anderen Theatern. Da es aber beim Theatersommer kein Heer von B\u00fchnentechnikern, keine Garderobiers, noch Maskenbildner oder Requisiteure gibt, tr\u00e4gt man als Schauspieler eine ganz andere Verantwortung f\u00fcr den Gesamtablauf.<\/p>\n<p><em><span style=\"color: #333399;\">Theater unter freien Himmelszelt. Welchen Einfluss hat dies auf Dein Spiel? Muss man die darstellerischen Mittel beim Open-Air-Theater anders einsetzen als im Innenraum?<\/span><\/em><span class=\"Apple-converted-space\">\u00a0<br \/>\n<\/span>Andreas Klaue: Wenn wir Ende April \/ Anfang Mai mit den Proben beginnen, bl\u00fchen die Kirschb\u00e4ume im Cluss-Garten und bei der letzten Vorstellung dann Anfang September verf\u00e4rben sich schon allm\u00e4hlich die Bl\u00e4tter der B\u00e4ume und wir sind in jedem Jahr ein Teil dieser herrlichen Natur. Allerdings muss man als \u201ekleiner\u201c Schauspieler gegen diese gigantische Kulisse erst einmal anspielen und das braucht viel Energie! Bewegung, Ausdruck und Stimme m\u00fcssen viel deutlicher und gr\u00f6\u00dfer eingesetzt werden als in geschlossenen Theaterr\u00e4umen.<\/p>\n<p><em><span style=\"color: #333399;\">Durch Deine langj\u00e4hrigen Engagements an anderen Theatern in ganz Deutschland bekommst Du oft w\u00e4hrend des Sommers Besuch von Kollegen oder anderen Regisseuren, die sich die Inszenierungen des Theatersommers ansehen. Welche Eindr\u00fccke bleiben h\u00e4ngen, wenn nach den Vorstellungen berichtet, kommentiert oder diskutiert wird?<br \/>\n<\/span><\/em>Andreas Klaue: Kollegen aus Hamburg, Berlin oder Wien waren immer verzaubert von der Sch\u00f6nheit des Gartens und beneideten uns um den Ort.<span class=\"Apple-converted-space\">\u00a0 <\/span>Nach den Auff\u00fchrungen sprachen sie begeistert<span class=\"Apple-converted-space\">\u00a0 <\/span>von der eigenen \u00c4sthetik der Inszenierungen, der v\u00f6llig neuen, frischen Herangehensweise an die St\u00fccke, den kraftvollen Schauspielern, der Fantasie bei der B\u00fchnengestaltung oder den Musikkonzepten und hoben unsere Arbeit auf eine Ebene mit den Inszenierungen an den gro\u00dfen H\u00e4usern. <span class=\"Apple-converted-space\">\u00a0<\/span><\/p>\n<p><span style=\"color: #333399;\">Deine Wunschrolle, die Du irgendwann einmal beim Theatersommer spielen willst?<span class=\"Apple-converted-space\">\u00a0<br \/>\n<\/span><\/span>Andreas Klaue: Macbeth, Othello, Richard III oder Tony Soprano &#8211; oder alle auf einmal \u2013 bei der Arbeit mit Peter Kratz w\u00fcrde ich auch Fred Feuerstein spielen und w\u00fcsste, dass es eine sch\u00f6ne Arbeit wird.<\/p>\n<p><span style=\"font-size: 10pt;\"><i>Andreas Klaue &#8211; Neben seinen zahlreichen Engagements am Staatstheater Karlsruhe, Pfalztheater Kaiserslautern und den Schauspielb\u00fchnen Stuttgart geh\u00f6rt er inzwischen zum festen Stamm des Theatersommer-Ensembles. Er begeisterte das Publikum in vielen Inszenierungen wie z.\u2009B. in \u201eSteppenwolf\u201c, \u201eProzess\u201c \u201eHarry &amp; Sally\u201c,<span class=\"Apple-converted-space\">\u00a0<\/span><\/i><i>\u201eKinder des Olymp\u201c, \u00a0\u201eDie R\u00e4uber\u201c, &#8222;K\u00f6nig Lear&#8220; oder &#8222;Die Nibelungen&#8220;.<\/i><\/span><\/p>\n","protected":false},"excerpt":{"rendered":"<p>INTERVIEW\u00a0 Im Gespr\u00e4ch mit dem Schauspieler Andreas Klaue Du spielst seit 2006 beim Theatersommer und hast Dir auch schon vorher&#8230; <span class=\"read-more\"><a href=\"https:\/\/foerderverein-theatersommer.net\/archiv\/interview-andreas-klaue\/\" class=\"button button-darkgray small\"> Continue Reading &rarr; <\/a><\/span><\/p>\n","protected":false},"author":3,"featured_media":0,"parent":0,"menu_order":0,"comment_status":"closed","ping_status":"closed","template":"","meta":{"footnotes":""},"_links":{"self":[{"href":"https:\/\/foerderverein-theatersommer.net\/archiv\/wp-json\/wp\/v2\/pages\/11168"}],"collection":[{"href":"https:\/\/foerderverein-theatersommer.net\/archiv\/wp-json\/wp\/v2\/pages"}],"about":[{"href":"https:\/\/foerderverein-theatersommer.net\/archiv\/wp-json\/wp\/v2\/types\/page"}],"author":[{"embeddable":true,"href":"https:\/\/foerderverein-theatersommer.net\/archiv\/wp-json\/wp\/v2\/users\/3"}],"replies":[{"embeddable":true,"href":"https:\/\/foerderverein-theatersommer.net\/archiv\/wp-json\/wp\/v2\/comments?post=11168"}],"version-history":[{"count":1,"href":"https:\/\/foerderverein-theatersommer.net\/archiv\/wp-json\/wp\/v2\/pages\/11168\/revisions"}],"predecessor-version":[{"id":11169,"href":"https:\/\/foerderverein-theatersommer.net\/archiv\/wp-json\/wp\/v2\/pages\/11168\/revisions\/11169"}],"wp:attachment":[{"href":"https:\/\/foerderverein-theatersommer.net\/archiv\/wp-json\/wp\/v2\/media?parent=11168"}],"curies":[{"name":"wp","href":"https:\/\/api.w.org\/{rel}","templated":true}]}}