{"id":11411,"date":"2024-10-21T16:54:07","date_gmt":"2024-10-21T16:54:07","guid":{"rendered":"https:\/\/foerderverein-theatersommer.net\/archiv\/?page_id=11411"},"modified":"2024-10-27T12:46:42","modified_gmt":"2024-10-27T12:46:42","slug":"2024-nathan-der-weise","status":"publish","type":"page","link":"https:\/\/foerderverein-theatersommer.net\/archiv\/spielplan\/ab-2021\/2024-nathan-der-weise\/","title":{"rendered":"<br\/>2024 &#8211; Nathan! Der Weise! <br\/><br\/>"},"content":{"rendered":"<p><b><span style=\"font-size: 18pt;\">NATHAN! DER WEISE!<\/span><br \/>\n<\/b>von Gotthold Ephraim Lessing<\/p>\n<p><span style=\"font-size: 24pt;\"><strong>GANZ AM PULS DER ZEIT<\/strong><\/span><\/p>\n<p>THEATERSOMMER-FASSUNG &amp; REGIE: Christine Hofer<br \/>\nMUSIKALISCHE LEITUNG: Elias Baumann<br \/>\nKOST\u00dcME: Monika Odenthal<br \/>\nB\u00dcHNENBILD: Dirk Seesemann<br \/>\nB\u00dcHNENBAU: Ron Stelzmann<\/p>\n<p><b>Es spielen:<\/b> Elias Baumann, Josephine B\u00f6nsch, Michael Hecht, Till Kr\u00fcger, Anna Pircher, Leslie R\u00f6hm<\/p>\n<p><span style=\"font-size: 14pt;\"><strong>KONZEPTION \/ INHALT<\/strong><\/span><br \/>\nJerusalem w\u00e4hrend der Kreuzz\u00fcge: Drei Weltreligionen treffen hier direkt aufeinander. Es stellt sich die Frage: Juden, Christen, Muslime \u2013 welche Auffassung hat die gr\u00f6\u00dfte G\u00fcltigkeit? Wer von allen ist im Recht, seine Religion \u00fcber die der anderen zu stellen?<span class=\"Apple-converted-space\">\u00a0<\/span><\/p>\n<p>Das ber\u00fchmteste Lessing\u2019sche Werk ist von atemberaubender Aktualit\u00e4t. Nathan ist der Held der Stunde und in einer Zeit wie der unsrigen sehnen wir einen humanistischen Aufkl\u00e4rer mit brillantem Geistesblitz herbei, um den aktuellen und furchtbaren Konflikt im GAZA- Streifen zu erkl\u00e4ren und vor allem eine Aufl\u00f6sung des gordischen Knotens zu erreichen. Sein Vernunftgedanke l\u00e4sst sich auf jede Epoche \u00fcbertragen und der Gedanke der friedlichen Koexistenz der drei Weltreligionen ist heute brisanter denn je. <span class=\"Apple-converted-space\">\u00a0<\/span><\/p>\n<p>Nathan wurde von Hugo von Hoffmannsthal als \u201edas geistreichste Lustspiel, das wir haben\u201c bezeichnet und in der Tat ist der kom\u00f6diantische Strang in diesem M\u00e4rchen f\u00fcr Erwachsene nicht zu verleugnen. Was die Protagonisten wollen, w\u00fcnschen, lieben begr\u00fcnden sie ganz philosophisch mit der h\u00f6heren Ebene, ihrer Religion. Und Nathan \u2013 mit Witz und T\u00fccke \u2013 beweist ihnen, dass das ganze Konfliktpotenzial doch nur lediglich eine kleine Familienangelegenheit ist.<\/p>\n<p>Alle Menschen sind Schwestern und Br\u00fcder und darum haben wir die humanistische Pflicht f\u00fcr einen interkulturellen Dialog. Mit dieser Botschaft kr\u00f6nt Lessing sich zum besten deutschen Dramatiker aller Zeiten.<\/p>\n<p><a href=\"http:\/\/foerderverein-theatersommer.net\/archiv\/wp-content\/uploads\/Nathan\u00a9Geronimo-Schmidt-3.jpeg\"><img loading=\"lazy\" decoding=\"async\" class=\"alignleft wp-image-11427 size-thumbnail\" title=\"Nathan! Der Weise! (A. Pirchner, T. Kr\u00fcger) Foto: ThS by Geronimo Schmidt\" src=\"http:\/\/foerderverein-theatersommer.net\/archiv\/wp-content\/uploads\/Nathan\u00a9Geronimo-Schmidt-3-175x175.jpeg\" alt=\"Nathan! Der Weise! (A. Pirchner, T. Kr\u00fcger) Foto: ThS by Geronimo Schmidt\" width=\"175\" height=\"175\" \/><\/a><a href=\"http:\/\/foerderverein-theatersommer.net\/archiv\/wp-content\/uploads\/Nathan\u00a9Geronimo-Schmidt-4.jpg\"><img loading=\"lazy\" decoding=\"async\" class=\"alignleft wp-image-11428 size-thumbnail\" title=\"Nathan! Der Weise! (J. B\u00f6nsch, T. Kr\u00fcger) Foto: ThS by Geronimo Schmidt\" src=\"http:\/\/foerderverein-theatersommer.net\/archiv\/wp-content\/uploads\/Nathan\u00a9Geronimo-Schmidt-4-175x175.jpg\" alt=\"Nathan! Der Weise! (J. B\u00f6nsch, T. Kr\u00fcger) Foto: ThS by Geronimo Schmidt\" width=\"175\" height=\"175\" \/><\/a><\/p>\n<p><a href=\"http:\/\/foerderverein-theatersommer.net\/archiv\/wp-content\/uploads\/Nathan\u00a9Geronimo-Schmidt-2-1.jpeg\"><img loading=\"lazy\" decoding=\"async\" class=\"alignleft wp-image-11426  size-thumbnail\" title=\"Nathan! Der Weise! (Elias Baumann) Foto: ThS by Geronimo Schmidt\" src=\"http:\/\/foerderverein-theatersommer.net\/archiv\/wp-content\/uploads\/Nathan\u00a9Geronimo-Schmidt-2-1-175x175.jpeg\" alt=\"Nathan! Der Weise! (Elias Baumann) Foto: ThS by Geronimo Schmidt\" width=\"175\" height=\"175\" \/><\/a><a href=\"http:\/\/foerderverein-theatersommer.net\/archiv\/wp-content\/uploads\/2024-Nathan-HG-scaled.jpg\"><img loading=\"lazy\" decoding=\"async\" class=\"alignleft wp-image-11415 size-thumbnail\" title=\"Nathan! Der Weise! (M. Hecht, J. B\u00f6nsch) Foto: ThS by Geronimo Schmidt\" src=\"http:\/\/foerderverein-theatersommer.net\/archiv\/wp-content\/uploads\/2024-Nathan-HG-175x175.jpg\" alt=\"Nathan! Der Weise! (M. Hecht, J. B\u00f6nsch) Foto: ThS by Geronimo Schmidt\" width=\"175\" height=\"175\" \/><\/a><\/p>\n<p>&nbsp;<\/p>\n<p><span style=\"font-size: 8pt;\">Bildvergr\u00f6\u00dferung: Foto anklicken und \u00fcber re\/li Pfeil weiter<\/span><\/p>\n<p>&nbsp;<\/p>\n<p><strong><span style=\"font-size: 14pt;\">PRESSESTIMMEN<\/span><\/strong><\/p>\n<p><strong>EIN \u201eNATHAN\u201c GANZ AM PULS DER ZEIT<\/strong><br \/>\n\u201e\u2026m\u00e4rchenhafte Parabel \u00fcber Religionstoleranz \u2013 hochaktuell, spritzig, melodi\u00f6s. Und mitunter auch richtig gruslig. (\u2026) \u00dcberhaupt macht es Spa\u00df, sich von dieser trotz enormen Textpensums stets kurzweiligen Inszenierung in die Geschichte um den \u2013 im Theatersommer weiblichen \u2013 Juden Nathan hineintragen zu lassen. Sei es Josephine B\u00f6nsch, die die charakterfeste, rational-gro\u00dfm\u00fctige Nathan als Frau ganz selbstverst\u00e4ndlich und sehr glaubhaft verk\u00f6rpert, oder sei es ihre Pflegetochter Recha, die die wandlungsstarke Anna Pircher wiederum mit jugendlichem, zuteilen naivem Verve agieren l\u00e4sst.(\u2026)\u201c \u2013 Ludwigsburger Kreiszeitung \u2013<\/p>\n<p><strong>NEUANFANG MIT HOCHAKTUELLEM ST\u00dcCK<\/strong><br \/>\n\u201eEin altes St\u00fcck mit durchaus aktuellem Bezug: Zeigt das Drama doch in der polarisierten Welt des mittelalterlichen Nahen Ostens w\u00e4hrend der Kreuzz\u00fcge die Konstruktion scheinbar trennender Religionszugeh\u00f6rigkeiten. Die dann doch alle symbolisch den gleichen Baum bew\u00e4ssern, eine beil\u00e4ufige Metapher von Hofers Inszenierung. (\u2026) Die musikalischen St\u00fccke standen im Kontrast zur alten Sprache der Dialoge (\u2026)\u201c\u2013 Bietigheimer Zeitung \u2013<\/p>\n<p><strong>ZUSCHAUERZAHLEN:\u00a0<\/strong><br \/>\n2.417 BesucherInnen<\/p>\n<p><a href=\"https:\/\/foerderverein-theatersommer.net\/archiv\/2024-der-geizige\/\"><span style=\"text-decoration: underline;\"><span style=\"font-size: 14pt; color: #339966;\"><strong>N\u00e4chstes St\u00fcck<\/strong><\/span><\/span><\/a><\/p>\n","protected":false},"excerpt":{"rendered":"<p>NATHAN! DER WEISE! von Gotthold Ephraim Lessing GANZ AM PULS DER ZEIT THEATERSOMMER-FASSUNG &amp; REGIE: Christine Hofer MUSIKALISCHE LEITUNG: Elias&#8230; <span class=\"read-more\"><a href=\"https:\/\/foerderverein-theatersommer.net\/archiv\/spielplan\/ab-2021\/2024-nathan-der-weise\/\" class=\"button button-darkgray small\"> Continue Reading &rarr; <\/a><\/span><\/p>\n","protected":false},"author":3,"featured_media":11415,"parent":9413,"menu_order":0,"comment_status":"closed","ping_status":"closed","template":"","meta":{"footnotes":""},"_links":{"self":[{"href":"https:\/\/foerderverein-theatersommer.net\/archiv\/wp-json\/wp\/v2\/pages\/11411"}],"collection":[{"href":"https:\/\/foerderverein-theatersommer.net\/archiv\/wp-json\/wp\/v2\/pages"}],"about":[{"href":"https:\/\/foerderverein-theatersommer.net\/archiv\/wp-json\/wp\/v2\/types\/page"}],"author":[{"embeddable":true,"href":"https:\/\/foerderverein-theatersommer.net\/archiv\/wp-json\/wp\/v2\/users\/3"}],"replies":[{"embeddable":true,"href":"https:\/\/foerderverein-theatersommer.net\/archiv\/wp-json\/wp\/v2\/comments?post=11411"}],"version-history":[{"count":35,"href":"https:\/\/foerderverein-theatersommer.net\/archiv\/wp-json\/wp\/v2\/pages\/11411\/revisions"}],"predecessor-version":[{"id":11557,"href":"https:\/\/foerderverein-theatersommer.net\/archiv\/wp-json\/wp\/v2\/pages\/11411\/revisions\/11557"}],"up":[{"embeddable":true,"href":"https:\/\/foerderverein-theatersommer.net\/archiv\/wp-json\/wp\/v2\/pages\/9413"}],"wp:featuredmedia":[{"embeddable":true,"href":"https:\/\/foerderverein-theatersommer.net\/archiv\/wp-json\/wp\/v2\/media\/11415"}],"wp:attachment":[{"href":"https:\/\/foerderverein-theatersommer.net\/archiv\/wp-json\/wp\/v2\/media?parent=11411"}],"curies":[{"name":"wp","href":"https:\/\/api.w.org\/{rel}","templated":true}]}}