{"id":11460,"date":"2024-10-22T15:18:40","date_gmt":"2024-10-22T15:18:40","guid":{"rendered":"https:\/\/foerderverein-theatersommer.net\/archiv\/?page_id=11460"},"modified":"2024-10-27T12:47:53","modified_gmt":"2024-10-27T12:47:53","slug":"2024-der-geizige","status":"publish","type":"page","link":"https:\/\/foerderverein-theatersommer.net\/archiv\/spielplan\/ab-2021\/2024-der-geizige\/","title":{"rendered":"<br\/>2024 &#8211; Der Geizige<br\/><br\/><br\/>"},"content":{"rendered":"<p><b><span style=\"font-size: 18pt;\">DER GEIZIGE<\/span><br \/>\n<\/b><span style=\"font-size: 10pt;\">frei nach Moli\u00e8re<\/span><\/p>\n<p><span style=\"font-size: 24pt;\"><strong>EIN HEITERES UND KURIOSES SPEKTAKEL<\/strong><\/span><\/p>\n<p>THEATERSOMMER-FASSUNG &amp; REGIE: Linda Bockmeyer<br \/>\nMUSIKALISCHE LEITUNG: Elias Baumann<br \/>\nKOST\u00dcMBILD: Lia Hossain<br \/>\nB\u00dcHNENBILD: Dirk Seesemann <br \/>\nB\u00dcHNENBAU: Ron Stelzmann\/ Torsten Volk<\/p>\n<p><b>Es spielen:<\/b> Elias Baumann, Josephine B\u00f6nsch, Michael Hecht, Till Kr\u00fcger, Anna Pircher, Leslie R\u00f6hm<\/p>\n<p><strong>KONZEPTION \/ INHALT<\/strong><br \/>\nHarpagon k\u00f6nnte in seinem Geld schwimmen, stattdessen vergr\u00e4bt er sein Verm\u00f6gen im Garten und treibt das Sparen auf die Spitze. Dieser eigentlich sehr nachhaltige Lebensstil ist seinen Kindern ein Dorn im Auge. Ob es jetzt um ein Gap-Year in Neuseeland oder die Traumhochzeit in der Karibik geht, ihr ganzes Leben mussten die beiden auf einen standesgem\u00e4\u00dfen Luxus verzichten. Jetzt wollen sie endlich ihr v\u00e4terliches Erbe antreten. Doch statt zeitig das Zeitliche zu segnen, schmiedet Harpagon Pl\u00e4ne, die beiden m\u00f6glichst \u201egewinnbringend\u201c zu verheiraten. Noch schlimmer als sein Sparzwang ist vermutlich Harpagons Paranoia. So ein Schatz im Garten ruft nat\u00fcrlich alle m\u00f6glichen diebischen Gestalten auf den Plan \u2013 reale und eingebildete. Als seine geliebte Geldschatulle tats\u00e4chlich verschwindet, ist klar: man hat sich gegen ihn verschworen. Die Frage ist nur: wer?<\/p>\n<p>Die junge Regisseurin Linda Bockmeyer inszeniert die oft gespielte Charakterkom\u00f6die Moli\u00e8res als Generationen- und Klassenkonflikt mit einem sozialsatirischen Twist. Harpagons Abstiegsangst und Verlustaversion spiegeln sich im B\u00fchnenbild, T\u00fcren und R\u00e4ume versinken im Boden, zwischen Dekadenz und Dystopie entfaltet sich ein feinsinniges Verwirrspiel.<span class=\"Apple-converted-space\">\u00a0<\/span><\/p>\n<p><a href=\"http:\/\/foerderverein-theatersommer.net\/archiv\/wp-content\/uploads\/Geizige-HG-1-scaled.jpg\"><img loading=\"lazy\" decoding=\"async\" class=\"alignleft wp-image-11470 size-thumbnail\" title=\"Der Geizige (Ensemble) Foto by \u00a9ThS Geronimo Schmidt\" src=\"http:\/\/foerderverein-theatersommer.net\/archiv\/wp-content\/uploads\/Geizige-HG-1-175x175.jpg\" alt=\"DER GEIZIGE (Ensemble) Foto \u00a9ThS by Geronimo Schmidt\" width=\"175\" height=\"175\" \/><\/a><\/p>\n<p><a href=\"http:\/\/foerderverein-theatersommer.net\/archiv\/wp-content\/uploads\/2.-Der-Geizige-L.-Roehm-T.-Krueger-M.-Hecht-\u00a9-Geronimo-Schmidt-ThS-2024-scaled-1.jpeg\"><img loading=\"lazy\" decoding=\"async\" class=\"alignleft wp-image-11467 size-thumbnail\" title=\"Der Geizige (L. R\u00f6hm, M. Hecht, T. Kr\u00fcger) Foto \u00a9 by ThS Geronimo Schmidt\" src=\"http:\/\/foerderverein-theatersommer.net\/archiv\/wp-content\/uploads\/2.-Der-Geizige-L.-Roehm-T.-Krueger-M.-Hecht-\u00a9-Geronimo-Schmidt-ThS-2024-scaled-1-175x175.jpeg\" alt=\"Der Geizige (L. R\u00f6hm, M. Hecht, T. Kr\u00fcger) Foto \u00a9 by ThS Geronimo Schmidt\" width=\"175\" height=\"175\" \/><\/a><a href=\"http:\/\/foerderverein-theatersommer.net\/archiv\/wp-content\/uploads\/9.-Der-Geizige-Ensemble-\u00a9-Geronimo-Schmidt-ThS-2024-scaled-1.jpeg\"><img loading=\"lazy\" decoding=\"async\" class=\"alignleft wp-image-11465 size-thumbnail\" title=\"Der Geizige (A. Pirchner, J. B\u00f6nsch, E. Baumann, T. Kr\u00fcger) Foto \u00a9 by ThS Geronimo Schmidt\" src=\"http:\/\/foerderverein-theatersommer.net\/archiv\/wp-content\/uploads\/9.-Der-Geizige-Ensemble-\u00a9-Geronimo-Schmidt-ThS-2024-scaled-1-175x175.jpeg\" alt=\"Der Geizige (A. Pirchner, J. B\u00f6nsch, E. Baumann, T. Kr\u00fcger) Foto \u00a9 by ThS Geronimo Schmidt\" width=\"175\" height=\"175\" \/><\/a><\/p>\n<p><a href=\"http:\/\/foerderverein-theatersommer.net\/archiv\/wp-content\/uploads\/10.-Der-Geizige-E.-Baumann-A.-Pircher-J.-Boensch-\u00a9-Geronimo-Schmidt-ThS-2024-scaled-1.jpeg\"><img loading=\"lazy\" decoding=\"async\" class=\"alignleft wp-image-11464 size-thumbnail\" title=\"Der Geizige (A. Pirchner, E. Baumann, J. B\u00f6nsch) Foto \u00a9 by ThS Geronimo Schmidt\" src=\"http:\/\/foerderverein-theatersommer.net\/archiv\/wp-content\/uploads\/10.-Der-Geizige-E.-Baumann-A.-Pircher-J.-Boensch-\u00a9-Geronimo-Schmidt-ThS-2024-scaled-1-175x175.jpeg\" alt=\"Der Geizige (A. Pirchner, E. Baumann, J. B\u00f6nsch) Foto \u00a9 by ThS Geronimo Schmidt\" width=\"175\" height=\"175\" \/><\/a><\/p>\n<p>&nbsp;<\/p>\n<p><span style=\"font-size: 8pt;\">Bildvergr\u00f6\u00dferung: Foto anklicken und \u00fcber re\/li Pfeil weiter<\/span><\/p>\n<p>&nbsp;<\/p>\n<p>&nbsp;<\/p>\n<p><strong>PRESSESTIMMEN<\/strong><\/p>\n<p><strong>EINZIGARTIGE ATMOSPH\u00c4RE<\/strong><br \/>\n\u201eIn Linda Bockmeyers Theatersommer-Deb\u00fct ist aber nicht nur die knausrige Titelfigur eine darstellerische Augenweide.(\u2026) Mindestens so vergn\u00fcglich wie inhaltliche Raffinessen und \u00fcberraschende Wendungen (\u2026) erweisen sich die erstklassig besetzten Charaktere \u2013 wirkungsvoll erg\u00e4nzt durch Dirk Seesemanns wahrhaft schr\u00e4ges Vintage-B\u00fchnenbild und herrlich in Szene gesetzt mit Lia Hossains Bl\u00fcmchen-Kost\u00fcmen. (\u2026) Neben der tollen Darstellerleistung findet jede Menge Wortwitziges Raum (\u2026), gespickt mit reichlich Publikumsbezug (\u2026), Ludwigsburg-Gags (\u2026) und getoppt von sozialkritischen Ankl\u00e4ngen (\u2026). Diese Mischung sorgt unter lautlosen Fledermaus-Fl\u00fcgelschl\u00e4gen f\u00fcr genau jene einzigartige Atmosph\u00e4re, die den Theatersommer auch im ersten Jahr unter neuer Leitungsriege zum unvergesslichen Erlebnis macht. (\u2026)\u201c -Ludwigsburger Kreiszeitung \u2013<\/p>\n<p><strong>EIN HEITERES UND KURIOSES SPEKTAKEL<\/strong><br \/>\n\u201eDie junge Regisseurin Linda Bockmeyer inszenierte die zweite Premiere dieses Theatersommers als Vintage-St\u00fcck, in dem vor allem die \u00e4u\u00dferst kurios gekleideten und aufspielenden Schauspieler ihre Lust am \u00fcberbordenden, \u00fcberh\u00f6hten Spiel fr\u00f6nen konnten. Der Schauspielriege geh\u00f6rt alle Ehre, sie halten das St\u00fcck zusammen, das manchmal ausufern m\u00f6chte. Alleine der Mimik und Gestik dieser Schauspieler zuzuschauen, ist ein Genuss (\u2026) Michael Hecht ist der Geiz auf den Leib geschrieben, er windet sich und ist doch voll von sich \u00fcberzeugt. Eine Karikatur seiner Rolle, Harpagons Sohn Cl\u00e9anthe, spielt mit jedem Muskel, mit jedem Gesichtszug Till Kr\u00fcger.(\u2026)Josephine B\u00f6nsch als Valere ist eine schauspielende Augenweide, ob als Verliebter oder als unterw\u00fcrfiger Diener Harpagons.(\u2026)Bis in die Nebenrollen hat Brockmeyer perfekt besetzt: Elias Baumann spielt mit Charme und breitem Lachen so viele Rollen, das man das Gef\u00fchl hat, er wei\u00df manchmal selbst nicht mehr, wer er ist.(\u2026)\u201c -Bietigheimer Zeitung \u2013<\/p>\n<p><strong>ZUSCHAUERZAHLEN:\u00a0<\/strong><br \/>\n5.136 BesucherInnen<\/p>\n","protected":false},"excerpt":{"rendered":"<p>DER GEIZIGE frei nach Moli\u00e8re EIN HEITERES UND KURIOSES SPEKTAKEL THEATERSOMMER-FASSUNG &amp; REGIE: Linda Bockmeyer MUSIKALISCHE LEITUNG: Elias Baumann KOST\u00dcMBILD:&#8230; <span class=\"read-more\"><a href=\"https:\/\/foerderverein-theatersommer.net\/archiv\/spielplan\/ab-2021\/2024-der-geizige\/\" class=\"button button-darkgray small\"> Continue Reading &rarr; <\/a><\/span><\/p>\n","protected":false},"author":3,"featured_media":11469,"parent":9413,"menu_order":0,"comment_status":"closed","ping_status":"closed","template":"","meta":{"footnotes":""},"_links":{"self":[{"href":"https:\/\/foerderverein-theatersommer.net\/archiv\/wp-json\/wp\/v2\/pages\/11460"}],"collection":[{"href":"https:\/\/foerderverein-theatersommer.net\/archiv\/wp-json\/wp\/v2\/pages"}],"about":[{"href":"https:\/\/foerderverein-theatersommer.net\/archiv\/wp-json\/wp\/v2\/types\/page"}],"author":[{"embeddable":true,"href":"https:\/\/foerderverein-theatersommer.net\/archiv\/wp-json\/wp\/v2\/users\/3"}],"replies":[{"embeddable":true,"href":"https:\/\/foerderverein-theatersommer.net\/archiv\/wp-json\/wp\/v2\/comments?post=11460"}],"version-history":[{"count":16,"href":"https:\/\/foerderverein-theatersommer.net\/archiv\/wp-json\/wp\/v2\/pages\/11460\/revisions"}],"predecessor-version":[{"id":11558,"href":"https:\/\/foerderverein-theatersommer.net\/archiv\/wp-json\/wp\/v2\/pages\/11460\/revisions\/11558"}],"up":[{"embeddable":true,"href":"https:\/\/foerderverein-theatersommer.net\/archiv\/wp-json\/wp\/v2\/pages\/9413"}],"wp:featuredmedia":[{"embeddable":true,"href":"https:\/\/foerderverein-theatersommer.net\/archiv\/wp-json\/wp\/v2\/media\/11469"}],"wp:attachment":[{"href":"https:\/\/foerderverein-theatersommer.net\/archiv\/wp-json\/wp\/v2\/media?parent=11460"}],"curies":[{"name":"wp","href":"https:\/\/api.w.org\/{rel}","templated":true}]}}