{"id":11489,"date":"2024-10-23T15:35:41","date_gmt":"2024-10-23T15:35:41","guid":{"rendered":"https:\/\/foerderverein-theatersommer.net\/archiv\/?page_id=11489"},"modified":"2024-10-27T12:51:26","modified_gmt":"2024-10-27T12:51:26","slug":"2024-das-neinhorn","status":"publish","type":"page","link":"https:\/\/foerderverein-theatersommer.net\/archiv\/spielplan\/kindertheater\/2024-das-neinhorn\/","title":{"rendered":"<br\/>2024 &#8211; Das Neinhorn<br\/><br\/><br\/>"},"content":{"rendered":"<p><span style=\"font-size: 10pt;\">Kinder- und Familientheater ab 5 Jahren<\/span><br \/>\n<span style=\"font-size: 18pt;\"><b>Das NEINhorn<\/b><\/span><br \/>\n<span style=\"font-size: 10pt;\">nach dem Kinderbuch von Marc-Uwe Kling \/ <\/span><span style=\"font-size: 10pt;\">Auff\u00fchrungsrechte: Verlag\u00a0Voland &amp; Quist GmbH<\/span><\/p>\n<p><strong><span style=\"font-size: 24pt;\">Quietschbunt und ganz sch\u00f6n anarchisch!<\/span><\/strong><\/p>\n<p><b>Inszenierung &amp; Regie:<\/b> Nico Dietrich<br \/>\n<b>B\u00fchne:<\/b> Nico Dietrich &amp; Ron Stelzmann<br \/>\n<b>Es spielen:<\/b> Anja Barth, Johanna Fehrenbach, Bernhard Linke<\/p>\n<p><b>KONZEPTION\/INHALT<br \/>\n<\/b>Im Herzwald kommt ein kleines Einhorn zur Welt. Aber obwohl alle ganz lilalieb zu ihm sind und es st\u00e4ndig mit gezuckertem Gl\u00fccksklee f\u00fcttern, benimmt sich das Tierchen ganz und gar nicht einhornm\u00e4\u00dfig. Es sagt einfach immer Nein, sodass seine Familie es bald nur noch NEINhorn nennt. Eines Tages h\u00e4lt es das NEINhorn nicht mehr aus und bricht aus der Zuckerwattewelt aus. Es begibt sich auf eine wilde Reise durch das Land der Tr\u00e4ume und trifft einen Waschb\u00e4ren, der nicht zuh\u00f6ren will, einen Hund, dem echt alles schnuppe ist, und eine Prinzessin, die immer Widerworte gibt. Die vier sind ein ziemlich gutes Team. Denn sogar bockig sein macht zusammen viel mehr Spa\u00df!<\/p>\n<p><a href=\"http:\/\/foerderverein-theatersommer.net\/archiv\/wp-content\/uploads\/Neinhorn_\u00a9Geronimo-Schmidt-12.jpeg\"><img loading=\"lazy\" decoding=\"async\" class=\"alignleft size-thumbnail wp-image-11496\" title=\"Das Neinhorn (Ensemble) Foto by \u00a9ThS Geronimo Schmidt\" src=\"http:\/\/foerderverein-theatersommer.net\/archiv\/wp-content\/uploads\/Neinhorn_\u00a9Geronimo-Schmidt-12-175x175.jpeg\" alt=\"Das Neinhorn (Ensemble) Foto by \u00a9ThS Geronimo Schmidt\" width=\"175\" height=\"175\" \/><\/a><\/p>\n<p><a href=\"http:\/\/foerderverein-theatersommer.net\/archiv\/wp-content\/uploads\/Neinhorn_\u00a9Geronimo-Schmidt-5.jpeg\"><img loading=\"lazy\" decoding=\"async\" class=\"alignleft size-thumbnail wp-image-11493\" title=\"Das Neinhorn (B. Linke, A. Barth) Foto by \u00a9ThS Geronimo Schmidt\" src=\"http:\/\/foerderverein-theatersommer.net\/archiv\/wp-content\/uploads\/Neinhorn_\u00a9Geronimo-Schmidt-5-175x175.jpeg\" alt=\"Das Neinhorn (B. Linke, A. Barth) Foto by \u00a9ThS Geronimo Schmidt\" width=\"175\" height=\"175\" \/><\/a><\/p>\n<p><a href=\"http:\/\/foerderverein-theatersommer.net\/archiv\/wp-content\/uploads\/Neinhorn_\u00a9Geronimo-Schmidt-10.jpeg\"><img loading=\"lazy\" decoding=\"async\" class=\"alignleft size-thumbnail wp-image-11494\" title=\"Das Neinhorn (B. Linke, J. Fehrenbach) Foto by \u00a9ThS Geronimo Schmidt\" src=\"http:\/\/foerderverein-theatersommer.net\/archiv\/wp-content\/uploads\/Neinhorn_\u00a9Geronimo-Schmidt-10-175x175.jpeg\" alt=\"Das Neinhorn (B. Linke, J. Fehrenbach) Foto by \u00a9ThS Geronimo Schmidt\" width=\"175\" height=\"175\" \/><\/a><\/p>\n<p><a href=\"http:\/\/foerderverein-theatersommer.net\/archiv\/wp-content\/uploads\/Neinhorn_\u00a9Geronimo-Schmidt-11.jpeg\"><img loading=\"lazy\" decoding=\"async\" class=\"alignleft size-thumbnail wp-image-11495\" title=\"Das Neinhorn (Ensemble) Foto by \u00a9ThS Geronimo Schmidt\" src=\"http:\/\/foerderverein-theatersommer.net\/archiv\/wp-content\/uploads\/Neinhorn_\u00a9Geronimo-Schmidt-11-175x175.jpeg\" alt=\"Das Neinhorn (Ensemble) Foto by \u00a9ThS Geronimo Schmidt\" width=\"175\" height=\"175\" \/><\/a><\/p>\n<p>&nbsp;<\/p>\n<p><span style=\"font-size: 8pt;\"><br \/>\nBildvergr\u00f6\u00dferung: Foto anklicken und \u00fcber re\/li Pfeil weiter<\/span><\/p>\n<p>&nbsp;<\/p>\n<p><strong>PRESSESTIMMEN<\/strong><\/p>\n<p><strong>ALLES, BLOSS NICHT BRAV SEIN<br \/>\n<\/strong>&#8222;Ein Herzwald im Cluss-Garten \u2013 quietschbunt und ganz sch\u00f6n anarchisch! (&#8230;) Ein nicht klassisches M\u00e4rchen mit einer unkonventionellen und unangepassten Figur (&#8230;),die dauerl\u00e4chelnde Mama mit trashiger Riesenbrille (\u2026) der Petersilie-kauende Papa mit Riesenschnauzer, von Linke und Fehrenbach herrlich nervig gemimt und gesungen(\u2026.) Diese Fangen- und Versteckspiele mit viel Slapstick auf der B\u00fchne machen den Kindern sichtlich und h\u00f6rbar Spa\u00df.&#8220; \u2013 Ludwigsburger Kreiszeitung \u2013<\/p>\n<p><strong>DIE POINTEN SITZEN<br \/>\n<\/strong>\u201eIm idyllischen Herzwald, wo alle Steine aus Pl\u00fcsch und die Wolken aus Zuckerwatte sind, wird es ihm bald zu viel (\u2026) alleine bricht es deshalb auf und findet schlie\u00dflich Verb\u00fcndete (\u2026)<br \/>\nTiming und Reaktionszeit sind entscheidend, die Pointen sitzen (\u2026) Und die Moral von der Geschicht\u2018?\u201c, fragt die Erz\u00e4hlerin am Ende des St\u00fccks dann schon fast verzweifelt. \u201eIrgendetwas m\u00fcssen die Kinder doch lernen!\u201c \u2013 NEIN!\u201c \u2013 Bietigheimer Zeitung \u2013<\/p>\n<p><strong>ZUSCHAUERZAHLEN<\/strong><br \/>\nGesamt: 5.896 Zuschauende<br \/>\nSchultheater: 3.139 Kinder (incl. Begleitpersonen)<br \/>\nNachmittagsvorstellungen: 2.792 Zuschauende\u00a0<br \/>\n(davon 1.305 Erw. \/1.452 Kinder)<\/p>\n<p><span style=\"text-decoration: underline; color: #339966;\"><span style=\"font-size: 14pt;\"><a style=\"color: #339966;\" href=\"https:\/\/foerderverein-theatersommer.net\/archiv\/spielplan\/kindertheater\/2024-die-bremer-stadtmusikanten\/\"><strong>N\u00e4chstes St\u00fcck<\/strong><\/a><\/span><\/span><\/p>\n","protected":false},"excerpt":{"rendered":"<p>Kinder- und Familientheater ab 5 Jahren Das NEINhorn nach dem Kinderbuch von Marc-Uwe Kling \/ Auff\u00fchrungsrechte: Verlag\u00a0Voland &amp; Quist GmbH&#8230; <span class=\"read-more\"><a href=\"https:\/\/foerderverein-theatersommer.net\/archiv\/spielplan\/kindertheater\/2024-das-neinhorn\/\" class=\"button button-darkgray small\"> Continue Reading &rarr; <\/a><\/span><\/p>\n","protected":false},"author":3,"featured_media":11499,"parent":1583,"menu_order":0,"comment_status":"closed","ping_status":"closed","template":"","meta":{"footnotes":""},"_links":{"self":[{"href":"https:\/\/foerderverein-theatersommer.net\/archiv\/wp-json\/wp\/v2\/pages\/11489"}],"collection":[{"href":"https:\/\/foerderverein-theatersommer.net\/archiv\/wp-json\/wp\/v2\/pages"}],"about":[{"href":"https:\/\/foerderverein-theatersommer.net\/archiv\/wp-json\/wp\/v2\/types\/page"}],"author":[{"embeddable":true,"href":"https:\/\/foerderverein-theatersommer.net\/archiv\/wp-json\/wp\/v2\/users\/3"}],"replies":[{"embeddable":true,"href":"https:\/\/foerderverein-theatersommer.net\/archiv\/wp-json\/wp\/v2\/comments?post=11489"}],"version-history":[{"count":18,"href":"https:\/\/foerderverein-theatersommer.net\/archiv\/wp-json\/wp\/v2\/pages\/11489\/revisions"}],"predecessor-version":[{"id":11559,"href":"https:\/\/foerderverein-theatersommer.net\/archiv\/wp-json\/wp\/v2\/pages\/11489\/revisions\/11559"}],"up":[{"embeddable":true,"href":"https:\/\/foerderverein-theatersommer.net\/archiv\/wp-json\/wp\/v2\/pages\/1583"}],"wp:featuredmedia":[{"embeddable":true,"href":"https:\/\/foerderverein-theatersommer.net\/archiv\/wp-json\/wp\/v2\/media\/11499"}],"wp:attachment":[{"href":"https:\/\/foerderverein-theatersommer.net\/archiv\/wp-json\/wp\/v2\/media?parent=11489"}],"curies":[{"name":"wp","href":"https:\/\/api.w.org\/{rel}","templated":true}]}}