{"id":11507,"date":"2024-10-23T15:40:23","date_gmt":"2024-10-23T15:40:23","guid":{"rendered":"https:\/\/foerderverein-theatersommer.net\/archiv\/?page_id=11507"},"modified":"2025-10-31T10:47:31","modified_gmt":"2025-10-31T10:47:31","slug":"2024-die-bremer-stadtmusikanten","status":"publish","type":"page","link":"https:\/\/foerderverein-theatersommer.net\/archiv\/spielplan\/kindertheater\/2024-die-bremer-stadtmusikanten\/","title":{"rendered":"<br\/>2024 &#8211; Die Bremer Stadtmusikanten<br\/><br\/>"},"content":{"rendered":"<p><span style=\"font-size: 10pt;\">Kinder- und Familientheater <b>ab 6 Jahren<\/b>\u00a0<\/span><br \/>\n<b><span style=\"font-size: 18pt;\">Die Bremer\u00a0Stadtmusikanten<\/span><br \/>\n<\/b><span style=\"font-size: 10pt;\">nach dem M\u00e4rchen der Br\u00fcder Grimm<\/span><\/p>\n<p><strong><span style=\"font-size: 24pt;\">Herzensw\u00e4rme, Hingabe und Humor<\/span><\/strong><\/p>\n<p><b>Regie:<\/b>\u00a0Christine Hofer<br \/>\n<b>St\u00fcckfassung:<\/b> Isabelle K\u00fcster und Tobias Sosinka<\/p>\n<p><b>B\u00fchnenbild: <\/b>Dirk Seesemann<br \/>\n<b>Masken: <\/b>Joana Meyer<b><br \/>\nMusikalisches Konzept:<\/b>\u00a0Elias Baumann<br \/>\n<b>Choreografie:<\/b> Michael Johannes Mayer<\/p>\n<p><b>Es spielen:<\/b> Anja Barth, Johanna Fehrenbach, Bernhard Linke, Michael Johannes Mayer<\/p>\n<p><strong>KONZEPTION \/ INHALT<\/strong><br \/>\nEin alter Esel, der seinem Bauern ein Leben lang gut und brav den Dienst erwiesen hatte, wird von diesem einfach vor die T\u00fcr gesetzt. Grund daf\u00fcr ist seine Altersgebrechlichkeit, die seinen Dienstherren erst verzweifeln l\u00e4sst und sp\u00e4ter zu regelm\u00e4\u00dfigen Wutausbr\u00fcchen bringt. Dabei hat der Senior gute Pl\u00e4ne f\u00fcr seinen Ruhestand: seit langem trainiert er flei\u00dfig seine Singstimme und ist guter Dinge, eine Band zu gr\u00fcnden und mit dieser eine Konzertreise nach Bremen zu starten.<\/p>\n<p>Eines Tages eskaliert der Streit zwischen Mann und Esel und der arme alte Rentner nimmt schnell Rei\u00dfaus, um dem sicheren Verderben zu entgehen. W\u00e4hrend seiner Flucht stolpert er fast \u00fcber einen zahnlosen alten Hund, der gerade noch rechtzeitig sein Herrchen verlie\u00df, um nicht als Hundegulasch zu landen. Gemeinsam mit einer tauben Katze, die aber glaubt recht gut bei Stimme zu sein und einem Hahn, der ebenfalls das Rentneralter \u00fcberschritten hat, fassen sie gemeinsam den Plan, in Bremen als Stadtmusikanten durchzustarten.<\/p>\n<p>\u201eEtwas Besseres als den Tod finden wir \u00fcberall\u201c, denken sich Esel, Hund, Katze und Hahn, und sto\u00dfen Prompt auf ein gem\u00fctliches H\u00e4uschen, das nur auf die 4 Reisenden zu warten schien. Doch in der Nacht kehren die wahren Bewohner zur\u00fcck und schnell wird klar, dass diese an einer friedlichen Koexistenz nicht interessiert sind\u2026<\/p>\n<p>Ein M\u00e4rchen der Gebr\u00fcder Grimm, das in seinem Inhalt sehr modern die Frage aufgreift: was wird aus uns, wenn wir nicht mehr jung und knackig die Aufgaben im gesellschaftlichen Leben erf\u00fcllen k\u00f6nnen? Was wird aus unseren Tr\u00e4umen? Und ist <i>alt werden<\/i>, vielleicht viel besser als wir bef\u00fcrchten? D\u00fcrfen wir uns endlich mal nur mit dem besch\u00e4ftigen, was uns Spa\u00df bereitet?<\/p>\n<p><a href=\"http:\/\/foerderverein-theatersommer.net\/archiv\/wp-content\/uploads\/THS_BremerStadtmusikanten-12.jpeg\"><img loading=\"lazy\" decoding=\"async\" class=\"alignleft size-thumbnail wp-image-11503\" title=\"Die Bremer Stadtmusikanten (Ensemble) Foto by \u00a9ThS Geronimo Schmidt\" src=\"http:\/\/foerderverein-theatersommer.net\/archiv\/wp-content\/uploads\/THS_BremerStadtmusikanten-12-175x175.jpeg\" alt=\"Die Bremer Stadtmusikanten (Ensemble) Foto by \u00a9ThS Geronimo Schmidt\" width=\"175\" height=\"175\" \/><\/a><\/p>\n<p><a href=\"http:\/\/foerderverein-theatersommer.net\/archiv\/wp-content\/uploads\/THS_BremerStadtmusikanten-2.jpg\"><img loading=\"lazy\" decoding=\"async\" class=\"alignleft wp-image-11498  size-thumbnail\" title=\"Die Bremer Stadtmusikanten (J. Fehrenbach, A. Barth) Foto by \u00a9ThS Geronimo Schmidt\" src=\"http:\/\/foerderverein-theatersommer.net\/archiv\/wp-content\/uploads\/THS_BremerStadtmusikanten-2-175x175.jpg\" alt=\"Die Bremer Stadtmusikanten (J. Fehrenbach, A. Barth) Foto by \u00a9ThS Geronimo Schmidt\" width=\"175\" height=\"175\" \/><\/a><\/p>\n<p><a href=\"http:\/\/foerderverein-theatersommer.net\/archiv\/wp-content\/uploads\/Bremer-S.-Foto-1.jpg\"><img loading=\"lazy\" decoding=\"async\" class=\"alignleft size-thumbnail wp-image-11497\" title=\"Die Bremer Stadtmusikanten ((M.J. Mayer) Foto by \u00a9ThS Geronimo Schmidt\" src=\"http:\/\/foerderverein-theatersommer.net\/archiv\/wp-content\/uploads\/Bremer-S.-Foto-1-175x175.jpg\" alt=\"Die Bremer Stadtmusikanten (M.J. Mayer) Foto by \u00a9ThS Geronimo Schmidt\" width=\"175\" height=\"175\" \/><\/a><\/p>\n<p><a href=\"http:\/\/foerderverein-theatersommer.net\/archiv\/wp-content\/uploads\/THS_BremerStadtmusikanten-8.jpeg\"><img loading=\"lazy\" decoding=\"async\" class=\"alignleft size-thumbnail wp-image-11502\" title=\"Die Bremer Stadtmusikanten (M.J. Mayer, B. Linke) Foto by \u00a9ThS Geronimo Schmidt\" src=\"http:\/\/foerderverein-theatersommer.net\/archiv\/wp-content\/uploads\/THS_BremerStadtmusikanten-8-175x175.jpeg\" alt=\"Die Bremer Stadtmusikanten (M.J. Mayer, B. Linke) Foto by \u00a9ThS Geronimo Schmidt\" width=\"175\" height=\"175\" \/><\/a><\/p>\n<p>&nbsp;<\/p>\n<p>&nbsp;<\/p>\n<p><span style=\"font-size: 8pt;\">Bildvergr\u00f6\u00dferung: Foto anklicken und \u00fcber re\/li Pfeil weiter<\/span><\/p>\n<p>&nbsp;<\/p>\n<p><strong>PRESSESTIMMEN<\/strong><\/p>\n<p><strong>MUNTERES SPEKTAKEL UM DIE TIERISCHE RENTNERBAND<\/strong><br \/>\n\u201eEine bekannte Geschichte witzig und gleichzeitig mit Tiefgang zu erz\u00e4hlen \u2013 das ist dem Theatersommer Ludwigsburg mit den \u201eBremer Stadtmusikanten\u201c gelungen. (\u2026) \u00a0Ein munteres Spektakel mit viel Spa\u00df und Musik. (\u2026) Dynamisch, temporeich und mit viel Situationskomik gingen die Begegnungen mit den R\u00e4ubern \u00fcber die B\u00fchne.\u201c \u2013 Stuttgarter Zeitung \u2013\u00a0<\/p>\n<p><strong>ZU VIERT AUF DEM HIGHWAY NACH BREMEN<\/strong><br \/>\n\u201eSelten wachsen einem die \u201eBremer Stadtmusikanten\u201c so ans Herz wie in Christine Hofers Ludwigsburger Theatersommer-Variante: Das fetzige M\u00e4rchen-Musical besticht Junge wie \u00c4ltere mit Witz, Tiefgang \u2013 und einem steppenden Esel. (\u2026) \u00dcberhaupt legen alle vier B\u00fchnenakteure ganz viel Herzensw\u00e4rme, Hingabe und Humor in ihre Figuren (\u2026).\u201c \u2013 Ludwigsburger Kreiszeitung \u2013\u00a0<\/p>\n<p><strong>ZUSCHAUERZAHLEN<\/strong><br \/>\nGesamt 2024: 2.042 Zuschauende<br \/>\n(davon 1.003 Erw. und 1039 Kinder)<br \/>\nGesamt 2025: 4.520 Zuschauende<br \/>\n(davon 3.488 Schulkinder, Nachmittags (11 Vorstellungen) 511 Erw. und 521 Kinder)<\/p>\n<p><span style=\"text-decoration: underline; color: #339966;\"><span style=\"font-size: 14pt;\"><a style=\"color: #339966;\" href=\"https:\/\/foerderverein-theatersommer.net\/archiv\/spielplan\/kindertheater\/2025-emil-und-die-detektive\/\"><strong>N\u00e4chstes St\u00fcck<\/strong><\/a><\/span><\/span><\/p>\n","protected":false},"excerpt":{"rendered":"<p>Kinder- und Familientheater ab 6 Jahren\u00a0 Die Bremer\u00a0Stadtmusikanten nach dem M\u00e4rchen der Br\u00fcder Grimm Herzensw\u00e4rme, Hingabe und Humor Regie:\u00a0Christine Hofer&#8230; <span class=\"read-more\"><a href=\"https:\/\/foerderverein-theatersommer.net\/archiv\/spielplan\/kindertheater\/2024-die-bremer-stadtmusikanten\/\" class=\"button button-darkgray small\"> Continue Reading &rarr; <\/a><\/span><\/p>\n","protected":false},"author":3,"featured_media":11500,"parent":1583,"menu_order":0,"comment_status":"closed","ping_status":"closed","template":"","meta":{"footnotes":""},"_links":{"self":[{"href":"https:\/\/foerderverein-theatersommer.net\/archiv\/wp-json\/wp\/v2\/pages\/11507"}],"collection":[{"href":"https:\/\/foerderverein-theatersommer.net\/archiv\/wp-json\/wp\/v2\/pages"}],"about":[{"href":"https:\/\/foerderverein-theatersommer.net\/archiv\/wp-json\/wp\/v2\/types\/page"}],"author":[{"embeddable":true,"href":"https:\/\/foerderverein-theatersommer.net\/archiv\/wp-json\/wp\/v2\/users\/3"}],"replies":[{"embeddable":true,"href":"https:\/\/foerderverein-theatersommer.net\/archiv\/wp-json\/wp\/v2\/comments?post=11507"}],"version-history":[{"count":14,"href":"https:\/\/foerderverein-theatersommer.net\/archiv\/wp-json\/wp\/v2\/pages\/11507\/revisions"}],"predecessor-version":[{"id":11624,"href":"https:\/\/foerderverein-theatersommer.net\/archiv\/wp-json\/wp\/v2\/pages\/11507\/revisions\/11624"}],"up":[{"embeddable":true,"href":"https:\/\/foerderverein-theatersommer.net\/archiv\/wp-json\/wp\/v2\/pages\/1583"}],"wp:featuredmedia":[{"embeddable":true,"href":"https:\/\/foerderverein-theatersommer.net\/archiv\/wp-json\/wp\/v2\/media\/11500"}],"wp:attachment":[{"href":"https:\/\/foerderverein-theatersommer.net\/archiv\/wp-json\/wp\/v2\/media?parent=11507"}],"curies":[{"name":"wp","href":"https:\/\/api.w.org\/{rel}","templated":true}]}}