{"id":11597,"date":"2025-10-31T09:51:26","date_gmt":"2025-10-31T09:51:26","guid":{"rendered":"https:\/\/foerderverein-theatersommer.net\/archiv\/?page_id=11597"},"modified":"2025-10-31T09:58:11","modified_gmt":"2025-10-31T09:58:11","slug":"2025-der-gott-des-gemetzels","status":"publish","type":"page","link":"https:\/\/foerderverein-theatersommer.net\/archiv\/spielplan\/ab-2021\/2025-der-gott-des-gemetzels\/","title":{"rendered":"<br\/>2025 &#8211; Der Gott des Gemetzels<br\/><br\/>"},"content":{"rendered":"<p><strong><span style=\"font-size: 18pt;\">DER GOTT DES GEMETZELS<\/span><br \/>\n<\/strong>(Le dieu du carnage)<br \/>\nvon Yasmina Reza<br \/>\nDeutsch von Frank Herbert und Hinrich Schmidt-Henkel<\/p>\n<p><span style=\"font-size: 24pt;\"><strong>SCHWARZER HUMOR \u2013 ABER BITTE AUF SCHW\u00c4BISCH!<\/strong><\/span><\/p>\n<p>THEATERSOMMER-FASSUNG &amp; REGIE: Peter Kleinert<br \/>\nKOST\u00dcM- und B\u00dcHNENBILD: Dirk Seesemann<br \/>\nB\u00dcHNENBAU: Ron Stelzmann\/Bernd Trautwein\/Torsten Volk<\/p>\n<p><b>Es spielen:<\/b> Anja Barth, Diana Gantner, Felician Hohnloser, Markus Tomczyk<\/p>\n<p><span style=\"font-size: 14pt;\"><strong>KONZEPTION \/ INHALT<\/strong><\/span><\/p>\n<p>Der Theatersommer Ludwigsburg leistet sich die Mutter aller bitterschwarzen Kom\u00f6dien \u2013 auf unserer frisch restaurierten Experimentierb\u00fchne, die sich in diesem Sommer als Gartenterrasse der Stadt Ludwigsburg anbietet.<\/p>\n<p>Mitten im Gr\u00fcnen entficht sich der Konflikt zwischen zwei gutsituierten Paaren, deren elfj\u00e4hrige S\u00f6hne auf dem Schulhof miteinander in einen heftigen Streit gerieten. Die Eltern wollen<span class=\"Apple-converted-space\">\u00a0 <\/span>ganz vorbildlich den Vorfall auf sachlicher, toleranter Kommunikationsebene l\u00f6sen. Doch der in gepflegter Atmosph\u00e4re beginnende Abend ger\u00e4t mehr und mehr aus dem Ruder. Schlie\u00dflich kotzt die Mutter des \u201eT\u00e4terkindes\u201c auch noch auf die sorgf\u00e4ltig ausgestellten Kunstb\u00e4nde der Gastgeber und nun gibt es kein Halten mehr. Ob Eheprobleme, die berufliche Position bei einem Pharmakonzern oder heimliche Hamstermorde \u2013 alles muss auf den Tisch. Und schlie\u00dflich wird aus dem Wortgefecht ein handgreifliches Gemetzel, das der Schulhofschl\u00e4gerei in keiner Weise nachsteht. <span class=\"Apple-converted-space\">\u00a0 \u00a0 \u00a0<\/span><\/p>\n<p>Das messerscharfe Dialog-Spiel von Yasmina Reza wurde 2011 mit Kate Winslet, Jodie Foster und Christoph Waltz verfilmt und bekommt auf dem neuen Ambiente unserer Experimentierb\u00fchne einen erstaunlich l\u00e4ssigen und leichten Touch.<span class=\"Apple-converted-space\">\u00a0<\/span><\/p>\n<p><a href=\"http:\/\/foerderverein-theatersommer.net\/archiv\/wp-content\/uploads\/Foto_GOTT-1-by-Geronimo-Schmidt.jpg\"><img loading=\"lazy\" decoding=\"async\" class=\"alignleft wp-image-11426  size-thumbnail\" title=\"Auf der Terrasse (M. Tomczyk, A. Barth, D. Gantner, F. Hohnloser) Foto: ThS by Geronimo Schmidt\" src=\"http:\/\/foerderverein-theatersommer.net\/archiv\/wp-content\/uploads\/Foto_GOTT-1-by-Geronimo-Schmidt-175x175.jpg\" alt=\"Auf der Terrasse (M. Tomczyk, A. Barth, D. Gantner, F. Hohnloser) Foto: ThS by Geronimo Schmidt\" width=\"175\" height=\"175\" \/><\/a><\/p>\n<p><a href=\"http:\/\/foerderverein-theatersommer.net\/archiv\/wp-content\/uploads\/Foto_Gott-close-up-by-Geronimo-Schmidt.jpeg\"><img loading=\"lazy\" decoding=\"async\" class=\"alignleft wp-image-11428 size-thumbnail\" title=\"Whisky zur Beruhigung (D. Gantner, M. Tomczyk, F. Hohnloser, A. Barth) Foto: ThS by Geronimo Schmidt\" src=\"http:\/\/foerderverein-theatersommer.net\/archiv\/wp-content\/uploads\/Foto_Gott-close-up-by-Geronimo-Schmidt-175x175.jpg\" alt=\"Whisky zur Beruhigung (D. Gantner, M. Tomczyk, F. Hohnloser, A. Barth) Foto: ThS by Geronimo Schmidt\" width=\"175\" height=\"175\" \/><\/a><\/p>\n<p><a href=\"http:\/\/foerderverein-theatersommer.net\/archiv\/wp-content\/uploads\/Foto_GOTT-Eskalation-by-Geronimo-Schmidt.jpeg\"><img loading=\"lazy\" decoding=\"async\" class=\"alignleft wp-image-11415 size-thumbnail\" title=\"Eskalationsstufe 1 (M. Tomczyk, A. Barth, D. Gantner, F. Hohnloser) Foto: ThS by Geronimo Schmidt\" src=\"http:\/\/foerderverein-theatersommer.net\/archiv\/wp-content\/uploads\/Foto_GOTT-Eskalation-by-Geronimo-Schmidt-175x175.jpg\" alt=\"Eskalationsstufe 1 (M. Tomczyk, A. Barth, D. Gantner, F. Hohnloser) Foto: ThS by Geronimo Schmidt\" width=\"175\" height=\"175\" \/><\/a><a href=\"http:\/\/foerderverein-theatersommer.net\/archiv\/wp-content\/uploads\/Foto_GOTT-Wasserschlacht-by-Geronimo-Schmidt.jpg\"><img loading=\"lazy\" decoding=\"async\" class=\"alignleft wp-image-11415 size-thumbnail\" title=\"Wasserschlacht (D. Gantner, A. Barth) Foto: ThS by Geronimo Schmidt\" src=\"http:\/\/foerderverein-theatersommer.net\/archiv\/wp-content\/uploads\/Foto_GOTT-Wasserschlacht-by-Geronimo-Schmidt-175x175.jpg\" alt=\"Wasserschlacht (D. Gantner, A. Barth) Foto: ThS by Geronimo Schmidt\" width=\"175\" height=\"175\" \/><\/a><\/p>\n<p>&nbsp;<\/p>\n<p><span style=\"font-size: 8pt;\">Bildvergr\u00f6\u00dferung: Foto anklicken und \u00fcber re\/li Pfeil weiter<\/span><\/p>\n<p>&nbsp;<\/p>\n<p><strong><span style=\"font-size: 14pt;\">PRESSESTIMMEN<\/span><\/strong><\/p>\n<p><b><strong>EIN B\u00c4RENSTARKER AUFTAKT<\/strong><br \/>\n<\/b><\/p>\n<p><i>\u201eWas f\u00fcr ein Saisonbeginn: Der\u00a0<\/i><i>Ludwigsburger Theatersommer\u00a0<\/i><i>startet mit \u201eDer Gott des\u00a0<\/i><i>Gemetzels\u201c fulminant in die\u00a0<\/i><i>Spielzeit \u2013 dank starker Akteure,\u00a0<\/i><i>viel Witz und einer Prise\u00a0<\/i><i>vergn\u00fcglichem Ekel.\u00a0<\/i><i>(\u2026) die Szenerie wird mehr und mehr zu einem\u00a0<\/i><i>herrlich schr\u00e4gen Panoptikum entgleister\u00a0<\/i><i>Zivilisiertheit.<\/i><em>(\u2026)\u00a0<\/em><i>Den vier Schauspielern\u00a0<\/i><i>ist es aber zu verdanken, dass das in\u00a0<\/i><i>moderates Schw\u00e4bisch \u00fcbertragene St\u00fcck\u00a0<\/i><i>auch wirklich frisch und dynamisch daher\u00a0<\/i><i>kommt, die Figuren gleicherma\u00dfen \u00fcberzeichnet\u00a0<\/i><i>wie schmerzhaft authentisch, mit\u00a0<\/i><i>dem Gesp\u00fcr f\u00fcr den richtigen Moment, den\u00a0<\/i><i>richtigen Rhythmus.<br \/>\n<\/i>\u2013 Ludwigsburger Kreiszeitung \u2013<\/p>\n<p><strong>MACHT RICHTIG SPASS<br \/>\n<\/strong><i>\u201e(\u2026) Peter Kleinert hat mit seiner Inszenierung\u00a0<\/i><i>das Kom\u00f6diantische betont, und das funktioniert\u00a0<\/i><i>pr\u00e4chtig in dichtem Pointentakt.\u00a0<\/i><i>Gro\u00dfes Vergn\u00fcgen machen die vier allesamt\u00a0<\/i><i>sehr souver\u00e4n agierenden Darsteller. Das alles\u00a0<\/i><i>bietet eine anregende Analyse \u00fcber Milieu\u00a0<\/i><i>und Moral und macht richtig Spa\u00df.\u201c<br \/>\n<\/i>\u2013 Stuttgarter Zeitung \u2013<\/p>\n<p><strong>SCHWARZER HUMOR \u2013 ABER BITTE AUF SCHW\u00c4BISCH!<br \/>\n<\/strong><em>\u201e(\u2026)Hier k\u00f6nnen wir uns mit Vergn\u00fcgen ansehen, wovor wir normalerweise lieber die Augen verschlie\u00dfen: Konflikte, pers\u00f6nliche Macken, peinliche Fehltritte und aufgesetzte Reife.\u00a0Die scheinbar banale Situation weicht einem immer weiter steigenden Spannungsbogen, die Sympathien des Publikums verschieben sich so schnell wie die Allianzen zwischen den Protagonist:innen.<br \/>\n<\/em><em>Und sp\u00e4testens wenn der Efeu vom Mauk dran glauben muss, fragt man sich, wie viele der unterschwelligen Konflikte und kindischen Reaktionen auch im eigenen Alltag brodeln. Das Gemetzel, so scheint es, ist hinter allen Fassaden nie weit entfernt. Die Inszenierung h\u00e4lt uns mit scharfen Dialogen und treffenden Beobachtungen den Spiegel vor. Vor allem aber zeigt sie uns, wie man dem \u00bbGott des Gemetzels\u00ab eine herrliche Komik abgewinnen kann.(\u2026)<br \/>\n<\/em>\u2013 HALLO LUDWIGSBURG (<a href=\"https:\/\/www.hallo-ludwigsburg.com\/cityblog\/ludwigsburger-theatersommer-2025-der-gott-des-gemetzels\" target=\"_blank\" rel=\"noopener\">hier<\/a> gehts zum vollst\u00e4ndigen Artikel) \u2013<\/p>\n<p><strong>ZIVILISATIONSBRUCH UNTER DEM SOMMERHIMMEL\u00a0<br \/>\n<\/strong><em>\u201eUnd es herrscht: der Gott des Gemetzels, der einzige, der seit dem Beginn der Zeit regiert, wie Felician Hohnloser in der Rolle des skrupellosen Anwalts und Vaters feststellt. So f\u00e4llt man \u00fcbereinander her, verbal wie handgreiflich, trinkt, schreit, verliert die Kontrolle. Der sorgsam gepflegte Garten wird zerrupft und am Ende verfallen alle in eine apathische Starre. Die Schlacht ist ohne Sieger geschlagen (\u2026) Doch davor klatschte das Publikum die Schauspieler wieder und wieder auf die B\u00fchne. \u201c<br \/>\n<\/em>\u2013 Bietigheimer Zeitung \u2013<\/p>\n<p><strong>ZUSCHAUERZAHLEN:\u00a0<\/strong><br \/>\n1.492 Besucher*innen (16 Vorstellungen)<\/p>\n<p><a href=\"https:\/\/foerderverein-theatersommer.net\/archiv\/2025-marie-antoinette\/\"><span style=\"text-decoration: underline;\"><span style=\"font-size: 14pt; color: #339966;\"><strong>N\u00e4chstes St\u00fcck<\/strong><\/span><\/span><\/a><\/p>\n","protected":false},"excerpt":{"rendered":"<p>DER GOTT DES GEMETZELS (Le dieu du carnage) von Yasmina Reza Deutsch von Frank Herbert und Hinrich Schmidt-Henkel SCHWARZER HUMOR&#8230; <span class=\"read-more\"><a href=\"https:\/\/foerderverein-theatersommer.net\/archiv\/spielplan\/ab-2021\/2025-der-gott-des-gemetzels\/\" class=\"button button-darkgray small\"> Continue Reading &rarr; <\/a><\/span><\/p>\n","protected":false},"author":3,"featured_media":11575,"parent":9413,"menu_order":0,"comment_status":"closed","ping_status":"closed","template":"","meta":{"footnotes":""},"_links":{"self":[{"href":"https:\/\/foerderverein-theatersommer.net\/archiv\/wp-json\/wp\/v2\/pages\/11597"}],"collection":[{"href":"https:\/\/foerderverein-theatersommer.net\/archiv\/wp-json\/wp\/v2\/pages"}],"about":[{"href":"https:\/\/foerderverein-theatersommer.net\/archiv\/wp-json\/wp\/v2\/types\/page"}],"author":[{"embeddable":true,"href":"https:\/\/foerderverein-theatersommer.net\/archiv\/wp-json\/wp\/v2\/users\/3"}],"replies":[{"embeddable":true,"href":"https:\/\/foerderverein-theatersommer.net\/archiv\/wp-json\/wp\/v2\/comments?post=11597"}],"version-history":[{"count":4,"href":"https:\/\/foerderverein-theatersommer.net\/archiv\/wp-json\/wp\/v2\/pages\/11597\/revisions"}],"predecessor-version":[{"id":11612,"href":"https:\/\/foerderverein-theatersommer.net\/archiv\/wp-json\/wp\/v2\/pages\/11597\/revisions\/11612"}],"up":[{"embeddable":true,"href":"https:\/\/foerderverein-theatersommer.net\/archiv\/wp-json\/wp\/v2\/pages\/9413"}],"wp:featuredmedia":[{"embeddable":true,"href":"https:\/\/foerderverein-theatersommer.net\/archiv\/wp-json\/wp\/v2\/media\/11575"}],"wp:attachment":[{"href":"https:\/\/foerderverein-theatersommer.net\/archiv\/wp-json\/wp\/v2\/media?parent=11597"}],"curies":[{"name":"wp","href":"https:\/\/api.w.org\/{rel}","templated":true}]}}