{"id":11611,"date":"2025-10-31T10:19:25","date_gmt":"2025-10-31T10:19:25","guid":{"rendered":"https:\/\/foerderverein-theatersommer.net\/archiv\/?page_id=11611"},"modified":"2025-10-31T10:19:25","modified_gmt":"2025-10-31T10:19:25","slug":"2025-marie-antoinette-oder-kuchen-fuer-alle","status":"publish","type":"page","link":"https:\/\/foerderverein-theatersommer.net\/archiv\/spielplan\/ab-2021\/2025-marie-antoinette-oder-kuchen-fuer-alle\/","title":{"rendered":"<br\/>2025 &#8211; Marie-Antoinette ODER Kuchen f\u00fcr alle!<br\/><br\/>"},"content":{"rendered":"<p><b><span style=\"font-size: 18pt;\">MARIE-ANTOINETTE oder KUCHEN F\u00dcR ALLE!<\/span><span class=\"Apple-converted-space\"><span style=\"font-size: 18pt;\">\u00a0<\/span><br \/>\n<\/span><\/b>von Peter Jordan<span class=\"Apple-converted-space\">\u00a0<br \/>\n<\/span>Durchgesehen und erg\u00e4nzt von Leonhard Koppelmann<\/p>\n<p><span style=\"font-size: 24pt;\"><strong>SCH\u00c4RFER ALS JEDE GUILLOTINE<\/strong><\/span><\/p>\n<p>THEATERSOMMER-FASSUNG &amp; REGIE: Christine Hofer<br \/>\nKOMPOSITION: Carmen St\u00fcrmer &amp; Elias Baumann<br \/>\nKOST\u00dcME: Paula Gehrlein<br \/>\nB\u00dcHNENBILD: Dirk Seesemann<br \/>\nB\u00dcHNENBAU: Bernd Trautwein\/Torsten Volk<\/p>\n<p><b>Es spielen:<\/b> Elias Baumann, Josephine B\u00f6nsch, Alexandra Marinescu, Karsten Zinser<\/p>\n<p><span style=\"font-size: 14pt;\"><strong>KONZEPTION \/ INHALT<\/strong><\/span><\/p>\n<p>In den Stra\u00dfen von Paris tobt die Franz\u00f6sische Revolution, im Palast von Versailles hingegen regiert die Langeweile und das Missvergn\u00fcgen: Seit nunmehr f\u00fcnfzehn Jahren warten Marie-Antoinette und ihr Mann K\u00f6nig Ludwig XVI. auf ihre angek\u00fcndigte Hinrichtung. Und das dauert. Damals wie heute die gleichen Probleme: B\u00fcrokratie, Intrigen und Machtk\u00e4mpfe auf allen Ebenen. So kann man doch nicht arbeiten. Die K\u00f6nigin macht sich langsam Sorgen um ihr Erscheinungsbild, schlie\u00dflich sterben ringsum nicht nur Aristokraten und in Ungnade gefallene Revolution\u00e4re wie die Fliegen, sondern auch der einfache Per\u00fcckenmacher muss auf sein Haupt achtgeben. Und was w\u00e4re eine \u00f6ffentliche Veranstaltung wie z.B. eine Hinrichtung ohne eine perfekt sitzende Frisur?<span class=\"Apple-converted-space\">\u00a0<\/span><\/p>\n<p>Und dann taucht auch noch dieser Napol\u00e9on auf. Als das Eis aus und der Champagner warm ist, reicht es Marie-Antoinette. Das geht wirklich zu weit.<\/p>\n<p>Angesiedelt zwischen Monty Python und Quentin Tarantino, zwischen Slapstick, Screwball-Kom\u00f6die und opulentem Historiendrama, hat Peter Jordan eine todernst-turbulente Kom\u00f6die geschrieben, die Altbekanntes noch einmal v\u00f6llig neu beleuchtet und bitterb\u00f6se Zeitpfeile in unsere Gegenwart schie\u00dft. Ein Fest f\u00fcr vier Schauspielerinnen und Schauspieler, die in rasantem Tempo Haltungen und Identit\u00e4ten wechseln. Ein wildes, br\u00fcllend komisches Theaterst\u00fcck, das auch als Warnung an die Gegenwart verstanden werden kann.<span class=\"Apple-converted-space\">\u00a0<\/span>.\u00a0<\/p>\n<p><a href=\"http:\/\/foerderverein-theatersommer.net\/archiv\/wp-content\/uploads\/Louis-XVI.jpg\"><img loading=\"lazy\" decoding=\"async\" class=\"alignleft wp-image-11426  size-thumbnail\" title=\"Louis XVI (Karsten Zinser) Foto: ThS by Torsten Volk\" src=\"http:\/\/foerderverein-theatersommer.net\/archiv\/wp-content\/uploads\/Louis-XVI-175x175.jpg\" alt=\"Louis XVI (Karsten Zinser) Foto: ThS by Torsten Volk\" width=\"175\" height=\"175\" \/><\/a><\/p>\n<p><a href=\"http:\/\/foerderverein-theatersommer.net\/archiv\/wp-content\/uploads\/Marie-Antoinette.jpg\"><img loading=\"lazy\" decoding=\"async\" class=\"alignleft wp-image-11428 size-thumbnail\" title=\"Marie-Antoinette (Alexandra Marinescu) Foto: ThS by Torsten Volk\" src=\"http:\/\/foerderverein-theatersommer.net\/archiv\/wp-content\/uploads\/Marie-Antoinette-175x175.jpg\" alt=\"Marie-Antoinette (Alexandra Marinescu) Foto: ThS by Torsten Volk\" width=\"175\" height=\"175\" \/><\/a><\/p>\n<p><a href=\"http:\/\/foerderverein-theatersommer.net\/archiv\/wp-content\/uploads\/Madame-Dubarry.jpg\"><img loading=\"lazy\" decoding=\"async\" class=\"alignleft wp-image-11415 size-thumbnail\" title=\"Madame Dubarry (Josephine B\u00f6nsch) Foto: ThS by Torsten Volk\" src=\"http:\/\/foerderverein-theatersommer.net\/archiv\/wp-content\/uploads\/Madame-Dubarry-175x175.jpg\" alt=\"Madame Dubarry (Josephine B\u00f6nsch) Foto: ThS by Torsten Volk\" width=\"175\" height=\"175\" \/><\/a><a href=\"http:\/\/foerderverein-theatersommer.net\/archiv\/wp-content\/uploads\/Koenigspaar-und-Cecile.jpg\"><img loading=\"lazy\" decoding=\"async\" class=\"alignleft wp-image-11415 size-thumbnail\" title=\"K\u00f6nigspaar mit Cecile (A. Marinescu, K. Zinser, J. B\u00f6nsch) Foto: ThS by Torsten Volk\" src=\"http:\/\/foerderverein-theatersommer.net\/archiv\/wp-content\/uploads\/Koenigspaar-und-Cecile-175x175.jpg\" alt=\"K\u00f6nigspaar mit Cecile (A. Marinescu, K. Zinser, J. B\u00f6nsch) Foto: ThS by Torsten Volk\" width=\"175\" height=\"175\" \/><\/a><\/p>\n<p>&nbsp;<\/p>\n<p><span style=\"font-size: 8pt;\">Bildvergr\u00f6\u00dferung: Foto anklicken und \u00fcber re\/li Pfeil weiter<\/span><\/p>\n<p>&nbsp;<\/p>\n<p><strong><span style=\"font-size: 14pt;\">PRESSESTIMMEN<\/span><\/strong><\/p>\n<p><strong>ALLE WOLLEN EIN ST\u00dcCK VOM KUCHEN<\/strong><br \/>\n<em>\u201eChristine Hofers Inszenierung der schwarzen Kom\u00f6die von Peter Jordan und Leonhard Koppelmann zieht alle Register, das spielfreudige Ensemble begeistert. (\u2026) F\u00fcr die Besucher im ausverkauften Theatergarten war\u2018s indes alles andere\u00a0als z\u00e4h: In der temporeichen Inszenierung\u00a0von Christine Hofer kommen \u00fcber rund\u00a0hundert Minuten keine L\u00e4ngen auf. (\u2026)<\/em><br \/>\n<em>Alexandra Marinescu verleiht der sich an sich selbst berauschenden Regentin mit \u00f6sterreichisch gef\u00e4rbtem Zungenschlag eine pragmatische, bodenst\u00e4ndige Note. (\u2026) W\u00e4hrenddessen hat ihr Gatte (Karsten Zinser stattet seinen Ludwig XVI. mit tatkr\u00e4ftiger Pr\u00e4senz aus), der zeitgeschichtliche Ereignisse der Tagespolitik mit hellsichtiger Offenheit kommentiert (\u2026) bemerkenswertes handwerkliches Geschick entwickelt (\u2026). Elias Baumann, der den katholischen Geistlichen als geschmeidigen Windbeutel gibt (\u2026). Ob\u00a0als Cecile, Jakobiner, Madame Dubarry\u00a0oder Napoleon: Dem enormen kom\u00f6diantischen\u00a0Talent von Josephine B\u00f6nsch ist es\u00a0gegeben, aus jeder ihrer Rollen eine hinrei\u00dfend\u00a0humoristische Karikatur zu formen.(\u2026)<\/em><br \/>\n<em>Bleibt die Reflexion auf die Gegenwart:\u00a0Gef\u00e4hrliche Tr\u00e4ume, der Terror\u00a0der richtigen Gedanken, das Schmieden\u00a0von Ketten aus guten Absichten \u2013 das alles\u00a0ist nicht tot und von gestern, es ist (mit\u00a0und ohne William Faulkner) nicht mal vergangen.\u201c<\/em><br \/>\n\u2013 Ludwigsburger Kreiszeitung \u2013<\/p>\n<p><strong>SCH\u00c4RFER ALS JEDE GUILLOTINE<\/strong><br \/>\n<em>\u201eMit offizieller Historie hat die rei\u00dferische\u00a0Klamotte wenig am Hut: Seit zwanzig Jahren\u00a0warten Marie Antoinette (Alexandra Marinescu)\u00a0und ihr Gatte Ludwig\u00a0XVI. (Karsten Zinser) auf \u00a0ihre wohlverdiente Enthauptung.\u00a0Doch die M\u00fchlen\u00a0von Robespierres Terror-Regime mahlen langsam. (\u2026)<\/em><br \/>\n<em>Alexandra Marinescu hat m\u00e4chtig Spa\u00df, Marie Antoinette als verzogene G\u00f6re zu geben, sie motzt dreisprachig und streckt den Untertanen die Zunge raus. (\u2026) Toll sind die virtuosen Rollenwechsel von Elias Baumann und Josephine B\u00f6nsch. Letztere brilliert sowohl als Zofe C\u00e9cile als auch in Verk\u00f6rperung der Madame Du Barry, die schon Ludwig XV. als M\u00e4tresse zu Diensten war. W\u00e4hrend Baumann zwischen Kardinal, Robespierre und Jakobiner wechselt, tritt B\u00f6nsch noch als putziger Napol\u00e9on mit Einhorn-Kuscheltier auf. (\u2026)<\/em><br \/>\n<em>Mit geringsten\u00a0Mitteln wie Gummi-Blutlachen und\u00a0Schaufensterpuppen inszeniert Christine\u00a0Hofer einen eindrucksvollen Grand-Guignol-Zirkus, wie er auch einem Publikum im\u00a018. Jahrhundert gefallen h\u00e4tte.\u201c<\/em><br \/>\n\u2013 Stuttgarter Zeitung \u2013<\/p>\n<p><strong>ROLLENDE K\u00d6PFE UND BEGEHRTER KUCHEN<\/strong><br \/>\n<em>\u201eDie Premiere von \u201eMarie-Antoinette\u201c beim Theatersommer endete mit Standing Ovations: An einem ereignisreichen Abend hatte das Publikum einiges zu lachen \u2013 kam aber auch ins Gr\u00fcbeln. (\u2026)<\/em><br \/>\n<em>Alexandra Marinescu brillierte als Marie Antoinette zwischen trotzig-sp\u00f6ttischem Teenager und durchtriebener Strippenzieherin im Palast, die auch im Angesicht des Todes noch \u00fcber das Volk spottete und Reicht\u00fcmer anh\u00e4ufte. <\/em><em>Karsten Zinser riss als eher infantiler letzter K\u00f6nig der Franzosen das Publikum mit \u2013 sp\u00e4testens als der Monarch Justin Timberlake rappte, um seine nun doch kurzfristig von einer dunklen Vorahnung geplagte Gattin aufzuheitern, hatte er die Lacher auf seiner Seite. Lieber w\u00e4re der Monarch aber wohl doch Heimwerker, ist st\u00e4ndig am Schrauben und baut sich eine Guillotine zum Probeliegen \u2013 und schon bald rollen die ersten K\u00f6pfe. (\u2026)<\/em><br \/>\n<em>Zwischen bitterb\u00f6ser Satire und tiefsinniger Gesellschaftskritik bewegt sich also das St\u00fcck (\u2026)\u201c<\/em><br \/>\n\u2013 Bietigheimer Zeitung \u2013<\/p>\n<p><strong>ZUSCHAUERZAHLEN:\u00a0<\/strong><br \/>\n3.509 Besucher*innen\u00a0<\/p>\n","protected":false},"excerpt":{"rendered":"<p>MARIE-ANTOINETTE oder KUCHEN F\u00dcR ALLE!\u00a0 von Peter Jordan\u00a0 Durchgesehen und erg\u00e4nzt von Leonhard Koppelmann SCH\u00c4RFER ALS JEDE GUILLOTINE THEATERSOMMER-FASSUNG &amp;&#8230; <span class=\"read-more\"><a href=\"https:\/\/foerderverein-theatersommer.net\/archiv\/spielplan\/ab-2021\/2025-marie-antoinette-oder-kuchen-fuer-alle\/\" class=\"button button-darkgray small\"> Continue Reading &rarr; <\/a><\/span><\/p>\n","protected":false},"author":3,"featured_media":11585,"parent":9413,"menu_order":0,"comment_status":"closed","ping_status":"closed","template":"","meta":{"footnotes":""},"_links":{"self":[{"href":"https:\/\/foerderverein-theatersommer.net\/archiv\/wp-json\/wp\/v2\/pages\/11611"}],"collection":[{"href":"https:\/\/foerderverein-theatersommer.net\/archiv\/wp-json\/wp\/v2\/pages"}],"about":[{"href":"https:\/\/foerderverein-theatersommer.net\/archiv\/wp-json\/wp\/v2\/types\/page"}],"author":[{"embeddable":true,"href":"https:\/\/foerderverein-theatersommer.net\/archiv\/wp-json\/wp\/v2\/users\/3"}],"replies":[{"embeddable":true,"href":"https:\/\/foerderverein-theatersommer.net\/archiv\/wp-json\/wp\/v2\/comments?post=11611"}],"version-history":[{"count":1,"href":"https:\/\/foerderverein-theatersommer.net\/archiv\/wp-json\/wp\/v2\/pages\/11611\/revisions"}],"predecessor-version":[{"id":11614,"href":"https:\/\/foerderverein-theatersommer.net\/archiv\/wp-json\/wp\/v2\/pages\/11611\/revisions\/11614"}],"up":[{"embeddable":true,"href":"https:\/\/foerderverein-theatersommer.net\/archiv\/wp-json\/wp\/v2\/pages\/9413"}],"wp:featuredmedia":[{"embeddable":true,"href":"https:\/\/foerderverein-theatersommer.net\/archiv\/wp-json\/wp\/v2\/media\/11585"}],"wp:attachment":[{"href":"https:\/\/foerderverein-theatersommer.net\/archiv\/wp-json\/wp\/v2\/media?parent=11611"}],"curies":[{"name":"wp","href":"https:\/\/api.w.org\/{rel}","templated":true}]}}