{"id":11618,"date":"2025-10-31T10:32:22","date_gmt":"2025-10-31T10:32:22","guid":{"rendered":"https:\/\/foerderverein-theatersommer.net\/archiv\/?page_id=11618"},"modified":"2025-10-31T10:43:02","modified_gmt":"2025-10-31T10:43:02","slug":"2025-emil-und-die-detektive","status":"publish","type":"page","link":"https:\/\/foerderverein-theatersommer.net\/archiv\/spielplan\/kindertheater\/2025-emil-und-die-detektive\/","title":{"rendered":"<br\/>2025 &#8211; Emil und die Detektive<br\/><br\/>"},"content":{"rendered":"<p>Ein Abenteuerst\u00fcck f\u00fcr junge Menschen von 8-108 Jahren<br \/>\n<span style=\"font-size: 18pt;\"><b>EMIL UND DIE DETEKTIVE<\/b><\/span><br \/>\nnach Erich K\u00e4stner<\/p>\n<p><span style=\"font-size: 24pt;\"><strong>EIN TRIUMPH DER THEATERFANTASIE<\/strong><\/span><\/p>\n<p><strong>Inszenierung &amp; Regie:<\/strong> Kristo \u0160agor<br \/>\n<strong>Fassung:<\/strong> Kristo \u0160agor<br \/>\n<strong>Ausstattung:<\/strong> Julia Scholz<br \/>\n<b>Musikalische Leitung und Komposition:<\/b>\u00a0Carmen St\u00fcrmer und Elias Baumann<br \/>\n<b>Choreografie:<\/b>\u00a0Carmen St\u00fcrmer<br \/>\n<strong>Regieassistenz:<\/strong> Max Porstmann<\/p>\n<p><strong>Es spielen:<\/strong> Irma Rerikh, Alina Thiemann, Louis Umbach<\/p>\n<p><strong>KONZEPTION \/ INHALT<\/strong>\u00a0<br \/>\nIm Jungen Theater wird die spannende Geschichte von Emil Tischbein erz\u00e4hlt, der zum ersten Mal allein seine Cousine Pony H\u00fctchen in Berlin besucht. Eine Zugfahrt in die Gro\u00dfstadt ohne Eltern kann ziemlich aufregend sein, vor allem wenn im gleichen Abteil ein sich auff\u00e4llig benehmender Mann mit dem Namen Grundeis sitzt, der Emil st\u00e4ndig auf merkw\u00fcrdige Weise versucht in ein Gespr\u00e4ch zu verwickeln. Emil f\u00fchlt sich ausgehorcht und hat ein komisches Bauchgef\u00fchl. Und tats\u00e4chlich \u2013 in einem Moment der Unaufmerksamkeit werden ihm die 140 Mark,\u00a0 welche die Mutter ihm f\u00fcr die Gro\u00dfmutter in Berlin mitgab, geklaut.<\/p>\n<p>Das Geld ist m\u00fchsam erspart und auf keinen Fall wird Emil den Dieb davonkommen lassen.\u00a0Also bleibt ihm nichts anderes \u00fcbrig, als sich dem dubiosen Grundeis an die Fersen zu heften, und das quer durch das riesige Berlin. In dieser hektischen Stadt, das muss Emil bald versp\u00fcren, kann man sich in so einer Situation ganz sch\u00f6n einsam f\u00fchlen. W\u00e4re da nicht ein anderer Junge namens Gustav mit der Hupe, wer wei\u00df, wie die Geschichte dann ausginge?\u00a0Kurz und gut: Gustav trommelt einige seiner Freunde zusammen und viele andere Kinder-Detektive schlie\u00dfen sich unter \u00bbParole Emil\u00ab mit einem gemeinsamen Ziel zusammen: dem Dieb das Handwerk zu legen.<\/p>\n<p>Dem Theatersommer Ludwigsburg gelang f\u00fcr diese Inszenierung, die im Rahmen des Jubil\u00e4ums 25 Jahre Kindertheater entsteht, eine kleine Sensation. Der erfolgreiche Theaterautor und Regisseur Kristo \u0160agor, der in diesem Jahr f\u00fcr sein Jugendst\u00fcck \u201eNICE\u201c den Preis des Heidelberger St\u00fcckemarkts erhielt und ab 2026 das Junge Theater Heidelberg leiten wird, \u00fcbernimmt die K\u00fcnstlerische Leitung von \u201e EMIL UND DIE DETEKTIVE\u201c. Au\u00dferdem wurde erstmalig ein Theaterst\u00fcck ausschlie\u00dflich mit Studierenden der Akademie f\u00fcr Darstellende Kunst Baden-W\u00fcrttemberg erarbeitet. Alle M\u00f6glichkeiten des Theaterspiels werden ausgetestet: es wird gespielt, gesungen, getanzt und wenn notwendig akrobatisch erklettert.<\/p>\n<p><a href=\"http:\/\/foerderverein-theatersommer.net\/archiv\/wp-content\/uploads\/EMIL-Begruessungsszene.jpg\"><img loading=\"lazy\" decoding=\"async\" class=\"alignleft size-thumbnail wp-image-11503\" title=\"Begr\u00fc\u00dfungsszene (L. Umbach, I. Rerikh, A. Thiemann) Foto by \u00a9ThS Geronimo Schmidt\" src=\"http:\/\/foerderverein-theatersommer.net\/archiv\/wp-content\/uploads\/EMIL-Begruessungsszene-175x175.jpg\" alt=\"Begr\u00fc\u00dfungsszene (L. Umbach, I. Rerikh, A. Thiemann) Foto by \u00a9ThS Geronimo Schmidt\" width=\"175\" height=\"175\" \/><\/a><\/p>\n<p><a href=\"http:\/\/foerderverein-theatersommer.net\/archiv\/wp-content\/uploads\/EMIL-Fahrradaction.jpg\"><img loading=\"lazy\" decoding=\"async\" class=\"alignleft wp-image-11498  size-thumbnail\" title=\"Verfolgungsjagd (L. Umbach, A. Thiemann, I. Rerikh) Foto by \u00a9ThS Geronimo Schmidt\" src=\"http:\/\/foerderverein-theatersommer.net\/archiv\/wp-content\/uploads\/EMIL-Fahrradaction-175x175.jpg\" alt=\"Verfolgungsjagd (L. Umbach, A. Thiemann, I. Rerikh) Foto by \u00a9ThS Geronimo Schmidt\" width=\"175\" height=\"175\" \/><\/a><\/p>\n<p><a href=\"http:\/\/foerderverein-theatersommer.net\/archiv\/wp-content\/uploads\/EMIL-Ensemble-mit-Rad.jpg\"><img loading=\"lazy\" decoding=\"async\" class=\"alignleft size-thumbnail wp-image-11497\" title=\"Lagebesprechung (L. Umbach, A. Thiemann, I. Rerikh) Foto by \u00a9ThS Geronimo Schmidt\" src=\"http:\/\/foerderverein-theatersommer.net\/archiv\/wp-content\/uploads\/EMIL-Ensemble-mit-Rad-175x175.jpg\" alt=\"Lagebesprechung (L. Umbach, A. Thiemann, I. Rerikh) Foto by \u00a9ThS Geronimo Schmidt\" width=\"175\" height=\"175\" \/><\/a><\/p>\n<p><a href=\"http:\/\/foerderverein-theatersommer.net\/archiv\/wp-content\/uploads\/EMIL-Herr-Tischbein-wird-entdeckt.jpg\"><img loading=\"lazy\" decoding=\"async\" class=\"alignleft size-thumbnail wp-image-11502\" title=\"Grundeis wird entdeckt (I. Rerikh, A. Thiemann, L. Umbach) Foto by \u00a9ThS Geronimo Schmidt\" src=\"http:\/\/foerderverein-theatersommer.net\/archiv\/wp-content\/uploads\/EMIL-Herr-Tischbein-wird-entdeckt-175x175.jpg\" alt=\"Grundeis wird entdeckt (I. Rerikh, A. Thiemann, L. Umbach) Foto by \u00a9ThS Geronimo Schmidt\" width=\"175\" height=\"175\" \/><\/a><\/p>\n<p>&nbsp;<\/p>\n<p>&nbsp;<\/p>\n<p><span style=\"font-size: 8pt;\">Bildvergr\u00f6\u00dferung: Foto anklicken und \u00fcber re\/li Pfeil weiter<\/span><\/p>\n<p>&nbsp;<\/p>\n<p><strong>PRESSESTIMMEN<\/strong><\/p>\n<p><strong>EIN TRIUMPH DER THEATERFANTASIE<\/strong><br \/>\n<em>\u201eKristo \u0160agors leichtf\u00fc\u00dfige Inszenierung von K\u00e4stners Kinderbuchklassiker ist ein Vergn\u00fcgen f\u00fcr Jung und Alt. (\u2026) W\u00e4hrend der 80 Minuten kommt in keinem Moment Langeweile auf, Stillstand gibt es hier auch in weniger actionlastigen Szenen nicht. (\u2026) setzt auf pointiert stilisiertes, k\u00f6rperbetontes Spiel (\u2026). Fabelhaft funktioniert auch der reduzierte\u00a0Musik-Ger\u00e4usch-Score von Carmen St\u00fcrmer\u00a0und Elias Baumann. In erster Linie verdankt sich der hervorragende\u00a0Eindruck indes einem Ensemble,\u00a0das sich hier erstmals einer breiten \u00d6ffentlichkeit zeigt.\u201c<\/em><br \/>\n\u2013 Ludwigsburger Kreiszeitung \u2013<\/p>\n<p><strong>EMIL UND DAS ARME THEATER<\/strong><em><br \/>\n\u201eKristo \u0160agor inszeniert das St\u00fcck arm an Ausstattung, aber nicht an Fantasie und Inhalt. (\u2026) Kristo \u0160agor zeigt, wie man mit k\u00f6rperbetontem Schauspiel und auf Basis eines hervorragenden Textes gutes Theater inszenieren kann \u2013 ganz ohne aufwendiges Brimborium.\u00a0<\/em><br \/>\n<em>Wie Kinder im Spiel springen Irma Rerikh und Alina Thieman von Rolle zu Rolle, w\u00e4hrend Louis Umbach \u00a0Emil als zentralen Charakter gestaltet. (\u2026)<\/em><br \/>\n<em>Kindern die Historizit\u00e4t eines Stoffes zuzumuten\u00a0gilt heute oft als\u00a0Wagnis, das Kristo \u0160agor\u00a0mutig eingegangen ist.\u00a0Die Kunst braucht Geld\u00a0und F\u00f6rderer, aber sie braucht vor allem\u00a0Menschen mit guten Ideen und Sachverstand\u00a0\u2013 wie in diesem Fall.\u201c<\/em><br \/>\n\u2013 Stuttgarter Zeitung \u2013<\/p>\n<p><strong>ZUSCHAUERZAHLEN<\/strong><br \/>\nGesamt: 2.540 Zuschauende<br \/>\n(davon 1.248 Erw. und 1.292 Kinder)<\/p>\n","protected":false},"excerpt":{"rendered":"<p>Ein Abenteuerst\u00fcck f\u00fcr junge Menschen von 8-108 Jahren EMIL UND DIE DETEKTIVE nach Erich K\u00e4stner EIN TRIUMPH DER THEATERFANTASIE Inszenierung&#8230; <span class=\"read-more\"><a href=\"https:\/\/foerderverein-theatersommer.net\/archiv\/spielplan\/kindertheater\/2025-emil-und-die-detektive\/\" class=\"button button-darkgray small\"> Continue Reading &rarr; <\/a><\/span><\/p>\n","protected":false},"author":3,"featured_media":11581,"parent":1583,"menu_order":0,"comment_status":"closed","ping_status":"closed","template":"","meta":{"footnotes":""},"_links":{"self":[{"href":"https:\/\/foerderverein-theatersommer.net\/archiv\/wp-json\/wp\/v2\/pages\/11618"}],"collection":[{"href":"https:\/\/foerderverein-theatersommer.net\/archiv\/wp-json\/wp\/v2\/pages"}],"about":[{"href":"https:\/\/foerderverein-theatersommer.net\/archiv\/wp-json\/wp\/v2\/types\/page"}],"author":[{"embeddable":true,"href":"https:\/\/foerderverein-theatersommer.net\/archiv\/wp-json\/wp\/v2\/users\/3"}],"replies":[{"embeddable":true,"href":"https:\/\/foerderverein-theatersommer.net\/archiv\/wp-json\/wp\/v2\/comments?post=11618"}],"version-history":[{"count":4,"href":"https:\/\/foerderverein-theatersommer.net\/archiv\/wp-json\/wp\/v2\/pages\/11618\/revisions"}],"predecessor-version":[{"id":11622,"href":"https:\/\/foerderverein-theatersommer.net\/archiv\/wp-json\/wp\/v2\/pages\/11618\/revisions\/11622"}],"up":[{"embeddable":true,"href":"https:\/\/foerderverein-theatersommer.net\/archiv\/wp-json\/wp\/v2\/pages\/1583"}],"wp:featuredmedia":[{"embeddable":true,"href":"https:\/\/foerderverein-theatersommer.net\/archiv\/wp-json\/wp\/v2\/media\/11581"}],"wp:attachment":[{"href":"https:\/\/foerderverein-theatersommer.net\/archiv\/wp-json\/wp\/v2\/media?parent=11618"}],"curies":[{"name":"wp","href":"https:\/\/api.w.org\/{rel}","templated":true}]}}