{"id":121,"date":"2011-02-07T19:00:35","date_gmt":"2011-02-07T19:00:35","guid":{"rendered":"http:\/\/foerderverein-theatersommer.net\/archiv\/2011\/"},"modified":"2024-06-28T07:40:26","modified_gmt":"2024-06-28T07:40:26","slug":"christiane-wolff","status":"publish","type":"page","link":"https:\/\/foerderverein-theatersommer.net\/archiv\/biografie\/christiane-wolff\/","title":{"rendered":"Christiane Wolff"},"content":{"rendered":"<p style=\"text-align: center;\"><strong><a href=\"http:\/\/foerderverein-theatersommer.net\/archiv\/wp-content\/uploads\/Christiane-Wolff_Portrait_1_Querformat.jpeg\"><img loading=\"lazy\" decoding=\"async\" class=\"aligncenter size-medium wp-image-11369\" src=\"http:\/\/foerderverein-theatersommer.net\/archiv\/wp-content\/uploads\/Christiane-Wolff_Portrait_1_Querformat-300x200.jpeg\" alt=\"\" width=\"300\" height=\"200\" srcset=\"https:\/\/foerderverein-theatersommer.net\/archiv\/wp-content\/uploads\/Christiane-Wolff_Portrait_1_Querformat-300x200.jpeg 300w, https:\/\/foerderverein-theatersommer.net\/archiv\/wp-content\/uploads\/Christiane-Wolff_Portrait_1_Querformat-800x533.jpeg 800w, https:\/\/foerderverein-theatersommer.net\/archiv\/wp-content\/uploads\/Christiane-Wolff_Portrait_1_Querformat-768x512.jpeg 768w, https:\/\/foerderverein-theatersommer.net\/archiv\/wp-content\/uploads\/Christiane-Wolff_Portrait_1_Querformat-1536x1024.jpeg 1536w, https:\/\/foerderverein-theatersommer.net\/archiv\/wp-content\/uploads\/Christiane-Wolff_Portrait_1_Querformat-550x367.jpeg 550w, https:\/\/foerderverein-theatersommer.net\/archiv\/wp-content\/uploads\/Christiane-Wolff_Portrait_1_Querformat-750x500.jpeg 750w, https:\/\/foerderverein-theatersommer.net\/archiv\/wp-content\/uploads\/Christiane-Wolff_Portrait_1_Querformat.jpeg 1772w\" sizes=\"(max-width: 300px) 100vw, 300px\" \/><\/a><\/strong><\/p>\n<p style=\"text-align: center;\"><span style=\"font-size: 14pt;\"><span style=\"font-size: 18pt;\"><strong>Christiane Wolff<\/strong> <\/span><br \/>\n<\/span><span style=\"font-size: 10pt;\">&#8211; Gr\u00fcnderin, Regie, k\u00fcnstlerische Leitung, Kinder- und Familientheater (1991 &#8211; 2019) &#8211;<\/span><br \/>\nNach ihrem Schauspielstudium an der Hochschule f\u00fcr Musik und Darstellende Kunst Hamburg spielte sie u.a. in T\u00fcbingen und Berlin, bevor nach und nach das Regiefach ins Zentrum ihrer k\u00fcnstlerischen Arbeit r\u00fcckte. Ihre Inszenierungen sind gepr\u00e4gt von Humor, schauspielerischen Details, sprachlicher Genauigkeit und einem ausgepr\u00e4gten Ensemblegeist. Die Zusammenarbeit mit dem Scala-Theatersommer begann 1990. Sie leitete den Theatersommer gemeinsam mit Peter Kratz bis zu ihrem Ruhestand im Jahr 2019. \u00a0Im Jahr 2000 gr\u00fcndete sie mit Peter Kratz das Kinder- und Familientheater, dessen k\u00fcnstlerische Leiterin sie bis 2019 war.\u00a0<\/p>\n<p style=\"text-align: center;\">Christiane Wolff &#8211; weitere Infos (Inszenierungen, Projekte, Rollen)<br \/>\n<span style=\"text-decoration: underline;\"><strong><span style=\"color: #993300;\"><a style=\"color: #993300; text-decoration: underline;\" href=\"https:\/\/foerderverein-theatersommer.net\/archiv\/biografie\/10579-2\/\">Christiane Wolff im Interview<\/a><\/span><\/strong><\/span><\/p>\n","protected":false},"excerpt":{"rendered":"<p>Christiane Wolff &#8211; Gr\u00fcnderin, Regie, k\u00fcnstlerische Leitung, Kinder- und Familientheater (1991 &#8211; 2019) &#8211; Nach ihrem Schauspielstudium an der Hochschule&#8230; <span class=\"read-more\"><a href=\"https:\/\/foerderverein-theatersommer.net\/archiv\/biografie\/christiane-wolff\/\" class=\"button button-darkgray small\"> Continue Reading &rarr; <\/a><\/span><\/p>\n","protected":false},"author":3,"featured_media":0,"parent":76,"menu_order":1,"comment_status":"closed","ping_status":"open","template":"","meta":{"footnotes":""},"_links":{"self":[{"href":"https:\/\/foerderverein-theatersommer.net\/archiv\/wp-json\/wp\/v2\/pages\/121"}],"collection":[{"href":"https:\/\/foerderverein-theatersommer.net\/archiv\/wp-json\/wp\/v2\/pages"}],"about":[{"href":"https:\/\/foerderverein-theatersommer.net\/archiv\/wp-json\/wp\/v2\/types\/page"}],"author":[{"embeddable":true,"href":"https:\/\/foerderverein-theatersommer.net\/archiv\/wp-json\/wp\/v2\/users\/3"}],"replies":[{"embeddable":true,"href":"https:\/\/foerderverein-theatersommer.net\/archiv\/wp-json\/wp\/v2\/comments?post=121"}],"version-history":[{"count":23,"href":"https:\/\/foerderverein-theatersommer.net\/archiv\/wp-json\/wp\/v2\/pages\/121\/revisions"}],"predecessor-version":[{"id":11373,"href":"https:\/\/foerderverein-theatersommer.net\/archiv\/wp-json\/wp\/v2\/pages\/121\/revisions\/11373"}],"up":[{"embeddable":true,"href":"https:\/\/foerderverein-theatersommer.net\/archiv\/wp-json\/wp\/v2\/pages\/76"}],"wp:attachment":[{"href":"https:\/\/foerderverein-theatersommer.net\/archiv\/wp-json\/wp\/v2\/media?parent=121"}],"curies":[{"name":"wp","href":"https:\/\/api.w.org\/{rel}","templated":true}]}}