{"id":1589,"date":"2012-01-18T13:58:55","date_gmt":"2012-01-18T13:58:55","guid":{"rendered":"http:\/\/foerderverein-theatersommer.net\/archiv\/"},"modified":"2024-04-25T07:58:52","modified_gmt":"2024-04-25T07:58:52","slug":"pettersson-und-findus","status":"publish","type":"page","link":"https:\/\/foerderverein-theatersommer.net\/archiv\/spielplan\/kindertheater\/pettersson-und-findus\/","title":{"rendered":"<br\/>2007 &#8211; Pettersson und Findus<br\/><br\/>"},"content":{"rendered":"<p><span style=\"font-size: 18pt;\"><strong>PETTERSSON &amp; FINDUS\u00a0<\/strong><\/span><br \/>\nKindertheater nach Sven Nordqvist<br \/>\nBearbeitung: C. Wolff<\/p>\n<h3><span style=\"font-size: 24pt;\">Laut, schrill, lustig, anarchisch: <br \/>\nPetterssons Welt eben<\/span><\/h3>\n<p>REGIE: Christiane Wolff<br \/>\nKOST\u00dcM: Ulrike Mitschke<br \/>\nMUSIK (Songs, Texte, Arrangement): Peter Kratz<br \/>\nBESETZUNG: <br \/>\n2007: Felix von Frantzius, Norbert Holubek, Samira Nabie, Anna Sch\u00f6nberg <br \/>\n2008: Dirk Emmert, Jens Hartwig, Diana Mayer, Katja Sch\u00e4fer\u00a0<br \/>\n2014: Diana Gantner, Volkmar L. Gilbert, Peter-Uwe Spinner, Marilena Weichert <br \/>\n2019: Diana Gantner, J\u00f6rg Pauly, Farina V. Giesmann, Samuel Schaarschmidt<\/p>\n<p><strong>KONZEPTION\/IHALT<\/strong><br \/>\nEchte Klassiker sind sie l\u00e4ngst, die wundersch\u00f6n illustrierten B\u00fccher um den schrulligen alten Pettersson und seinen naseweisen kleinen Kater Findus, Sammlerobjekte und zugleich Stars im Kinderbuchregal. Mit den liebevoll, bis ins Details durchgearbeiteten Zeichnungen hat der schwedische Autor Sven Nordqvist einen ganz eigenen Kosmos geschaffen. Denn in der Idylle zwischen Schuppen, H\u00fchnerstall und Gem\u00fcsegarten leben nicht nur die bekannten Titelfiguren, sondern beispielsweise auch skurrile kleine Mucklas. Deren fantastische Welt wird im Cluss-Garten erst richtig lebendig.<\/p>\n<p><strong><span style=\"font-size: 14pt;\">PRESSESTIMMEN<\/span><\/strong><br \/>\n<strong>Geliebtes Chaosduo<\/strong><br \/>\n&#8222;Das von Kindern geliebte Chaosduo beweist, wie heilloses Durcheinander den Alltag versch\u00f6nern kann.&#8220; &#8211; Stuttgarter Nachrichten &#8211;<\/p>\n<p><strong>Unaufdringliche P\u00e4dagogik<\/strong><br \/>\n&#8222;Trotz Bl\u00f6delei und trendigem Showtanzfinale wird unaufdringlich P\u00e4dagogik betrieben.&#8220;<br \/>\n&#8211; Stuttgarter Zeitung &#8211;<\/p>\n<p><a href=\"http:\/\/foerderverein-theatersommer.net\/archiv\/wp-content\/uploads\/WA_2014_Pettersson_Findus_4_WEB.jpg\"><img loading=\"lazy\" decoding=\"async\" class=\"alignleft wp-image-7740 size-thumbnail\" title=\"Pettersson und Findus (Caruso\/ Volkmar L. Gilbert) - THS 2014 - Foto \u00a9 by Robert Crassie\" src=\"http:\/\/foerderverein-theatersommer.net\/archiv\/wp-content\/uploads\/WA_2014_Pettersson_Findus_4_WEB-175x175.jpg\" alt=\"WA_2014_Pettersson_Findus_4_WEB\" width=\"175\" height=\"175\" \/><\/a><a href=\"http:\/\/foerderverein-theatersommer.net\/archiv\/wp-content\/uploads\/WA_2014_Pettersson_Findus_5_WEB.jpg\"><img loading=\"lazy\" decoding=\"async\" class=\"alignleft wp-image-7737 size-thumbnail\" title=\"Pettersson und Findus (Henni\/ D. Gantner, Caruso\/ V. L. Gilbert) - THS 2014 - Foto \u00a9 by Robert Crassie\" src=\"http:\/\/foerderverein-theatersommer.net\/archiv\/wp-content\/uploads\/WA_2014_Pettersson_Findus_5_WEB-175x175.jpg\" alt=\"WA_2014_Pettersson_Findus_5_WEB\" width=\"175\" height=\"175\" \/><\/a><a href=\"http:\/\/foerderverein-theatersommer.net\/archiv\/wp-content\/uploads\/2007_Pettersson_Findus_1_WEB.jpg\"><img loading=\"lazy\" decoding=\"async\" class=\"alignleft wp-image-7735 size-thumbnail\" title=\"Pettersson und Findus (Findus\/ S. Nabie, Pettersson\/ F. von Frantzius) - THS 2007 - Foto \u00a9 by Robert Crassie\" src=\"http:\/\/foerderverein-theatersommer.net\/archiv\/wp-content\/uploads\/2007_Pettersson_Findus_1_WEB-175x175.jpg\" alt=\"2007_Pettersson_Findus_1_WEB\" width=\"175\" height=\"175\" \/><\/a><a href=\"http:\/\/foerderverein-theatersommer.net\/archiv\/wp-content\/uploads\/WA_2014_Pettersson_Findus_6_WEB.jpg\"><img loading=\"lazy\" decoding=\"async\" class=\"alignleft wp-image-7739 size-thumbnail\" title=\"Pettersson und Findus (Findus\/ M. Weichert, Pettersson\/P.-U. Spinner) - THS 2014 - Foto \u00a9 by Robert Crassie\" src=\"http:\/\/foerderverein-theatersommer.net\/archiv\/wp-content\/uploads\/WA_2014_Pettersson_Findus_6_WEB-175x175.jpg\" alt=\"WA_2014_Pettersson_Findus_6_WEB\" width=\"175\" height=\"175\" \/><\/a><a href=\"http:\/\/foerderverein-theatersommer.net\/archiv\/wp-content\/uploads\/WA_2008_Pettersson_Findus_3_WEB.jpg\"><img loading=\"lazy\" decoding=\"async\" class=\"alignleft wp-image-7738 size-thumbnail\" title=\"Pettersson und Findus (Caruso\/ V. L. Gilbert, Henni\/ D. Gantner, Findus\/ M. Weichert) - THS 2008 - Foto \u00a9 by Robert Crassie\" src=\"http:\/\/foerderverein-theatersommer.net\/archiv\/wp-content\/uploads\/WA_2008_Pettersson_Findus_3_WEB-175x175.jpg\" alt=\"WA_2008_Pettersson_Findus_3_WEB\" width=\"175\" height=\"175\" \/><\/a><a href=\"http:\/\/foerderverein-theatersommer.net\/archiv\/wp-content\/uploads\/2007_Pettersson_Findus_2_WEB.jpg\"><img loading=\"lazy\" decoding=\"async\" class=\"alignleft wp-image-7736 size-thumbnail\" title=\"Pettersson und Findus (Findus\/ S. Nabie, Henni\/ A. Sch\u00f6nberger, Petterson\/ F. von Frantzius)- THS 2007 - Foto \u00a9 by Robert Crassie \" src=\"http:\/\/foerderverein-theatersommer.net\/archiv\/wp-content\/uploads\/2007_Pettersson_Findus_2_WEB-175x175.jpg\" alt=\"2007_Pettersson_Findus_2_WEB\" width=\"175\" height=\"175\" \/><\/a><\/p>\n<p>&nbsp;<\/p>\n<p>&nbsp;<\/p>\n<p>&nbsp;<\/p>\n<p>&nbsp;<\/p>\n<p>&nbsp;<\/p>\n<p><span style=\"font-size: 8pt;\">Bildvergr\u00f6\u00dferung: Foto anklicken und \u00fcber re\/li Pfeil weiter<\/span><\/p>\n<p>&nbsp;<\/p>\n<p><strong>ZUSCHAUERZAHLEN<\/strong><br \/>\n2007:\u00a0\u00a0\u00a0\u00a0\u00a0\u00a0 4.550 Zuschauer<br \/>\n2008:\u00a0\u00a0\u00a0\u00a0\u00a0\u00a0 3.123 Zuschauer<br \/>\n2014: \u00a0 \u00a0 \u00a0 \u00a05.678 Zuschauer<br \/>\n2019: \u00a0 \u00a0 \u00a0 \u00a02.757 Zuschauer<br \/>\nGesamt: 13.108 Zuschauer<\/p>\n<p><span style=\"text-decoration: underline; color: #339966;\"><strong><span style=\"font-size: 14pt;\"><a style=\"color: #339966;\" title=\"2009 \u2013 Momo\" href=\"http:\/\/foerderverein-theatersommer.net\/archiv\/spielplan\/kindertheater\/2009-momo\/\">N\u00e4chstes St\u00fcck<\/a><\/span><\/strong><\/span><\/p>\n","protected":false},"excerpt":{"rendered":"<p>PETTERSSON &amp; FINDUS\u00a0 Kindertheater nach Sven Nordqvist Bearbeitung: C. Wolff Laut, schrill, lustig, anarchisch: Petterssons Welt eben REGIE: Christiane Wolff&#8230; <span class=\"read-more\"><a href=\"https:\/\/foerderverein-theatersommer.net\/archiv\/spielplan\/kindertheater\/pettersson-und-findus\/\" class=\"button button-darkgray small\"> Continue Reading &rarr; <\/a><\/span><\/p>\n","protected":false},"author":4,"featured_media":10347,"parent":1583,"menu_order":3,"comment_status":"closed","ping_status":"open","template":"","meta":{"footnotes":""},"_links":{"self":[{"href":"https:\/\/foerderverein-theatersommer.net\/archiv\/wp-json\/wp\/v2\/pages\/1589"}],"collection":[{"href":"https:\/\/foerderverein-theatersommer.net\/archiv\/wp-json\/wp\/v2\/pages"}],"about":[{"href":"https:\/\/foerderverein-theatersommer.net\/archiv\/wp-json\/wp\/v2\/types\/page"}],"author":[{"embeddable":true,"href":"https:\/\/foerderverein-theatersommer.net\/archiv\/wp-json\/wp\/v2\/users\/4"}],"replies":[{"embeddable":true,"href":"https:\/\/foerderverein-theatersommer.net\/archiv\/wp-json\/wp\/v2\/comments?post=1589"}],"version-history":[{"count":26,"href":"https:\/\/foerderverein-theatersommer.net\/archiv\/wp-json\/wp\/v2\/pages\/1589\/revisions"}],"predecessor-version":[{"id":10354,"href":"https:\/\/foerderverein-theatersommer.net\/archiv\/wp-json\/wp\/v2\/pages\/1589\/revisions\/10354"}],"up":[{"embeddable":true,"href":"https:\/\/foerderverein-theatersommer.net\/archiv\/wp-json\/wp\/v2\/pages\/1583"}],"wp:featuredmedia":[{"embeddable":true,"href":"https:\/\/foerderverein-theatersommer.net\/archiv\/wp-json\/wp\/v2\/media\/10347"}],"wp:attachment":[{"href":"https:\/\/foerderverein-theatersommer.net\/archiv\/wp-json\/wp\/v2\/media?parent=1589"}],"curies":[{"name":"wp","href":"https:\/\/api.w.org\/{rel}","templated":true}]}}