{"id":2,"date":"2011-02-02T22:51:22","date_gmt":"2011-02-02T22:51:22","guid":{"rendered":"http:\/\/foerderverein-theatersommer.net\/archiv\/2011\/?page_id=2"},"modified":"2024-06-17T06:22:24","modified_gmt":"2024-06-17T06:22:24","slug":"spielplan","status":"publish","type":"page","link":"https:\/\/foerderverein-theatersommer.net\/archiv\/","title":{"rendered":"Archiv"},"content":{"rendered":"<p style=\"text-align: center;\"><a href=\"http:\/\/foerderverein-theatersommer.net\/archiv\/wp-content\/uploads\/PastNowFutureLogo-New-fuer-Archiv-2024.jpg\"><img loading=\"lazy\" decoding=\"async\" class=\"aligncenter wp-image-11229 size-medium\" src=\"http:\/\/foerderverein-theatersommer.net\/archiv\/wp-content\/uploads\/PastNowFutureLogo-New-fuer-Archiv-2024-300x266.jpg\" alt=\"\" width=\"300\" height=\"266\" srcset=\"https:\/\/foerderverein-theatersommer.net\/archiv\/wp-content\/uploads\/PastNowFutureLogo-New-fuer-Archiv-2024-300x266.jpg 300w, https:\/\/foerderverein-theatersommer.net\/archiv\/wp-content\/uploads\/PastNowFutureLogo-New-fuer-Archiv-2024-550x488.jpg 550w, https:\/\/foerderverein-theatersommer.net\/archiv\/wp-content\/uploads\/PastNowFutureLogo-New-fuer-Archiv-2024.jpg 591w\" sizes=\"(max-width: 300px) 100vw, 300px\" \/><\/a><\/p>\n<p style=\"text-align: center;\">Liebes Publikum, liebe Mitglieder des F\u00f6rdervereins, <br \/>\nInszenierungen, Schauspieler*innen und Theaterfotografien &#8211; nach inzwischen 33 Jahren Theatersommer gibt es seit 1991 vieles, an das wir uns gerne zur\u00fcck erinnern. Also haben wir uns durch Pressestimmen, Programmhefte und Fotoalben gew\u00fchlt und ein umfassendes Archiv erstellt.<\/p>\n<p style=\"text-align: center;\">Unter<span style=\"text-decoration: underline; font-size: 14pt;\"><a href=\"https:\/\/foerderverein-theatersommer.net\/archiv\/inszenierungen-new\/\"> <em><strong>INSZENIERUNGEN<\/strong><\/em><\/a><\/span> finden sich vielf\u00e4ltige Informationen zu s\u00e4mtlichen Produktion von 1991 bis heute. Reflexionen der k\u00fcnstlerischen Arbeit finden sich bei <span style=\"text-decoration: underline; font-size: 14pt;\"><a href=\"https:\/\/foerderverein-theatersommer.net\/archiv\/texte\/\"><em><strong>ESSAY<\/strong><strong>S<\/strong><\/em><\/a><\/span> und im Bereich <span style=\"text-decoration: underline; font-size: 14pt;\"><a href=\"https:\/\/foerderverein-theatersommer.net\/archiv\/interviews\/\"><em><strong>INTERVIEWS<\/strong><\/em><\/a><\/span> kommen Theaterschaffende, Zuschauer*innen und Weggef\u00e4hrten*innen des Theatersommers zu Wort. <span style=\"text-decoration: underline;\"><a href=\"https:\/\/foerderverein-theatersommer.net\/archiv\/theatergarten\/\"><em><strong><span style=\"font-size: 14pt;\">THEATERGARTEN<\/span><\/strong><\/em><\/a><\/span> verschafft Einblicke in die Geschichte und Entwicklung unserer Spielst\u00e4tte.<\/p>\n<p style=\"text-align: center;\">Wir w\u00fcnschen viel Spa\u00df beim wiederentdecken, neu betrachten oder in Erinnerungen schwelgen.\u00a0<\/p>\n<p style=\"text-align: center;\">Das Theatersommer-Archiv ist ein Projekt des F\u00f6rdervereins und wird laufend aktualisiert.\u00a0<\/p>\n<p style=\"text-align: center;\">Herzlichst<\/p>\n<p style=\"text-align: center;\">F\u00f6rderverein des Theatersommers e.V.<\/p>\n","protected":false},"excerpt":{"rendered":"<p>Liebes Publikum, liebe Mitglieder des F\u00f6rdervereins, Inszenierungen, Schauspieler*innen und Theaterfotografien &#8211; nach inzwischen 33 Jahren Theatersommer gibt es seit 1991&#8230; <span class=\"read-more\"><a href=\"https:\/\/foerderverein-theatersommer.net\/archiv\/\" class=\"button button-darkgray small\"> Continue Reading &rarr; <\/a><\/span><\/p>\n","protected":false},"author":3,"featured_media":0,"parent":0,"menu_order":0,"comment_status":"closed","ping_status":"closed","template":"","meta":{"footnotes":""},"_links":{"self":[{"href":"https:\/\/foerderverein-theatersommer.net\/archiv\/wp-json\/wp\/v2\/pages\/2"}],"collection":[{"href":"https:\/\/foerderverein-theatersommer.net\/archiv\/wp-json\/wp\/v2\/pages"}],"about":[{"href":"https:\/\/foerderverein-theatersommer.net\/archiv\/wp-json\/wp\/v2\/types\/page"}],"author":[{"embeddable":true,"href":"https:\/\/foerderverein-theatersommer.net\/archiv\/wp-json\/wp\/v2\/users\/3"}],"replies":[{"embeddable":true,"href":"https:\/\/foerderverein-theatersommer.net\/archiv\/wp-json\/wp\/v2\/comments?post=2"}],"version-history":[{"count":166,"href":"https:\/\/foerderverein-theatersommer.net\/archiv\/wp-json\/wp\/v2\/pages\/2\/revisions"}],"predecessor-version":[{"id":11375,"href":"https:\/\/foerderverein-theatersommer.net\/archiv\/wp-json\/wp\/v2\/pages\/2\/revisions\/11375"}],"wp:attachment":[{"href":"https:\/\/foerderverein-theatersommer.net\/archiv\/wp-json\/wp\/v2\/media?parent=2"}],"curies":[{"name":"wp","href":"https:\/\/api.w.org\/{rel}","templated":true}]}}