{"id":4754,"date":"2013-10-29T09:57:49","date_gmt":"2013-10-29T09:57:49","guid":{"rendered":"http:\/\/foerderverein-theatersommer.net\/archiv\/?page_id=4754"},"modified":"2024-06-28T07:36:42","modified_gmt":"2024-06-28T07:36:42","slug":"interview-nicola-steller","status":"publish","type":"page","link":"https:\/\/foerderverein-theatersommer.net\/archiv\/interviews\/thema-theatersommer\/interview-nicola-steller\/","title":{"rendered":"Der Theatersommer ist anders \u2013 weil er sinnlicher ist"},"content":{"rendered":"<p><strong>Interview mit Nicola Steller<\/strong><br \/>\n<strong> Selbst\u00e4ndige Presse- und Medienfachfrau<\/strong><\/p>\n<p><em><span style=\"color: #993300;\">Du bist seit beinahe 15 Jahren f\u00fcr die Pressearbeit des Theatersommers zust\u00e4ndig und kanntest den Theatersommer auch schon vorher als Besucherin. Demnach hast Du fast alle Inszenierungen des Theatersommers gesehen. Gibt es eine Lieblingsinszenierung?<\/span><\/em><br \/>\nNicola Steller:\u00a0 Oh, das ist eine echte Qual der Wahl. Ich k\u00f6nnte so viele nennen. Eine Schiene, die mir besonders gut gef\u00e4llt, sind die Film-Adaptationen, zum Beispiel \u201eKinder des Olymp\u201c und \u201eMittsommernachts-Sex-Kom\u00f6die\u201c. Ich bin aber auch ein gro\u00dfer Klassik-Fan und mag den freien, aber respektvollen Umgang des Theatersommers mit diesen Autoren. \u201eKabale + Liebe\u201c, die Moli\u00e8re-Kombi \u201eDer geizige eingebildete Kranke\u201c, die legend\u00e4ren \u201eSommernachtstr\u00e4ume\u201c oder \u201eDie R\u00e4uber\u201c in der vergangenen Saison waren meine Favoriten.<\/p>\n<p><em><span style=\"color: #993300;\">In der Kunst muss man sich immer wieder neu erfinden, sonst l\u00e4sst das Publikumsinteresse schnell nach. Das ist auch im Theater ein bekanntes Ph\u00e4nomen. Nicht umsonst wechseln viele Intendanten und Regisseure meist nach 5-7 Jahren die Wirkungsst\u00e4tte. Die Macher des Theatersommers haben diesen Kreislauf nach 23 Jahren schon mehrmals durchlaufen. Erfindet sich der Theatersommer immer wieder neu oder bleibt man einfach konsequent einem bestimmten Stil treu?<\/span><\/em><br \/>\nNicola Steller: Zum Gl\u00fcck beides! Die Herangehensweise an jedes einzelne St\u00fcck war und ist typisch und unverwechselbar Theatersommer. Da werden Figuren verschmolzen und Beziehungs-Konstellationen verschoben, da wird der Ton heutiger und umgangssprachlicher, da werden komische Situationen betont und zugespitzt. Gleichzeitig versteht sich jede Inszenierung als Reverenz an den Autor, der nach teils mehreren hundert Jahren immer noch zu uns spricht. Trotzdem hat sich der Theatersommer auch sp\u00fcrbar ver\u00e4ndert. Er hat schlicht zugelegt, mit mehr Produktionen pro Spielzeit, einem gr\u00f6\u00dferen Ensemble und nicht zuletzt deutlich erweiterten Sitzkapazit\u00e4ten. Vor allem aber habt Ihr immer neue Elemente zu den vertrauten hinzugef\u00fcgt. In den letzten Jahren hat sich das urspr\u00fcnglich klassische Wochenende-Kindertheater zum Familien- und Schultheater weiterentwickelt. Generell stehen nicht nur \u201eechte\u201c Dramen, sondern auch Adaptationen von Romanen und Kino-Filmen auf dem Programm. Und last but not least passen die Stoffe immer weniger in eine Genre-Schublade. Noch mehr als in den Anfangsjahren flie\u00dfen das Komische und Tragische ineinander. Das finde ich gut so!<\/p>\n<p><em><span style=\"color: #993300;\">Das Zuschauerinteresse steigt jedenfalls von Jahr zu Jahr, ohne dass irgendwelche Stars auf der Freilicht-B\u00fchne stehen. Worauf f\u00fchrst Du das zur\u00fcck?<\/span><\/em><br \/>\nNicola Steller:\u00a0 Ich denke, es ist tats\u00e4chlich diese stimmige Mischung aus vertrauten Theatersommer-Konstanten und Neuerungen. Das Publikum kann sich darauf verlassen, niveauvoll unterhalten, aber eben auch \u00fcberrascht zu werden.<\/p>\n<p><em><span style=\"color: #993300;\">Immer wieder wird in den Medien vom ganz besonderen Stil des Theatersommers gesprochen. Du arbeitst auch sonst viel im Bereich Theater, Tanz, Medien. Grenzt sich die Stilistik tats\u00e4chlich von der anderer Theater ab? Oder: Was ist das Besondere am Theatersommer?<\/span><\/em><br \/>\nNicola Steller: Der Theatersommer ist anders \u2013 weil er sinnlicher ist. Das h\u00e4ngt mit vielen Faktoren zusammen. Zuallererst nat\u00fcrlich mit der magischen Atmosph\u00e4re drau\u00dfen im Cluss-Garten, der Abh\u00e4ngigkeit von den Elementen, im guten wie im schlechten Sinn. Dann nat\u00fcrlich das sehr \u201estraighte\u201c, k\u00f6rperbetonte Spiel ohne die derzeit so angesagte Konzept-\u00dcberfrachtung. Und die \u2013 im Gegensatz zu praktisch allen anderen Theatern, die ich kenne \u2013 wunderbare Konstanz in der k\u00fcnstlerischen Leitung. Nachhaltigkeit! Wenn ich es recht bedenke, ist es das, was ich mit dem Theatersommer am meisten verbinde.<\/p>\n<p><em><span style=\"color: #993300;\">Das mediale Interesse am Theatersommer hat nach 23 Jahren eine gewisse Kontinuit\u00e4t erreicht. Mit dem ber\u00fchmten Reiz des Neuen kann man f\u00fcr den Theatersommer nicht mehr bei den Medien werben. Wie schaffst Du es trotzdem, die Medien immer wieder f\u00fcr den Theatersommer zu interessieren?<\/span><\/em><br \/>\nNicola Steller: Oh doch. Den Reiz des Neuen gibt es sehr wohl. Nicht im Konzept oder was die Personen anbelangt. Aber ich bin jedes Jahr ehrlich gespannt, wenn ich die St\u00fcckauswahl f\u00fcr die neue Saison erfahre. Das ist wie mit einer Wundert\u00fcte. Du wei\u00dft nie, was drinsteckt. Und das empfinden die Journalisten anscheinend ziemlich \u00e4hnlich. Jedenfalls kann ich sicher davon ausgehen: Der Theatersommer ist in der weiteren Region als Thema gesetzt. Da muss ich nicht mehr gro\u00df argumentieren.<\/p>\n<p><em><span style=\"color: #993300;\">Ein besonderer Theatersommer-Moment, der Dir spontan einf\u00e4llt?<\/span><\/em><br \/>\nNicola Steller: Kein einzelner Moment, sondern viele, wenn die Schauspieler irrwitzig schnell die Rollen wechseln und nach gef\u00fchlten f\u00fcnf Sekunden im neuen Kost\u00fcm auf die B\u00fchne zur\u00fcckkehren. Oft so perfekt umgestylt, dass man eine Weile braucht, bis der Groschen f\u00e4llt.<\/p>\n","protected":false},"excerpt":{"rendered":"<p>Interview mit Nicola Steller Selbst\u00e4ndige Presse- und Medienfachfrau Du bist seit beinahe 15 Jahren f\u00fcr die Pressearbeit des Theatersommers zust\u00e4ndig&#8230; <span class=\"read-more\"><a href=\"https:\/\/foerderverein-theatersommer.net\/archiv\/interviews\/thema-theatersommer\/interview-nicola-steller\/\" class=\"button button-darkgray small\"> Continue Reading &rarr; <\/a><\/span><\/p>\n","protected":false},"author":3,"featured_media":0,"parent":7419,"menu_order":2,"comment_status":"closed","ping_status":"open","template":"","meta":{"footnotes":""},"_links":{"self":[{"href":"https:\/\/foerderverein-theatersommer.net\/archiv\/wp-json\/wp\/v2\/pages\/4754"}],"collection":[{"href":"https:\/\/foerderverein-theatersommer.net\/archiv\/wp-json\/wp\/v2\/pages"}],"about":[{"href":"https:\/\/foerderverein-theatersommer.net\/archiv\/wp-json\/wp\/v2\/types\/page"}],"author":[{"embeddable":true,"href":"https:\/\/foerderverein-theatersommer.net\/archiv\/wp-json\/wp\/v2\/users\/3"}],"replies":[{"embeddable":true,"href":"https:\/\/foerderverein-theatersommer.net\/archiv\/wp-json\/wp\/v2\/comments?post=4754"}],"version-history":[{"count":6,"href":"https:\/\/foerderverein-theatersommer.net\/archiv\/wp-json\/wp\/v2\/pages\/4754\/revisions"}],"predecessor-version":[{"id":11400,"href":"https:\/\/foerderverein-theatersommer.net\/archiv\/wp-json\/wp\/v2\/pages\/4754\/revisions\/11400"}],"up":[{"embeddable":true,"href":"https:\/\/foerderverein-theatersommer.net\/archiv\/wp-json\/wp\/v2\/pages\/7419"}],"wp:attachment":[{"href":"https:\/\/foerderverein-theatersommer.net\/archiv\/wp-json\/wp\/v2\/media?parent=4754"}],"curies":[{"name":"wp","href":"https:\/\/api.w.org\/{rel}","templated":true}]}}