{"id":5097,"date":"2014-02-18T08:30:14","date_gmt":"2014-02-18T08:30:14","guid":{"rendered":"http:\/\/foerderverein-theatersommer.net\/archiv\/?page_id=5097"},"modified":"2024-06-28T07:31:44","modified_gmt":"2024-06-28T07:31:44","slug":"interview-susanne-uberschuss","status":"publish","type":"page","link":"https:\/\/foerderverein-theatersommer.net\/archiv\/interviews\/thema-kinderfamilien-und-schultheater\/interview-susanne-uberschuss\/","title":{"rendered":"Unaufmerksame Sch\u00fcler nicht ermahnen m\u00fcssen"},"content":{"rendered":"<p><strong><span style=\"font-size: 18pt;\">Unaufmerksame Sch\u00fcler nicht ermahnen m\u00fcssen<\/span><br \/>\n<\/strong>Interview mit der P\u00e4dagogin Susanne \u00dcberschuss<\/p>\n<p><span style=\"color: #7d4a26;\"><em>Sie haben schon mehrmals mit verschiedenen Schulklassen die Schultheater-Auff\u00fchrungen des Theatersommers besucht. Wie oft waren Sie mit Ihren Sch\u00fclern beim Theatersommer?<\/em><\/span><br \/>\nSusanne \u00dcberschu\u00df: Ich war schon dreimal mit Dritt- oder Viertkl\u00e4sslern beim Theatersommer und habe \u201eTintenherz\u201c, \u201eKalle Blomquist\u201c und \u201eMomo\u201c besucht.<\/p>\n<p><span style=\"color: #7d4a26;\"><em>Ein Theaterbesuch im Cluss-Garten. Ist das einfach nur ein willkommenes Kultur-Angebot kurz vor den Sommerferien oder gibt es noch andere Gr\u00fcnde, warum Sie das Schultheater des Theatersommers besuchen?<\/em><\/span><br \/>\nSusanne \u00dcberschu\u00df: Der Theatersommer im Clussgarten bietet den Kindern ein ganz besonderes Theatererlebnis und ist aus meinem Terminkalender f\u00fcr den Sommer nicht mehr wegzudenken. Hier wird einmal nicht, wie so oft bei der Bildung, an den Kindern gespart, sondern auch f\u00fcr Kinder hochprofessionell inszeniert und gespielt. Au\u00dferdem gibt es wundersch\u00f6ne und bis ins Detail liebevoll gestaltete Kulissen. Auch die Gesamtorganisation ist vorbildlich. Die Reservierung l\u00e4uft unproblematisch \u00fcbers Internet. Am Auff\u00fchrungstag kann man bei unsicherer Wetterlage jederzeit \u00fcbers Handy erfahren, ob die Vorstellung stattfindet. Vor Vorstellungsbeginn k\u00f6nnen die Kinder noch im Biergarten vespern. Und wenn ein Kind \u00fcber Bauchschmerzen klagt, bekommt man einen Ruheplatz angeboten.<\/p>\n<p><span style=\"color: #7d4a26;\"><em>Spielt es f\u00fcr die Sch\u00fcler \u00fcberhaupt eine Rolle, dass die Auff\u00fchrungen unter freiem Himmel stattfinden?<\/em><\/span><br \/>\nSusanne \u00dcberschu\u00df: Der Atmosph\u00e4re des Clussgartens kann sich wohl niemand entziehen. Es f\u00e4ngt schon damit an, dass die Kinder \u00fcber den kleinen, halb zugewachsenen Weg zur Auff\u00fchrungsb\u00fchne gelangen. Sicher wird Theater intensiver wahrgenommen, wenn man nur zwei bis drei Meter von der B\u00fchne entfernt sitzt, die sich in die Naturkulisse einf\u00fcgt. Diese N\u00e4he zu den Schauspielern \u00fcbt eine besondere Faszination auf die Kinder aus.<\/p>\n<p><span style=\"color: #7d4a26;\"><em>Aus der Perspektive des Theatersommers sind die Kinder w\u00e4hrend der Auff\u00fchrungen meist sehr konzentriert und identifziert mit den jeweiligen Geschichten. Teilen Sie diesen Eindruck oder stellt sich das aus der Perspektive der P\u00e4dagogin anders dar?<\/em><\/span><br \/>\nSusanne \u00dcberschu\u00df: In der Tat sind die Kinder au\u00dferordentlich konzentriert und verfolgen das Geschehen auf der B\u00fchne mit gro\u00dfem Interesse. Vor einem Besuch des Theatersommers muss ich mir als Lehrerin auch nicht \u00fcberlegen, welche Lausbuben ich am besten neben mich setze, da die Kinder von der ersten bis zur letzten Minute von der Handlung gefesselt sind. Eine au\u00dferordentlich angenehme Randerscheinung, wenn man nicht st\u00e4ndig unaufmerksame Sch\u00fcler ermahnen muss und der beste Beweis f\u00fcr eine tolle Inszenierung.<\/p>\n<p><span style=\"color: #7d4a26;\"><em>Stichwort: Nachhaltigkeit. Inwieweit entstehen durch die Theaterauff\u00fchrungen Impulse, die sp\u00e4ter im Unterricht aufgegriffen werden? Sprechen Sie mit ihren Sch\u00fclern \u00fcber die Auff\u00fchrungen?<\/em><\/span><br \/>\nSusanne \u00dcberschu\u00df: Es wird nicht jede Geschichte vor- oder nachbereitet, aber nat\u00fcrlich spricht man \u00fcber die Auff\u00fchrung, da die Kinder ihre Begeisterung auch mitteilen m\u00f6chten. Es ist immer eine sch\u00f6ne Best\u00e4tigung f\u00fcr den Besuch des Schultheaters, wenn die Kinder am n\u00e4chsten Tag fragen, ob wir die Vorstellung noch einmal besuchen k\u00f6nnen. Manche Kinder sind durch den Theaterbesuch so motiviert, dass sie danach das entsprechende Buch lesen. \u201eTintenherz\u201c hat uns etwas l\u00e4nger besch\u00e4ftigt, da in unserem Lesebuch ein Auszug aus der Geschichte sowie ein Portr\u00e4t \u00fcber Cornelia Funke abgedruckt ist. Au\u00dferdem hatten wir noch einen H\u00f6rspielausschnitt, den sie selbst gesprochen hat. Unsere Viertkl\u00e4ssler bekommen vom F\u00f6rderverein der Schule ein Buchgeschenk als Abschied von der Grundschulzeit. Der Kn\u00fcller war, dass ich ein Begleitbuch zu Tintenherz fand. Die Kinder waren begeistert und sogar Geschwisterkinder, die ich jetzt unterrichte, erz\u00e4hlen von diesem Buch.<\/p>\n<p><span style=\"color: #7d4a26;\"><em>Ronja R\u00e4ubertochter, Tintenherz, Kalle Blomquist oder Momo. Gibt es konkrete Beispiele, wie die Sch\u00fcler auf die jeweiligen Themen der Inszenierungen bzw. die Figuren reagiert haben?<\/em><\/span><br \/>\nSusanne \u00dcberschu\u00df: Da in den St\u00fccken einige Schauspieler mehrere Rollen spielen, sind die Kinder immer sehr fasziniert, dass ein Schauspieler so schnell in verschiedene Rollen und damit auch Charaktere schl\u00fcpfen kann. Ich pers\u00f6nlich finde es beeindruckend, dass die Charaktere z. B. von B\u00f6sewichtern mal st\u00e4rker oder schw\u00e4cher betont werden, je nachdem, ob mehr j\u00fcngere oder \u00e4ltere Kinder im Publikum sitzen, wie mir Frau Wolff nach einer Auff\u00fchrung von Kalle Blomquist erz\u00e4hlte.<\/p>\n<p><span style=\"color: #7d4a26;\"><em>Bei den Nachmittagsvorstellungen ist der Anteil an Erwachsenen genauso hoch wie der der Kinder. K\u00f6nnen Sie das nachvollziehen?<\/em><\/span><br \/>\nSusanne \u00dcberschu\u00df: Das kann ich nachvollziehen, da viele Kinder das St\u00fcck noch einmal sehen wollen und die Familien dann auch mit den Geschwistern eine Auff\u00fchrung besuchen. Au\u00dferdem kann ich mir sehr gut vorstellen, dass sich die hohe Qualit\u00e4t und die pfiffigen Inszenierungen des Kindertheaters herumgesprochen haben und es somit auch f\u00fcr Erwachsene ein gro\u00dfes Vergn\u00fcgen ist, die St\u00fccke zu sehen. Alle meine Begleitm\u00fctter waren immer restlos begeistert.<\/p>\n<p><span style=\"color: #7d4a26;\"><em>Ihr pers\u00f6nliches Lieblingsst\u00fcck im Kinder- und Familientheater des Theatersommers?<\/em><\/span><br \/>\nSusanne \u00dcberschu\u00df: \u201eTintenherz\u201c ist mein pers\u00f6nliches Lieblingsst\u00fcck im Kindertheater. Das h\u00e4tte auch ich gerne noch einmal gesehen! Aber nicht nur der Theatersommer f\u00fcr die Kinder ist gro\u00dfartig, sondern auch die Vorstellungen f\u00fcr Erwachsene. Mein Lieblingsst\u00fcck dort ist \u201eKinder des Olymp\u201c.<\/p>\n","protected":false},"excerpt":{"rendered":"<p>Unaufmerksame Sch\u00fcler nicht ermahnen m\u00fcssen Interview mit der P\u00e4dagogin Susanne \u00dcberschuss Sie haben schon mehrmals mit verschiedenen Schulklassen die Schultheater-Auff\u00fchrungen&#8230; <span class=\"read-more\"><a href=\"https:\/\/foerderverein-theatersommer.net\/archiv\/interviews\/thema-kinderfamilien-und-schultheater\/interview-susanne-uberschuss\/\" class=\"button button-darkgray small\"> Continue Reading &rarr; <\/a><\/span><\/p>\n","protected":false},"author":3,"featured_media":0,"parent":7426,"menu_order":1,"comment_status":"closed","ping_status":"open","template":"","meta":{"footnotes":""},"_links":{"self":[{"href":"https:\/\/foerderverein-theatersommer.net\/archiv\/wp-json\/wp\/v2\/pages\/5097"}],"collection":[{"href":"https:\/\/foerderverein-theatersommer.net\/archiv\/wp-json\/wp\/v2\/pages"}],"about":[{"href":"https:\/\/foerderverein-theatersommer.net\/archiv\/wp-json\/wp\/v2\/types\/page"}],"author":[{"embeddable":true,"href":"https:\/\/foerderverein-theatersommer.net\/archiv\/wp-json\/wp\/v2\/users\/3"}],"replies":[{"embeddable":true,"href":"https:\/\/foerderverein-theatersommer.net\/archiv\/wp-json\/wp\/v2\/comments?post=5097"}],"version-history":[{"count":10,"href":"https:\/\/foerderverein-theatersommer.net\/archiv\/wp-json\/wp\/v2\/pages\/5097\/revisions"}],"predecessor-version":[{"id":11195,"href":"https:\/\/foerderverein-theatersommer.net\/archiv\/wp-json\/wp\/v2\/pages\/5097\/revisions\/11195"}],"up":[{"embeddable":true,"href":"https:\/\/foerderverein-theatersommer.net\/archiv\/wp-json\/wp\/v2\/pages\/7426"}],"wp:attachment":[{"href":"https:\/\/foerderverein-theatersommer.net\/archiv\/wp-json\/wp\/v2\/media?parent=5097"}],"curies":[{"name":"wp","href":"https:\/\/api.w.org\/{rel}","templated":true}]}}