{"id":6181,"date":"2014-10-21T08:37:41","date_gmt":"2014-10-21T08:37:41","guid":{"rendered":"http:\/\/foerderverein-theatersommer.net\/archiv\/?page_id=6181"},"modified":"2024-06-28T07:32:32","modified_gmt":"2024-06-28T07:32:32","slug":"interview-astrid-polak","status":"publish","type":"page","link":"https:\/\/foerderverein-theatersommer.net\/archiv\/interviews\/thema-inszenierungen\/interview-astrid-polak\/","title":{"rendered":"Maudes Lust zu Leben"},"content":{"rendered":"<p><strong><span style=\"font-size: 18pt;\">Maudes Lust zu Leben<\/span><br \/>\n<\/strong>Im Gespr\u00e4ch mit der M\u00fcnchner Schauspielerin Astrid Polak \u00fcber die <br \/>\nBlitz\u00fcbernahme in \u201eHarold &amp; Maude\u201c und ihren Theatersommer in Ludwigsburg<\/p>\n<p>Acht Tage vor der Premiere von \u201eHarold &amp; Maude\u201c konnte die Darstellerin der Maude aus gesundheitlichen Gr\u00fcnden nicht mehr weiter proben und diese tragende Hauptrolle musste umbesetzt werden. Sofort schienen alle offenen Fragen und ungel\u00f6sten Details\u00a0 im Probenprozess \u00fcberfl\u00fcssig, denn die vorrangige Aufgabe des Theaters bestand jetzt darin, so schnell wie m\u00f6glich eine gute, belastbare, bezahlbare und offene Schauspielerin um die achtzig zu finden, die die Rolle \u00fcbernehmen konnte und dann in einer Woche das St\u00fcck fertig zu machen. Zu diesem Zeitpunkt schien die Bew\u00e4ltigung dieser \u201eeinfachen Aufgabenkombination\u201c v\u00f6llig unm\u00f6glich. Aber das ist das Wesentliche und zumindest im Nachhinein das Sch\u00f6ne am Theater: man macht immer wieder Unm\u00f6gliches m\u00f6glich.Quasi \u00fcber Nacht entstand durch den langj\u00e4hrigen Kollegen Andreas Klaue der Kontakt zu Astrid Polak in M\u00fcnchen.<\/p>\n<p><em><span style=\"color: #993366;\">Nachdem du von Andreas Klaue f\u00fcr die Rolle der \u201eMaude\u201c empfohlen wurdest, hatte dich die Regisseurin Christiane Wolff gleich angerufen und gefragt, ob du dir einen solchen Blitzeinstieg in die Produktion mit dieser gro\u00dfen Rolle vorstellen k\u00f6nntest. <\/span><\/em><br \/>\nAstrid Polak: Ich habe sofort gewusst, dass ich das machen m\u00f6chte und sehr gehofft, dass ich es auch schaffe. Eigentlich habe ich meine Klamotten auch gleich in den Koffer gepackt.<\/p>\n<p><em><span style=\"color: #993366;\">Eine Woche bis zur Premiere und eine neue Hauptdarstellerin! Du kamst hier an und musstest sofort loslegen. Es gab keine Zeit f\u00fcr irgendwelche Konzeptionsgespr\u00e4che oder Diskussionen. Wie habt ihr gearbeitet, um das hinzukriegen?<\/span><\/em><br \/>\nAstrid Polak: Morgens um 6 Uhr habe ich Text gelernt, von 10 bis 14 Uhr probten wir die Szenen, in denen ich vorkam. Dann hat Christiane in den \u00fcbrigen Szenen an Details gearbeitet und ich habe schriftlich nachbereitet, was ich alles an Verabredungen zu behalten hatte. Dabei bin ich von vier unglaublich hilfreichen Kollegen unterst\u00fctzt worden, die mir meinen Einstieg durch ihre Offenheit, ihre Geduld und ihren Flei\u00df wahnsinnig erleichtert haben. Aber zum Nachdenken bin ich nicht gekommen. Meine ganze Wahrnehmung richtete sich ausschlie\u00dflich auf die Inszenierung, die Arrangements, die B\u00fchne, die Requisiten und die Kollegen. Einmal bin ich in einer kurzen Probenpause auf der B\u00fchne in der Sonne eingenickt. Als ich wach wurde, habe ich erst bemerkt, wie wundersch\u00f6n der Theatergarten ist. Aber es war nicht leicht die Wege zu behalten, die ich von einem Abgang zum n\u00e4chsten Auftritt \u201ebackstage\u201c durch den Garten gehen musste, besonders in dem Tempo, das die Szenenreihenfolge sp\u00e4ter erforderte. Wir mussten manchmal ganz sch\u00f6n rennen.<\/p>\n<p><em><span style=\"color: #993366;\">Hut ab vor deiner Leistung! Wie war f\u00fcr dich die Arbeit mit deinem sehr jungen Kollegen Volkmar Leif Gilbert, der den Harold gespielt hat und mit dem du in der kurzen Zeit die Liebesgeschichte entwickeln musstest?<\/span><\/em><br \/>\nAstrid Polak: Wir haben uns wirklich von Anfang an super gut verstanden. Die Chemie hat zwischen uns einfach gestimmt, obwohl wir 56 Jahre auseinander sind. Ich habe immer gro\u00dfen Spa\u00df gehabt, mit ihm zu spielen.<\/p>\n<p><em><span style=\"color: #993366;\">Also war das Liebe auf den ersten Blick?<\/span><\/em><br \/>\nAstrid Polak: Genau, und ich glaube, das hat das Publikum auch gesp\u00fcrt und uns deshalb die Liebesgeschichte wirklich abgenommen.<\/p>\n<p><em><span style=\"color: #993366;\">Gibt es eine Lieblingsszene oder eine Lieblingsstelle, die du besonders gern gespielt hast?<\/span><\/em><br \/>\nAstrid Polak: Eigentlich war das immer die Szene mit Harolds Mutter, Mrs. Chasen. Die Szene ist einfach so witzig und hat viele gute Pointen.<\/p>\n<p><em><span style=\"color: #993366;\">Oft ging ein Raunen durchs Publikum, wenn du die Leiter zum Hochsitz hinaufgestiegen bist. Hat dich das manchmal gest\u00f6rt?<\/span><\/em><br \/>\nAstrid Polak: Nein, ganz und gar nicht. Ich w\u00e4re nur gern noch auf die Bank geklettert, was ich aus Sicherheitsgr\u00fcnden aber nicht durfte.<\/p>\n<p><em><span style=\"color: #993366;\">Die Zuschauer haben tats\u00e4chlich nicht nur deine schauspielerische Leistung und zauberhafte Ausstrahlung bewundert, sondern waren auch v\u00f6llig fasziniert von der Vitalit\u00e4t mit der du durch den Garten geh\u00fcpft bist. Hast du eine heimliches Jungbrunnen-Rezept?<\/span><\/em><br \/>\nAstrid Polak: Mein Beruf ist mein Jungbrunnen. Wenn ich spiele geht es mir gut, ich f\u00fchle mich wohl und bin gl\u00fccklich. Au\u00dferdem ist\u00a0\u00a0 die ganze Rolle der Maude ein einziger Jungbrunnen.<\/p>\n<p><em><span style=\"color: #993366;\">Dann m\u00fcssten alle Menschen, die lange jung bleiben wollen Theater spielen.<\/span> <\/em><br \/>\nAstrid Polak: Das w\u00e4re einen Versuch wert!<\/p>\n<p><em><span style=\"color: #993366;\">Beim Theatersommer gibt es in den Produktionen immer viel Musik. Wie war das f\u00fcr dich, mit so viel Musik zu arbeiten?<\/span><\/em><br \/>\nAstrid Polak: Wunderbar! Die Musik war im Grunde der f\u00fcnfte hilfreiche Kollege. Ich f\u00fchlte mich in meinem Spiel emotional getragen und schon bei den Auftritten stimmungsm\u00e4\u00dfig unterst\u00fctzt. Das konnte man wunderbar benutzen.<\/p>\n<p><em><span style=\"color: #993366;\">Hast du vielleicht auch einen Lieblingstitel, den du heute noch gern h\u00f6rst?<\/span><\/em><br \/>\nAstrid Polak: IF I LAUGH\u00a0 von Jess Abrams. Das ist das letzte Lied im St\u00fcck.<\/p>\n<p><em><span style=\"color: #993366;\">Gibt es eigentlich zwischen dir und Maude eine ganz wesentliche \u00dcbereinstimmung?<\/span><\/em><br \/>\nAstrid Polak: Ja, Maudes Lust zu leben!<\/p>\n<p><em><span style=\"color: #993366;\">Was wird dir von diesem Theatersommer am meisten in Erinnerung bleiben?<\/span> <\/em><br \/>\nAstrid Polak: Das St\u00fcck, die Kollegen, die fabelhafte Inszenierung und der zauberhafte Garten! Ich w\u00fcrde gern n\u00e4chstes Jahr wieder kommen und vielleicht darf ich ja dann auf die Bank klettern!<\/p>\n","protected":false},"excerpt":{"rendered":"<p>Maudes Lust zu Leben Im Gespr\u00e4ch mit der M\u00fcnchner Schauspielerin Astrid Polak \u00fcber die Blitz\u00fcbernahme in \u201eHarold &amp; Maude\u201c und&#8230; <span class=\"read-more\"><a href=\"https:\/\/foerderverein-theatersommer.net\/archiv\/interviews\/thema-inszenierungen\/interview-astrid-polak\/\" class=\"button button-darkgray small\"> Continue Reading &rarr; <\/a><\/span><\/p>\n","protected":false},"author":3,"featured_media":0,"parent":7423,"menu_order":2,"comment_status":"closed","ping_status":"open","template":"","meta":{"footnotes":""},"_links":{"self":[{"href":"https:\/\/foerderverein-theatersommer.net\/archiv\/wp-json\/wp\/v2\/pages\/6181"}],"collection":[{"href":"https:\/\/foerderverein-theatersommer.net\/archiv\/wp-json\/wp\/v2\/pages"}],"about":[{"href":"https:\/\/foerderverein-theatersommer.net\/archiv\/wp-json\/wp\/v2\/types\/page"}],"author":[{"embeddable":true,"href":"https:\/\/foerderverein-theatersommer.net\/archiv\/wp-json\/wp\/v2\/users\/3"}],"replies":[{"embeddable":true,"href":"https:\/\/foerderverein-theatersommer.net\/archiv\/wp-json\/wp\/v2\/comments?post=6181"}],"version-history":[{"count":3,"href":"https:\/\/foerderverein-theatersommer.net\/archiv\/wp-json\/wp\/v2\/pages\/6181\/revisions"}],"predecessor-version":[{"id":11193,"href":"https:\/\/foerderverein-theatersommer.net\/archiv\/wp-json\/wp\/v2\/pages\/6181\/revisions\/11193"}],"up":[{"embeddable":true,"href":"https:\/\/foerderverein-theatersommer.net\/archiv\/wp-json\/wp\/v2\/pages\/7423"}],"wp:attachment":[{"href":"https:\/\/foerderverein-theatersommer.net\/archiv\/wp-json\/wp\/v2\/media?parent=6181"}],"curies":[{"name":"wp","href":"https:\/\/api.w.org\/{rel}","templated":true}]}}