{"id":6185,"date":"2014-10-21T09:05:55","date_gmt":"2014-10-21T09:05:55","guid":{"rendered":"http:\/\/foerderverein-theatersommer.net\/archiv\/?page_id=6185"},"modified":"2024-06-28T07:32:15","modified_gmt":"2024-06-28T07:32:15","slug":"interview-christiani-wetter-und-peter-kratz","status":"publish","type":"page","link":"https:\/\/foerderverein-theatersommer.net\/archiv\/interviews\/thema-inszenierungen\/interview-christiani-wetter-und-peter-kratz\/","title":{"rendered":"Holly Golightly 2014"},"content":{"rendered":"<p><strong><span style=\"font-size: 18pt;\">Holly Golightly 2014<\/span><br \/>\n<\/strong>Interview mit der Schauspielerin Christiani Wetter und dem Regisseur Peter Kratz<\/p>\n<p>\u201eDer Ludwigsburger Theatersommer traut sich was. Das Ensemble spielt ein St\u00fcck, das zuerst als Roman von Truman Capote und dann als Film mit Audrey Hepburn in der Hauptrolle Weltruhm erlangte. Am Broadway floppte die B\u00fchnenfassung. In Ludwigsburg, dem Ort der deutschen Erstauff\u00fchrung von \u201eFr\u00fchst\u00fcck bei Tiffany\u201c, wird das nicht passieren. Warum? Regisseur Peter Kratz hat schon viele Filmstoffe erfolgreich f\u00fcr die B\u00fchne adaptiert und Hauptdarstellerin Christiani Wetter ist eine gro\u00dfartige Holly Golightly.\u201c<\/p>\n<p><em><span style=\"color: #800080;\">Warum durfte Ludwigsburg als erstes Theater in Deutschland diesen Stoff spielen?<\/span><\/em><br \/>\nPeter Kratz: Wenn solche St\u00fccke von Dezember bis Februar auf den Markt kommen, haben die meisten Theater ihre Spielpl\u00e4ne schon gemacht. Dazu kommt, dass wir auch bei renommierten Verlagen inzwischen einen guten Ruf haben. Aber man darf sich da nichts vormachen &#8211; wir sind f\u00fcr die Verlage auch so etwas wie ein Versuchsballon. Die gro\u00dfen Theater ziehen dann sehr zeitnah nach.<\/p>\n<p><em><span style=\"color: #800080;\">Am New Yorker Broadway wurde das St\u00fcck nach nur einem Monat abgesetzt. Warum?<\/span><\/em><br \/>\nPeter Kratz: Der Handlung des Romans fehlen wirkliche dramatische Motive. Es gab davor schon einige Versuche, den Stoff auf die B\u00fchne zu bringen. Meistens am Broadway mit reichen Produzenten im R\u00fccken, die unbedingt einen neuen Star entdecken wollten. Es sind bisher alle gescheitert. Trotz gro\u00dfer Stars in der Hauptrolle. Wir wagten also erneut das beinahe Unm\u00f6gliche und setzten auf schauspielerische Vielfalt, hatten mit Christiani eine zauberhafte Holly gefunden und konnten zwischen den Zeilen auch etwas \u00fcber den Autor Truman Capote erz\u00e4hlen.<\/p>\n<p><em><span style=\"color: #800080;\">Frau Wetter, was hat Sie an der Rolle gereizt?<\/span><\/em><br \/>\nChristiani Wetter: Nat\u00fcrlich ist es von jeder Schauspielerin, glaube ich, ein Kindheitstraum Audrey Hepburn in einem Theaterst\u00fcck verk\u00f6rpern zu d\u00fcrfen. Was allerdings eine gro\u00dfe Herausforderung war, denn logischerweise wird man mit der Film-Diva verglichen.<br \/>\nPeter Kratz: Jeder hatte Audrey Hepburns Holly Golightly vor Augen und wollte wissen, was eine junge Schauspielerin bzw. ein kleines Theater aus solch einem ber\u00fchmten Stoff machen kann. Das war ein ganz spezieller Druck, mit dem wir jedoch positiv umgehen konnten. Auf jeden Fall haben wir uns mit viel Herzblut und Liebe auf den Stoff eingelassen.<\/p>\n<p><em><span style=\"color: #800080;\">Frau Wetter. Wie unterschied sich Ihre Holly von der Audrey Hepburns?<\/span><\/em><br \/>\nChristiani Wetter: Die Romanfigur der Holly Golightly ist eine spannende Figur, die sehr vielschichtig und vielseitig ist. Peter und mir war es wichtig, genau dies herauszuarbeiten. Im ersten Teil ist alles positiv, glamour\u00f6s und schillernd. Aber dann wendet sich das Schicksal gegen Holly und man entdeckt ihre traurige Seite. Ich musste feststellen, dass ich nicht diese zarte, ganz filigrane Holly war, die Audrey Hepburn im Film darstellt. Wir haben darum eine etwas andere Frauenfigur gezeichnet &#8211; eben die Holly Golightly 2014.<\/p>\n<p><em><span style=\"color: #800080;\">Im Roman, im St\u00fcck tauchen sehr viele Personen auf. Wie haben Sie das hinbekommen mit Ihrem Ensemble aus f\u00fcnf Schauspielern?<\/span><\/em><br \/>\nPeter Kratz: Das war tats\u00e4chlich eine Herausforderung. Allein Anja Barth spielte 10 der 25 Rollen. Aber die meisten Personen des St\u00fccks tauchen nur ganz kurz auf. F\u00fcr die Atmosph\u00e4re des quirligen New Yorks sind sie jedoch wichtig. Zum Gl\u00fcck sind die Akteure des Theatersommers rasche Kost\u00fcm- und Rollenwechsel gew\u00f6hnt.<\/p>\n<p><em><span style=\"color: #800080;\">Frau Wetter. Haben Sie sich den Film als Vorbereitung noch einmal angeschaut. Und wenn ja: Wie oft?<\/span><\/em><br \/>\nChristiani Wetter: Ja, hab ich, zumal es einer meiner Lieblingsfilme ist. Damals als mich Peter angerufen hat und fragte: Kennen Sie diese\u00a0 Rolle? Da musste ich lachen, denn als wir telefonierten stand ich in meinem Zimmer und starrte auf dieses riesige Audrey-Hepburn-Plakat mit ihrer Katze und ihrer Zigarette.<br \/>\nPeter Kratz: Ich habe das immer deshalb gefragt, weil es tats\u00e4chlich Schauspielerinnen gab, die den Film nicht kannten. Aber das waren nat\u00fcrlich die Wenigsten unter den insgesamt \u00fcber 300 Bewerberinnen f\u00fcr diese Rolle.<\/p>\n<p><em><span style=\"color: #800080;\">Zur Musik. Waren die Kompositionen Henry Mancinis zu h\u00f6ren?<\/span><\/em><br \/>\nPeter Kratz: Die Musik lehnte sich stilistisch leicht an die des Films an. Es waren aber auch ein paar sehr sch\u00f6ne moderne Songs von der schottischen Band Psapp zu h\u00f6ren, die Christiani als Holly gesungen hat. Die Musik spielte \u00fcberhaupt eine gro\u00dfe Rolle, denn die Dialoge der Textvorlage sind nicht unbedingt literarisch wertvoll. Daf\u00fcr haben wir tolle Situationen und Bilder geschaffen, die zu erleben sicher sehr viel Freude machte. Besonders in der tollen Open-Air Atmosph\u00e4re des Cluss-Theatergartens.<\/p>\n<p><em><span style=\"color: #800080;\">Herr Kratz. Wie gelang Ihnen die Gratwanderung zwischen himmelhoch jauchzend und zu Tode betr\u00fcbt?<\/span><\/em><br \/>\nPeter Kratz: Das war das Schwierigste an diesem Stoff. Die Erwartungshaltung vieler Zuschauer war von den romantischen Motiven des Hollywood-Klassikers gepr\u00e4gt. Doch der Roman von Truman Capote setzt da ganz andere Akzente und thematisiert auch die Abgr\u00fcnde in der Figur der Holly Golightly, die der Hollywood-Streifen einfach wegb\u00fcgelt. Deshalb haben wir versucht, mit sowohl poetischen als auch humorvollen Szenen eine Balance zwischen Tragik und Komik zu finden. Wenn man nicht alles mit dem Film vergleicht, war es sicher ein interessanter und sch\u00f6ner Theaterabend.<\/p>\n<p><em><strong>Das Interview f\u00fchrte Michael Langjahr<\/strong><\/em><br \/>\n<em><strong> (Journalist des Ludwigsburger Wochenblatt)<\/strong><\/em><\/p>\n","protected":false},"excerpt":{"rendered":"<p>Holly Golightly 2014 Interview mit der Schauspielerin Christiani Wetter und dem Regisseur Peter Kratz \u201eDer Ludwigsburger Theatersommer traut sich was&#8230;. <span class=\"read-more\"><a href=\"https:\/\/foerderverein-theatersommer.net\/archiv\/interviews\/thema-inszenierungen\/interview-christiani-wetter-und-peter-kratz\/\" class=\"button button-darkgray small\"> Continue Reading &rarr; <\/a><\/span><\/p>\n","protected":false},"author":3,"featured_media":0,"parent":7423,"menu_order":3,"comment_status":"closed","ping_status":"open","template":"","meta":{"footnotes":""},"_links":{"self":[{"href":"https:\/\/foerderverein-theatersommer.net\/archiv\/wp-json\/wp\/v2\/pages\/6185"}],"collection":[{"href":"https:\/\/foerderverein-theatersommer.net\/archiv\/wp-json\/wp\/v2\/pages"}],"about":[{"href":"https:\/\/foerderverein-theatersommer.net\/archiv\/wp-json\/wp\/v2\/types\/page"}],"author":[{"embeddable":true,"href":"https:\/\/foerderverein-theatersommer.net\/archiv\/wp-json\/wp\/v2\/users\/3"}],"replies":[{"embeddable":true,"href":"https:\/\/foerderverein-theatersommer.net\/archiv\/wp-json\/wp\/v2\/comments?post=6185"}],"version-history":[{"count":7,"href":"https:\/\/foerderverein-theatersommer.net\/archiv\/wp-json\/wp\/v2\/pages\/6185\/revisions"}],"predecessor-version":[{"id":11194,"href":"https:\/\/foerderverein-theatersommer.net\/archiv\/wp-json\/wp\/v2\/pages\/6185\/revisions\/11194"}],"up":[{"embeddable":true,"href":"https:\/\/foerderverein-theatersommer.net\/archiv\/wp-json\/wp\/v2\/pages\/7423"}],"wp:attachment":[{"href":"https:\/\/foerderverein-theatersommer.net\/archiv\/wp-json\/wp\/v2\/media?parent=6185"}],"curies":[{"name":"wp","href":"https:\/\/api.w.org\/{rel}","templated":true}]}}