{"id":6256,"date":"2014-11-25T10:28:59","date_gmt":"2014-11-25T10:28:59","guid":{"rendered":"http:\/\/foerderverein-theatersommer.net\/archiv\/?page_id=6256"},"modified":"2024-04-06T08:15:50","modified_gmt":"2024-04-06T08:15:50","slug":"venus-adonis-der-eber","status":"publish","type":"page","link":"https:\/\/foerderverein-theatersommer.net\/archiv\/spielplan\/1991-2000\/venus-adonis-der-eber\/","title":{"rendered":"<\/br>1991 &#8211; Venus, Adonis &#038; der Eber<\/br><\/br>"},"content":{"rendered":"<p><span style=\"font-size: 18pt;\"><strong>VENUS, ADONIS UND DER EBER<\/strong><\/span><br \/>\nfrei nach William Shakespeare<br \/>\n<span style=\"font-size: 10pt;\">Konzeption &amp; Bearbeitung: P.Kratz\/C.Wolff<\/span><\/p>\n<h3><span style=\"font-size: 24pt;\">Eine Geschichte wie geschaffen <br \/>\nf\u00fcr den verwilderten Garten<\/span><\/h3>\n<p>REGIE: Christiane Wolff<br \/>\nKOST\u00dcME: Inge Zysk<br \/>\nBESETZUNG: Emanuel Anthropelos, Inga Kolbeinsson, Peter Kratz<\/p>\n<p><span style=\"font-size: 14pt;\"><strong>KONZEPTION<\/strong><\/span><br \/>\nDie Geschichte einer Sommernacht: Venus bietet all ihre Verf\u00fchrungsk\u00fcnste auf, um Adonis vom Kampf mit dem Kriegsgott Ares abzuhalten. Umsonst. Der Sch\u00f6ne zieht die Mordlust der Sinnenlust vor &#8211; und wird vom Eber zerfleischt.<\/p>\n<p>Von Ovid \u00fcber Shakespeare bis zu Rimbaud besch\u00e4ftigte die Liebesgeschichte zwischen Venus und Adonis Dramatiker und vermochte das Publikum aller Zeiten in ihren Bann zu ziehen. Erg\u00e4nzt um die Figur des Kriegsgottes Ares &#8211; seines Zeichens eigentlicher Liebhaber der Venus &#8211; entspann sich in der 1991 uraufgef\u00fchrten Bearbeitung der \u00fcber 1000 Verse umfassenden, Shakespeare\u2018schen Variante ein modernes Dreiecksverh\u00e4ltnis, welches den uralten Kampf der Geschlechter auf die Formel \u201eVenus und Ares k\u00e4mpfen um Adonis. Venus will ihn f\u00fcr die Liebe, Ares f\u00fcr den Kampf\u201c verdichtete.<\/p>\n<p><span style=\"font-size: 14pt;\"><strong>PRESSESTIMMEN<\/strong><\/span><br \/>\n<strong>Shakespeare im Wandel der Zeit<\/strong><br \/>\n\u201eZuschauer quittierten das fesselnde Geschehen mit reger Anteilnahme: Da konnte es schon einmal zu lauten Lachern kommen bei Szenen, in denen die archaische Sprache der Shakespearezeit mit moderner Ausdrucksweise wechselte. Nie aber wirkte dieser Shakespeare im Wandel der Zeit k\u00fcnstlich.\u201c &#8211; Ludwigsburger Zeitung &#8211;<\/p>\n<p><strong>Fesselnd, choreographisch interessantes Theater<\/strong><br \/>\n\u201eGespickt mit Neuzeitlichem verdichtet sich die Dreiecksgeschichte zum fesselnden, choreographisch interessanten Theater.\u201c &#8211; Vaihinger Zeitung &#8211;<\/p>\n<p><strong>Intelligenter Witz<\/strong><br \/>\n\u201eIntelligenter Witz, pr\u00e4zise gef\u00fchrte Schauspieler, etwas Angenehmeres wird sich f\u00fcr einen lauen Sommerabend kaum finden lassen.\u201c &#8211; Stuttgart Live &#8211;<\/p>\n<p><strong>Wie geschaffen f\u00fcr den verwilderten Garten<\/strong><br \/>\n\u201eEine Geschichte wie geschaffen f\u00fcr den verwilderten Garten des Fr\u00e4ulein Cluss.\u201c &#8211; Stuttgarter Zeitung &#8211;<\/p>\n<p><a style=\"color: #808080;\" href=\"http:\/\/foerderverein-theatersommer.net\/archiv\/wp-content\/uploads\/1991_Venus_Adonis_Liebeskampf_WEB.jpg\"><img loading=\"lazy\" decoding=\"async\" class=\"alignleft wp-image-6490 size-thumbnail\" title=\"1991 Venus, Adonis &amp;amp; der Eber (Venus\/Inga Kolbeinsson, Ares\/Peter Kratz)\" src=\"http:\/\/foerderverein-theatersommer.net\/archiv\/wp-content\/uploads\/1991_Venus_Adonis_Liebeskampf_WEB-175x175.jpg\" alt=\"1991_Venus_Adonis_Liebeskampf_WEB\" width=\"175\" height=\"175\" \/><\/a><a style=\"color: #808080;\" href=\"http:\/\/foerderverein-theatersommer.net\/archiv\/wp-content\/uploads\/1991_Venus_Adonis_Augen_zu_WEB.jpg\"><img loading=\"lazy\" decoding=\"async\" class=\"alignleft wp-image-6491 size-thumbnail\" title=\"1991 Venus, Adonis und der Eber (Venus\/Inga Kolbeinsson, Adonis (Emanuel Anthropelos)\" src=\"http:\/\/foerderverein-theatersommer.net\/archiv\/wp-content\/uploads\/1991_Venus_Adonis_Augen_zu_WEB-175x175.jpg\" alt=\"1991_Venus_Adonis_Augen_zu_WEB\" width=\"175\" height=\"175\" \/><\/a><a style=\"color: #808080;\" href=\"http:\/\/foerderverein-theatersommer.net\/archiv\/wp-content\/uploads\/1991_Venus_Adonis_Karoussel_WEB.jpg\"><img loading=\"lazy\" decoding=\"async\" class=\"alignleft wp-image-6492 size-thumbnail\" title=\"1991 Venus, Adonis und der Eber (Ares\/Peter Kratz, Venus\/Inga Kolbeinsson)\" src=\"http:\/\/foerderverein-theatersommer.net\/archiv\/wp-content\/uploads\/1991_Venus_Adonis_Karoussel_WEB-175x175.jpg\" alt=\"1991_Venus_Adonis_Karoussel_WEB\" width=\"175\" height=\"175\" \/><\/a><\/p>\n<p>&nbsp;<\/p>\n<p>&nbsp;<\/p>\n<p><span style=\"color: #808080; font-size: 8pt;\">Bildvergr\u00f6\u00dferung: Photo anklicken und \u00fcber re\/li Pfeil weiter<\/span><\/p>\n<p>&nbsp;<\/p>\n<p><strong><span style=\"font-size: 14pt;\">ZUSCHAUERZAHLEN<\/span>\u00a0<\/strong><br \/>\n1991: \u00a0 \u00a0 \u00a0 \u00a0 \u00a01.900 Zuschauer<br \/>\n1992: \u00a0 \u00a0 \u00a0 \u00a0 \u00a01.000 Zuschauer<br \/>\n1993: \u00a0 \u00a0 \u00a0 \u00a0 \u00a0 460 Zuschauer<br \/>\nGesamt: \u00a03.360 Zuschauer<\/p>\n<p><span style=\"font-size: 14pt;\"><span style=\"color: #339966;\"><strong><a style=\"color: #339966; text-decoration: underline;\" title=\"1992 \u2013 Wie es euch gef\u00e4llt\" href=\"http:\/\/foerderverein-theatersommer.net\/archiv\/spielplan\/1991-2000\/wie-es-euch-gefaellt\/\">n\u00e4chstes St\u00fcck<\/a><\/strong><\/span><\/span><\/p>\n","protected":false},"excerpt":{"rendered":"<p>VENUS, ADONIS UND DER EBER frei nach William Shakespeare Konzeption &amp; Bearbeitung: P.Kratz\/C.Wolff Eine Geschichte wie geschaffen f\u00fcr den verwilderten&#8230; <span class=\"read-more\"><a href=\"https:\/\/foerderverein-theatersommer.net\/archiv\/spielplan\/1991-2000\/venus-adonis-der-eber\/\" class=\"button button-darkgray small\"> Continue Reading &rarr; <\/a><\/span><\/p>\n","protected":false},"author":3,"featured_media":9565,"parent":9762,"menu_order":1,"comment_status":"closed","ping_status":"closed","template":"","meta":{"footnotes":""},"_links":{"self":[{"href":"https:\/\/foerderverein-theatersommer.net\/archiv\/wp-json\/wp\/v2\/pages\/6256"}],"collection":[{"href":"https:\/\/foerderverein-theatersommer.net\/archiv\/wp-json\/wp\/v2\/pages"}],"about":[{"href":"https:\/\/foerderverein-theatersommer.net\/archiv\/wp-json\/wp\/v2\/types\/page"}],"author":[{"embeddable":true,"href":"https:\/\/foerderverein-theatersommer.net\/archiv\/wp-json\/wp\/v2\/users\/3"}],"replies":[{"embeddable":true,"href":"https:\/\/foerderverein-theatersommer.net\/archiv\/wp-json\/wp\/v2\/comments?post=6256"}],"version-history":[{"count":38,"href":"https:\/\/foerderverein-theatersommer.net\/archiv\/wp-json\/wp\/v2\/pages\/6256\/revisions"}],"predecessor-version":[{"id":10082,"href":"https:\/\/foerderverein-theatersommer.net\/archiv\/wp-json\/wp\/v2\/pages\/6256\/revisions\/10082"}],"up":[{"embeddable":true,"href":"https:\/\/foerderverein-theatersommer.net\/archiv\/wp-json\/wp\/v2\/pages\/9762"}],"wp:featuredmedia":[{"embeddable":true,"href":"https:\/\/foerderverein-theatersommer.net\/archiv\/wp-json\/wp\/v2\/media\/9565"}],"wp:attachment":[{"href":"https:\/\/foerderverein-theatersommer.net\/archiv\/wp-json\/wp\/v2\/media?parent=6256"}],"curies":[{"name":"wp","href":"https:\/\/api.w.org\/{rel}","templated":true}]}}