{"id":6262,"date":"2014-11-25T11:35:46","date_gmt":"2014-11-25T11:35:46","guid":{"rendered":"http:\/\/foerderverein-theatersommer.net\/archiv\/?page_id=6262"},"modified":"2024-05-02T15:31:52","modified_gmt":"2024-05-02T15:31:52","slug":"romeo-julia-oder","status":"publish","type":"page","link":"https:\/\/foerderverein-theatersommer.net\/archiv\/spielplan\/1991-2000\/romeo-julia-oder\/","title":{"rendered":"<\/br>1993 &#8211; Romeo &#038; Julia oder &#8230;?<\/br><\/br>"},"content":{"rendered":"<p><span style=\"font-size: 18pt;\"><strong>ROMEO &amp; JULIA oder&#8230;?<\/strong><\/span><br \/>\nfrei nach William Shakespeare<br \/>\n<span style=\"font-size: 10pt;\">Konzeption &amp; Bearbeitung: P. Kratz\/C. Wolff<\/span><\/p>\n<h3><span style=\"font-size: 24pt;\">Ein modernes Trauerspiel, in dem Chauvinismus <br \/>\n<\/span><span style=\"font-size: 24pt;\">und Fremdenfeindlichkeit zur Katastrophe f\u00fchrt<\/span><\/h3>\n<p>REGIE: Christiane Wolff<br \/>\nKOST\u00dcM: Inge Zysk<br \/>\nBESETZUNG: Dennis Durant, Inga Kolbeinsson, Martin Obrecht, Peter Kratz<\/p>\n<p><span style=\"font-size: 14pt;\"><strong>KONZEPTION<\/strong><\/span><br \/>\nNeu \u00fcbersetzt und radikal ausged\u00fcnnt, konzentrierte \u201eRomeo &amp; Julia oder &#8230; ?\u201c das Shakespeare\u2018sche Rollenarsenal auf vier Figuren. Trotz dieser Reduktion aktualisierte die Neufassung die unsterbliche Liebesgeschichte des jungen Paares aus Verona, denen die wechselseitige Abscheu ihrer Familien das Gl\u00fcck verweigert, auf behutsame Weise. Verdichtet auf Pater Lorenz, welcher die gesamte Sippschaft der Capulets und Montagues in sich vereinigte, einen jungen Bruder Capulet als Konglomerat aus Vetter Tybalt, Graf Paris und dem gestrengen Vater sowie die Liebenden, erz\u00e4hlte die Bearbeitung den Hass auf alles Fremde und Andersartige als den Todeskampf eines sich l\u00e4ngst \u00fcberlebt habenden, patriarchalen Systems, das in blanker Panik alles zerst\u00f6rt, was sich seiner (schwindenden) Macht zu unterwerfen weigert.<\/p>\n<p><span style=\"font-size: 14pt;\"><strong>PRESSESTIMMEN<\/strong><\/span><br \/>\n<strong>Aus Shakespeares Liebesr\u00fchrst\u00fcck wurde ein sehr modernes Trauerspiel<\/strong><br \/>\n\u201eAus dem fr\u00fchneuzeitlichen Verona, Schauplatz der Familienfehde Capulet contra Montague, ist eine Edelvilla mit Golfplatz geworden. (&#8230;) Gibt es ein treffenderes Symbol f\u00fcr Prestige, Reichtum und Yuppie-Image als einen Golfschl\u00e4ger? Capulet schwingt ihn mit inbr\u00fcnstiger Verbissenheit des Karrieremenschen. Mit dem Golfschl\u00e4ger in der Hand will er auch den dunkelh\u00e4utigen Romeo niederpr\u00fcgeln, der sich just auf dessen Golfplatz erh\u00e4ngen will. Aus Shakespeares Liebesr\u00fchrst\u00fcck wurde ein sehr modernes Trauerspiel komponiert, in dem brutaler Chauvinismus und Fremdenfeindlichkeit zur Katastrophe f\u00fchrt.\u201c &#8211; Bietigheimer Zeitung &#8211;<\/p>\n<p><strong>Ein witziges, am\u00fcsantes St\u00fcck Theater auf hohem schauspielerischem Niveau<\/strong><br \/>\n\u201eAus Shakespeares Liebesr\u00fchrst\u00fcck haben Kratz\/Wolff ein zeitgem\u00e4\u00dfes Trauerspiel komponiert. Gro\u00dfes Lob verdient auch die sprachliche Ausgestaltung. Das Theatersommer-Ensemble hat seinen eigenen Stil gefunden. Auch die dritte Shakespeare-Bearbeitung ist insgesamt ein witziges, am\u00fcsantes St\u00fcck Theater auf hohem schauspielerischem Niveau.\u201c &#8211; Stuttgarter Zeitung &#8211;<\/p>\n<p><strong>Gesellschaftskritik dargeboten auf h\u00f6chst humorvolle Weise<\/strong><br \/>\n\u201eGesellschaftskritik dargeboten auf h\u00f6chst humorvolle Weise. (&#8230;) Spannend zu erleben ist, wie die vier Spieler mit der Poesie der Sprache umgehen. \u00dcberraschend viele der bildhaften Metaphern des Originals sind \u00fcbernommen, die von den Schauspielern so gesprochen werden, als lernten sie eine vergessene Sprache neu. \u201c &#8211; LKZ &#8211;<\/p>\n<p><strong>Peter Kratz ist zur Symbolfigur des Theatersommers geworden, weil sein Stil witzig, unterhaltsam, und gescheit ist<\/strong><br \/>\n\u201eDie Regisseurin Christiane Wolff findet f\u00fcr jede Inszenierung einen kontinuierlichen Regie Stil mit einer typischen Theatersprache. Darin ist Peter Kratz zur Symbolfigur des Scala-Theatersommers geworden, die Figur des eigenbr\u00f6tlerischen Kom\u00f6dianten entwickelt sich zu seiner Paraderolle. (&#8230;) Das Konzept des Theatersommers ist kein schlechtes. (&#8230;) Kratz pr\u00e4gt die Inszenierungen, was sich beim Publikum l\u00e4ngst herumgesprochen hat, einfach, weil sein Stil witzig, unterhaltsam, und gescheit ist. \u201c &#8211; Lift \/ Adrienne Braun<br \/>\n<a href=\"http:\/\/foerderverein-theatersommer.net\/archiv\/wp-content\/uploads\/1993_Romeo_Julia_Liebesleid.jpg\"><img loading=\"lazy\" decoding=\"async\" class=\"alignleft wp-image-6552 size-thumbnail\" title=\"1993 Romeo &amp; Julia oder ... ? (Romeo\/Dennis Durant, Julia\/Inga Kolbeinsson)\" src=\"http:\/\/foerderverein-theatersommer.net\/archiv\/wp-content\/uploads\/1993_Romeo_Julia_Liebesleid-175x175.jpg\" alt=\"1993_Romeo_Julia_Liebesleid\" width=\"175\" height=\"175\" \/><\/a><a href=\"http:\/\/foerderverein-theatersommer.net\/archiv\/wp-content\/uploads\/1993_Romeo_Julia_Begruessung.jpg\"><img loading=\"lazy\" decoding=\"async\" class=\"alignleft wp-image-6555 size-thumbnail\" title=\"1993 Romeo &amp; Julia oder ... ? (Romeo\/Dennis Durant, Lorenzo\/Peter Kratz)\" src=\"http:\/\/foerderverein-theatersommer.net\/archiv\/wp-content\/uploads\/1993_Romeo_Julia_Begruessung-175x175.jpg\" alt=\"1993_Romeo_Julia_Begruessung\" width=\"175\" height=\"175\" \/><\/a><a href=\"http:\/\/foerderverein-theatersommer.net\/archiv\/wp-content\/uploads\/1993_Romeo_Julia_Todesschlaf.jpg\"><img loading=\"lazy\" decoding=\"async\" class=\"alignleft wp-image-6553 size-thumbnail\" title=\"1993 Romeo &amp; Julia oder ... ? (Romeo\/Dennis Durant, Julia\/Inga Kolbeinsson)\" src=\"http:\/\/foerderverein-theatersommer.net\/archiv\/wp-content\/uploads\/1993_Romeo_Julia_Todesschlaf-175x175.jpg\" alt=\"1993_Romeo_Julia_Todesschlaf\" width=\"175\" height=\"175\" \/><\/a><\/p>\n<p>&nbsp;<\/p>\n<p><span style=\"color: #808080; font-size: 8pt;\">Bildvergr\u00f6\u00dferung: Photo anklicken und \u00fcber re\/li Pfeil weiter<\/span><\/p>\n<p>&nbsp;<\/p>\n<p><strong><span style=\"font-size: 14pt;\">ZUSCHAUERZAHLEN<\/span><br \/>\n<\/strong>1993: \u00a0 \u00a0 \u00a0 \u00a0 2.900 Zuschauer<br \/>\nGesamt:\u00a0 2.900 Zuschauer<\/p>\n<p><span style=\"text-decoration: underline;\"><strong><span style=\"font-size: 14pt; color: #339966;\"><a style=\"color: #339966; text-decoration: underline;\" title=\"1994 \u2013 Sommernachtstr\u00e4ume\" href=\"http:\/\/foerderverein-theatersommer.net\/archiv\/spielplan\/1991-2000\/sommernachtstraeume\/\">n\u00e4chstes St\u00fcck<\/a><\/span><\/strong><\/span><\/p>\n<p>&nbsp;<\/p>\n","protected":false},"excerpt":{"rendered":"<p>ROMEO &amp; JULIA oder&#8230;? frei nach William Shakespeare Konzeption &amp; Bearbeitung: P. Kratz\/C. Wolff Ein modernes Trauerspiel, in dem Chauvinismus&#8230; <span class=\"read-more\"><a href=\"https:\/\/foerderverein-theatersommer.net\/archiv\/spielplan\/1991-2000\/romeo-julia-oder\/\" class=\"button button-darkgray small\"> Continue Reading &rarr; <\/a><\/span><\/p>\n","protected":false},"author":3,"featured_media":9568,"parent":9762,"menu_order":3,"comment_status":"closed","ping_status":"closed","template":"","meta":{"footnotes":""},"_links":{"self":[{"href":"https:\/\/foerderverein-theatersommer.net\/archiv\/wp-json\/wp\/v2\/pages\/6262"}],"collection":[{"href":"https:\/\/foerderverein-theatersommer.net\/archiv\/wp-json\/wp\/v2\/pages"}],"about":[{"href":"https:\/\/foerderverein-theatersommer.net\/archiv\/wp-json\/wp\/v2\/types\/page"}],"author":[{"embeddable":true,"href":"https:\/\/foerderverein-theatersommer.net\/archiv\/wp-json\/wp\/v2\/users\/3"}],"replies":[{"embeddable":true,"href":"https:\/\/foerderverein-theatersommer.net\/archiv\/wp-json\/wp\/v2\/comments?post=6262"}],"version-history":[{"count":31,"href":"https:\/\/foerderverein-theatersommer.net\/archiv\/wp-json\/wp\/v2\/pages\/6262\/revisions"}],"predecessor-version":[{"id":10084,"href":"https:\/\/foerderverein-theatersommer.net\/archiv\/wp-json\/wp\/v2\/pages\/6262\/revisions\/10084"}],"up":[{"embeddable":true,"href":"https:\/\/foerderverein-theatersommer.net\/archiv\/wp-json\/wp\/v2\/pages\/9762"}],"wp:featuredmedia":[{"embeddable":true,"href":"https:\/\/foerderverein-theatersommer.net\/archiv\/wp-json\/wp\/v2\/media\/9568"}],"wp:attachment":[{"href":"https:\/\/foerderverein-theatersommer.net\/archiv\/wp-json\/wp\/v2\/media?parent=6262"}],"curies":[{"name":"wp","href":"https:\/\/api.w.org\/{rel}","templated":true}]}}