{"id":6265,"date":"2014-11-25T11:36:17","date_gmt":"2014-11-25T11:36:17","guid":{"rendered":"http:\/\/foerderverein-theatersommer.net\/archiv\/?page_id=6265"},"modified":"2024-05-02T15:32:07","modified_gmt":"2024-05-02T15:32:07","slug":"sommernachtstraeume","status":"publish","type":"page","link":"https:\/\/foerderverein-theatersommer.net\/archiv\/spielplan\/1991-2000\/sommernachtstraeume\/","title":{"rendered":"<\/br>1994 &#8211; Sommernachtstr\u00e4ume<\/br><\/br>"},"content":{"rendered":"<p><span style=\"font-size: 18pt;\"><strong>SOMMERNACHTSTR\u00c4UME<\/strong><\/span><br \/>\nfrei nach William Shakespeare<br \/>\n<span style=\"font-size: 10pt;\">Konzeption&amp; Bearbeitung: P. Kratz\/C. Wolff<\/span><\/p>\n<h3><span style=\"font-size: 24pt;\">Das gro\u00dfe Welttheater Shakespeares wird <br \/>\nzum kleinen,<\/span> <span style=\"font-size: 24pt;\">aber feinen Lustspiel im Freien<\/span><\/h3>\n<p>REGIE: Christiane Wolff<br \/>\nKOST\u00dcM: Heike Huber<br \/>\nB\u00dcHNE: Carl Bauer<br \/>\nBESETZUNG:<br \/>\n1994\/95 &#8211; Dennis Durant, Johanna Kollet, Peter Kratz, Barbara von M\u00fcnchhausen<br \/>\n2000 \u00a0 \u00a0 \u00a0&#8211; Chris Breuer, Mirjam Hamm, Martina Ohlsen, Aki Tougiannidis<br \/>\n2007 \u00a0 \u00a0 \u00a0&#8211; Norbert Holoubek, Felix von Frantzius, Samira Nabie, Anna Sch\u00f6nberg<br \/>\n2015 \u00a0 \u00a0 \u00a0&#8211; Timo Beyerling, Juliane Fechner, Felix Jeiter, Elisabeth-Marie Leistikow<\/p>\n<p><span style=\"font-size: 14pt;\"><strong>KONZEPTION<\/strong><\/span><br \/>\nShakespeares urspr\u00fcnglich personenreiche Kom\u00f6die \u201eA Midsummer Night\u2018s Dream\u201c reduzierte sich in den 1994 gezeigten Sommernachtstr\u00e4umen auf den Konflikt der Liebespaare. Inszenatorisch verwandelte die Neubearbeitung den Cluss-Garten in ein surreales Schlafzimmer und vermochte dabei selbst in Erstaunen zu versetzen, wer sich mit dem St\u00fcck, durch die vielf\u00e4ltigen Inszenierungen der letzten Jahre, bereits vertraut w\u00e4hnte.<\/p>\n<p><span style=\"font-size: 14pt;\"><strong>PRESSESTIMMEN<\/strong><\/span><br \/>\n<strong>Ein feines Lustspiel im Freien<\/strong><br \/>\n\u201eDas gro\u00dfe Welttheater Shakespeares wird zum kleinen, aber feinen Lustspiel im Freien. Man darf unterstellen, dass dem Meister selbst diese zeit- und ortsgem\u00e4\u00dfe Fassung seiner Kom\u00f6die gefallen h\u00e4tte.\u201c &#8211; Bietigheimer Zeitung &#8211;<\/p>\n<p><strong>Wo sonst k\u00f6nnte Helena um ihren Demetrius schmachten?<\/strong><br \/>\n\u201eDas Geplapper der Biertrinker, das Gehupe der Automobilsten dringt nur noch wie von ferne ans Ohr. V\u00f6gel zwitschern, es riecht nach feuchter Erde. Wo sonst in der alten Garnisonsstadt sollte der Feenk\u00f6nig Oberon mit seiner z\u00e4nkischen Gemahlin Titania hausen? Wo sonst k\u00f6nnte Helena um ihren Demetrius schmachten &#8211; w\u00e4hrend der allerdings Hermia liebt, die wiederum nur Augen f\u00fcr Lysander hat?\u201c &#8211; Stuttgarter Zeitung &#8211;<\/p>\n<p><strong>Eine sehenswerte Auff\u00fchrung mit sehr viel Phantasie<\/strong><br \/>\n\u201eEine Augenweide: die von Heike Huber entworfenen Kost\u00fcme. Mit einer simplen, aber h\u00f6chst eindrucksvollen Konstruktion variiert sie selbst die K\u00f6rpergr\u00f6\u00dfe der Schauspieler. (&#8230;) Ein Beispiel daf\u00fcr, wie mit wenig Mitteln und sehr viel Phantasie eine sehenswerte Auff\u00fchrung gemacht werden kann\u201c. &#8211; LIFT &#8211;<\/p>\n<p><strong>Hier feiert die Geilheit Triumphe!<\/strong><br \/>\n\u201eHier wird kein verklemmtes Am\u00fcsement geboten. Hier feiert die Geilheit Triumphe!\u201c. &#8211; Stuttgarter Nachrichten &#8211;<\/p>\n<p><a href=\"http:\/\/foerderverein-theatersommer.net\/archiv\/wp-content\/uploads\/2000_SNT_Demetrius_Helena.jpg\"><img loading=\"lazy\" decoding=\"async\" class=\"alignleft wp-image-6931 size-thumbnail\" title=\"WA 2000 Sommernachtstr\u00e4ume (Helena\/Martina Ohlsen, Demetrius\/Aki Tougiannidis),\" src=\"http:\/\/foerderverein-theatersommer.net\/archiv\/wp-content\/uploads\/2000_SNT_Demetrius_Helena-175x175.jpg\" alt=\"2000_SNT_Demetrius_Helena\" width=\"175\" height=\"175\" \/><\/a><a href=\"http:\/\/foerderverein-theatersommer.net\/archiv\/wp-content\/uploads\/1994_SNT_Zettel_Titania.jpg\"><img loading=\"lazy\" decoding=\"async\" class=\"alignleft wp-image-6930 size-thumbnail\" title=\"1994 Sommernachststr\u00e4ume (Zettel\/Dennis Durant, Titania\/Johanna Kollet)\" src=\"http:\/\/foerderverein-theatersommer.net\/archiv\/wp-content\/uploads\/1994_SNT_Zettel_Titania-175x175.jpg\" alt=\"1994_SNT_Zettel_Titania\" width=\"175\" height=\"175\" \/><\/a><a href=\"http:\/\/foerderverein-theatersommer.net\/archiv\/wp-content\/uploads\/2007_SNT_Titania_Zettel1.jpg\"><img loading=\"lazy\" decoding=\"async\" class=\"alignleft wp-image-6933 size-thumbnail\" title=\"WA 2007 Sommernachststr\u00e4ume (Zettel\/Norbert Holoubek, Titania\/Samira Nabie),\" src=\"http:\/\/foerderverein-theatersommer.net\/archiv\/wp-content\/uploads\/2007_SNT_Titania_Zettel1-175x175.jpg\" alt=\"2007_SNT_Titania_Zettel\" width=\"175\" height=\"175\" \/><\/a><\/p>\n<p>&nbsp;<\/p>\n<p><span style=\"color: #808080; font-size: 8pt;\">Bildvergr\u00f6\u00dferung: Photo anklicken und \u00fcber re\/li Pfeil weiter<\/span><\/p>\n<p>&nbsp;<\/p>\n<p><strong><br \/>\n<span style=\"font-size: 14pt;\">ZUSCHAUERZAHLEN<\/span><\/strong><br \/>\n1994\/95: \u00a06.106 Zuschauer<br \/>\n2000: \u00a0 \u00a0 \u00a0 2.576 Zuschauer<br \/>\n2007: \u00a0 \u00a0 \u00a0 2.850 Zuschauer<br \/>\n2015: \u00a0 \u00a0 \u00a0 \u00a03.200 Zuschauer<br \/>\nGesamt: 14.732 Zuschauer<\/p>\n<p><span style=\"text-decoration: underline;\"><span style=\"color: #339966;\"><strong><span style=\"font-size: 14pt;\"><a style=\"color: #339966; text-decoration: underline;\" title=\"1994 \u2013 Frl. Julie \u2013 born to be \u2026?\" href=\"http:\/\/foerderverein-theatersommer.net\/archiv\/spielplan\/1991-2000\/frl-julie-born-to-be\/\">n\u00e4chstes St\u00fcck<\/a><\/span><\/strong><\/span><\/span><\/p>\n","protected":false},"excerpt":{"rendered":"<p>SOMMERNACHTSTR\u00c4UME frei nach William Shakespeare Konzeption&amp; Bearbeitung: P. Kratz\/C. Wolff Das gro\u00dfe Welttheater Shakespeares wird zum kleinen, aber feinen Lustspiel&#8230; <span class=\"read-more\"><a href=\"https:\/\/foerderverein-theatersommer.net\/archiv\/spielplan\/1991-2000\/sommernachtstraeume\/\" class=\"button button-darkgray small\"> Continue Reading &rarr; <\/a><\/span><\/p>\n","protected":false},"author":3,"featured_media":9566,"parent":9762,"menu_order":4,"comment_status":"closed","ping_status":"closed","template":"","meta":{"footnotes":""},"_links":{"self":[{"href":"https:\/\/foerderverein-theatersommer.net\/archiv\/wp-json\/wp\/v2\/pages\/6265"}],"collection":[{"href":"https:\/\/foerderverein-theatersommer.net\/archiv\/wp-json\/wp\/v2\/pages"}],"about":[{"href":"https:\/\/foerderverein-theatersommer.net\/archiv\/wp-json\/wp\/v2\/types\/page"}],"author":[{"embeddable":true,"href":"https:\/\/foerderverein-theatersommer.net\/archiv\/wp-json\/wp\/v2\/users\/3"}],"replies":[{"embeddable":true,"href":"https:\/\/foerderverein-theatersommer.net\/archiv\/wp-json\/wp\/v2\/comments?post=6265"}],"version-history":[{"count":29,"href":"https:\/\/foerderverein-theatersommer.net\/archiv\/wp-json\/wp\/v2\/pages\/6265\/revisions"}],"predecessor-version":[{"id":10085,"href":"https:\/\/foerderverein-theatersommer.net\/archiv\/wp-json\/wp\/v2\/pages\/6265\/revisions\/10085"}],"up":[{"embeddable":true,"href":"https:\/\/foerderverein-theatersommer.net\/archiv\/wp-json\/wp\/v2\/pages\/9762"}],"wp:featuredmedia":[{"embeddable":true,"href":"https:\/\/foerderverein-theatersommer.net\/archiv\/wp-json\/wp\/v2\/media\/9566"}],"wp:attachment":[{"href":"https:\/\/foerderverein-theatersommer.net\/archiv\/wp-json\/wp\/v2\/media?parent=6265"}],"curies":[{"name":"wp","href":"https:\/\/api.w.org\/{rel}","templated":true}]}}