{"id":6267,"date":"2014-11-25T11:36:58","date_gmt":"2014-11-25T11:36:58","guid":{"rendered":"http:\/\/foerderverein-theatersommer.net\/archiv\/?page_id=6267"},"modified":"2024-04-06T08:17:24","modified_gmt":"2024-04-06T08:17:24","slug":"frl-julie-born-to-be","status":"publish","type":"page","link":"https:\/\/foerderverein-theatersommer.net\/archiv\/spielplan\/1991-2000\/frl-julie-born-to-be\/","title":{"rendered":"<\/br>1994 &#8211; Frl. Julie &#8211; born to be &#8230;?<\/br><\/br>"},"content":{"rendered":"<p><span style=\"font-size: 18pt;\"><strong>FRL. JULIE &#8211; born to be&#8230;?<\/strong><\/span><br \/>\nvon August Strindberg<br \/>\n<span style=\"font-size: 10pt;\">Konzeption\/Bearbeitung: P. Kratz\/C. Wolff<\/span><\/p>\n<h3><span style=\"font-size: 24pt;\">Aussteiger-Pathos der siebziger Jahre<\/span><\/h3>\n<p>REGIE: Christiane Wolff<br \/>\nB\u00dcHNE\/KOST\u00dcM: Wolff\/Kratz<br \/>\nBESETZUNG: Birgit Langkabel, Annette Wunsch, Peter Kratz<\/p>\n<p><span style=\"font-size: 14pt;\"><strong>KONZEPTION<\/strong><\/span><br \/>\nDie Geschichte der lebenslustigen Grafentochter Julie, die in der Mittsommernacht den Diener Jean so lange lockt, bis er sie verf\u00fchrt, verurteilte August Strindbergs Feder 1908 zum Scheitern. Die Illusion einer Liebe \u00fcber die Standesgrenzen hinweg platzt, am Ende lauert der Tod. Akzentuiert durch rockig-poppige Kl\u00e4nge der 70er Jahre, \u00fcbertrug die grotesk-absurde Bearbeitung moralische Konfliktpotentiale des Klassikers um Liebe, L\u00fcge, Aufstieg und Fall, in die zweite H\u00e4lfte des 21. Jahrhunderts.<\/p>\n<p><span style=\"color: #808080; font-size: 8pt;\"><span style=\"font-size: 14pt;\"><strong><span style=\"color: #333333;\">PRESSESTIMMEN<\/span><\/strong><\/span><br \/>\n<\/span><strong>Die Aussteigerthematik akzentuiert, was bei Strindberg angedeutet ist, denkt und spielt es weiter<\/strong><br \/>\n\u201eStrindbergs St\u00fcck markiert einen Ausbruch aus der Konvention. Die Inszenierung durchsetzt es mit dem Aussteiger-Pathos der siebziger Jahre. Da klafft Fr\u00e4ulein Julies Hosenschlag \u00fcber den Plateausohlen (&#8230;). Die dichteste Szene ist die zaghafte Ann\u00e4herung von Diener und Grafent\u00f6chterlein, inszeniert als eine Art von Videoclip, eing\u00e4ngig unterf\u00fcttert mit einem Potpourri von Popmusik. Die Aussteigerthematik, die die Ludwigsburger Inszenierung anschl\u00e4gt, akzentuiert, was bei Strindberg angedeutet ist, denkt und spielt es weiter.\u201c &#8211; Stuttgarter Zeitung &#8211;<\/p>\n<p>\u201eDass Diener Jean, der in seinen Gef\u00fchlen deformierte Unterdr\u00fcckte, der den Frauen mit Rohheit und Machotum begegnet, in einer Tiefk\u00fchltruhe haust, passt zu diesem Typ, vor allem wie ihn Peter Kratz mit Gleichg\u00fcltigkeit und l\u00e4chelnder T\u00fccke darstellt.\u201c &#8211; LKZ &#8211;<\/p>\n<p><a href=\"http:\/\/foerderverein-theatersommer.net\/archiv\/wp-content\/uploads\/1994_Frl.Julie_born_to_be_Messer_Gabel.jpg\"><img loading=\"lazy\" decoding=\"async\" class=\"alignleft wp-image-6560 size-thumbnail\" title=\"1994 Frl.Julie - born to be ..? ( Kristin\/Annette Wunsch, Jean\/Peter Kratz)\" src=\"http:\/\/foerderverein-theatersommer.net\/archiv\/wp-content\/uploads\/1994_Frl.Julie_born_to_be_Messer_Gabel-175x175.jpg\" alt=\"1994_Frl.Julie_born_to_be_Messer_Gabel\" width=\"175\" height=\"175\" \/><\/a><a href=\"http:\/\/foerderverein-theatersommer.net\/archiv\/wp-content\/uploads\/1994_Frl.Julie_born_to_be_Traume.jpg\"><img loading=\"lazy\" decoding=\"async\" class=\"alignleft wp-image-6561 size-thumbnail\" title=\"1994 Frl.Julie - born to be ..? ( Julie\/Birgit Langkabel, Jean\/Peter Kratz)\" src=\"http:\/\/foerderverein-theatersommer.net\/archiv\/wp-content\/uploads\/1994_Frl.Julie_born_to_be_Traume-175x175.jpg\" alt=\"1994_Frl.Julie_born_to_be_Traume\" width=\"175\" height=\"175\" \/><\/a><a href=\"http:\/\/foerderverein-theatersommer.net\/archiv\/wp-content\/uploads\/1994_Frl.Julie_born_to_be_Ohr_an_Ohr_WEB.jpg\"><img loading=\"lazy\" decoding=\"async\" class=\"alignleft wp-image-6562 size-thumbnail\" title=\"1994 Frl.Julie - born to be ..? ( Julie\/Birgit Langkabel, Jean\/Peter Kratz)\" src=\"http:\/\/foerderverein-theatersommer.net\/archiv\/wp-content\/uploads\/1994_Frl.Julie_born_to_be_Ohr_an_Ohr_WEB-175x175.jpg\" alt=\"1994_Frl.Julie_born_to_be_Ohr_an_Ohr_WEB\" width=\"175\" height=\"175\" \/><\/a><\/p>\n<p>&nbsp;<\/p>\n<p>&nbsp;<\/p>\n<p><span style=\"color: #808080; font-size: 8pt;\"><span style=\"font-size: 8pt;\">\u00a0Bildvergr\u00f6\u00dferung: Photo anklicken und \u00fcber re\/li Pfeil weiter <\/span><\/span><\/p>\n<p>&nbsp;<\/p>\n<p><span style=\"font-size: 14pt;\"><strong>ZUSCHAUERZAHLEN\u00a0<\/strong><\/span><br \/>\n1994: \u00a0 \u00a0 \u00a0 1.750 Zuschauer<br \/>\nGesamt: 1.750 Zuschauer<\/p>\n<p><span style=\"text-decoration: underline;\"><strong><span style=\"font-size: 14pt; color: #339966;\"><a style=\"color: #339966; text-decoration: underline;\" title=\"1995 \u2013 Was ihr wollt \u2013 some like it, some like it (n)hot\" href=\"http:\/\/foerderverein-theatersommer.net\/archiv\/spielplan\/1991-2000\/was-ihr-wollt-some-like-it-hot\/\">n\u00e4chstes St\u00fcck<\/a><\/span><\/strong><\/span><\/p>\n<p>&nbsp;<\/p>\n<p><span style=\"color: #808080; font-size: 8pt;\"><span style=\"color: #333333; font-size: 16px;\"><\/p>\n<p>\n<\/span><\/span><\/p>\n","protected":false},"excerpt":{"rendered":"<p>FRL. JULIE &#8211; born to be&#8230;? von August Strindberg Konzeption\/Bearbeitung: P. Kratz\/C. Wolff Aussteiger-Pathos der siebziger Jahre REGIE: Christiane Wolff&#8230; <span class=\"read-more\"><a href=\"https:\/\/foerderverein-theatersommer.net\/archiv\/spielplan\/1991-2000\/frl-julie-born-to-be\/\" class=\"button button-darkgray small\"> Continue Reading &rarr; <\/a><\/span><\/p>\n","protected":false},"author":3,"featured_media":9569,"parent":9762,"menu_order":5,"comment_status":"closed","ping_status":"closed","template":"","meta":{"footnotes":""},"_links":{"self":[{"href":"https:\/\/foerderverein-theatersommer.net\/archiv\/wp-json\/wp\/v2\/pages\/6267"}],"collection":[{"href":"https:\/\/foerderverein-theatersommer.net\/archiv\/wp-json\/wp\/v2\/pages"}],"about":[{"href":"https:\/\/foerderverein-theatersommer.net\/archiv\/wp-json\/wp\/v2\/types\/page"}],"author":[{"embeddable":true,"href":"https:\/\/foerderverein-theatersommer.net\/archiv\/wp-json\/wp\/v2\/users\/3"}],"replies":[{"embeddable":true,"href":"https:\/\/foerderverein-theatersommer.net\/archiv\/wp-json\/wp\/v2\/comments?post=6267"}],"version-history":[{"count":19,"href":"https:\/\/foerderverein-theatersommer.net\/archiv\/wp-json\/wp\/v2\/pages\/6267\/revisions"}],"predecessor-version":[{"id":10086,"href":"https:\/\/foerderverein-theatersommer.net\/archiv\/wp-json\/wp\/v2\/pages\/6267\/revisions\/10086"}],"up":[{"embeddable":true,"href":"https:\/\/foerderverein-theatersommer.net\/archiv\/wp-json\/wp\/v2\/pages\/9762"}],"wp:featuredmedia":[{"embeddable":true,"href":"https:\/\/foerderverein-theatersommer.net\/archiv\/wp-json\/wp\/v2\/media\/9569"}],"wp:attachment":[{"href":"https:\/\/foerderverein-theatersommer.net\/archiv\/wp-json\/wp\/v2\/media?parent=6267"}],"curies":[{"name":"wp","href":"https:\/\/api.w.org\/{rel}","templated":true}]}}