{"id":6269,"date":"2014-11-25T11:37:25","date_gmt":"2014-11-25T11:37:25","guid":{"rendered":"http:\/\/foerderverein-theatersommer.net\/archiv\/?page_id=6269"},"modified":"2024-05-02T15:32:40","modified_gmt":"2024-05-02T15:32:40","slug":"was-ihr-wollt-some-like-it-hot","status":"publish","type":"page","link":"https:\/\/foerderverein-theatersommer.net\/archiv\/spielplan\/1991-2000\/was-ihr-wollt-some-like-it-hot\/","title":{"rendered":"<\/br>1995 &#8211; Was ihr wollt <\/br><\/br>"},"content":{"rendered":"<p><strong><span style=\"font-size: 18pt;\">WAS IHR WOLLT &#8211; some like it, some like it (n)hot<\/span><\/strong><br \/>\n<span style=\"font-size: 12pt;\">frei nach William Shakespeare<\/span><br \/>\n<span style=\"font-size: 10pt;\">Konzeption\/Bearbeitung: P. Kratz\/C. Wolff<\/span><\/p>\n<h3><span style=\"font-size: 24pt;\"><strong>Der echte Wahnsinn einer Sommernacht<\/strong><\/span><\/h3>\n<p>REGIE: Christiane Wolff<br \/>\nKOST\u00dcME: Moni Gebauer, Silla Mayer<br \/>\nB\u00dcHNE: Carl Bauer<br \/>\nBesetzung: <br \/>\n1995\/1996 &#8211; Martina Ebner, Gerald Friese, Frederike Frerichs, Peter Kratz<br \/>\nWA 2012 \u00a0&#8211;\u00a0 Diana Gantner, Giuliana de Carlo, Serverin Gm\u00fcnder, Christian Werner<\/p>\n<p><span style=\"font-size: 14pt;\"><strong>KONZEPTION<\/strong><\/span><br \/>\nVier Kloh\u00e4uschen geraten zur literarischen und geschlechtlichen Mutationsst\u00e4tte. Vor der Toilettent\u00fcr schl\u00e4gt f\u00fcr jeden Menschen die Stunde der Wahrheit, sp\u00e4testens hier muss er sich zu einem Geschlecht und damit zu einer Rolle bekennen: H oder D, das ist hier die Frage!<br \/>\nDie Klofrau der Gegenwart kommt als Junker Tobias der Renaissance wieder heraus, der spr\u00f6de Malvolio verwandelt sich aufm H\u00e4userl zur tuntigen Catherine. So kommt es, dass der Herzog eine Frau liebt, die aber in Wirklichkeit ein Mann ist &#8211; schon im Original lebt diese Kom\u00f6die von Verkleidungen und Verwandlungen, die verdichtende Adaption jedoch trieb die Konfusion auf die Spitze, lie\u00df auch die ,echten\u2018 M\u00e4nnerrollen von Frauen spielen &#8211; und umgekehrt. Denn, gleich ob M\u00e4nnlein oder Weiblein, allesamt folgten sie demselben Trieb, hingen am Narrenseil ihrer Passion und wurden so zu grotesk-bedauernswerten Maschinen ihrer Begierde, die vorf\u00fchrten, wie sehr sich der Mensch doch von seinen Trieben regieren l\u00e4sst.<\/p>\n<p><span style=\"font-size: 14pt;\"><strong>PRESSESTIMMEN<\/strong><\/span><br \/>\n<strong>Unersch\u00fctterliche Komik und lang anhaltender Beifall\u00a0<\/strong><br \/>\n\u201eM\u00e4nner rennen in orangefarbenen Minir\u00f6cken und mit Per\u00fccke durch die Gegend, sitzen mit heruntergelassenen Hosen auf dem Klo, Frauen haben durchsichtige Blusen an, versch\u00e4mte Befruchtungsrituale laufen in Zeitlupe ab und die Zuschauer werfen am Ende des St\u00fcckes mit verschiedenfarbigen Kleenex-T\u00fcchern nach den Schauspielern. Alle zusammen duellieren sich mit Handt\u00fcchern und w\u00e4lzen sich im vorher feins\u00e4uberlich gek\u00e4mmten Sand. Bis auf die Zuschauer. Die ergehen sich in langanhaltendem Beifall und suhlen sich in der unersch\u00fctterlichen Komik des St\u00fccks\u201c &#8211; Bietigheimer Zeitung &#8211;<\/p>\n<p><strong>Das Komische und das L\u00e4cherliche der Verliebtheit<\/strong><br \/>\n\u201eChristiane Wolff und Peter Kratz haben Shakespeares Kom\u00f6die, deren Vertauschungen zu folgen ja schon M\u00fche macht, noch einmal kr\u00e4ftig umgest\u00fclpt. Es geht bei Shakespeare und in der eigenwilligen Theatersommer-Version um die Differenz, aber auch die Austauschbarkeit der Geschlechter. Und es geht um das zuweilen Komische, das der Verliebtheit anhaftet, um das L\u00e4cherliche verzweifelter Liebesanstrengungen.\u201c &#8211; Stuttgarter Zeitung &#8211;<\/p>\n<p>\u201eWer die Arbeitsweise der Elisabethanischen Theatermacher des 15. Jahrhundert ein wenig kennt, ist in der verdrehten Fassung unter den herrlichen Kirschb\u00e4umen, zwischen den meterhohen Brennnesseln fein raus. St\u00fccklesschreiber, das war ein Beruf, der von verkrachten Akademikern, von Juristen und Soldaten, von Abenteurern und Schauspielern ausge\u00fcbt wurde, schreibt Georg Hensel, Ex-Theaterkritiker der FAZ. Man pfiff auf das geistige Eigentum, arbeitete \u00e4ltere Werke und Vorlagen um, passte sie aktuellen Ereignissen an und schneiderte die Rollen den Schauspielern auf den Leib. Nichts anderes machen die Macher der \u2018Was-bin-ich-was-ihr-wollt-Version\u2018 im Cluss-Garten.\u201c\u00a0&#8211; Bietigheimer Zeitung-<\/p>\n<p><strong>Nahe am Wahnsinn &#8211; und nah an der Wahrheit!<\/strong><br \/>\n\u201eEine Groteske \u00fcber die Liebe. Nahe am Wahnsinn &#8211; und nah an der Wahrheit!\u201c &#8211; Stuttgarter Nachrichten &#8211;<\/p>\n<p><strong>Wir alle h\u00e4ngen am Narrenseil unserer Bed\u00fcrfnisse<\/strong><br \/>\n\u201eEine freche und witzige Kom\u00f6die, die eigenwillig eine selbstst\u00e4ndige Aussage vertritt: Wir alle h\u00e4ngen am Narrenseil unserer Bed\u00fcrfnisse. Aber da wir doch ein wenig Kultur im Leibe haben, verkleiden wir uns und sagen nicht Trieb dazu, sondern Liebe und Literatur. Quod erat demonstrandum.\u201c &#8211; Lift &#8211;<\/p>\n<p><a href=\"http:\/\/foerderverein-theatersommer.net\/archiv\/wp-content\/uploads\/1995_Was_ihr_wollt_Aguey_Toby.jpg\"><img loading=\"lazy\" decoding=\"async\" class=\"alignleft wp-image-6592 size-thumbnail\" title=\"1995 Was ihr wollt (Aguey\/ Peter Kratz; Sir Tobias\/Frederike Frerichs)\" src=\"http:\/\/foerderverein-theatersommer.net\/archiv\/wp-content\/uploads\/1995_Was_ihr_wollt_Aguey_Toby-175x175.jpg\" alt=\"1995_Was_ihr_wollt_Aguey_Toby\" width=\"175\" height=\"175\" \/><\/a><a href=\"http:\/\/foerderverein-theatersommer.net\/archiv\/wp-content\/uploads\/1995_Wa_wollt_Foto2_sw.jpg\"><img loading=\"lazy\" decoding=\"async\" class=\"alignleft wp-image-6761 size-thumbnail\" title=\"WA 2012 Was ihr wollt (Graf Oliver\/Giuliana de Carlo; Sir Tobias\/Diana Gantner)\" src=\"http:\/\/foerderverein-theatersommer.net\/archiv\/wp-content\/uploads\/1995_Wa_wollt_Foto2_sw-175x175.jpg\" alt=\"1995_Wa_wollt_Foto2_sw\" width=\"175\" height=\"175\" \/><\/a><a href=\"http:\/\/foerderverein-theatersommer.net\/archiv\/wp-content\/uploads\/1995_Was_wollt_Foto1_sw.jpg\"><img loading=\"lazy\" decoding=\"async\" class=\"alignleft wp-image-6760 size-thumbnail\" title=\"WA 2012 Was ihr wollt (Sir Tobias\/Diana Gantner; Aguey\/Christian Werner)\" src=\"http:\/\/foerderverein-theatersommer.net\/archiv\/wp-content\/uploads\/1995_Was_wollt_Foto1_sw-175x175.jpg\" alt=\"1995_Was_wollt_Foto1_sw\" width=\"175\" height=\"175\" \/><\/a><\/p>\n<p>&nbsp;<\/p>\n<p>&nbsp;<\/p>\n<p><span style=\"color: #808080; font-size: 8pt;\">Bildvergr\u00f6\u00dferung: Photo anklicken und \u00fcber re\/li Pfeil weit<\/span><\/p>\n<p>&nbsp;<\/p>\n<p><span style=\"font-size: 14pt;\"><strong>ZUSCHAUERZAHLEN<\/strong><\/span><br \/>\n1995: \u00a0 \u00a0 \u00a0 \u00a04.348 Zuschauer<br \/>\n1996: \u00a0 \u00a0 \u00a0 \u00a01.474 Zuschauer<br \/>\n2012: \u00a0 \u00a0 \u00a0 \u00a02.126 Zuschauer<br \/>\nGesamt: 7.948 Zuschauer<\/p>\n<p><span style=\"text-decoration: underline;\"><strong><span style=\"font-size: 14pt; color: #339966;\"><a style=\"color: #339966; text-decoration: underline;\" title=\"1995 \u2013 Weismann &amp; Rotgesicht\" href=\"http:\/\/foerderverein-theatersommer.net\/archiv\/spielplan\/1991-2000\/weismann-rotgesicht\/\">n\u00e4chstes St\u00fcck<\/a><\/span><\/strong><\/span><\/p>\n","protected":false},"excerpt":{"rendered":"<p>WAS IHR WOLLT &#8211; some like it, some like it (n)hot frei nach William Shakespeare Konzeption\/Bearbeitung: P. Kratz\/C. Wolff Der&#8230; <span class=\"read-more\"><a href=\"https:\/\/foerderverein-theatersommer.net\/archiv\/spielplan\/1991-2000\/was-ihr-wollt-some-like-it-hot\/\" class=\"button button-darkgray small\"> Continue Reading &rarr; <\/a><\/span><\/p>\n","protected":false},"author":3,"featured_media":9570,"parent":9762,"menu_order":6,"comment_status":"closed","ping_status":"closed","template":"","meta":{"footnotes":""},"_links":{"self":[{"href":"https:\/\/foerderverein-theatersommer.net\/archiv\/wp-json\/wp\/v2\/pages\/6269"}],"collection":[{"href":"https:\/\/foerderverein-theatersommer.net\/archiv\/wp-json\/wp\/v2\/pages"}],"about":[{"href":"https:\/\/foerderverein-theatersommer.net\/archiv\/wp-json\/wp\/v2\/types\/page"}],"author":[{"embeddable":true,"href":"https:\/\/foerderverein-theatersommer.net\/archiv\/wp-json\/wp\/v2\/users\/3"}],"replies":[{"embeddable":true,"href":"https:\/\/foerderverein-theatersommer.net\/archiv\/wp-json\/wp\/v2\/comments?post=6269"}],"version-history":[{"count":27,"href":"https:\/\/foerderverein-theatersommer.net\/archiv\/wp-json\/wp\/v2\/pages\/6269\/revisions"}],"predecessor-version":[{"id":10087,"href":"https:\/\/foerderverein-theatersommer.net\/archiv\/wp-json\/wp\/v2\/pages\/6269\/revisions\/10087"}],"up":[{"embeddable":true,"href":"https:\/\/foerderverein-theatersommer.net\/archiv\/wp-json\/wp\/v2\/pages\/9762"}],"wp:featuredmedia":[{"embeddable":true,"href":"https:\/\/foerderverein-theatersommer.net\/archiv\/wp-json\/wp\/v2\/media\/9570"}],"wp:attachment":[{"href":"https:\/\/foerderverein-theatersommer.net\/archiv\/wp-json\/wp\/v2\/media?parent=6269"}],"curies":[{"name":"wp","href":"https:\/\/api.w.org\/{rel}","templated":true}]}}