{"id":6281,"date":"2014-11-25T11:40:56","date_gmt":"2014-11-25T11:40:56","guid":{"rendered":"http:\/\/foerderverein-theatersommer.net\/archiv\/?page_id=6281"},"modified":"2024-05-02T15:34:10","modified_gmt":"2024-05-02T15:34:10","slug":"sonny-boys","status":"publish","type":"page","link":"https:\/\/foerderverein-theatersommer.net\/archiv\/spielplan\/1991-2000\/sonny-boys\/","title":{"rendered":"<\/br>1998 &#8211; Sonny Boys<\/br><\/br>"},"content":{"rendered":"<p><span style=\"font-size: 18pt;\"><strong>SONNY BOYS<\/strong><\/span><br \/>\nnach Neil Simons \u201eThe Sunshine Boys\u201c<br \/>\n<span style=\"font-size: 10pt;\">Bearbeitung: P. Kratz\/C. Wolff<\/span><\/p>\n<h3><span style=\"font-size: 24pt;\">Ber\u00fchrungspunkte mit Samuel Beckett, <br \/>\nJean-Paul Sartre &amp; Fred Astaire<\/span><\/h3>\n<p>REGIE: Christiane Wolff \/ Rainer Appel<br \/>\nBESETZUNG: Thomas Marek, Peter Kratz<br \/>\nCHOREOGRAPHIE: Thomas Marek<br \/>\nB\u00dcHNE\/KOST\u00dcM: Carl Bauer<\/p>\n<p><span style=\"font-size: 14pt;\"><strong>KONZEPTION<\/strong><\/span><br \/>\nSie steppen, was das Zeug h\u00e4lt, die Komiker, die auf das Klingeln des Telefons warten.<br \/>\nSie warten auf ein Engagement, warten darauf, dass irgendjemand den Sketch vom Arztbesuch sehen will. Eine Hassliebe steht zwischen den beiden, st\u00e4ndiger Streit und doch: Sie k\u00f6nnen nicht voneinander lassen. W\u00e4hrend sie sich verbal Vorw\u00fcrfe \u00fcber ihre Schw\u00e4chen machen, werden Schuhe und Tanz zum Ausdrucksmittel f\u00fcr Stimmungen, Gef\u00fchle, der Klang der Steppschritte sagt, was das Duo nicht in Worte zu fassen vermag. Es entstand eine, von allen unn\u00f6tigen Schn\u00f6rkeln befreite, ins absurde gleitende Studie des Zwischenmenschlichen, die in Neil Simons k\u00fcnstlich-absurder Welt Ber\u00fchrungspunkte mit denen Becketts und Sartres aufzeigte.<\/p>\n<p><span style=\"font-size: 14pt;\"><strong>PRESSESTIMMEN<\/strong><\/span><br \/>\n<strong> Eine charmant freche Kom\u00f6die mit viel Gef\u00fchl<\/strong><br \/>\n\u201eDass das Team des Theatersommers k\u00fcnstlerisch und darstellerisch unkonventionelle Wege geht, geh\u00f6rt zu seinen Markenzeichen. Mit dem neuen St\u00fcck \u201eSonny Boys\u201c, einer Stepptanzkom\u00f6die, wagt es wieder ein Experiment, das wie alle zuvor mehr als gegl\u00fcckt ist. (&#8230;) Eine charmant freche Kom\u00f6die, die Charakter beweist. (&#8230;) Exzellent choreographiert erz\u00e4hlen die T\u00e4nze die eigentliche Geschichte, menschlich, charmant, kom\u00f6diantisch und mit viel Gef\u00fchl.\u201c &#8211; LKZ &#8211;<\/p>\n<p><strong>Absurd-grotesk und melancholisch-komisch&#8230;<\/strong><br \/>\n\u201eVom Stepptanz getragen, wird Neil Simons angestaubte, absurd-groteske Kom\u00f6die zur melancholisch-komischen Unterhaltung transformiert.\u201c &#8211; Stuttgarter Nachrichten &#8211;<\/p>\n<p><strong>Knackig und mitrei\u00dfend<\/strong><br \/>\n\u201eKnackig und mitrei\u00dfend schleifen, klackern und knallen Peter Kratz und Thomas Marek mit ihrem eisenbeschlagenen Schuhwerk \u00fcber die B\u00fchnenbretter, ganz wunderbar in Szene gesetzt von Christiane Wolff und Rainer Appel.\u201c &#8211; S-Trip &#8211;<\/p>\n<p><a href=\"http:\/\/foerderverein-theatersommer.net\/archiv\/wp-content\/uploads\/1998_Sonny_Boys_1.jpg\"><img loading=\"lazy\" decoding=\"async\" class=\"alignleft wp-image-7036 size-thumbnail\" title=\"1998 Sonny Boys (Al Lewis\/Thomas Marek; Willy Clark\/Peter Kratz)\" src=\"http:\/\/foerderverein-theatersommer.net\/archiv\/wp-content\/uploads\/1998_Sonny_Boys_1-175x175.jpg\" alt=\"1998_Sonny_Boys_1\" width=\"175\" height=\"175\" \/><\/a> <a href=\"http:\/\/foerderverein-theatersommer.net\/archiv\/wp-content\/uploads\/1998_Sonny_Boys_2.jpg\"><img loading=\"lazy\" decoding=\"async\" class=\"alignleft wp-image-7037 size-thumbnail\" title=\"1998 Sonny Boys (Al Lewis\/Thomas Marek; Willy Clark\/Peter Kratz)\" src=\"http:\/\/foerderverein-theatersommer.net\/archiv\/wp-content\/uploads\/1998_Sonny_Boys_2-175x175.jpg\" alt=\"1998_Sonny_Boys_2\" width=\"175\" height=\"175\" \/><\/a><a href=\"http:\/\/foerderverein-theatersommer.net\/archiv\/wp-content\/uploads\/1998_Sonny_Boys_3.jpg\"><img loading=\"lazy\" decoding=\"async\" class=\"alignleft wp-image-7038 size-thumbnail\" title=\"1998 Sonny Boys (Al Lewis\/Thomas Marek; Willy Clark\/Peter Kratz)\" src=\"http:\/\/foerderverein-theatersommer.net\/archiv\/wp-content\/uploads\/1998_Sonny_Boys_3-175x175.jpg\" alt=\"1998_Sonny_Boys_3\" width=\"175\" height=\"175\" \/><\/a><span style=\"font-size: 8pt;\"><br \/>\n<\/span><\/p>\n<p><span style=\"font-size: 8pt;\">Bildvergr\u00f6\u00dferung: Photo anklicken und \u00fcber re\/li Pfeil weiter<\/span><\/p>\n<p>&nbsp;<\/p>\n<p><span style=\"font-size: 14pt;\"><strong><br \/>\nZUSCHAUERZAHLEN\u00a0<\/strong><\/span><br \/>\n1998: \u00a0 \u00a0 \u00a0 \u00a0 2.193 Zuschauende<br \/>\n2001: \u00a0 \u00a0 \u00a0 \u00a0 \u00a0800 Zuschauende<br \/>\nGesamt: 2.993 Zuschauende<\/p>\n<p><span style=\"text-decoration: underline; color: #339966;\"><span style=\"font-size: 14pt;\"><strong><a style=\"color: #339966; text-decoration: underline;\" title=\"1999 \u2013 Die Kaufm\u00e4nner von Venedig\" href=\"http:\/\/foerderverein-theatersommer.net\/archiv\/spielplan\/1991-2000\/der-kaufmann-von-venedig\/\">n\u00e4chstes St\u00fcck<\/a><\/strong><\/span><\/span><\/p>\n","protected":false},"excerpt":{"rendered":"<p>SONNY BOYS nach Neil Simons \u201eThe Sunshine Boys\u201c Bearbeitung: P. Kratz\/C. Wolff Ber\u00fchrungspunkte mit Samuel Beckett, Jean-Paul Sartre &amp; Fred&#8230; <span class=\"read-more\"><a href=\"https:\/\/foerderverein-theatersommer.net\/archiv\/spielplan\/1991-2000\/sonny-boys\/\" class=\"button button-darkgray small\"> Continue Reading &rarr; <\/a><\/span><\/p>\n","protected":false},"author":3,"featured_media":9574,"parent":9762,"menu_order":12,"comment_status":"closed","ping_status":"closed","template":"","meta":{"footnotes":""},"_links":{"self":[{"href":"https:\/\/foerderverein-theatersommer.net\/archiv\/wp-json\/wp\/v2\/pages\/6281"}],"collection":[{"href":"https:\/\/foerderverein-theatersommer.net\/archiv\/wp-json\/wp\/v2\/pages"}],"about":[{"href":"https:\/\/foerderverein-theatersommer.net\/archiv\/wp-json\/wp\/v2\/types\/page"}],"author":[{"embeddable":true,"href":"https:\/\/foerderverein-theatersommer.net\/archiv\/wp-json\/wp\/v2\/users\/3"}],"replies":[{"embeddable":true,"href":"https:\/\/foerderverein-theatersommer.net\/archiv\/wp-json\/wp\/v2\/comments?post=6281"}],"version-history":[{"count":25,"href":"https:\/\/foerderverein-theatersommer.net\/archiv\/wp-json\/wp\/v2\/pages\/6281\/revisions"}],"predecessor-version":[{"id":10099,"href":"https:\/\/foerderverein-theatersommer.net\/archiv\/wp-json\/wp\/v2\/pages\/6281\/revisions\/10099"}],"up":[{"embeddable":true,"href":"https:\/\/foerderverein-theatersommer.net\/archiv\/wp-json\/wp\/v2\/pages\/9762"}],"wp:featuredmedia":[{"embeddable":true,"href":"https:\/\/foerderverein-theatersommer.net\/archiv\/wp-json\/wp\/v2\/media\/9574"}],"wp:attachment":[{"href":"https:\/\/foerderverein-theatersommer.net\/archiv\/wp-json\/wp\/v2\/media?parent=6281"}],"curies":[{"name":"wp","href":"https:\/\/api.w.org\/{rel}","templated":true}]}}