{"id":6283,"date":"2014-11-25T11:41:22","date_gmt":"2014-11-25T11:41:22","guid":{"rendered":"http:\/\/foerderverein-theatersommer.net\/archiv\/?page_id=6283"},"modified":"2024-05-02T15:34:27","modified_gmt":"2024-05-02T15:34:27","slug":"der-kaufmann-von-venedig","status":"publish","type":"page","link":"https:\/\/foerderverein-theatersommer.net\/archiv\/spielplan\/1991-2000\/der-kaufmann-von-venedig\/","title":{"rendered":"<\/br>1999 &#8211; Die Kaufm\u00e4nner von Venedig<\/br><\/br>"},"content":{"rendered":"<p><span style=\"font-size: 18pt;\"><strong>DIE KAUFM\u00c4NNER VON VENEDIG<\/strong><\/span><br \/>\nfrei nach William Shakespeare<br \/>\n<span style=\"font-size: 10pt;\">Bearbeitung: C. Wolff<\/span><\/p>\n<h3><span style=\"font-size: 24pt;\">Wenn der Kaufmann zu viel wettet<\/span><\/h3>\n<p>REGIE: Christiane Wolff<br \/>\nBESETZUN: Hanny Aden, Barbara Bauer, Cornelius Dane, Pascal Rodrigue Greub, Wolfgang Muhr, Martina Ohlsen<br \/>\n\u00a0B\u00dcHNE UND KOST\u00dcM: Wolff\/Zysk<\/p>\n<p><span style=\"font-size: 14pt;\"><strong>KONZEPTION<\/strong><\/span><br \/>\nPortia beginnt in einem italienischen Nobelrestaurant ein gef\u00e4hrliches Spiel: Geld oder Liebe, der Einsatz betr\u00e4gt 30.000 Dukaten. Einer der Kaufm\u00e4nner leiht sich das Geld. Kann er es nicht zur\u00fcckzahlen, darf der Verleiher ihm daf\u00fcr ein St\u00fcck Fleisch aus dem Leib schneiden. Portia f\u00fchlt sich an Shakespeares \u201eDer Kaufmann von Venedig\u201c erinnert &#8211; sinnierend \u00fcber Shylock und Antoni, entsteht ein St\u00fcck im St\u00fcck.\u2028\u2028 W\u00e4hrend zu Shakespeares Zeiten die Wirtschaft dank Kolonialisierung und technischen Fortschritts boomte, werfen die heutigen \u201eKaufm\u00e4nner von Venedig\u201c mit Meldungen von DAX, Dow Jones und Blue Chips um sich. Versetzt in ein lifestylehuldigendes italienisches Edellokal, sp\u00fcrte die Bearbeitung den neuralgischen Punkten der Vorlage nach, die aus heutiger Sicht unwahrscheinlich erscheinen: der Freundschaft unter \u00d6konomen.<\/p>\n<p><span style=\"font-size: 14pt;\"><strong>PRESSESTIMMEN<\/strong><\/span><br \/>\n\u201eKaufmann mit Herzrasen &#8211; es gelingt was beabsichtigt war: n\u00e4mlich der Kunst die K\u00fcnstlichkeit zu nehmen.\u201c &#8211; Stuttgarter Zeitung &#8211;<\/p>\n<p>\u201eMan unterh\u00e4lt sich pr\u00e4chtig &#8211; dank einer \u00fcberzeugenden Regie.\u201c &#8211; Marbacher Zeitung &#8211;<\/p>\n<p>\u201eEs schnitzt und schneidet am Shakespeare, mit tollen Ideen und allem m\u00f6glichen wunderbaren Schnickschnack.\u201c &#8211; LKZ &#8211;<\/p>\n<p><a href=\"http:\/\/foerderverein-theatersommer.net\/archiv\/wp-content\/uploads\/1999_Kaufmaenner_1.jpg\"><img loading=\"lazy\" decoding=\"async\" class=\"alignleft wp-image-7050 size-thumbnail\" title=\"1999 Die Kaufm\u00e4nner von Venedig (Portia\/Hanny Aden; Nerissa\/Martina Ohlsen)\" src=\"http:\/\/foerderverein-theatersommer.net\/archiv\/wp-content\/uploads\/1999_Kaufmaenner_1-175x175.jpg\" alt=\"1999_Kaufmaenner_1\" width=\"175\" height=\"175\" \/><\/a><a href=\"http:\/\/foerderverein-theatersommer.net\/archiv\/wp-content\/uploads\/1999_Kaufmeanner.jpg\"><img loading=\"lazy\" decoding=\"async\" class=\"alignleft wp-image-7048 size-thumbnail\" title=\"1999 Die Kaufm\u00e4nner (Portia\/Hanny Aden; Stefano\/Cornelius Dane)\" src=\"http:\/\/foerderverein-theatersommer.net\/archiv\/wp-content\/uploads\/1999_Kaufmeanner-175x175.jpg\" alt=\"1999_Kaufmeanner\" width=\"175\" height=\"175\" \/><\/a><a href=\"http:\/\/foerderverein-theatersommer.net\/archiv\/wp-content\/uploads\/1999_Kaufmaenner_2.jpg\"><img loading=\"lazy\" decoding=\"async\" class=\"alignleft wp-image-7049 size-thumbnail\" title=\"1999 Die Kaufm\u00e4nner (Ensemble)\" src=\"http:\/\/foerderverein-theatersommer.net\/archiv\/wp-content\/uploads\/1999_Kaufmaenner_2-175x175.jpg\" alt=\"1999_Kaufmaenner_2\" width=\"175\" height=\"175\" \/><\/a><\/p>\n<p>&nbsp;<\/p>\n<p>&nbsp;<\/p>\n<p><span style=\"font-size: 8pt;\">Bildvergr\u00f6\u00dferung: Photo anklicken und \u00fcber re\/li Pfeil weiter<\/span><\/p>\n<p>&nbsp;<\/p>\n<p><span style=\"font-size: 14pt;\"><strong>ZUSCHAUERZAHLEN<\/strong><\/span><br \/>\n1999: \u00a0 \u00a0 \u00a0 \u00a02.730 Zuschauende<br \/>\nGesamt: 2.730 Zuschauende<\/p>\n<p><span style=\"text-decoration: underline;\"><strong><span style=\"font-size: 14pt; color: #339966;\"><a style=\"color: #339966; text-decoration: underline;\" title=\"1999 \u2013 The return of Penthelesia\" href=\"http:\/\/foerderverein-theatersommer.net\/archiv\/spielplan\/1991-2000\/the-return-of-penthelesia\/\">n\u00e4chstes St\u00fcck<\/a><\/span><\/strong><\/span><\/p>\n","protected":false},"excerpt":{"rendered":"<p>DIE KAUFM\u00c4NNER VON VENEDIG frei nach William Shakespeare Bearbeitung: C. Wolff Wenn der Kaufmann zu viel wettet REGIE: Christiane Wolff&#8230; <span class=\"read-more\"><a href=\"https:\/\/foerderverein-theatersommer.net\/archiv\/spielplan\/1991-2000\/der-kaufmann-von-venedig\/\" class=\"button button-darkgray small\"> Continue Reading &rarr; <\/a><\/span><\/p>\n","protected":false},"author":3,"featured_media":9575,"parent":9762,"menu_order":13,"comment_status":"closed","ping_status":"closed","template":"","meta":{"footnotes":""},"_links":{"self":[{"href":"https:\/\/foerderverein-theatersommer.net\/archiv\/wp-json\/wp\/v2\/pages\/6283"}],"collection":[{"href":"https:\/\/foerderverein-theatersommer.net\/archiv\/wp-json\/wp\/v2\/pages"}],"about":[{"href":"https:\/\/foerderverein-theatersommer.net\/archiv\/wp-json\/wp\/v2\/types\/page"}],"author":[{"embeddable":true,"href":"https:\/\/foerderverein-theatersommer.net\/archiv\/wp-json\/wp\/v2\/users\/3"}],"replies":[{"embeddable":true,"href":"https:\/\/foerderverein-theatersommer.net\/archiv\/wp-json\/wp\/v2\/comments?post=6283"}],"version-history":[{"count":11,"href":"https:\/\/foerderverein-theatersommer.net\/archiv\/wp-json\/wp\/v2\/pages\/6283\/revisions"}],"predecessor-version":[{"id":10102,"href":"https:\/\/foerderverein-theatersommer.net\/archiv\/wp-json\/wp\/v2\/pages\/6283\/revisions\/10102"}],"up":[{"embeddable":true,"href":"https:\/\/foerderverein-theatersommer.net\/archiv\/wp-json\/wp\/v2\/pages\/9762"}],"wp:featuredmedia":[{"embeddable":true,"href":"https:\/\/foerderverein-theatersommer.net\/archiv\/wp-json\/wp\/v2\/media\/9575"}],"wp:attachment":[{"href":"https:\/\/foerderverein-theatersommer.net\/archiv\/wp-json\/wp\/v2\/media?parent=6283"}],"curies":[{"name":"wp","href":"https:\/\/api.w.org\/{rel}","templated":true}]}}