{"id":6285,"date":"2014-11-25T11:41:50","date_gmt":"2014-11-25T11:41:50","guid":{"rendered":"http:\/\/foerderverein-theatersommer.net\/archiv\/?page_id=6285"},"modified":"2024-05-02T15:34:38","modified_gmt":"2024-05-02T15:34:38","slug":"the-return-of-penthelesia","status":"publish","type":"page","link":"https:\/\/foerderverein-theatersommer.net\/archiv\/spielplan\/1991-2000\/the-return-of-penthelesia\/","title":{"rendered":"<\/br>1999 &#8211; The return of Penthesilea<\/br><\/br>"},"content":{"rendered":"<p><span style=\"font-size: 18pt;\"><strong>THE RETURN OF PENTHESILEA<\/strong><\/span><br \/>\nnach Heinrich von Kleist<br \/>\n<span style=\"font-size: 10pt;\">F\u00fcr den Theatersommer dramaturgisch und szenisch eingerichtet von Peter Kratz<\/span><\/p>\n<h3><span style=\"font-size: 24pt;\">Ein Science-Fiction der Antike<\/span><\/h3>\n<p>Regie: Peter Kratz<br \/>\nB\u00fchne: Carl Bauer<br \/>\nKost\u00fcme: Steph Schneider<br \/>\nBesetzung: Martin Konrad Becker, Pascal Roderigue Greub, Nartan Niemeyer,\u00a0Martina Ohlsen<\/p>\n<p><span style=\"font-size: 14pt;\"><strong>KONZEPTION<\/strong><\/span><br \/>\nIn einer bet\u00f6rend surrealen Welt, die halb Science-Fiction, halb dunkle Vorzeit ist, tragen Achilles und die Amazonenk\u00f6nigin Penthesilea einen verzweifelten, leidenschaftlichen Kampf um die Zukunft der Liebe aus.\u2028Sie will die st\u00e4rksten und potentesten M\u00e4nner erobern, damit die Besiegten f\u00fcr ihren Frauenstaat Nachkommen zeugen, als sie jedoch ihn erblickt, ist es um sie geschehen. \u2028Die K\u00f6nigin selbst verst\u00f6\u00dft gegen das h\u00f6chste Gesetz der Amazonen und verliebt sich in den griechischen Helden. Ein gef\u00fchlsw\u00fctiger Krieg der Geschlechter entbrennt. \u2028\u2028Achilles vertritt das ausgehende Jahrtausend mit all seinen Erblasten. Die r\u00e4tselhafte Penthesilea dagegen st\u00fcrzt wie aus einer fernen Zukunft einem Kometen gleich auf die Erde herab &#8211; der Aufprall ist gewaltig und ersch\u00fcttert die Helden unseres alten Millenniums.<\/p>\n<p><strong>PRESSESTIMMEN<\/strong><br \/>\n\u201eEin aufw\u00fchlender Geschlechterkampf mit furiosem Finale: Mit dem Verl\u00f6schen des Tageslichtes, dem geheimnisvollen Spiel der Scheinwerfer und dank der Musik entsteht eine magisch artifizielle Stimmung. Die Darsteller entwickeln &#8211; je l\u00e4nger, je mehr &#8211; kaum f\u00fcr m\u00f6glich gehaltene Qualit\u00e4ten.\u201c\u00a0&#8211; Stuttgarter Nachrichten &#8211;<\/p>\n<p>\u201eKleist mit Pep und Power. (&#8230;) Der Regisseur hat aus Kleist Vorlage viel gemacht. Clever wurde reduziert und komprimiert. Die 100 \u00fcbrig gebliebenen Minuten sind spannendes Liebes-Theater, das Momente des \u00f6den Deklamierens gar nicht erst zul\u00e4sst.\u201c &#8211; Bietigheimer Zeitung &#8211;<\/p>\n<p>\u201eEin Schlachtengem\u00e4lde, das in schnellen eineinhalb Stunden durch den Sommerabend tobt.\u201c \u00a0 \u00a0 \u00a0 \u00a0 &#8211; LKZ &#8211;<\/p>\n<p><a href=\"http:\/\/foerderverein-theatersommer.net\/archiv\/wp-content\/uploads\/1999_Penthesilea_2.jpg\"><img loading=\"lazy\" decoding=\"async\" class=\"alignleft wp-image-7063 size-thumbnail\" title=\"1999 The return of Penthesilea (Penthesilea\/Nartan Niemeyer)\" src=\"http:\/\/foerderverein-theatersommer.net\/archiv\/wp-content\/uploads\/1999_Penthesilea_2-175x175.jpg\" alt=\"1999_Penthesilea_2\" width=\"175\" height=\"175\" \/><\/a><a href=\"http:\/\/foerderverein-theatersommer.net\/archiv\/wp-content\/uploads\/1999_Penthesilea_Prothoe.jpg\"><img loading=\"lazy\" decoding=\"async\" class=\"alignleft wp-image-7061 size-thumbnail\" title=\"1999 The return of Penthesilea (Penthesilea\/Nartan Niemeyer; Prothoe\/Martina Ohlsen)\" src=\"http:\/\/foerderverein-theatersommer.net\/archiv\/wp-content\/uploads\/1999_Penthesilea_Prothoe-175x175.jpg\" alt=\"1999_Penthesilea_Prothoe\" width=\"175\" height=\"175\" \/><\/a><a href=\"http:\/\/foerderverein-theatersommer.net\/archiv\/wp-content\/uploads\/1999_Penthesilea_Trio.jpg\"><img loading=\"lazy\" decoding=\"async\" class=\"alignleft wp-image-7060 size-thumbnail\" title=\"1999 The return of Penthesilea (Achilles\/Martin Konrad Becker; Penthesilea\/Nartan Niemeyer; Prothoe\/Martina Ohlsen)\" src=\"http:\/\/foerderverein-theatersommer.net\/archiv\/wp-content\/uploads\/1999_Penthesilea_Trio-175x175.jpg\" alt=\"1999_Penthesilea_Trio\" width=\"175\" height=\"175\" \/><\/a><a href=\"http:\/\/foerderverein-theatersommer.net\/archiv\/wp-content\/uploads\/1999_Penthesilea_1.jpg\"><img loading=\"lazy\" decoding=\"async\" class=\"alignleft wp-image-7058 size-thumbnail\" title=\"1999 The return of Penthesilea (Penthesilea\/Nartan Niemeyer)\" src=\"http:\/\/foerderverein-theatersommer.net\/archiv\/wp-content\/uploads\/1999_Penthesilea_1-175x175.jpg\" alt=\"1999_Penthesilea_1\" width=\"175\" height=\"175\" \/><\/a><\/p>\n<p>&nbsp;<\/p>\n<p><span style=\"font-size: 8pt;\">Bildvergr\u00f6\u00dferung: Photo anklicken und \u00fcber re\/li Pfeil weiter<\/span><\/p>\n<p>&nbsp;<\/p>\n<p><strong>ZUSCHAUERZAHLEN<\/strong><br \/>\n1999:\u00a0\u00a0\u00a0\u00a0\u00a0 2.378 Zuschauer<br \/>\nGesamt: 2.378 Zuschauer<\/p>\n<p><span style=\"text-decoration: underline; font-size: 14pt; color: #339966;\"><strong><a style=\"color: #339966; text-decoration: underline;\" title=\"2000 \u2013 Sommerg\u00e4ste\" href=\"http:\/\/foerderverein-theatersommer.net\/archiv\/spielplan\/1991-2000\/sommergaeste\/\">n\u00e4chstes St\u00fcck<\/a><\/strong><\/span><\/p>\n","protected":false},"excerpt":{"rendered":"<p>THE RETURN OF PENTHESILEA nach Heinrich von Kleist F\u00fcr den Theatersommer dramaturgisch und szenisch eingerichtet von Peter Kratz Ein Science-Fiction&#8230; <span class=\"read-more\"><a href=\"https:\/\/foerderverein-theatersommer.net\/archiv\/spielplan\/1991-2000\/the-return-of-penthelesia\/\" class=\"button button-darkgray small\"> Continue Reading &rarr; <\/a><\/span><\/p>\n","protected":false},"author":3,"featured_media":9576,"parent":9762,"menu_order":14,"comment_status":"closed","ping_status":"closed","template":"","meta":{"footnotes":""},"_links":{"self":[{"href":"https:\/\/foerderverein-theatersommer.net\/archiv\/wp-json\/wp\/v2\/pages\/6285"}],"collection":[{"href":"https:\/\/foerderverein-theatersommer.net\/archiv\/wp-json\/wp\/v2\/pages"}],"about":[{"href":"https:\/\/foerderverein-theatersommer.net\/archiv\/wp-json\/wp\/v2\/types\/page"}],"author":[{"embeddable":true,"href":"https:\/\/foerderverein-theatersommer.net\/archiv\/wp-json\/wp\/v2\/users\/3"}],"replies":[{"embeddable":true,"href":"https:\/\/foerderverein-theatersommer.net\/archiv\/wp-json\/wp\/v2\/comments?post=6285"}],"version-history":[{"count":12,"href":"https:\/\/foerderverein-theatersommer.net\/archiv\/wp-json\/wp\/v2\/pages\/6285\/revisions"}],"predecessor-version":[{"id":10405,"href":"https:\/\/foerderverein-theatersommer.net\/archiv\/wp-json\/wp\/v2\/pages\/6285\/revisions\/10405"}],"up":[{"embeddable":true,"href":"https:\/\/foerderverein-theatersommer.net\/archiv\/wp-json\/wp\/v2\/pages\/9762"}],"wp:featuredmedia":[{"embeddable":true,"href":"https:\/\/foerderverein-theatersommer.net\/archiv\/wp-json\/wp\/v2\/media\/9576"}],"wp:attachment":[{"href":"https:\/\/foerderverein-theatersommer.net\/archiv\/wp-json\/wp\/v2\/media?parent=6285"}],"curies":[{"name":"wp","href":"https:\/\/api.w.org\/{rel}","templated":true}]}}