{"id":6291,"date":"2014-11-25T11:43:12","date_gmt":"2014-11-25T11:43:12","guid":{"rendered":"http:\/\/foerderverein-theatersommer.net\/archiv\/?page_id=6291"},"modified":"2024-05-02T15:35:45","modified_gmt":"2024-05-02T15:35:45","slug":"kleopatras-traum","status":"publish","type":"page","link":"https:\/\/foerderverein-theatersommer.net\/archiv\/spielplan\/2001-2010\/kleopatras-traum\/","title":{"rendered":"<br\/>2001 &#8211; Kleopatras Traum<br\/><br\/>"},"content":{"rendered":"<p><span style=\"font-size: 18pt;\"><strong>Kleopatras Traum<\/strong><\/span><br \/>\nnach William Shakespeares &#8222;Antonius &amp; Cleopatra&#8220;<br \/>\n<span style=\"font-size: 10pt;\">Bearbeitung: P. Kratz<\/span><\/p>\n<p>Regie: Peter Kratz<br \/>\nB\u00fchne: Carl Bauer<br \/>\nKost\u00fcm: Steph Schneider<br \/>\nBesetzung: Felix Kuhn, Mimi Schwaiberger, Aki Tougiannidis, Iriam Zimmermann, Rachel Z\u00fcrcher<\/p>\n<h3><span style=\"font-size: 24pt;\">Vergessene S\u00f6hne und T\u00f6chter reisen durch die Zeitgeschichte<\/span><\/h3>\n<p><strong>KONZEPTION<\/strong><br \/>\nWas sie tun, erscheint \u00fcber-menschlich, in gleichsam g\u00f6ttlichem Ma\u00df. Als Politiker wie als Liebende teilen der r\u00f6mische Feldherr und die \u00e4gyptische K\u00f6nigin ein Schicksal, gr\u00f6\u00dfer als das gew\u00f6hnlicher Sterblicher. Doch wer sind Antonius und Kleopatra wirklich? Nur Protagonisten ihrer eigenen Legende? Oder wurden ihre Liebe und ihr Tod gerade deshalb exemplarisch, weil sich darin zuallererst eines manifestierte: die unbedingte Intensit\u00e4t.<\/p>\n<p>Die Adaption eroberte sich Shakespeares r\u00e4tselhaftes Werk zun\u00e4chst auf indirektem und ganz w\u00f6rtlich spielerischem Wege: Die vergessenen S\u00f6hne und T\u00f6chter Kleopatras machen sich auf eine spannende Reise durch die Zeitgeschichte. Gezeugt von den ber\u00fchmtesten M\u00e4nnern des r\u00f6mischen Weltreichs, durften sie ihren Eltern freilich nie zu nahe kommen. Doch eben diese Distanz gibt der zweiten Generation die Freiheit einen Mythos neu zu befragen&#8230;<\/p>\n<p>In raffinierter Ironie und spielerischer Undurchsichtigkeit n\u00e4herte sich diese extravagante Trag\u00f6die ihrem Gegenteil an &#8211; der Kom\u00f6die. Sie ist lustiger als alle Kom\u00f6dien Shakespeares. Der Grund daf\u00fcr hei\u00dft fast immer Kleopatra. Sie ist das Urbild der Stars &#8211; die erste gro\u00dfe Ber\u00fchmtheit der Weltgeschichte. Antonius ist ihr von Beginn an verfallen; f\u00fcr ihre Liebe verzichtet er auf die Macht, ja, selbst auf seine Ehre als r\u00f6mischer Feldherr und Soldat. Was sie wirklich f\u00fcr ihn empfindet, bleibt bis zum Schluss ein Geheimnis, das selbst ihr Tod nicht l\u00f6st. Denn bis zuletzt, soviel scheint klar, spielt Kleopatra gleich zwei Rollen. Herrscherin und gro\u00dfe Liebende &#8211; auch vor sich selbst.<\/p>\n<p><strong>PRESSESTIMMEN<\/strong><br \/>\n\u201eEs ist Peter Kratz gelungen, eine Tradition fortzusetzen, bei der es sich lohnt, sie wieder und wieder anzuschauen, weil sie lebendig ist und immer wieder Neues bietet.\u201c &#8211; LKZ &#8211;<\/p>\n<p>\u201eZiemlich witzig in Aktion und Sprache hat Peter Kratz seinen fast comichaften Shakespeare hinbekommen. Ein volles Vergn\u00fcgen!\u201c &#8211; Stuttgarter Zeitung &#8211;<\/p>\n<p>\u201eDie sprachliche Neu\u00fcberarbeitung bzw. \u00dcbersetzung des St\u00fcckes ist insgesamt mehr als gut gelungen.\u201c &#8211; Stuttgarter Nachrichten &#8211;<\/p>\n<p><a href=\"http:\/\/foerderverein-theatersommer.net\/archiv\/wp-content\/uploads\/2001_Kleopatras_Traum_3_WEB.fbg_.jpg\"><img loading=\"lazy\" decoding=\"async\" class=\"alignleft wp-image-7249 size-thumbnail\" title=\"2001 Kleopatras Traum (Ptolemaios\/Aki Tougiannidis)\" src=\"http:\/\/foerderverein-theatersommer.net\/archiv\/wp-content\/uploads\/2001_Kleopatras_Traum_3_WEB.fbg_-175x175.jpg\" alt=\"2001_Kleopatras_Traum_3_WEB.fbg\" width=\"175\" height=\"175\" \/><\/a><a href=\"http:\/\/foerderverein-theatersommer.net\/archiv\/wp-content\/uploads\/2001_Kleopatras_Traum_1_WEB.fbg_.jpg\"><img loading=\"lazy\" decoding=\"async\" class=\"alignleft wp-image-7247 size-thumbnail\" title=\"2001 Kleopatras Traum (Alexander\/Felix Kuhn; Selene\/Miriam Zimmermann)\" src=\"http:\/\/foerderverein-theatersommer.net\/archiv\/wp-content\/uploads\/2001_Kleopatras_Traum_1_WEB.fbg_-175x175.jpg\" alt=\"2001_Kleopatras_Traum_1_WEB.fbg\" width=\"175\" height=\"175\" \/><\/a><a href=\"http:\/\/foerderverein-theatersommer.net\/archiv\/wp-content\/uploads\/2001_Kleopatras_Traum_2_WEB.fbg_.jpg\"><img loading=\"lazy\" decoding=\"async\" class=\"alignleft wp-image-7248 size-thumbnail\" title=\"2001 Kleopatras Traum (Ptolemaios\/Aki Tougiannidis; Selene\/Miriam Zimmermann; Alexander\/Felix Kuhn)\" src=\"http:\/\/foerderverein-theatersommer.net\/archiv\/wp-content\/uploads\/2001_Kleopatras_Traum_2_WEB.fbg_-175x175.jpg\" alt=\"2001_Kleopatras_Traum_2_WEB.fbg\" width=\"175\" height=\"175\" \/><\/a><\/p>\n<p>&nbsp;<\/p>\n<p>&nbsp;<\/p>\n<p><span style=\"color: #808080; font-size: 8pt;\">Bildvergr\u00f6\u00dferung: Photo anklicken und \u00fcber re\/li Pfeil weiter<\/span><\/p>\n<p>&nbsp;<\/p>\n<p><strong>ZUSCHAUERZAHLEN<\/strong><br \/>\n2001: \u00a0 \u00a0 3.000 Zuschauer<br \/>\nGesamt: 3.000 Zuschauer<\/p>\n<p><span style=\"text-decoration: underline; font-size: 14pt; color: #339966;\"><strong><a style=\"color: #339966; text-decoration: underline;\" title=\"2001 \u2013 LiebeLeidLust\" href=\"http:\/\/foerderverein-theatersommer.net\/archiv\/spielplan\/2001-2010\/liebeleidlust\/\">n\u00e4chstes St\u00fcck<\/a><\/strong><\/span><\/p>\n<p>&nbsp;<\/p>\n","protected":false},"excerpt":{"rendered":"<p>Kleopatras Traum nach William Shakespeares &#8222;Antonius &amp; Cleopatra&#8220; Bearbeitung: P. Kratz Regie: Peter Kratz B\u00fchne: Carl Bauer Kost\u00fcm: Steph Schneider&#8230; <span class=\"read-more\"><a href=\"https:\/\/foerderverein-theatersommer.net\/archiv\/spielplan\/2001-2010\/kleopatras-traum\/\" class=\"button button-darkgray small\"> Continue Reading &rarr; <\/a><\/span><\/p>\n","protected":false},"author":3,"featured_media":7243,"parent":3438,"menu_order":1,"comment_status":"closed","ping_status":"closed","template":"","meta":{"footnotes":""},"_links":{"self":[{"href":"https:\/\/foerderverein-theatersommer.net\/archiv\/wp-json\/wp\/v2\/pages\/6291"}],"collection":[{"href":"https:\/\/foerderverein-theatersommer.net\/archiv\/wp-json\/wp\/v2\/pages"}],"about":[{"href":"https:\/\/foerderverein-theatersommer.net\/archiv\/wp-json\/wp\/v2\/types\/page"}],"author":[{"embeddable":true,"href":"https:\/\/foerderverein-theatersommer.net\/archiv\/wp-json\/wp\/v2\/users\/3"}],"replies":[{"embeddable":true,"href":"https:\/\/foerderverein-theatersommer.net\/archiv\/wp-json\/wp\/v2\/comments?post=6291"}],"version-history":[{"count":11,"href":"https:\/\/foerderverein-theatersommer.net\/archiv\/wp-json\/wp\/v2\/pages\/6291\/revisions"}],"predecessor-version":[{"id":10411,"href":"https:\/\/foerderverein-theatersommer.net\/archiv\/wp-json\/wp\/v2\/pages\/6291\/revisions\/10411"}],"up":[{"embeddable":true,"href":"https:\/\/foerderverein-theatersommer.net\/archiv\/wp-json\/wp\/v2\/pages\/3438"}],"wp:featuredmedia":[{"embeddable":true,"href":"https:\/\/foerderverein-theatersommer.net\/archiv\/wp-json\/wp\/v2\/media\/7243"}],"wp:attachment":[{"href":"https:\/\/foerderverein-theatersommer.net\/archiv\/wp-json\/wp\/v2\/media?parent=6291"}],"curies":[{"name":"wp","href":"https:\/\/api.w.org\/{rel}","templated":true}]}}