{"id":6293,"date":"2014-11-25T11:43:40","date_gmt":"2014-11-25T11:43:40","guid":{"rendered":"http:\/\/foerderverein-theatersommer.net\/archiv\/?page_id=6293"},"modified":"2024-05-02T15:36:09","modified_gmt":"2024-05-02T15:36:09","slug":"liebeleidlust","status":"publish","type":"page","link":"https:\/\/foerderverein-theatersommer.net\/archiv\/spielplan\/2001-2010\/liebeleidlust\/","title":{"rendered":"<\/br>2001 &#8211; LiebeLeidLust<\/br><\/br>"},"content":{"rendered":"<p><span style=\"font-size: 18pt;\"><strong>LIEBE LEID LUST<\/strong><\/span><br \/>\nfrei nach William Shakespeares &#8222;Love&#8217;s Labour&#8217;s Lost&#8220;<br \/>\n<span style=\"font-size: 10pt;\">Konzeption\/Bearbeitung: C. Wolff<\/span><\/p>\n<h3><span style=\"font-size: 24pt;\">Ein Fest der Sprache!<\/span><\/h3>\n<p>Regie: Christiane Wolff<br \/>\nKost\u00fcm: Moni Gebauer<br \/>\nBesetzung: Rainer Appel, Mirjam Hamm, Felix Kuhn, Mimi Schwaiberger, Aki Tougiannidis<\/p>\n<p><span style=\"font-size: 14pt;\"><strong>KONZEPTION<\/strong><\/span><br \/>\nDer K\u00f6nig von Navarra ist pleite. Damit der Schein gewahrt bleibt und der Bankrott hinausgez\u00f6gert wird, k\u00fcndigt er an, sich in ein Kloster zur\u00fcckzuziehen. Um seine innere Einkehr m\u00f6glichst wirkungsvoll zu inszenieren, erlegt er seinem Hofstaat zudem einen eisernen Moralkodex auf: Studien, Mediation und vor allem kein Sex. Seine leichtlebige Entourage zeigt sich davon verst\u00e4ndlicherweise wenig begeistert.<br \/>\nDoch der beste Freund des K\u00f6nigs, Biron, hat zum Gl\u00fcck eine rettende Idee &#8211; seine Teilnahem am popul\u00e4ren Millionenspiel. Voller Eifer paukt er Lexikonwissen und schlie\u00dft einen Deal mit Navarra:\u00a0Wenn er gewinnt und dadurch die Pf\u00e4ndung des k\u00f6niglichen Eigentums verhindert, erh\u00e4lt er die H\u00e4lfte aller Besitzt\u00fcmer. Wenn nicht, muss er seinen hohen Freund ins Kloster begleiten.<br \/>\nDoch dann trifft Besuch ein: Eine franz\u00f6sische Prinzessin, die Tochter von Navarras Hauptgl\u00e4ubiger, will sich schon einmal ihr k\u00fcnftiges Schloss anschauen. Nun gilt es, Zeit zu gewinnen. Navarra und sein Hofstaat legen sich m\u00e4chtig ins Zeug und spielen die trockensten Asketen. Aber der Witz und die Sch\u00f6nheit der Prinzessin und ihrer Begleiterinnen machen ihnen rasch einen Strich durch die Rechnung. Nach au\u00dfen hin herrschen noch immer die strengen Keuschheitsgesetzte. Hinter der Fassade f\u00fchren geheime Liebe und verdr\u00e4ngte Lust auf beiden Seiten jedoch zu heftigem Geturtel und Liebesintrigen, wobei sich keiner vom anderen ertappen lassen will.<\/p>\n<p>Ein au\u00dferordentlich vergn\u00fcglicher Krieg der Geschlechter und eine hinrei\u00dfende Verwandlungskom\u00f6die. Vor allem aber ein Fest der Sprache, in dem Shakespeare und seine Co-Autoren die Lust am Formulieren, Ironisieren und Parlieren auf die Spitze treiben.<\/p>\n<p><span style=\"font-size: 14pt;\"><strong>PRESSESTIMMEN<\/strong><\/span><br \/>\n\u201e\u00dcberhaupt versteht es Christiane Wolff sehr \u00fcberzeugend, den dramaturgischen Fluss ohne stockende Verz\u00f6gerungen am Leben zu halten.\u201c &#8211; Marbacher Zeitung &#8211;<\/p>\n<p>\u201eMit leichter Hand verwob die Regie den Shakespeare-Stoff mit eigenen Ideen und zeitgem\u00e4\u00dfer Bez\u00fcgen zu verweben, ohne dass diese fremd wirken w\u00fcrden. (&#8230;) \u2028dessen Sprache blitzte zwar noch hervor, doch f\u00fcr die dramaturgischen und sprachlichen Glanzpunkte sorgte die Bearbeitung.\u201c &#8211; LKZ &#8211;<\/p>\n<p><a href=\"http:\/\/foerderverein-theatersommer.net\/archiv\/wp-content\/uploads\/2003_LiebeLeidLust_3_WEB_fbg.jpg\"><img loading=\"lazy\" decoding=\"async\" class=\"alignleft wp-image-7258 size-thumbnail\" title=\"2003 LiebeLeidLust (Ensemble)\" src=\"http:\/\/foerderverein-theatersommer.net\/archiv\/wp-content\/uploads\/2003_LiebeLeidLust_3_WEB_fbg-175x175.jpg\" alt=\"2003_LiebeLeidLust_3_WEB_fbg\" width=\"175\" height=\"175\" \/><\/a><a href=\"http:\/\/foerderverein-theatersommer.net\/archiv\/wp-content\/uploads\/2003_LiebeLeidLust_1_WEB_fbg.jpg\"><img loading=\"lazy\" decoding=\"async\" class=\"alignleft wp-image-7257 size-thumbnail\" title=\"2003 LiebeLeidLust (Prinzessin von Frankreich\/Mirjam Hamm; Rosaline\/Mimi Schwaiberger)\" src=\"http:\/\/foerderverein-theatersommer.net\/archiv\/wp-content\/uploads\/2003_LiebeLeidLust_1_WEB_fbg-175x175.jpg\" alt=\"2003_LiebeLeidLust_1_WEB_fbg\" width=\"175\" height=\"175\" \/><\/a><a href=\"http:\/\/foerderverein-theatersommer.net\/archiv\/wp-content\/uploads\/2003_Liebe_Leid_Lust_WEB_fbg.jpg\"><img loading=\"lazy\" decoding=\"async\" class=\"alignleft wp-image-7256 size-thumbnail\" title=\"2003 LiebeLeidLust (Biron\/Felix Kuhn; F\u00fcrst von Navarra\/Aki Tougiannidis)\" src=\"http:\/\/foerderverein-theatersommer.net\/archiv\/wp-content\/uploads\/2003_Liebe_Leid_Lust_WEB_fbg-175x175.jpg\" alt=\"2003_Liebe_Leid_Lust_WEB_fbg\" width=\"175\" height=\"175\" \/><\/a><\/p>\n<p><span style=\"color: #808080; font-size: 8pt;\">\u00a0<\/span><\/p>\n<p><span style=\"color: #808080; font-size: 8pt;\">Bildvergr\u00f6\u00dferung: Photo anklicken und \u00fcber re\/li Pfeil weiter<\/span><\/p>\n<p>&nbsp;<\/p>\n<p>&nbsp;<\/p>\n<p><span style=\"font-size: 14pt;\"><strong>ZUSCHAUERZAHLEN<\/strong><\/span><br \/>\n2001: \u00a0 \u00a0\u00a0 2.750 Zuschauer<br \/>\nGesamt: 2.750 Zuschauer<\/p>\n<p><span style=\"text-decoration: underline; color: #339966; font-size: 14pt;\"><strong><a style=\"text-decoration: underline; color: #339966;\" title=\"2002 Kabale + Liebe\" href=\"http:\/\/foerderverein-theatersommer.net\/archiv\/spielplan\/2001-2010\/2002-kabale-liebe\/\">n\u00e4chstes St\u00fcck<\/a><\/strong><\/span><\/p>\n","protected":false},"excerpt":{"rendered":"<p>LIEBE LEID LUST frei nach William Shakespeares &#8222;Love&#8217;s Labour&#8217;s Lost&#8220; Konzeption\/Bearbeitung: C. Wolff Ein Fest der Sprache! Regie: Christiane Wolff&#8230; <span class=\"read-more\"><a href=\"https:\/\/foerderverein-theatersommer.net\/archiv\/spielplan\/2001-2010\/liebeleidlust\/\" class=\"button button-darkgray small\"> Continue Reading &rarr; <\/a><\/span><\/p>\n","protected":false},"author":3,"featured_media":9713,"parent":3438,"menu_order":2,"comment_status":"closed","ping_status":"closed","template":"","meta":{"footnotes":""},"_links":{"self":[{"href":"https:\/\/foerderverein-theatersommer.net\/archiv\/wp-json\/wp\/v2\/pages\/6293"}],"collection":[{"href":"https:\/\/foerderverein-theatersommer.net\/archiv\/wp-json\/wp\/v2\/pages"}],"about":[{"href":"https:\/\/foerderverein-theatersommer.net\/archiv\/wp-json\/wp\/v2\/types\/page"}],"author":[{"embeddable":true,"href":"https:\/\/foerderverein-theatersommer.net\/archiv\/wp-json\/wp\/v2\/users\/3"}],"replies":[{"embeddable":true,"href":"https:\/\/foerderverein-theatersommer.net\/archiv\/wp-json\/wp\/v2\/comments?post=6293"}],"version-history":[{"count":9,"href":"https:\/\/foerderverein-theatersommer.net\/archiv\/wp-json\/wp\/v2\/pages\/6293\/revisions"}],"predecessor-version":[{"id":10412,"href":"https:\/\/foerderverein-theatersommer.net\/archiv\/wp-json\/wp\/v2\/pages\/6293\/revisions\/10412"}],"up":[{"embeddable":true,"href":"https:\/\/foerderverein-theatersommer.net\/archiv\/wp-json\/wp\/v2\/pages\/3438"}],"wp:featuredmedia":[{"embeddable":true,"href":"https:\/\/foerderverein-theatersommer.net\/archiv\/wp-json\/wp\/v2\/media\/9713"}],"wp:attachment":[{"href":"https:\/\/foerderverein-theatersommer.net\/archiv\/wp-json\/wp\/v2\/media?parent=6293"}],"curies":[{"name":"wp","href":"https:\/\/api.w.org\/{rel}","templated":true}]}}