{"id":6434,"date":"2014-11-26T11:22:35","date_gmt":"2014-11-26T11:22:35","guid":{"rendered":"http:\/\/foerderverein-theatersommer.net\/archiv\/?page_id=6434"},"modified":"2024-04-30T12:49:23","modified_gmt":"2024-04-30T12:49:23","slug":"6434-2","status":"publish","type":"page","link":"https:\/\/foerderverein-theatersommer.net\/archiv\/spielplan\/2001-2010\/6434-2\/","title":{"rendered":"<br\/>2002 &#8211; Down by Love<br\/><br\/><br\/>"},"content":{"rendered":"<p><span style=\"font-size: 18pt;\"><strong>DOWN BY LOVE<\/strong><\/span><br \/>\nfrei nach dem Filmklassiker \u201eDown by Law\u201c von Jim Jarmusch<br \/>\n<span style=\"font-size: 10pt;\">Konzeption\/Bearbeitung: P. Kratz<\/span><\/p>\n<h3><span style=\"font-size: 24pt;\">Musical, Krimi und Roadmovie<\/span><\/h3>\n<p>Regie: Christiane Wolff<br \/>\nB\u00fchne: Carl Bauer<br \/>\nKost\u00fcm: Steph Schneider<br \/>\nChoreographie: Thomas Marek<br \/>\nBesetzung: Mirjam Hamm, Peter Kratz, Thomas Marek<\/p>\n<p><strong><span style=\"font-size: 14pt;\">KONZEPTION<\/span><\/strong><br \/>\nDer Kultfilm \u201eDown by Law\u201c war die Vorlage der Theatersommer-Adaption.<br \/>\nDoch die Bearbeitung war viel mehr als die Kopie des Films. In einer einzigartigen Verbindung aus Musical, Krimi und Roadmovie konnte das St\u00fcck v\u00f6llig neue Akzente setzen. Die Theatersommer-Fassung hat einer herk\u00f6mmlichen Schauspieladaption nicht nur die Erweiterung ihrer Ausdrucksmittel voraus. Sie setzte visuelle Akzente, die jede andere B\u00fchne \u00fcberfordern. Denn wo Jarmusch beeindruckend abrupt von der Gef\u00e4ngniszelle in die endlosen Mangrovens\u00fcmpfe wechselt, trumpft der urw\u00fcchsige Theatergarten auf &#8211; als eigenes authentisches St\u00fcck Wildnis.<\/p>\n<p><span style=\"font-size: 14pt;\"><strong>PRESSESTIMMEN<\/strong><\/span><br \/>\n\u201eEin gutes St\u00fcck, das Tempo besitzt, aber auch bei Lagerfeuerromantik verschnauft, das mit Wortwitz aufwartet und mit am\u00fcsanten Choreografien. \u201cDown by Love\u201c ist Musical, und romantische Kom\u00f6die, erinnert an Fred Astaire und Gangsterfilm, an Roadmovie und Gef\u00e4ngnistrag\u00f6die &#8211; und ist eigentlich doch nur eine kleine liebevolle Theaterproduktion mit viel Charme und noch mehr Witz\u201c &#8211; Stuttgarter Zeitung &#8211;<\/p>\n<p>&#8222;Geschickt weicht die Regie von der filmischen Vorlage ab und gibt durch den Geschlechtertausch dem Dreiecksverh\u00e4ltnis einen stets pr\u00e4senten, erotischen und durchaus brisanten Unterton. Mit ihrem erfrischenden Humor und einigen ernsten Zwischent\u00f6nen l\u00e4sst diese Theatersommer-Fassung nichts zu w\u00fcnschen \u00fcbrig!&#8220; &#8211; Leonberger Kreiszeitung &#8211;<\/p>\n<p>&#8222;Anspruchsvolles und spannendes Stepp-Tanz-Theater im Cluss-Garten! Dabei zeigte der Theatersommer keine Kopie des Kultfilms von Jim Jarmusch, sondern eine eigenst\u00e4ndige und sehr gelungene Neuinszenierung.&#8220; &#8211; Moritz &#8211;<\/p>\n<p><a href=\"http:\/\/foerderverein-theatersommer.net\/archiv\/wp-content\/uploads\/2002_Down_by_Love_Jack_Zack.jpg\"><img loading=\"lazy\" decoding=\"async\" class=\"alignleft wp-image-7103 size-thumbnail\" title=\"2002 Down by Love (Jack\/Thomas Marek; Zack\/Peter Kratz)\" src=\"http:\/\/foerderverein-theatersommer.net\/archiv\/wp-content\/uploads\/2002_Down_by_Love_Jack_Zack-175x175.jpg\" alt=\"2002_Down_by_Love_Jack_Zack\" width=\"175\" height=\"175\" \/><\/a><a href=\"http:\/\/foerderverein-theatersommer.net\/archiv\/wp-content\/uploads\/2002_Down_by_Love_Sumpf.jpg\"><img loading=\"lazy\" decoding=\"async\" class=\"alignleft wp-image-7104 size-thumbnail\" title=\"2002 Down by Love (Ensemble)\" src=\"http:\/\/foerderverein-theatersommer.net\/archiv\/wp-content\/uploads\/2002_Down_by_Love_Sumpf-175x175.jpg\" alt=\"2002_Down_by_Love_Sumpf\" width=\"175\" height=\"175\" \/><\/a><a href=\"http:\/\/foerderverein-theatersommer.net\/archiv\/wp-content\/uploads\/2002_Down_by_Love_Jump.jpg\"><img loading=\"lazy\" decoding=\"async\" class=\"alignleft wp-image-7105 size-thumbnail\" title=\"2002 Down by Love (Ensemble)\" src=\"http:\/\/foerderverein-theatersommer.net\/archiv\/wp-content\/uploads\/2002_Down_by_Love_Jump-175x175.jpg\" alt=\"2002_Down_by_Love_Jump\" width=\"175\" height=\"175\" \/><\/a><\/p>\n<p>&nbsp;<\/p>\n<p>&nbsp;<\/p>\n<p><span style=\"font-size: 8pt;\">Bildvergr\u00f6\u00dferung: Photo anklicken und \u00fcber re\/li Pfeil weiter<\/span><\/p>\n<p>&nbsp;<\/p>\n<p><span style=\"font-size: 14pt;\"><strong>ZUSCHAUERZAHLEN\u00a0<\/strong><\/span><br \/>\n2002: \u00a0 \u00a0 \u00a0 \u00a0 \u00a0 \u00a0 \u00a0 1.850 Zuschauer<br \/>\n2003: \u00a0 \u00a0 \u00a0 \u00a0 \u00a0 \u00a0 \u00a0 1.613 Zuschauer<br \/>\n2005:\u00a0\u00a0\u00a0\u00a0\u00a0\u00a0\u00a0\u00a0\u00a0\u00a0\u00a0\u00a0\u00a0\u00a0\u00a0\u00a0 400 Zuschauer<br \/>\n2006:\u00a0\u00a0\u00a0\u00a0\u00a0\u00a0\u00a0\u00a0\u00a0\u00a0\u00a0\u00a0\u00a0\u00a0\u00a0\u00a0 427 Zuschauer<br \/>\nGesamt: \u00a0\u00a0 \u00a0\u00a0\u00a0\u00a0 4.290 Zuschauer<\/p>\n<p><span style=\"text-decoration: underline; font-size: 14pt; color: #339966;\"><strong><a style=\"color: #339966; text-decoration: underline;\" title=\"2003 \u2013 Don Carlos und die 1001. Nacht\" href=\"http:\/\/foerderverein-theatersommer.net\/archiv\/spielplan\/2001-2010\/2003-don-carlos-und-die-1001-nacht\/\">n\u00e4chstes St\u00fcck<\/a><\/strong><\/span><\/p>\n","protected":false},"excerpt":{"rendered":"<p>DOWN BY LOVE frei nach dem Filmklassiker \u201eDown by Law\u201c von Jim Jarmusch Konzeption\/Bearbeitung: P. Kratz Musical, Krimi und Roadmovie&#8230; <span class=\"read-more\"><a href=\"https:\/\/foerderverein-theatersommer.net\/archiv\/spielplan\/2001-2010\/6434-2\/\" class=\"button button-darkgray small\"> Continue Reading &rarr; <\/a><\/span><\/p>\n","protected":false},"author":1,"featured_media":9724,"parent":3438,"menu_order":5,"comment_status":"closed","ping_status":"closed","template":"","meta":{"footnotes":""},"_links":{"self":[{"href":"https:\/\/foerderverein-theatersommer.net\/archiv\/wp-json\/wp\/v2\/pages\/6434"}],"collection":[{"href":"https:\/\/foerderverein-theatersommer.net\/archiv\/wp-json\/wp\/v2\/pages"}],"about":[{"href":"https:\/\/foerderverein-theatersommer.net\/archiv\/wp-json\/wp\/v2\/types\/page"}],"author":[{"embeddable":true,"href":"https:\/\/foerderverein-theatersommer.net\/archiv\/wp-json\/wp\/v2\/users\/1"}],"replies":[{"embeddable":true,"href":"https:\/\/foerderverein-theatersommer.net\/archiv\/wp-json\/wp\/v2\/comments?post=6434"}],"version-history":[{"count":14,"href":"https:\/\/foerderverein-theatersommer.net\/archiv\/wp-json\/wp\/v2\/pages\/6434\/revisions"}],"predecessor-version":[{"id":10425,"href":"https:\/\/foerderverein-theatersommer.net\/archiv\/wp-json\/wp\/v2\/pages\/6434\/revisions\/10425"}],"up":[{"embeddable":true,"href":"https:\/\/foerderverein-theatersommer.net\/archiv\/wp-json\/wp\/v2\/pages\/3438"}],"wp:featuredmedia":[{"embeddable":true,"href":"https:\/\/foerderverein-theatersommer.net\/archiv\/wp-json\/wp\/v2\/media\/9724"}],"wp:attachment":[{"href":"https:\/\/foerderverein-theatersommer.net\/archiv\/wp-json\/wp\/v2\/media?parent=6434"}],"curies":[{"name":"wp","href":"https:\/\/api.w.org\/{rel}","templated":true}]}}