{"id":6439,"date":"2014-11-26T11:26:13","date_gmt":"2014-11-26T11:26:13","guid":{"rendered":"http:\/\/foerderverein-theatersommer.net\/archiv\/?page_id=6439"},"modified":"2024-04-20T08:40:23","modified_gmt":"2024-04-20T08:40:23","slug":"2002-urmel-aus-dem-eis-2","status":"publish","type":"page","link":"https:\/\/foerderverein-theatersommer.net\/archiv\/spielplan\/kindertheater\/2002-urmel-aus-dem-eis-2\/","title":{"rendered":"<br\/>2002 &#8211; Urmel aus dem Eis<br\/><br\/>"},"content":{"rendered":"<p><span style=\"font-size: 18pt;\"><strong>URMEL AUS DEM EIS<\/strong><\/span><br \/>\nKindertheater frei nach Max Kruse<br \/>\nBearbeitung:\u2028\u2028 C. Wolff<\/p>\n<h3><span style=\"font-size: 24pt;\">Urmel-p\u00e4dagogisch wertvoll!<\/span><\/h3>\n<p>REGIE: Christiane Wolff<br \/>\nKOST\u00dcM: Moni Gebauer<br \/>\nBESETZUNG:<br \/>\n2002\/03: Sandra Lava, Sabine Menne, Daniel Montoya<br \/>\n2010: Fabio Esposito, Norbert Holoubek, Diana Mayer, Sabine Menne<br \/>\n2018: Sasha Bornemann, Johanna Kr\u00fcger, Stefan M\u00fcller-Doriat, Ronja Schweikert<\/p>\n<p><span style=\"font-size: 14pt;\"><strong>KONZEPTION\/INHALT<\/strong><\/span><br \/>\nIm ersten von Kruses elf Romanen bringt ein Neuank\u00f6mmling das geruhsame Leben des Zoologen Professor Tibatong und seiner tierischen Sprachsch\u00fcler geh\u00f6rig durcheinander: Ein Eisberg treibt an die K\u00fcste von Titiwu. Im Eis verbirgt sich ein Ei, aus dem kurz darauf das Dinosaurierbaby Urmel schl\u00fcpft.<br \/>\nEine Sensation, die Tibatong unvorsichtigerweise nicht f\u00fcr sich beh\u00e4lt. Und schon r\u00fcckt der b\u00f6se K\u00f6nig Pumponell mit seinem Fangnetz an, um das Urmel in seine Gewalt zu bringen. Doch er hat den Professor und seine Freunde untersch\u00e4tzt&#8230;<br \/>\nKinderbuch-\u201eKlassiker\u201c, gibt es das? Aber ja: Max Kruses Urmel-Geschichten und die liebevolle Umsetzung der Augsburger Puppenkiste haben Generationen von Kindern gepr\u00e4gt. Wohl wenige Geschichten versetzen uns so unmittelbar in die Kindheit zur\u00fcck wie die Insel Titiwu und ihre liebenswerten Bewohner: der zerstreute Professor Habakuk Tibatong, das putzw\u00fctige Schwein Wutz, der Mupfel-verliebte Pinguin Ping, der Waran Wawa und Seeelefant mit seinen traur\u00f6g\u00f6n L\u00f6d\u00f6rn. Als Erwachsene erkennen wir, was uns an Urmel so fasziniert hat: die spannende Geschichte von der fehlenden Achtung vor der Natur und den gro\u00dfen und kleinen Problemen einer multikulturellen Familie. Die komische Geschichte von den Grenzen der Sprache und der M\u00f6glichkeit, an Dinge zu glauben, die gar nicht existieren. Kinder dagegen geben sich einfach der Spannung und dem Witz von Urmel hin \u2013 lustvoll, am\u00fcsiert und ganz entschieden parteiisch.<\/p>\n<p><span style=\"font-size: 14pt;\"><strong>PRESSESTIMMEN<\/strong><\/span><br \/>\n<strong>Runde schauspielerische Leistung<\/strong><br \/>\n\u201eEine runde schauspielerische Leistung, mancher h\u00fcbsche Regieeinfall, einige freche Kommentare am Rande, ein klein wenig P\u00e4dagogik und viel Spa\u00df.\u201c \u2013 Stuttgarter Zeitung &#8211;<\/p>\n<p><strong>Wie aus einem Guss<\/strong><br \/>\n\u201eKindgerecht und dramaturgisch wie aus einem Guss.\u201c \u2013 Marbacher Zeitung &#8211;<\/p>\n<p><a href=\"http:\/\/foerderverein-theatersommer.net\/archiv\/wp-content\/uploads\/WA_2010_Urmel_1_WEB.jpg\"><img loading=\"lazy\" decoding=\"async\" class=\"alignleft wp-image-7717 size-thumbnail\" title=\"Urmel aus dem Eis (Wutz\/ Diana Mayer) - THS 2010 - Foto \u00a9 by Robert Crassie\" src=\"http:\/\/foerderverein-theatersommer.net\/archiv\/wp-content\/uploads\/WA_2010_Urmel_1_WEB-175x175.jpg\" alt=\"WA_2010_Urmel_1_WEB\" width=\"175\" height=\"175\" \/><\/a><a href=\"http:\/\/foerderverein-theatersommer.net\/archiv\/wp-content\/uploads\/WA_2010_Urmel_2_WEB.jpg\"><img loading=\"lazy\" decoding=\"async\" class=\"alignleft wp-image-7716 size-thumbnail\" title=\"Urmel aus dem Eis (Urmel\/ Sabine Menne) - THS 2010 - Foto \u00a9 by Robert Crassie\" src=\"http:\/\/foerderverein-theatersommer.net\/archiv\/wp-content\/uploads\/WA_2010_Urmel_2_WEB-175x175.jpg\" alt=\"WA_2010_Urmel_2_WEB\" width=\"175\" height=\"175\" \/><\/a><a href=\"http:\/\/foerderverein-theatersommer.net\/archiv\/wp-content\/uploads\/2002_Urmel_4_WEB.jpg\"><img loading=\"lazy\" decoding=\"async\" class=\"alignleft wp-image-7719 size-thumbnail\" title=\"Urmel aus dem Eis (Professor Tibatong\/ N. Holoubek, Urmel\/ S. Menne) - THS 2010 - Foto \u00a9 by Robert Crassie\" src=\"http:\/\/foerderverein-theatersommer.net\/archiv\/wp-content\/uploads\/2002_Urmel_4_WEB-175x175.jpg\" alt=\"2002_Urmel_4_WEB\" width=\"175\" height=\"175\" \/><\/a><a href=\"http:\/\/foerderverein-theatersommer.net\/archiv\/wp-content\/uploads\/2002_Urmel_6_WEB.jpg\"><img loading=\"lazy\" decoding=\"async\" class=\"alignleft wp-image-7721 size-thumbnail\" title=\"Urmel aus dem Eis (Urmel\/ Sabine Menne) - THS 2002 - Foto \u00a9 by Robert Crassie\" src=\"http:\/\/foerderverein-theatersommer.net\/archiv\/wp-content\/uploads\/2002_Urmel_6_WEB-175x175.jpg\" alt=\"2002_Urmel_6_WEB\" width=\"175\" height=\"175\" \/><\/a><a href=\"http:\/\/foerderverein-theatersommer.net\/archiv\/wp-content\/uploads\/2002_Urmel_5-WEB.jpg\"><img loading=\"lazy\" decoding=\"async\" class=\"alignleft wp-image-7720 size-thumbnail\" title=\"Urmel aus dem Eis (Ensemble) - THS 2002 - Foto \u00a9 by Robert Crassie\" src=\"http:\/\/foerderverein-theatersommer.net\/archiv\/wp-content\/uploads\/2002_Urmel_5-WEB-175x175.jpg\" alt=\"2002_Urmel_5-WEB\" width=\"175\" height=\"175\" \/><\/a><a href=\"http:\/\/foerderverein-theatersommer.net\/archiv\/wp-content\/uploads\/WA_2010_Urmel_3.jpg\"><img loading=\"lazy\" decoding=\"async\" class=\"alignleft wp-image-7718 size-thumbnail\" title=\"Urmel aus dem Eis (Ensemble) - THS 2010 - Foto \u00a9 by Robert Crassie\" src=\"http:\/\/foerderverein-theatersommer.net\/archiv\/wp-content\/uploads\/WA_2010_Urmel_3-175x175.jpg\" alt=\"WA_2010_Urmel_3\" width=\"175\" height=\"175\" \/><\/a><\/p>\n<p>&nbsp;<\/p>\n<p>&nbsp;<\/p>\n<p>&nbsp;<\/p>\n<p>&nbsp;<\/p>\n<p><span style=\"color: #808080;\"><span style=\"color: #808080; font-size: 8pt;\">Bildvergr\u00f6\u00dferung: Foto anklicken und \u00fcber re\/li Pfeil weiter<\/span><\/span><\/p>\n<p>&nbsp;<\/p>\n<p><span style=\"font-size: 14pt;\"><strong>ZUSCHAUERZAHLEN<\/strong><\/span><br \/>\n2002:\u00a0\u00a0\u00a0\u00a0 1.630 Zuschauende<br \/>\n2003:\u00a0\u00a0\u00a0\u00a0 1.233 Zuschauende<br \/>\n2010:\u00a0\u00a0\u00a0\u00a0 2.438 Zuschauende<br \/>\n2018: \u00a0 \u00a0 2.388 Zuschauende<\/p>\n<p>\nGesamt: 7.689 Zuschauer<\/p>\n<p><span style=\"text-decoration: underline; color: #ff6600;\"><span style=\"font-size: 14pt;\"><strong><a style=\"color: #ff6600;\" title=\"2005 \u2013 Der R\u00e4uber Hotzenplotz\" href=\"http:\/\/foerderverein-theatersommer.net\/archiv\/spielplan\/kindertheater\/raeuber-hotzenplotz\/\">N\u00e4chstes St\u00fcck<\/a><\/strong><\/span><\/span><\/p>\n","protected":false},"excerpt":{"rendered":"<p>URMEL AUS DEM EIS Kindertheater frei nach Max Kruse Bearbeitung:\u2028\u2028 C. Wolff Urmel-p\u00e4dagogisch wertvoll! REGIE: Christiane Wolff KOST\u00dcM: Moni Gebauer&#8230; <span class=\"read-more\"><a href=\"https:\/\/foerderverein-theatersommer.net\/archiv\/spielplan\/kindertheater\/2002-urmel-aus-dem-eis-2\/\" class=\"button button-darkgray small\"> Continue Reading &rarr; <\/a><\/span><\/p>\n","protected":false},"author":1,"featured_media":10335,"parent":1583,"menu_order":1,"comment_status":"closed","ping_status":"closed","template":"","meta":{"footnotes":""},"_links":{"self":[{"href":"https:\/\/foerderverein-theatersommer.net\/archiv\/wp-json\/wp\/v2\/pages\/6439"}],"collection":[{"href":"https:\/\/foerderverein-theatersommer.net\/archiv\/wp-json\/wp\/v2\/pages"}],"about":[{"href":"https:\/\/foerderverein-theatersommer.net\/archiv\/wp-json\/wp\/v2\/types\/page"}],"author":[{"embeddable":true,"href":"https:\/\/foerderverein-theatersommer.net\/archiv\/wp-json\/wp\/v2\/users\/1"}],"replies":[{"embeddable":true,"href":"https:\/\/foerderverein-theatersommer.net\/archiv\/wp-json\/wp\/v2\/comments?post=6439"}],"version-history":[{"count":9,"href":"https:\/\/foerderverein-theatersommer.net\/archiv\/wp-json\/wp\/v2\/pages\/6439\/revisions"}],"predecessor-version":[{"id":10337,"href":"https:\/\/foerderverein-theatersommer.net\/archiv\/wp-json\/wp\/v2\/pages\/6439\/revisions\/10337"}],"up":[{"embeddable":true,"href":"https:\/\/foerderverein-theatersommer.net\/archiv\/wp-json\/wp\/v2\/pages\/1583"}],"wp:featuredmedia":[{"embeddable":true,"href":"https:\/\/foerderverein-theatersommer.net\/archiv\/wp-json\/wp\/v2\/media\/10335"}],"wp:attachment":[{"href":"https:\/\/foerderverein-theatersommer.net\/archiv\/wp-json\/wp\/v2\/media?parent=6439"}],"curies":[{"name":"wp","href":"https:\/\/api.w.org\/{rel}","templated":true}]}}