{"id":6446,"date":"2014-11-26T11:36:48","date_gmt":"2014-11-26T11:36:48","guid":{"rendered":"http:\/\/foerderverein-theatersommer.net\/archiv\/?page_id=6446"},"modified":"2024-06-17T08:31:10","modified_gmt":"2024-06-17T08:31:10","slug":"2003-diener-zweier-herren","status":"publish","type":"page","link":"https:\/\/foerderverein-theatersommer.net\/archiv\/spielplan\/2001-2010\/2003-diener-zweier-herren\/","title":{"rendered":"<br\/>2003 &#8211; Diener zweier Herren<br\/><br\/>"},"content":{"rendered":"<p><span style=\"font-size: 18pt;\"><strong>DER DIENER ZWEIER HERREN<\/strong><\/span><br \/>\nfrei nach Goldoni<br \/>\n<span style=\"font-size: 10pt;\">Konzeption\/Bearbeitung: C. Wolff<\/span><\/p>\n<h3><span style=\"font-size: 24pt;\">Dolce Vita, Musik &amp; Liebe<\/span><\/h3>\n<p>Regie: Christiane Wolff<br \/>\nKost\u00fcm: Steph Schneider<br \/>\nMusikauswahl\/Lyrics Cover-Versionen: Peter Kratz<br \/>\nBesetzung: Giuliana de Carlo(2003)\/Diana Gantner(2005), Norbert Holoubek, Sabine Menne, Stefan Plepp<\/p>\n<p><span style=\"font-size: 14pt;\"><strong>KONZEPTION<\/strong><\/span><br \/>\nWer fr\u00fcher zwei Herren dienen musste, hat heute zwei Jobs. Mindestens. Abgebrannt und arbeitslos, sucht auch Goldonis Hauptfigur, der Diener Truffaldino, sein Heil bei mehreren Arbeitgebern &#8211; immer hungrig nach Dolce Vita, Musik und Liebe.<\/p>\n<p>Die Theatersommer-Bearbeitung serviert die Geschichte des \u201eDieners zweier Herren\u201c als Gala-Programm eines temperamentvoll-schr\u00e4gen &lt;&lt;Commedia-Zirkus&gt;&gt;, in dem die Teller fliegen, Lieder geschmettert werden und allerlei Kunstst\u00fccke der Liebe die Manege verzaubern. Doch hinter dieser turbulenten Kom\u00f6die voll clownesker Improvisationen, melodramatischer Gef\u00fchle und wahnwitziger Verwechslungen verstecken sich auch viele gesellschaftspolitische Aspekte und Anspielungen, die schon Theatermacher wie Brecht und Strehler faszinierten. So winkt als Pr\u00e4mie f\u00fcr den ertragreichen B\u00f6rsentipp eine Heirat mit der Tochter des Finanzhais Pantalone. Wenn sich die Tochter nur nicht in einen anderen verliebt h\u00e4tte. Die junge Beatrice muss sich in finanzieller Not als ihr toter Bruder verkleiden, um dessen Schulden bei Pantalone einzutreiben. Dass sie mit den Schulden auch noch eine Braut bekommt, stiftet zus\u00e4tzliche Verwirrung und Eifersucht. Zum (Un)gl\u00fcck engagiert der traurige Geliebte Beatrices, der sie verzweifelt sucht und wegen Mordes an ihrem Bruder auf der Flucht ist, ausgerechnet an denselben Diener wie seine Angebetete&#8230; (Brunetti hilf!)<br \/>\nWie sich zum guten Schluss trotzdem alle Paare fanden, sollte sich das Publikum an einem lauen Sommerabend im Cluss-Garten erz\u00e4hlen lassen. In der temporeichen und zirzensischen Theatersommer-Version von Goldonis Commedia-dell\u2018arte-Klassiker.<\/p>\n<p><span style=\"font-size: 14pt;\"><strong>PRESSESTIMMEN<\/strong><\/span><br \/>\n\u201eUmwerfend&#8230; mit fellineskem Charme und dem Schwung der Loren! Ein bravour\u00f6ses Ensemble.\u201c &#8211; Stuttgarter Zeitung &#8211;<\/p>\n<p>\u201eWitz, Komik, Clownerie &#8211; ein begeistertes Publikum\u201c &#8211; Bietigheimer Zeitung &#8211;<\/p>\n<p>\u201eUnwiderstehliche Komik!\u201c &#8211; Ludwigsburger Kreiszeitung &#8211;<\/p>\n<p>\u201eEin Feuerwerk zirzensischer Clownerien!\u201c &#8211; Stuttgarter Nachrichten &#8211;<\/p>\n<p><a href=\"http:\/\/foerderverein-theatersommer.net\/archiv\/wp-content\/uploads\/2003_Diener_3_WEB.jpg\"><img loading=\"lazy\" decoding=\"async\" class=\"alignleft wp-image-7280 size-thumbnail\" title=\"2003 Diener zweier Herren (Rudolfo Rasponi\/Sabine Menne; Truffaldino\/Stefan Plepp)\" src=\"http:\/\/foerderverein-theatersommer.net\/archiv\/wp-content\/uploads\/2003_Diener_3_WEB-175x175.jpg\" alt=\"2003_Diener_3_WEB\" width=\"175\" height=\"175\" \/><\/a><a href=\"http:\/\/foerderverein-theatersommer.net\/archiv\/wp-content\/uploads\/2003_Diener_2_WEB.jpg\"><img loading=\"lazy\" decoding=\"async\" class=\"alignleft wp-image-7278 size-thumbnail\" title=\"2003 Diener zweier Herren (Ensemble)\" src=\"http:\/\/foerderverein-theatersommer.net\/archiv\/wp-content\/uploads\/2003_Diener_2_WEB-175x175.jpg\" alt=\"2003_Diener_2_WEB\" width=\"175\" height=\"175\" \/><\/a><a href=\"http:\/\/foerderverein-theatersommer.net\/archiv\/wp-content\/uploads\/2003_Diener_6_WA2010_WEB.jpg\"><img loading=\"lazy\" decoding=\"async\" class=\"alignleft wp-image-7275 size-thumbnail\" title=\"2003 Diener zweier Herren (Rudolfo Rasponi\/Sabine Menne)\" src=\"http:\/\/foerderverein-theatersommer.net\/archiv\/wp-content\/uploads\/2003_Diener_6_WA2010_WEB-175x175.jpg\" alt=\"2003_Diener_6_WA2010_WEB\" width=\"175\" height=\"175\" \/><\/a><a href=\"http:\/\/foerderverein-theatersommer.net\/archiv\/wp-content\/uploads\/2003_Diener_4_WEB.jpg\"><img loading=\"lazy\" decoding=\"async\" class=\"alignleft wp-image-7273 size-thumbnail\" title=\"2003 Diener zweier Herren (Rudolfo Rasponi\/Sabine Menne; Truffaldino\/Stefan Plepp)\" src=\"http:\/\/foerderverein-theatersommer.net\/archiv\/wp-content\/uploads\/2003_Diener_4_WEB-175x175.jpg\" alt=\"2003_Diener_4_WEB\" width=\"175\" height=\"175\" \/><\/a><a href=\"http:\/\/foerderverein-theatersommer.net\/archiv\/wp-content\/uploads\/2003_Diener_5_WEB.jpg\"><img loading=\"lazy\" decoding=\"async\" class=\"alignleft wp-image-7274 size-thumbnail\" title=\"2003 Diener zweier Herren (Truffaldino\/Stefan Plepp)\" src=\"http:\/\/foerderverein-theatersommer.net\/archiv\/wp-content\/uploads\/2003_Diener_5_WEB-175x175.jpg\" alt=\"2003_Diener_5_WEB\" width=\"175\" height=\"175\" \/><\/a><a href=\"http:\/\/foerderverein-theatersommer.net\/archiv\/wp-content\/uploads\/2003_Diener_1_WEB.jpg\"><img loading=\"lazy\" decoding=\"async\" class=\"alignleft wp-image-7272 size-thumbnail\" title=\"2003 Diener zweier Herren (Rudolfo Rasponi\/Sabine Menne)\" src=\"http:\/\/foerderverein-theatersommer.net\/archiv\/wp-content\/uploads\/2003_Diener_1_WEB-175x175.jpg\" alt=\"2003_Diener_1_WEB\" width=\"175\" height=\"175\" \/><\/a><\/p>\n<p><span style=\"color: #808080; font-size: 8pt;\">\u00a0<\/span><\/p>\n<p>&nbsp;<\/p>\n<p>&nbsp;<\/p>\n<p>&nbsp;<\/p>\n<p>&nbsp;<\/p>\n<p>&nbsp;<\/p>\n<p><span style=\"color: #808080; font-size: 8pt;\">Bildvergr\u00f6\u00dferung: Photo anklicken und \u00fcber re\/li Pfeil weiter<\/span><\/p>\n<p>ZUSCHAUERZAHLEN<br \/>\n2003:\u00a0\u00a0\u00a0\u00a0\u00a0 4.719 Zuschauer<br \/>\n2005:\u00a0\u00a0\u00a0\u00a0\u00a0 1.520 Zuschauer<br \/>\nGesamt: 6.239 Zuschauer<\/p>\n<p><span style=\"text-decoration: underline; font-size: 14pt;\"><strong><a style=\"color: #800000; text-decoration: underline;\" title=\"2004 \u2013 Faust\" href=\"http:\/\/foerderverein-theatersommer.net\/archiv\/spielplan\/2001-2010\/2004-faust\/\"><span style=\"color: #339966; text-decoration: underline;\">n<\/span><span style=\"color: #339966; text-decoration: underline;\">\u00e4chstes St\u00fcck<\/span><\/a><\/strong><\/span><\/p>\n","protected":false},"excerpt":{"rendered":"<p>DER DIENER ZWEIER HERREN frei nach Goldoni Konzeption\/Bearbeitung: C. Wolff Dolce Vita, Musik &amp; Liebe Regie: Christiane Wolff Kost\u00fcm: Steph&#8230; <span class=\"read-more\"><a href=\"https:\/\/foerderverein-theatersommer.net\/archiv\/spielplan\/2001-2010\/2003-diener-zweier-herren\/\" class=\"button button-darkgray small\"> Continue Reading &rarr; <\/a><\/span><\/p>\n","protected":false},"author":1,"featured_media":9717,"parent":3438,"menu_order":6,"comment_status":"closed","ping_status":"closed","template":"","meta":{"footnotes":""},"_links":{"self":[{"href":"https:\/\/foerderverein-theatersommer.net\/archiv\/wp-json\/wp\/v2\/pages\/6446"}],"collection":[{"href":"https:\/\/foerderverein-theatersommer.net\/archiv\/wp-json\/wp\/v2\/pages"}],"about":[{"href":"https:\/\/foerderverein-theatersommer.net\/archiv\/wp-json\/wp\/v2\/types\/page"}],"author":[{"embeddable":true,"href":"https:\/\/foerderverein-theatersommer.net\/archiv\/wp-json\/wp\/v2\/users\/1"}],"replies":[{"embeddable":true,"href":"https:\/\/foerderverein-theatersommer.net\/archiv\/wp-json\/wp\/v2\/comments?post=6446"}],"version-history":[{"count":9,"href":"https:\/\/foerderverein-theatersommer.net\/archiv\/wp-json\/wp\/v2\/pages\/6446\/revisions"}],"predecessor-version":[{"id":11377,"href":"https:\/\/foerderverein-theatersommer.net\/archiv\/wp-json\/wp\/v2\/pages\/6446\/revisions\/11377"}],"up":[{"embeddable":true,"href":"https:\/\/foerderverein-theatersommer.net\/archiv\/wp-json\/wp\/v2\/pages\/3438"}],"wp:featuredmedia":[{"embeddable":true,"href":"https:\/\/foerderverein-theatersommer.net\/archiv\/wp-json\/wp\/v2\/media\/9717"}],"wp:attachment":[{"href":"https:\/\/foerderverein-theatersommer.net\/archiv\/wp-json\/wp\/v2\/media?parent=6446"}],"curies":[{"name":"wp","href":"https:\/\/api.w.org\/{rel}","templated":true}]}}