{"id":6448,"date":"2014-11-26T11:40:30","date_gmt":"2014-11-26T11:40:30","guid":{"rendered":"http:\/\/foerderverein-theatersommer.net\/archiv\/?page_id=6448"},"modified":"2024-04-30T12:47:23","modified_gmt":"2024-04-30T12:47:23","slug":"2003-don-carlos-und-die-1001-nacht","status":"publish","type":"page","link":"https:\/\/foerderverein-theatersommer.net\/archiv\/spielplan\/2001-2010\/2003-don-carlos-und-die-1001-nacht\/","title":{"rendered":"<\/br>2003 &#8211; Don Carlos und die 1001. Nacht<\/br><\/br>"},"content":{"rendered":"<p><span style=\"font-size: 18pt;\"><strong>DON CARLOS &amp; DIE 1001. NACHT<\/strong><\/span><br \/>\nfrei nach Friedrich Schiller<br \/>\nBearbeitung: P. Kratz<\/p>\n<h3><span style=\"font-size: 24pt;\">Liebestrag\u00f6die und Polit-Thriller<\/span><\/h3>\n<p>Regie: Peter Kratz<br \/>\nKost\u00fcm: Steph Schneider<br \/>\nB\u00fchne: Carl Bauer<br \/>\nBesetzung: Mirjam Hamm, Irmtraud Hetz, Norbert Holoubek, Sabine Menne,\u00a0Stefan Plepp, Stefan Rihl<\/p>\n<p><span style=\"font-size: 14pt;\"><strong>KONZEPTION<\/strong><\/span><br \/>\nIn \u201eDon Carlos\u201c vermischt sich privates und politisches Drama auf brisante Weise. Eine explosive Konstellation, die eine Theatersommer-typische Bearbeitung geradezu herausfordert. Vom Spanien des 16. Jahrhundert wird die Handlung ins Hier und Jetzt verlegt und den Figuren durch ihre m\u00e4rchenhaften Beziehungen ein poetischer Zauber aus der Welt von tausendundeiner Nacht verliehen. B\u00fchne frei also f\u00fcr Philipp, Pr\u00e4sident der Western World mit seiner arabischen First Lady Elisabeth Malikatun; den Pr\u00e4sidentensohn Don Carlos; den arabischen Freiheitsk\u00e4mpfer Insanun Posa; Princess Eboli of Little Italy und, last but not least, Bishop-General Albamingo, Verteidigungsminister und engster Berater von Pr\u00e4sident Philipp.<\/p>\n<p>In der Lesart des Theatersommers erscheint die Brisanz und Aktualit\u00e4t von Schillers Vorlage mit fast erschreckender Deutlichkeit: Die prek\u00e4re Vernunftehe zwischen dem Westen und der arabischen Welt ist gescheitert. Pers\u00f6nliche Motive und verletzte Gef\u00fchle gehen eine unheilvolle Verbindung mit politischen Interessen ein. Im Verlauf des packenden Plots verschwimmen die zuvor eindeutigen Frontlinien. Ist Posa Terrorist oder Verb\u00fcndeter des Westens? Wen liebt Elisabeth Malikatun wirklich? Und was sind Philipps wahre Beweggr\u00fcnde?<\/p>\n<p><span style=\"font-size: 14pt;\">PRESSESTIMMEN<\/span><br \/>\n\u201eSo klug und spritzig gespielt wie man Schiller selten sieht! Ein Lehrst\u00fcck \u00fcber Macht und ihren Missbrauch\u201c &#8211; Stuttgarter Zeitung &#8211;<\/p>\n<p>\u201eHochwertiges Theater mit hervorragenden Schauspielern und wunderbaren dramaturgischen Einf\u00e4llen!\u201c &#8211; Bietigheimer Zeitung &#8211;<\/p>\n<p>\u201eFurios, phantasievoll, wunderbar!\u201c &#8211; Ludwigsburger Kreiszeitung &#8211;<\/p>\n<p>\u201eEine gelungene, spannende und durchdachte Inszenierung!\u201c &#8211; Leonberger Zeitung &#8211;<\/p>\n<p><a href=\"http:\/\/foerderverein-theatersommer.net\/archiv\/wp-content\/uploads\/2003_Don_Carlos_4_WEB_fbg.jpg\"><img loading=\"lazy\" decoding=\"async\" class=\"alignleft wp-image-7253 size-thumbnail\" title=\"2003 Don Carlos (Ensemble)\" src=\"http:\/\/foerderverein-theatersommer.net\/archiv\/wp-content\/uploads\/2003_Don_Carlos_4_WEB_fbg-175x175.jpg\" alt=\"2003_Don_Carlos_4_WEB_fbg\" width=\"175\" height=\"175\" \/><\/a><\/p>\n<p><a href=\"http:\/\/foerderverein-theatersommer.net\/archiv\/wp-content\/uploads\/2003_Don_Carlos_1_WEB_fbg.jpg\"><img loading=\"lazy\" decoding=\"async\" class=\"alignleft wp-image-7250 size-thumbnail\" title=\"2003 Don Carlos (Ensemble)\" src=\"http:\/\/foerderverein-theatersommer.net\/archiv\/wp-content\/uploads\/2003_Don_Carlos_1_WEB_fbg-175x175.jpg\" alt=\"2003_Don_Carlos_1_WEB_fbg\" width=\"175\" height=\"175\" \/><\/a><a href=\"http:\/\/foerderverein-theatersommer.net\/archiv\/wp-content\/uploads\/2003_Don_Carlos_2_WEB_fbg.jpg\"><img loading=\"lazy\" decoding=\"async\" class=\"alignleft wp-image-7251 size-thumbnail\" title=\"2003 Don Carlos (Ensemble)\" src=\"http:\/\/foerderverein-theatersommer.net\/archiv\/wp-content\/uploads\/2003_Don_Carlos_2_WEB_fbg-175x175.jpg\" alt=\"2003_Don_Carlos_2_WEB_fbg\" width=\"175\" height=\"175\" \/><\/a><a href=\"http:\/\/foerderverein-theatersommer.net\/archiv\/wp-content\/uploads\/2003_Don_Carlos_3_WEB_fbg..jpg\"><img loading=\"lazy\" decoding=\"async\" class=\"alignleft wp-image-7252 size-thumbnail\" title=\"2003 Don Carlos (Elisabeth Malikatun\/Mirjam Hamm; Princess Eboli\/Sabine Menne)\" src=\"http:\/\/foerderverein-theatersommer.net\/archiv\/wp-content\/uploads\/2003_Don_Carlos_3_WEB_fbg.-175x175.jpg\" alt=\"2003_Don_Carlos_3_WEB_fbg.\" width=\"175\" height=\"175\" \/><\/a><a href=\"http:\/\/foerderverein-theatersommer.net\/archiv\/wp-content\/uploads\/2003_Don_Carlos_5_WEB_fbg.jpg\"><img loading=\"lazy\" decoding=\"async\" class=\"alignleft wp-image-7254 size-thumbnail\" title=\"2003 Don Carlos (Insanun Posa\/Stefan Plepp)\" src=\"http:\/\/foerderverein-theatersommer.net\/archiv\/wp-content\/uploads\/2003_Don_Carlos_5_WEB_fbg-175x175.jpg\" alt=\"2003_Don_Carlos_5_WEB_fbg\" width=\"175\" height=\"175\" \/><\/a><a href=\"http:\/\/foerderverein-theatersommer.net\/archiv\/wp-content\/uploads\/2003_Don_Carlos_6_WEB_fbg.jpg\"><img loading=\"lazy\" decoding=\"async\" class=\"alignleft wp-image-7255 size-thumbnail\" title=\"2003 Don Carlos (Insanun Posa\/Stefan Plepp;Don Carlos\/Norbert Holoubek)\" src=\"http:\/\/foerderverein-theatersommer.net\/archiv\/wp-content\/uploads\/2003_Don_Carlos_6_WEB_fbg-175x175.jpg\" alt=\"2003_Don_Carlos_6_WEB_fbg\" width=\"175\" height=\"175\" \/><\/a><\/p>\n<p><span style=\"color: #808080; font-size: 8pt;\">\u00a0<\/span><\/p>\n<p>&nbsp;<\/p>\n<p>&nbsp;<\/p>\n<p>&nbsp;<\/p>\n<p>&nbsp;<\/p>\n<p>&nbsp;<\/p>\n<p><span style=\"color: #808080; font-size: 8pt;\">Bildvergr\u00f6\u00dferung: Photo anklicken und \u00fcber re\/li Pfeil weiter<\/span><\/p>\n<p>ZUSCHAUERZAHLEN<br \/>\n2003:\u00a0\u00a0\u00a0\u00a0 2.844 Zuschauer<br \/>\nGesamt: 2.844 Zuschauer<\/p>\n<p><span style=\"text-decoration: underline; font-size: 14pt; color: #339966;\"><strong><a style=\"color: #339966; text-decoration: underline;\" title=\"2003 \u2013 Diener zweier Herren\" href=\"http:\/\/foerderverein-theatersommer.net\/archiv\/spielplan\/2001-2010\/2003-diener-zweier-herren\/\">n\u00e4chstes St\u00fcck<\/a><\/strong><\/span><\/p>\n","protected":false},"excerpt":{"rendered":"<p>DON CARLOS &amp; DIE 1001. NACHT frei nach Friedrich Schiller Bearbeitung: P. Kratz Liebestrag\u00f6die und Polit-Thriller Regie: Peter Kratz Kost\u00fcm:&#8230; <span class=\"read-more\"><a href=\"https:\/\/foerderverein-theatersommer.net\/archiv\/spielplan\/2001-2010\/2003-don-carlos-und-die-1001-nacht\/\" class=\"button button-darkgray small\"> Continue Reading &rarr; <\/a><\/span><\/p>\n","protected":false},"author":1,"featured_media":9718,"parent":3438,"menu_order":7,"comment_status":"closed","ping_status":"closed","template":"","meta":{"footnotes":""},"_links":{"self":[{"href":"https:\/\/foerderverein-theatersommer.net\/archiv\/wp-json\/wp\/v2\/pages\/6448"}],"collection":[{"href":"https:\/\/foerderverein-theatersommer.net\/archiv\/wp-json\/wp\/v2\/pages"}],"about":[{"href":"https:\/\/foerderverein-theatersommer.net\/archiv\/wp-json\/wp\/v2\/types\/page"}],"author":[{"embeddable":true,"href":"https:\/\/foerderverein-theatersommer.net\/archiv\/wp-json\/wp\/v2\/users\/1"}],"replies":[{"embeddable":true,"href":"https:\/\/foerderverein-theatersommer.net\/archiv\/wp-json\/wp\/v2\/comments?post=6448"}],"version-history":[{"count":14,"href":"https:\/\/foerderverein-theatersommer.net\/archiv\/wp-json\/wp\/v2\/pages\/6448\/revisions"}],"predecessor-version":[{"id":10422,"href":"https:\/\/foerderverein-theatersommer.net\/archiv\/wp-json\/wp\/v2\/pages\/6448\/revisions\/10422"}],"up":[{"embeddable":true,"href":"https:\/\/foerderverein-theatersommer.net\/archiv\/wp-json\/wp\/v2\/pages\/3438"}],"wp:featuredmedia":[{"embeddable":true,"href":"https:\/\/foerderverein-theatersommer.net\/archiv\/wp-json\/wp\/v2\/media\/9718"}],"wp:attachment":[{"href":"https:\/\/foerderverein-theatersommer.net\/archiv\/wp-json\/wp\/v2\/media?parent=6448"}],"curies":[{"name":"wp","href":"https:\/\/api.w.org\/{rel}","templated":true}]}}