{"id":6450,"date":"2014-11-26T11:44:17","date_gmt":"2014-11-26T11:44:17","guid":{"rendered":"http:\/\/foerderverein-theatersommer.net\/archiv\/?page_id=6450"},"modified":"2024-04-30T12:53:42","modified_gmt":"2024-04-30T12:53:42","slug":"2004-faust","status":"publish","type":"page","link":"https:\/\/foerderverein-theatersommer.net\/archiv\/spielplan\/2001-2010\/2004-faust\/","title":{"rendered":"<br\/>2004 &#8211; Faust<br\/><br\/><br\/>"},"content":{"rendered":"<p><strong><span style=\"font-size: 18pt;\">FAUST<\/span><\/strong><br \/>\nfrei nach Johann Wolfgang von Goethe<br \/>\n<span style=\"font-size: 10pt;\">Bearbeitung: C. Wolff\/P. Kratz<\/span><\/p>\n<h3><span style=\"font-size: 24pt;\">B\u00fchne frei f\u00fcr die erste Begegnung von Garten und Goethe<\/span><\/h3>\n<p>Regie: Christiane Wolff\u00a0<br \/>\nBesetzung: Rainer Appel, Giuliana T. de Carlo, Tobias D\u00fcrr, Peter Kratz<br \/>\nAusstattung: Steph Schneider<br \/>\nMusik\/Songs (Auftragskomposition): John King (New York)<\/p>\n<p><span style=\"font-size: 14pt;\"><strong>KONZEPTION<\/strong><\/span><br \/>\nEin St\u00fcck Weltliteratur, das im Theaterged\u00e4chtnis fast aller Zuschauer so fest eingebrannt ist, wie kaum ein anderes Schauspiel &#8211; Goethes Faust.\u2028Pr\u00e4sentiert wurde, Cluss-Garten-typisch, eine konzentrierte, sehr heutige, sehr \u201eunhistorische\u201c Lesart eines St\u00fccks, auf das ein unverstellter Blick oft kaum mehr m\u00f6glich scheint. Dabei legte die Bearbeitung besonderen Wert auf die bei Goethe klar eingeschriebene, aber h\u00e4ufig vernachl\u00e4ssigte komische Seite des Dramas. \u2028Die tragische und die kom\u00f6diantische Ebene des St\u00fccks verzahnten sich so deutlich enger, als gewohnt und erz\u00e4hlte die Geschichte des Doktor Faustus in einer einzigartigen Synthese aus Musik-, Wort- und Bildertheater.<\/p>\n<p><span style=\"font-size: 14pt;\"><strong>PRESSESTIMMEN<\/strong><\/span><br \/>\n&#8222;Die Inszenierung schraubt sich ins Werk hinein und stellt ein verbl\u00fcffendes Ergebnis auf die B\u00fchne. Komische Elemente, raffinierte Kl\u00e4nge, kr\u00e4ftige Lacher, musicalhafte Songs und ein grandioses Schlussbild.\u2028&#8220; &#8211; Stuttgarter Zeitung\u2028\u2028 &#8211;<\/p>\n<p>&#8222;Ein brillantes Spiel mit einem Klassiker.\u2028&#8220; &#8211; Bietigheimer Zeitung\u2028\u2028 &#8211;<\/p>\n<p>&#8222;Frech, frivol und \u00fcberraschend heiter!\u2028&#8220; &#8211; LKZ &#8211;<\/p>\n<p><a href=\"http:\/\/foerderverein-theatersommer.net\/archiv\/wp-content\/uploads\/2001_Faust_1_WEB.jpg\"><img loading=\"lazy\" decoding=\"async\" class=\"alignleft wp-image-7270 size-thumbnail\" title=\"2004 Faust (Mephisto\/Peter Kratz; Hexe\/Guiliana de Carlo; Faust\/Rainer Appel)\" src=\"http:\/\/foerderverein-theatersommer.net\/archiv\/wp-content\/uploads\/2001_Faust_1_WEB-175x175.jpg\" alt=\"2001_Faust_1_WEB\" width=\"175\" height=\"175\" \/><\/a><a href=\"http:\/\/foerderverein-theatersommer.net\/archiv\/wp-content\/uploads\/2004_Faust_2_WEB.jpg\"><img loading=\"lazy\" decoding=\"async\" class=\"alignleft wp-image-7271 size-thumbnail\" title=\"2004 Faust (Mephisto\/Peter Kratz)\" src=\"http:\/\/foerderverein-theatersommer.net\/archiv\/wp-content\/uploads\/2004_Faust_2_WEB-175x175.jpg\" alt=\"2004_Faust_2_WEB\" width=\"175\" height=\"175\" \/><\/a><a href=\"http:\/\/foerderverein-theatersommer.net\/archiv\/wp-content\/uploads\/2004_Faust_3_WEB.jpg\"><img loading=\"lazy\" decoding=\"async\" class=\"alignleft wp-image-7276 size-thumbnail\" title=\"2004 (Frau Marthe\/Giuliana de Carlo; Mephisto\/Peter Kratz)\" src=\"http:\/\/foerderverein-theatersommer.net\/archiv\/wp-content\/uploads\/2004_Faust_3_WEB-175x175.jpg\" alt=\"2004_Faust_3_WEB\" width=\"175\" height=\"175\" \/><\/a><\/p>\n<p>&nbsp;<\/p>\n<p><span style=\"color: #808080; font-size: 8pt;\">\u00a0Bildvergr\u00f6\u00dferung: Photo anklicken und \u00fcber re\/li Pfeil weiter<\/span><\/p>\n<p>&nbsp;<\/p>\n<p>&nbsp;<\/p>\n<p><span style=\"font-size: 14pt;\"><strong>ZUSCHAUERZAHLEN<\/strong><\/span><br \/>\n2004:\u00a0\u00a0\u00a0\u00a0\u00a0 2.600 Zuschauer<br \/>\nGesamt: 2.600 Zuschauer<\/p>\n<p><span style=\"text-decoration: underline; font-size: 14pt; color: #339966;\"><strong><a style=\"color: #339966; text-decoration: underline;\" title=\"2004 Down by Love \u2013 Teil 2 \u2013 Das Ende vom Anfang\" href=\"http:\/\/foerderverein-theatersommer.net\/archiv\/spielplan\/2001-2010\/200-2\/\">n\u00e4chstes St\u00fcck<\/a><\/strong><\/span><\/p>\n","protected":false},"excerpt":{"rendered":"<p>FAUST frei nach Johann Wolfgang von Goethe Bearbeitung: C. Wolff\/P. Kratz B\u00fchne frei f\u00fcr die erste Begegnung von Garten und&#8230; <span class=\"read-more\"><a href=\"https:\/\/foerderverein-theatersommer.net\/archiv\/spielplan\/2001-2010\/2004-faust\/\" class=\"button button-darkgray small\"> Continue Reading &rarr; <\/a><\/span><\/p>\n","protected":false},"author":1,"featured_media":9719,"parent":3438,"menu_order":8,"comment_status":"closed","ping_status":"closed","template":"","meta":{"footnotes":""},"_links":{"self":[{"href":"https:\/\/foerderverein-theatersommer.net\/archiv\/wp-json\/wp\/v2\/pages\/6450"}],"collection":[{"href":"https:\/\/foerderverein-theatersommer.net\/archiv\/wp-json\/wp\/v2\/pages"}],"about":[{"href":"https:\/\/foerderverein-theatersommer.net\/archiv\/wp-json\/wp\/v2\/types\/page"}],"author":[{"embeddable":true,"href":"https:\/\/foerderverein-theatersommer.net\/archiv\/wp-json\/wp\/v2\/users\/1"}],"replies":[{"embeddable":true,"href":"https:\/\/foerderverein-theatersommer.net\/archiv\/wp-json\/wp\/v2\/comments?post=6450"}],"version-history":[{"count":8,"href":"https:\/\/foerderverein-theatersommer.net\/archiv\/wp-json\/wp\/v2\/pages\/6450\/revisions"}],"predecessor-version":[{"id":10431,"href":"https:\/\/foerderverein-theatersommer.net\/archiv\/wp-json\/wp\/v2\/pages\/6450\/revisions\/10431"}],"up":[{"embeddable":true,"href":"https:\/\/foerderverein-theatersommer.net\/archiv\/wp-json\/wp\/v2\/pages\/3438"}],"wp:featuredmedia":[{"embeddable":true,"href":"https:\/\/foerderverein-theatersommer.net\/archiv\/wp-json\/wp\/v2\/media\/9719"}],"wp:attachment":[{"href":"https:\/\/foerderverein-theatersommer.net\/archiv\/wp-json\/wp\/v2\/media?parent=6450"}],"curies":[{"name":"wp","href":"https:\/\/api.w.org\/{rel}","templated":true}]}}