{"id":6462,"date":"2014-11-26T11:57:10","date_gmt":"2014-11-26T11:57:10","guid":{"rendered":"http:\/\/foerderverein-theatersommer.net\/archiv\/?page_id=6462"},"modified":"2024-04-25T08:08:31","modified_gmt":"2024-04-25T08:08:31","slug":"raeuber-hotzenplotz","status":"publish","type":"page","link":"https:\/\/foerderverein-theatersommer.net\/archiv\/spielplan\/kindertheater\/raeuber-hotzenplotz\/","title":{"rendered":"<br\/>2005 &#8211; Der R\u00e4uber Hotzenplotz<br\/><br\/>"},"content":{"rendered":"<p><span style=\"font-size: 18pt;\"><strong>DER R\u00c4UBER HOTZENPLOTZ<\/strong><\/span><br \/>\nKinder- und Familientheater von Otfried Preu\u00dfler<br \/>\nBearbeitung: C. Wolff<\/p>\n<h3><span style=\"font-size: 24pt;\">Tr\u00e4nen lachen<\/span><\/h3>\n<p>REGIE: Christiane Wolff<br \/>\nKOST\u00dcM: Moni Gebauer<br \/>\nB\u00dcHNE: C. Wolff <br \/>\nMUSIKAUSWAHL: P. Kratz<br \/>\nBESETZUNG: <br \/>\n2005: Ina Maria Jaich, Markus Menzel, Janina Fahrner<br \/>\n2006: Norbert Holoubek, Janina K\u00fcbler, Astrid Kohlhoff, Harald Geil<br \/>\n2017: Diana Gantner, Claudia Grottke, Frank Watzke, Philipp Leenders<\/p>\n<p><span style=\"font-size: 14pt;\"><strong>KONZEPTION\/INHALT<\/strong><\/span><br \/>\nErst ist nur Gro\u00dfmutters Kaffeem\u00fchle weg. Aber dann verschwinden auch Kasper und sein bester Freund Seppel. Gefangen von Hotzenplotz, dem schrecklichsten aller R\u00e4uber. Wie es die beiden schaffen, wieder freizukommen und sogar noch Hotzenplotz dingfest zu machen &#8211; das hat Otfried Preu\u00dfler schon Generationen von jungen Lesern erz\u00e4hlt. In einem Kinderbuchklassiker voll abenteuerlicher Verwicklungen, der an Spannung und Witz seinesgleichen sucht.<\/p>\n<p><span style=\"font-size: 14pt;\"><strong>PRESSESTIMMEN<\/strong><\/span><br \/>\n\u201eTr\u00e4nen lachten die kleinen und gro\u00dfen Besucher!\u201c &#8211; Ludwigsburger Kreiszeitung &#8211;<\/p>\n<p>\u201eEine gelungene Inszenierung\u201c &#8211; Stuttgarter Zeitung &#8211;<\/p>\n<p>\u201eRasanter Slapstick!\u201c &#8211; Marbacher Zeitung<\/p>\n<p>\u201eWitz und Spannung fesselten die Zuschauer\u201c &#8211; Bietigheimer Zeitung<\/p>\n<p><a href=\"http:\/\/foerderverein-theatersommer.net\/archiv\/wp-content\/uploads\/2005_Hotzenplotz_1_WEB.jpg\"><img loading=\"lazy\" decoding=\"async\" class=\"alignleft wp-image-7724 size-thumbnail\" title=\"2005 Der R\u00e4uber Hotzenplotz (Hotzenplotz\/Markus Menzel)\" src=\"http:\/\/foerderverein-theatersommer.net\/archiv\/wp-content\/uploads\/2005_Hotzenplotz_1_WEB-175x175.jpg\" alt=\"2005_Hotzenplotz_1_WEB\" width=\"175\" height=\"175\" \/><\/a><a href=\"http:\/\/foerderverein-theatersommer.net\/archiv\/wp-content\/uploads\/2005_Hotzenplotz_HG_WEB.jpg\"><img loading=\"lazy\" decoding=\"async\" class=\"alignleft wp-image-7722 size-thumbnail\" title=\"Der R\u00e4uber Hotzenplotz (Gro\u00dfmutter\/ Markus Menzel) - THS 2005 - Foto \u00a9 by Robert Crassie\" src=\"http:\/\/foerderverein-theatersommer.net\/archiv\/wp-content\/uploads\/2005_Hotzenplotz_HG_WEB-175x175.jpg\" alt=\"2005_Hotzenplotz_HG_WEB\" width=\"175\" height=\"175\" \/><\/a><a href=\"http:\/\/foerderverein-theatersommer.net\/archiv\/wp-content\/uploads\/2005_Hotzenplotz_4_WEB.jpg\"><img loading=\"lazy\" decoding=\"async\" class=\"alignleft wp-image-7727 size-thumbnail\" title=\"Der R\u00e4uber Hotzenplotz (Hotzenplotz\/ Markus Menzel) - THS 2005 - Foto \u00a9 by Robert Crassie\" src=\"http:\/\/foerderverein-theatersommer.net\/archiv\/wp-content\/uploads\/2005_Hotzenplotz_4_WEB-175x175.jpg\" alt=\"2005_Hotzenplotz_4_WEB\" width=\"175\" height=\"175\" \/><\/a><a href=\"http:\/\/foerderverein-theatersommer.net\/archiv\/wp-content\/uploads\/2005_Hotzenplotz_6_WEB.jpg\"><img loading=\"lazy\" decoding=\"async\" class=\"alignleft wp-image-7729 size-thumbnail\" title=\"Der R\u00e4uber Hotzenplotz (Seppel\/ I. M. Jaich, Gro\u00dfmutter\/ M. Menz, Kasper\/ J. Fahrner) - THS 2005 - Foto \u00a9 by Robert Crassie\" src=\"http:\/\/foerderverein-theatersommer.net\/archiv\/wp-content\/uploads\/2005_Hotzenplotz_6_WEB-175x175.jpg\" alt=\"2005_Hotzenplotz_6_WEB\" width=\"175\" height=\"175\" \/><\/a><a href=\"http:\/\/foerderverein-theatersommer.net\/archiv\/wp-content\/uploads\/2005_Hotzenplotz_5_WEB.jpg\"><img loading=\"lazy\" decoding=\"async\" class=\"alignleft wp-image-7728 size-thumbnail\" title=\"Der R\u00e4uber Hotzenplotz (Seppel\/ I. M. Jaich, Gro\u00dfmutter\/ M. Menz, Kasper\/ J. Fahrner) - THS 2005 - Foto \u00a9 by Robert Crassie\" src=\"http:\/\/foerderverein-theatersommer.net\/archiv\/wp-content\/uploads\/2005_Hotzenplotz_5_WEB-175x175.jpg\" alt=\"2005_Hotzenplotz_5_WEB\" width=\"175\" height=\"175\" \/><\/a><a href=\"http:\/\/foerderverein-theatersommer.net\/archiv\/wp-content\/uploads\/2005_Hotzenplotz_2_WEB.jpg\"><img loading=\"lazy\" decoding=\"async\" class=\"alignleft wp-image-7725 size-thumbnail\" title=\"2005 Der R\u00e4uber Hotzenplotz (Hotzenplotz\/ M. Menzel, Seppel\/ I. M. Jaich) - THS 2005 - Foto \u00a9 by Robert Crassie\" src=\"http:\/\/foerderverein-theatersommer.net\/archiv\/wp-content\/uploads\/2005_Hotzenplotz_2_WEB-175x175.jpg\" alt=\"2005_Hotzenplotz_2_WEB\" width=\"175\" height=\"175\" \/><\/a><\/p>\n<p>&nbsp;<\/p>\n<p>&nbsp;<\/p>\n<p>&nbsp;<\/p>\n<p>&nbsp;<\/p>\n<p>&nbsp;<\/p>\n<p><span style=\"font-size: 8pt;\">Bildvergr\u00f6\u00dferung: Foto anklicken und \u00fcber re\/li Pfeil weiter<\/span><\/p>\n<p>&nbsp;<\/p>\n<p><span style=\"font-size: 14pt;\"><strong>ZUSCHAUERZAHLEN<\/strong><\/span><br \/>\n2005:\u00a0\u00a0\u00a0\u00a0\u00a0 2.163 Zuschauer<br \/>\n2006:\u00a0\u00a0\u00a0\u00a0\u00a0 3.021 Zuschauer<br \/>\n2017: \u00a0 \u00a0 \u00a02.688 Zuschauer<br \/>\nGesamt: 7.872 Zuschauer<\/p>\n<p><span style=\"text-decoration: underline; font-size: 14pt; color: #339966;\"><strong><a style=\"color: #339966;\" title=\"2007 \u2013 Pettersson und Findus\" href=\"http:\/\/foerderverein-theatersommer.net\/archiv\/spielplan\/kindertheater\/pettersson-und-findus\/\">N\u00e4chstes St\u00fcck<\/a><\/strong><\/span><\/p>\n","protected":false},"excerpt":{"rendered":"<p>DER R\u00c4UBER HOTZENPLOTZ Kinder- und Familientheater von Otfried Preu\u00dfler Bearbeitung: C. Wolff Tr\u00e4nen lachen REGIE: Christiane Wolff KOST\u00dcM: Moni Gebauer&#8230; <span class=\"read-more\"><a href=\"https:\/\/foerderverein-theatersommer.net\/archiv\/spielplan\/kindertheater\/raeuber-hotzenplotz\/\" class=\"button button-darkgray small\"> Continue Reading &rarr; <\/a><\/span><\/p>\n","protected":false},"author":1,"featured_media":10350,"parent":1583,"menu_order":2,"comment_status":"closed","ping_status":"closed","template":"","meta":{"footnotes":""},"_links":{"self":[{"href":"https:\/\/foerderverein-theatersommer.net\/archiv\/wp-json\/wp\/v2\/pages\/6462"}],"collection":[{"href":"https:\/\/foerderverein-theatersommer.net\/archiv\/wp-json\/wp\/v2\/pages"}],"about":[{"href":"https:\/\/foerderverein-theatersommer.net\/archiv\/wp-json\/wp\/v2\/types\/page"}],"author":[{"embeddable":true,"href":"https:\/\/foerderverein-theatersommer.net\/archiv\/wp-json\/wp\/v2\/users\/1"}],"replies":[{"embeddable":true,"href":"https:\/\/foerderverein-theatersommer.net\/archiv\/wp-json\/wp\/v2\/comments?post=6462"}],"version-history":[{"count":7,"href":"https:\/\/foerderverein-theatersommer.net\/archiv\/wp-json\/wp\/v2\/pages\/6462\/revisions"}],"predecessor-version":[{"id":10356,"href":"https:\/\/foerderverein-theatersommer.net\/archiv\/wp-json\/wp\/v2\/pages\/6462\/revisions\/10356"}],"up":[{"embeddable":true,"href":"https:\/\/foerderverein-theatersommer.net\/archiv\/wp-json\/wp\/v2\/pages\/1583"}],"wp:featuredmedia":[{"embeddable":true,"href":"https:\/\/foerderverein-theatersommer.net\/archiv\/wp-json\/wp\/v2\/media\/10350"}],"wp:attachment":[{"href":"https:\/\/foerderverein-theatersommer.net\/archiv\/wp-json\/wp\/v2\/media?parent=6462"}],"curies":[{"name":"wp","href":"https:\/\/api.w.org\/{rel}","templated":true}]}}