{"id":6507,"date":"2014-11-27T13:00:26","date_gmt":"2014-11-27T13:00:26","guid":{"rendered":"http:\/\/foerderverein-theatersommer.net\/archiv\/?page_id=6507"},"modified":"2024-04-30T12:59:41","modified_gmt":"2024-04-30T12:59:41","slug":"2006-der-geizige-eingebildete-kranke","status":"publish","type":"page","link":"https:\/\/foerderverein-theatersommer.net\/archiv\/spielplan\/2001-2010\/2006-der-geizige-eingebildete-kranke\/","title":{"rendered":"<br\/>2006 &#8211; Der GEIZIGE eingebildete KRANKE<br\/><br\/>"},"content":{"rendered":"<p><strong><span style=\"font-size: 18pt;\">Der GEIZIGE eingebildete KRANKE<\/span><\/strong><br \/>\nEin abgr\u00fcndiges Lustspiel frei nach Moli\u00e8re<br \/>\n<span style=\"font-size: 10pt;\">Bearbeitung: C. Wolff<\/span><\/p>\n<h3>Vive la France, vive la Moli\u00e8re<\/h3>\n<p>Regie: Christiane Wolff<br \/>\nmit: Rainer Appel, Norbert Holoubek, Florian Kaufmann, Diana Mayer, Barbara von M\u00fcnchhausen, Mimi Schwaiberger<br \/>\nKost\u00fcme: Ulrike Mitschke<\/p>\n<p><span style=\"font-size: 14pt;\"><strong>KONZEPTION<\/strong><\/span><br \/>\nDer extrem geizige Argan ist am kreativsten, wenn es darum geht, Kosten zu dr\u00fccken. Seine beiden erwachsenen Kinder, die ihm im Hotel Papa auf der Tasche liegen, m\u00f6chte er m\u00f6glichst gewinnbringend verheiraten. Tochter Elise soll Argans Hausarzt und schmierigen Heilpraktiker Diaforius heiraten \u2013 denn dem Schwiegervater winken dann Vorzugskonditionen. F\u00fcr seinen arbeitslosen Sohn Carl hat er eine steinreiche alte Witwe im Auge. Und auch sich selbst nimmt Argan bei der Sparplanung nicht aus. Die arme junge Krankenschwester Marianne w\u00e4re nicht nur eine sch\u00f6ne und opferbereite Ehefrau, sie k\u00f6nnte auch seine Pflegekosten minimieren&#8230;<br \/>\nDie sich kreuzenden Bestrebungen und resultierenden Verwicklungen machen \u201eDer GEIZIGE eingebildete KRANKE \u201c zu einem kom\u00f6diantischen Feuerwerk, wie es selbst im Theatergarten noch nicht oft gez\u00fcndet wurde. \u201eDer Geizige\u201c und \u201eDer eingebildete Kranke\u201c, die zwei bekanntesten St\u00fccke Moli\u00e8res, verschmelzen in einer ganz besonderen Fassung, die deren kom\u00f6diantische Wirkung potenziert. Denn beide handeln von Themen, die seit geraumer Zeit die aktuellen gesellschaftspolitischen Debatten gerade auch hierzulande bestimmen: die Besessenheit von der eigenen Gesund- oder vielmehr Krankheit sowie eine \u201eGeiz-ist-geil\u201c-Mentalit\u00e4t, die l\u00e4ngst vom Scherbenviertel in die Lofts umgezogen ist. Aus Moli\u00e8res spitzer Feder und in der gewohnt spritzigen Bearbeitung des Theatersommers entfalteten diese Themen ein immens komisches, ja ein absolut befreiendes Potential.<\/p>\n<p><span style=\"font-size: 14pt;\">PRESSESTIMMEN<\/span><br \/>\n\u201eEs ist frappierend, wie blendend gut die Verschmelzung dieser beiden St\u00fccke funktioniert. Gespielt wird eine Kom\u00f6die, die dennoch nie seicht ist. Im Cluss-Garten ist ein abgr\u00fcndiges Lustspiel zu sehen.\u201c \u2013 Stuttgarter Zeitung \u2013<\/p>\n<p>\u201eEin kom\u00f6diantisches Spektakel mit Niveau, Spa\u00df und Satire, voller bunter Figuren, die das St\u00fcck zu einem abendlichen Sommervergn\u00fcgen machen.\u201c \u2013 LKZ \u2013<\/p>\n<p>\u201eLustvoll und gekonnt! Ein grotesker, bitterb\u00f6ser Frontalangriff gegen \u201eGeiz-ist-geil\u201c-Mentalit\u00e4t und Gesundheitswahn.\u201c \u2013 Stuttgarter Nachrichten \u2013<\/p>\n<p><a href=\"http:\/\/foerderverein-theatersommer.net\/archiv\/wp-content\/uploads\/2006_Geizige_1_WEB.jpg\"><img loading=\"lazy\" decoding=\"async\" class=\"alignleft wp-image-7331 size-thumbnail\" title=\"2006 Der GEIZIGE eingebildete KRANKE (Ensemble)\" src=\"http:\/\/foerderverein-theatersommer.net\/archiv\/wp-content\/uploads\/2006_Geizige_1_WEB-175x175.jpg\" alt=\"2006_Geizige_1_WEB\" width=\"175\" height=\"175\" \/><\/a><a href=\"http:\/\/foerderverein-theatersommer.net\/archiv\/wp-content\/uploads\/2006_Geizige_2_WEB.jpg\"><img loading=\"lazy\" decoding=\"async\" class=\"alignleft wp-image-7330 size-thumbnail\" title=\"2006 Der GEIZIGE eingebildete KRANKE (Argan\/Rainer Appel; Elise\/Beate Weidenhammer)\" src=\"http:\/\/foerderverein-theatersommer.net\/archiv\/wp-content\/uploads\/2006_Geizige_2_WEB-175x175.jpg\" alt=\"2006_Geizige_2_WEB\" width=\"175\" height=\"175\" \/><\/a><a href=\"http:\/\/foerderverein-theatersommer.net\/archiv\/wp-content\/uploads\/2006_Geizige_3_WEB.jpg\"><img loading=\"lazy\" decoding=\"async\" class=\"alignleft wp-image-7329 size-thumbnail\" title=\"2006 Der GEIZIGE eingebildete KRANKE (Ensemble)\" src=\"http:\/\/foerderverein-theatersommer.net\/archiv\/wp-content\/uploads\/2006_Geizige_3_WEB-175x175.jpg\" alt=\"2006_Geizige_3_WEB\" width=\"175\" height=\"175\" \/><\/a><\/p>\n<p>&nbsp;<\/p>\n<p><span style=\"color: #808080; font-size: 8pt;\">\u00a0Bildvergr\u00f6\u00dferung: Photo anklicken und \u00fcber re\/li Pfeil weiter<\/span><\/p>\n<p>&nbsp;<\/p>\n<p>&nbsp;<\/p>\n<p><span style=\"font-size: 14pt;\"><strong>ZUSCHAUERZAHLEN<\/strong><\/span><br \/>\n2006:\u00a0\u00a0\u00a0\u00a0 3.136 Zuschauer<br \/>\n2009:\u00a0\u00a0\u00a0\u00a0 3.318 Zuschauer<br \/>\nGesamt: 6.454 Zuschauer<\/p>\n<p><span style=\"text-decoration: underline;\"><strong><span style=\"font-size: 14pt; color: #339966;\"><a style=\"color: #339966; text-decoration: underline;\" title=\"2006 \u2013 Der Steppenwolf\" href=\"http:\/\/foerderverein-theatersommer.net\/archiv\/spielplan\/2001-2010\/2006-der-steppenwolf\/\">n\u00e4chstes St\u00fcck<\/a><\/span><\/strong><\/span><\/p>\n","protected":false},"excerpt":{"rendered":"<p>Der GEIZIGE eingebildete KRANKE Ein abgr\u00fcndiges Lustspiel frei nach Moli\u00e8re Bearbeitung: C. Wolff Vive la France, vive la Moli\u00e8re Regie:&#8230; <span class=\"read-more\"><a href=\"https:\/\/foerderverein-theatersommer.net\/archiv\/spielplan\/2001-2010\/2006-der-geizige-eingebildete-kranke\/\" class=\"button button-darkgray small\"> Continue Reading &rarr; <\/a><\/span><\/p>\n","protected":false},"author":1,"featured_media":9799,"parent":3438,"menu_order":12,"comment_status":"closed","ping_status":"closed","template":"","meta":{"footnotes":""},"_links":{"self":[{"href":"https:\/\/foerderverein-theatersommer.net\/archiv\/wp-json\/wp\/v2\/pages\/6507"}],"collection":[{"href":"https:\/\/foerderverein-theatersommer.net\/archiv\/wp-json\/wp\/v2\/pages"}],"about":[{"href":"https:\/\/foerderverein-theatersommer.net\/archiv\/wp-json\/wp\/v2\/types\/page"}],"author":[{"embeddable":true,"href":"https:\/\/foerderverein-theatersommer.net\/archiv\/wp-json\/wp\/v2\/users\/1"}],"replies":[{"embeddable":true,"href":"https:\/\/foerderverein-theatersommer.net\/archiv\/wp-json\/wp\/v2\/comments?post=6507"}],"version-history":[{"count":5,"href":"https:\/\/foerderverein-theatersommer.net\/archiv\/wp-json\/wp\/v2\/pages\/6507\/revisions"}],"predecessor-version":[{"id":10435,"href":"https:\/\/foerderverein-theatersommer.net\/archiv\/wp-json\/wp\/v2\/pages\/6507\/revisions\/10435"}],"up":[{"embeddable":true,"href":"https:\/\/foerderverein-theatersommer.net\/archiv\/wp-json\/wp\/v2\/pages\/3438"}],"wp:featuredmedia":[{"embeddable":true,"href":"https:\/\/foerderverein-theatersommer.net\/archiv\/wp-json\/wp\/v2\/media\/9799"}],"wp:attachment":[{"href":"https:\/\/foerderverein-theatersommer.net\/archiv\/wp-json\/wp\/v2\/media?parent=6507"}],"curies":[{"name":"wp","href":"https:\/\/api.w.org\/{rel}","templated":true}]}}