{"id":6515,"date":"2014-11-27T13:02:27","date_gmt":"2014-11-27T13:02:27","guid":{"rendered":"http:\/\/foerderverein-theatersommer.net\/archiv\/?page_id=6515"},"modified":"2024-04-30T13:06:49","modified_gmt":"2024-04-30T13:06:49","slug":"2008-der-prozess","status":"publish","type":"page","link":"https:\/\/foerderverein-theatersommer.net\/archiv\/spielplan\/2001-2010\/2008-der-prozess\/","title":{"rendered":"<br\/><br\/>2008 &#8211; Der Prozess<br\/><br\/>"},"content":{"rendered":"<p><span style=\"font-size: 18pt;\"><strong>DER PROZESS<\/strong><\/span><br \/>\n<span style=\"font-size: 12pt;\">nach Franz Kafka<\/span><br \/>\n<span style=\"font-size: 10pt;\">F\u00fcr den Theatersommer szenisch und dramaturgisch eingerichtet von Peter Kratz<\/span><\/p>\n<h3><span style=\"font-size: 24pt;\">Kafka scheint Charlie Chaplin begegnet zu sein<\/span><\/h3>\n<p>Regie: Peter Kratz <br \/>\nB\u00fchnenbild: Enno Craiss<br \/>\nMusik (Auftragskomposition): John King (New York)<br \/>\nKost\u00fcm: Claudia Flasche<br \/>\nBesetzung: Jens Hartwig, Andreas Klaue, Barbara von M\u00fcnchhausen, Katja Sch\u00e4fer, Reinhold Weiser<\/p>\n<p><span style=\"font-size: 14pt;\"><strong>KONZEPTION<\/strong><\/span><br \/>\nAus heiterem Himmel wird Josef K. eines Morgens verhaftet, verh\u00f6rt, vorl\u00e4ufig entlassen in eine alles andere als freie Freiheit. Er versucht sich gegen die Datensammelwut von Staat und Wirtschaft zu stemmen und gewinnt auf diese Weise klarere Konturen als potentieller Quertreiber. So arbeitet er nach wie vor mit handgeschriebenen Karteikarten, statt alle Kundeninformationen in den Computer einzuspeisen. Gleichzeitig werden Kafkas Frauenfiguren zu einer \u2013 Gegenspielerin oder Verb\u00fcndeten? \u2013 Josef K.s verdichtet. Das mysteri\u00f6se Frl. B\u00fcrstner taucht in vielerlei Gestalten auf, sei es als erotische Projektionsfigur, als mutma\u00dfliche Widerst\u00e4ndlerin oder als personifiziertes Schicksal.<\/p>\n<p>Die Liebesgeschichte, eine sehr konkret-heutige Gesellschaftskritik und Kafkas klaustrophobisches Paralleluniversum gehen dabei eine au\u00dfergew\u00f6hnliche, ganz neue Verbindung ein. Ankn\u00fcpfend an die expressionistische Stummfilmoptik und begleitet von der atmosph\u00e4rischen Musik des New Yorker Komponisten John King, sp\u00fcrte Regisseur Peter Kratz ganz neue Assoziationen in einem scheinbar bekannten Stoff auf: nervenfetzend wie ein Thriller und so komisch wie ein Film von Charlie Chaplin. Die Passion des Josef K. wurde zum Inbegriff f\u00fcr Kafkas Werk und den ber\u00fchmten \u201ekafkaesken\u201c Stil. Zwar gibt es f\u00fcr diese wohl r\u00e4tselhafteste Parabel der Literaturgeschichte, trotz zahlreicher scharfsinniger Analysen, keine allgemein anerkannte Aufl\u00f6sung. Zwar lautet die Erkenntnis, wie f\u00fcr alle echten Klassiker: Jede Zeit entwirft sich ihren eigenen Kafka. Aber dennoch wird kaum jemand abstreiten wollen, dass die conditio humana selten packender gestaltet wurde als in diesem Werk.<\/p>\n<p><span style=\"font-size: 14pt;\"><strong>PRESSESTIMMEN<\/strong><\/span><br \/>\n\u201eDas St\u00fcck gleicht mitunter einem absurden Musical, einem Variet\u00e9: Kafka scheint\u00a0beim Ludwigsburger Theatersommer Charlie Chaplin begegnet zu sein.\u201c\u00a0 &#8211; Stuttgarter Nachrichten &#8211;<\/p>\n<p>\u201eDa ist nichts mehr von Schwere und D\u00fcsternis, da wird die Absurdit\u00e4t und Groteske heraus-<br \/>\ngearbeitet. Kafkas Monumentalwerk erscheint in einem ganz neuen Licht.\u201c &#8211; LKZ &#8211;<\/p>\n<p>\u201eUnsere strahlende Gegenwart wird eingeschmolzen in die suggestive Kraft Kafkas.\u00a0Wie auf einer Rutsche gleiten wir hinein in Kafkas albtraumhafte Welt.\u201c &#8211; Stuttgarter Zeitung &#8211;<\/p>\n<p><a href=\"http:\/\/foerderverein-theatersommer.net\/archiv\/wp-content\/uploads\/2008_Prozess_6_WEB.jpg\"><img loading=\"lazy\" decoding=\"async\" class=\"alignleft wp-image-7345 size-thumbnail\" title=\"2008 Der Prozess (Titorelli\/Jens Hartwig; Herr K. \/Andreas Klaue)\" src=\"http:\/\/foerderverein-theatersommer.net\/archiv\/wp-content\/uploads\/2008_Prozess_6_WEB-175x175.jpg\" alt=\"2008_Prozess_6_WEB\" width=\"175\" height=\"175\" \/><\/a><a href=\"http:\/\/foerderverein-theatersommer.net\/archiv\/wp-content\/uploads\/2008_Prozess_5_WEB.jpg\"><img loading=\"lazy\" decoding=\"async\" class=\"alignleft wp-image-7344 size-thumbnail\" title=\"2008 Der Prozess (Ensemble)\" src=\"http:\/\/foerderverein-theatersommer.net\/archiv\/wp-content\/uploads\/2008_Prozess_5_WEB-175x175.jpg\" alt=\"2008_Prozess_5_WEB\" width=\"175\" height=\"175\" \/><\/a><a href=\"http:\/\/foerderverein-theatersommer.net\/archiv\/wp-content\/uploads\/2008_Prozess_2_WEB.jpg\"><img loading=\"lazy\" decoding=\"async\" class=\"alignleft wp-image-7341 size-thumbnail\" title=\"2008 Der Prozess (Ensemble)\" src=\"http:\/\/foerderverein-theatersommer.net\/archiv\/wp-content\/uploads\/2008_Prozess_2_WEB-175x175.jpg\" alt=\"2008_Prozess_2_WEB\" width=\"175\" height=\"175\" \/><\/a><a href=\"http:\/\/foerderverein-theatersommer.net\/archiv\/wp-content\/uploads\/2008_Prozess_4_WEB.jpg\"><img loading=\"lazy\" decoding=\"async\" class=\"alignleft wp-image-7343 size-thumbnail\" title=\"2008 Der Prozess (Frl. B\u00fcrstner\/Katja Schaefer, Herr K.\/Andreas Klaue)\" src=\"http:\/\/foerderverein-theatersommer.net\/archiv\/wp-content\/uploads\/2008_Prozess_4_WEB-175x175.jpg\" alt=\"2008_Prozess_4_WEB\" width=\"175\" height=\"175\" \/><\/a><a href=\"http:\/\/foerderverein-theatersommer.net\/archiv\/wp-content\/uploads\/2008_Prozess_3_WEB.jpg\"><img loading=\"lazy\" decoding=\"async\" class=\"alignleft wp-image-7342 size-thumbnail\" title=\"2008 Der Prozess (Leni\/Katja Schaefer, Gerichtsdiener\/Reinhold Weiser, Herr K.\/Andreas Klaue)\" src=\"http:\/\/foerderverein-theatersommer.net\/archiv\/wp-content\/uploads\/2008_Prozess_3_WEB-175x175.jpg\" alt=\"2008_Prozess_3_WEB\" width=\"175\" height=\"175\" \/><\/a><a href=\"http:\/\/foerderverein-theatersommer.net\/archiv\/wp-content\/uploads\/2008_Prozess_1_WEB.jpg\"><img loading=\"lazy\" decoding=\"async\" class=\"alignleft wp-image-7340 size-thumbnail\" title=\"2008 Der Prozess (Ensemble)\" src=\"http:\/\/foerderverein-theatersommer.net\/archiv\/wp-content\/uploads\/2008_Prozess_1_WEB-175x175.jpg\" alt=\"2008_Prozess_1_WEB\" width=\"175\" height=\"175\" \/><\/a><\/p>\n<p><span style=\"color: #808080; font-size: 8pt;\">\u00a0<\/span><\/p>\n<p>&nbsp;<\/p>\n<p>&nbsp;<\/p>\n<p>&nbsp;<\/p>\n<p>&nbsp;<\/p>\n<p>&nbsp;<\/p>\n<p><span style=\"color: #808080; font-size: 8pt;\">Bildvergr\u00f6\u00dferung: Photo anklicken und \u00fcber re\/li Pfeil weiter<\/span><\/p>\n<p><span style=\"font-size: 14pt;\"><strong>ZUSCHAUERZAHLEN<\/strong><\/span><br \/>\n2008:\u00a0\u00a0\u00a0\u00a0\u00a0 2.155 Zuschauer<br \/>\n2010:\u00a0\u00a0\u00a0\u00a0\u00a0 1.074 Zuschauer<br \/>\nGesamt: 3.224 Zuschauer<\/p>\n<p><span style=\"text-decoration: underline; font-size: 14pt; color: #339966;\"><strong><a style=\"color: #339966; text-decoration: underline;\" title=\"2008 \u2013 Der Widerspenstigen Z\u00e4hmung oder Wie angelt Frau sich einen Million\u00e4r\" href=\"http:\/\/foerderverein-theatersommer.net\/archiv\/spielplan\/2001-2010\/2008-der-widerspenstigen-zaehmung-oder-wie-angelt-frau-sich-einen-millionaer\/\">n\u00e4chstes St\u00fcck<\/a><\/strong><\/span><\/p>\n","protected":false},"excerpt":{"rendered":"<p>DER PROZESS nach Franz Kafka F\u00fcr den Theatersommer szenisch und dramaturgisch eingerichtet von Peter Kratz Kafka scheint Charlie Chaplin begegnet&#8230; <span class=\"read-more\"><a href=\"https:\/\/foerderverein-theatersommer.net\/archiv\/spielplan\/2001-2010\/2008-der-prozess\/\" class=\"button button-darkgray small\"> Continue Reading &rarr; <\/a><\/span><\/p>\n","protected":false},"author":1,"featured_media":9814,"parent":3438,"menu_order":16,"comment_status":"closed","ping_status":"closed","template":"","meta":{"footnotes":""},"_links":{"self":[{"href":"https:\/\/foerderverein-theatersommer.net\/archiv\/wp-json\/wp\/v2\/pages\/6515"}],"collection":[{"href":"https:\/\/foerderverein-theatersommer.net\/archiv\/wp-json\/wp\/v2\/pages"}],"about":[{"href":"https:\/\/foerderverein-theatersommer.net\/archiv\/wp-json\/wp\/v2\/types\/page"}],"author":[{"embeddable":true,"href":"https:\/\/foerderverein-theatersommer.net\/archiv\/wp-json\/wp\/v2\/users\/1"}],"replies":[{"embeddable":true,"href":"https:\/\/foerderverein-theatersommer.net\/archiv\/wp-json\/wp\/v2\/comments?post=6515"}],"version-history":[{"count":16,"href":"https:\/\/foerderverein-theatersommer.net\/archiv\/wp-json\/wp\/v2\/pages\/6515\/revisions"}],"predecessor-version":[{"id":10442,"href":"https:\/\/foerderverein-theatersommer.net\/archiv\/wp-json\/wp\/v2\/pages\/6515\/revisions\/10442"}],"up":[{"embeddable":true,"href":"https:\/\/foerderverein-theatersommer.net\/archiv\/wp-json\/wp\/v2\/pages\/3438"}],"wp:featuredmedia":[{"embeddable":true,"href":"https:\/\/foerderverein-theatersommer.net\/archiv\/wp-json\/wp\/v2\/media\/9814"}],"wp:attachment":[{"href":"https:\/\/foerderverein-theatersommer.net\/archiv\/wp-json\/wp\/v2\/media?parent=6515"}],"curies":[{"name":"wp","href":"https:\/\/api.w.org\/{rel}","templated":true}]}}