{"id":6517,"date":"2014-11-27T13:03:08","date_gmt":"2014-11-27T13:03:08","guid":{"rendered":"http:\/\/foerderverein-theatersommer.net\/archiv\/?page_id=6517"},"modified":"2024-04-30T13:09:16","modified_gmt":"2024-04-30T13:09:16","slug":"2008-der-widerspenstigen-zaehmung-oder-wie-angelt-frau-sich-einen-millionaer","status":"publish","type":"page","link":"https:\/\/foerderverein-theatersommer.net\/archiv\/spielplan\/2001-2010\/2008-der-widerspenstigen-zaehmung-oder-wie-angelt-frau-sich-einen-millionaer\/","title":{"rendered":"<br\/>2008 &#8211; Der Widerspenstigen Z\u00e4hmung<br\/><br\/>"},"content":{"rendered":"<p><span style=\"font-size: 14pt;\"><strong>DER WIDERSPENSTIGEN Z\u00c4HMUNG<\/strong><\/span><br \/>\nfrei nach William Shakespeare und nach <br \/>\nMotiven des Filmklassikers &#8222;Wie angelt man sich einen Million\u00e4r&#8220;<br \/>\n<span style=\"font-size: 10pt;\">Bearbeitung: C. Wolff<\/span><\/p>\n<h2><span style=\"font-size: 24pt;\">Zickenkrieg um einen Million\u00e4r<\/span><\/h2>\n<p>Regie: Christiane Wolff<br \/>\nKost\u00fcm: Claudia Flasche<br \/>\nBesetzung 2008: Dirk Emmert, Sarah Gros, Jens Hartwig, Diana Mayer, Katja Schaefer<br \/>\nBesetzung 2011: Anja Barth, Giuliana de Carlo, Fabio Esposito, Diana Gantner, Mathias Kopetzki<\/p>\n<p><strong><span style=\"font-size: 14pt;\">KONZEPTION<\/span><\/strong><br \/>\nEine ungew\u00f6hnliche Bearbeitung zweier Stoffe zu einer f\u00fcr den Theatersommer typischen Fassung mit vielen \u00fcberraschenden dramaturgischen Schachz\u00fcgen. Ein Shakespeare-Klassiker und ein Filmstoff &#8211; aus beiden wurde das lustigste und spannendste Material verarbeitet &#8211; die farbigsten Figuren, die sprachlich gewitztesten Dialoge, die lebendigsten Beziehungen, die interessantesten Wendungen und H\u00f6hepunkte.<br \/>\nAbgerundet wurde das Ganze durch eine Handvoll wundervoll ausgew\u00e4hlter Evergreensongs.<\/p>\n<p><span style=\"font-size: 14pt;\"><strong>PRESSESTIMMEN<\/strong><\/span><br \/>\n&#8222;Ein gro\u00dfes Vergn\u00fcgen in einer sehr k\u00f6rpernahen Inszenierung. Da rutschen die R\u00f6cke hoch, da presst ein Mann sein weibliches Liebesobjekt gegen die Schiffswand. Hier wird nichts \u00fcbertrieben, es slapstickt manchmal, aber immer wohldosiert. Ganz wunderbar sind die musikalischen Einlagen. &#8211; Stuttgarter Zeitung &#8211;<\/p>\n<p>&#8222;Ein Lustspiel, das den Gang allein schon des Aufschreis wegen lohnt, den die fabelhafte Diana Meyer am Ende tut.&#8220; &#8211; LKZ &#8211;<\/p>\n<p>&#8222;Die Inszenierung rutscht trotz aller Komik nicht in den Klamauk ab, sondern bleibt bei einem leichten und doch klugen Sommerspa\u00df unter freiem Himmel mit einem Hauch von Musical.&#8220;<br \/>\n&#8211; Stuttgarter Nachrichten &#8211;<\/p>\n<p><a href=\"http:\/\/foerderverein-theatersommer.net\/archiv\/wp-content\/uploads\/2008_Wieders._Zaehmung_2_WEB.jpg\"><img loading=\"lazy\" decoding=\"async\" class=\"alignleft wp-image-7351 size-thumbnail\" title=\"2011 Der Widerspenstigen Z\u00e4hmung oder Wie angelt Frau sich einen Million\u00e4r (Lucentia\/Giuliana de Carlo)\" src=\"http:\/\/foerderverein-theatersommer.net\/archiv\/wp-content\/uploads\/2008_Wieders._Zaehmung_2_WEB-175x175.jpg\" alt=\"2008_Wieders._Zaehmung_2_WEB\" width=\"175\" height=\"175\" \/><\/a><a href=\"http:\/\/foerderverein-theatersommer.net\/archiv\/wp-content\/uploads\/2008_Wieders._Zaehmung_4_WEB.jpg\"><img loading=\"lazy\" decoding=\"async\" class=\"alignleft wp-image-7349 size-thumbnail\" title=\"2011  Der Widerspenstigen Z\u00e4hmung oder Wie angelt Frau sich einen Million\u00e4r (Gremia Schatzi\/Diana Mayer; Lucentia\/Giuliana de Carlo; Petruchia\/Anja Barth)\" src=\"http:\/\/foerderverein-theatersommer.net\/archiv\/wp-content\/uploads\/2008_Wieders._Zaehmung_4_WEB-175x175.jpg\" alt=\"2008_Wieders._Zaehmung_4_WEB\" width=\"175\" height=\"175\" \/><\/a><a href=\"http:\/\/foerderverein-theatersommer.net\/archiv\/wp-content\/uploads\/2008_Wieders._Zaehmung_3_WEB.jpg\"><img loading=\"lazy\" decoding=\"async\" class=\"alignleft wp-image-7350 size-thumbnail\" title=\"2008 Der Widerspenstigen Z\u00e4hmung oder Wie angelt Frau sich einen Million\u00e4r (Ensemble)\" src=\"http:\/\/foerderverein-theatersommer.net\/archiv\/wp-content\/uploads\/2008_Wieders._Zaehmung_3_WEB-175x175.jpg\" alt=\"\" width=\"175\" height=\"175\" \/><\/a><a href=\"http:\/\/foerderverein-theatersommer.net\/archiv\/wp-content\/uploads\/2008_Wieders._Zaehmung_5_WEB.jpg\"><img loading=\"lazy\" decoding=\"async\" class=\"alignleft wp-image-7348 size-thumbnail\" title=\"2011Der Widerspenstigen Z\u00e4hmung oder Wie angelt Frau sich einen Million\u00e4r (Tom R.\/Mathias Goretzki; Petruchia\/Anja Barth;)\" src=\"http:\/\/foerderverein-theatersommer.net\/archiv\/wp-content\/uploads\/2008_Wieders._Zaehmung_5_WEB-175x175.jpg\" alt=\"2008_Wieders._Zaehmung_5_WEB\" width=\"175\" height=\"175\" \/><\/a><a href=\"http:\/\/foerderverein-theatersommer.net\/archiv\/wp-content\/uploads\/2008_Wieders._Zaehmung_1_WEB.jpg\"><img loading=\"lazy\" decoding=\"async\" class=\"alignleft wp-image-7352 size-thumbnail\" title=\"2011 Der Widerspenstigen Z\u00e4hmung oder Wie angelt Frau sich einen Million\u00e4r (Lucentia\/Giuliana de Carlo; Benito\/Fabio Esposito; Gremia Schatzi\/Diana Mayer)\" src=\"http:\/\/foerderverein-theatersommer.net\/archiv\/wp-content\/uploads\/2008_Wieders._Zaehmung_1_WEB-175x175.jpg\" alt=\"2008_Wieders._Zaehmung_1_WEB\" width=\"175\" height=\"175\" \/><\/a><a href=\"http:\/\/foerderverein-theatersommer.net\/archiv\/wp-content\/uploads\/2008_Wieders._Zaehmung_6-WEB.jpg\"><img loading=\"lazy\" decoding=\"async\" class=\"alignleft wp-image-7347 size-thumbnail\" title=\"2011 Der Widerspenstigen Z\u00e4hmung oder Wie angelt Frau sich einen Million\u00e4r  (Lucentia\/Giuliana de Carlo; Tom R.\/Mathias Goretzki)\" src=\"http:\/\/foerderverein-theatersommer.net\/archiv\/wp-content\/uploads\/2008_Wieders._Zaehmung_6-WEB-175x175.jpg\" alt=\"2008_Wieders._Zaehmung_6-WEB\" width=\"175\" height=\"175\" \/><\/a><\/p>\n<p>&nbsp;<\/p>\n<p>&nbsp;<\/p>\n<p>&nbsp;<\/p>\n<p>&nbsp;<\/p>\n<p>&nbsp;<\/p>\n<p><span style=\"color: #808080; font-size: 8pt;\">\u00a0Bildvergr\u00f6\u00dferung: Photo anklicken und \u00fcber re\/li Pfeil weiter<\/span><\/p>\n<p>&nbsp;<\/p>\n<p><span style=\"font-size: 14pt;\"><strong>ZUSCHAUERZAHLEN<\/strong><\/span><br \/>\n2008:\u00a0\u00a0\u00a0\u00a0\u00a0 3.123 Zuschauer<br \/>\n2011:\u00a0\u00a0\u00a0\u00a0\u00a0 2.900 Zuschauer<br \/>\nGesamt: 6.023 Zuschauer<\/p>\n<p><span style=\"text-decoration: underline; font-size: 14pt; color: #339966;\"><strong><a style=\"color: #339966; text-decoration: underline;\" title=\"2009 \u2013 M wie M\u00f6we\" href=\"http:\/\/foerderverein-theatersommer.net\/archiv\/spielplan\/2001-2010\/2009-m-wie-moewe\/\">n\u00e4chstes St\u00fcck<\/a><\/strong><\/span><\/p>\n","protected":false},"excerpt":{"rendered":"<p>DER WIDERSPENSTIGEN Z\u00c4HMUNG frei nach William Shakespeare und nach Motiven des Filmklassikers &#8222;Wie angelt man sich einen Million\u00e4r&#8220; Bearbeitung: C&#8230;. <span class=\"read-more\"><a href=\"https:\/\/foerderverein-theatersommer.net\/archiv\/spielplan\/2001-2010\/2008-der-widerspenstigen-zaehmung-oder-wie-angelt-frau-sich-einen-millionaer\/\" class=\"button button-darkgray small\"> Continue Reading &rarr; <\/a><\/span><\/p>\n","protected":false},"author":1,"featured_media":9827,"parent":3438,"menu_order":17,"comment_status":"closed","ping_status":"closed","template":"","meta":{"footnotes":""},"_links":{"self":[{"href":"https:\/\/foerderverein-theatersommer.net\/archiv\/wp-json\/wp\/v2\/pages\/6517"}],"collection":[{"href":"https:\/\/foerderverein-theatersommer.net\/archiv\/wp-json\/wp\/v2\/pages"}],"about":[{"href":"https:\/\/foerderverein-theatersommer.net\/archiv\/wp-json\/wp\/v2\/types\/page"}],"author":[{"embeddable":true,"href":"https:\/\/foerderverein-theatersommer.net\/archiv\/wp-json\/wp\/v2\/users\/1"}],"replies":[{"embeddable":true,"href":"https:\/\/foerderverein-theatersommer.net\/archiv\/wp-json\/wp\/v2\/comments?post=6517"}],"version-history":[{"count":7,"href":"https:\/\/foerderverein-theatersommer.net\/archiv\/wp-json\/wp\/v2\/pages\/6517\/revisions"}],"predecessor-version":[{"id":10443,"href":"https:\/\/foerderverein-theatersommer.net\/archiv\/wp-json\/wp\/v2\/pages\/6517\/revisions\/10443"}],"up":[{"embeddable":true,"href":"https:\/\/foerderverein-theatersommer.net\/archiv\/wp-json\/wp\/v2\/pages\/3438"}],"wp:featuredmedia":[{"embeddable":true,"href":"https:\/\/foerderverein-theatersommer.net\/archiv\/wp-json\/wp\/v2\/media\/9827"}],"wp:attachment":[{"href":"https:\/\/foerderverein-theatersommer.net\/archiv\/wp-json\/wp\/v2\/media?parent=6517"}],"curies":[{"name":"wp","href":"https:\/\/api.w.org\/{rel}","templated":true}]}}