{"id":6523,"date":"2014-11-27T13:04:37","date_gmt":"2014-11-27T13:04:37","guid":{"rendered":"http:\/\/foerderverein-theatersommer.net\/archiv\/?page_id=6523"},"modified":"2024-04-30T13:20:00","modified_gmt":"2024-04-30T13:20:00","slug":"2010-purple-rose-of-cairo","status":"publish","type":"page","link":"https:\/\/foerderverein-theatersommer.net\/archiv\/spielplan\/2001-2010\/2010-purple-rose-of-cairo\/","title":{"rendered":"<br\/>2010 &#8211; Purple Rose of Cairo<br\/><br\/>"},"content":{"rendered":"<p><span style=\"font-size: 14pt;\"><strong>PURPLE ROSE OF CAIRO<\/strong><\/span><br \/>\nKom\u00f6die &amp; Melodram nach Woody Allens Filmklassiker<br \/>\nDeutsche Erstauff\u00fchrung\u00a0<br \/>\n<span style=\"font-size: 10pt;\">f\u00fcr den Theatersommer eingerichtet von Peter Kratz<\/span><\/p>\n<h3><span style=\"font-size: 24pt;\">Was beschert uns ein erf\u00fcllteres Leben <br \/>\n\u2013 das Ideal oder die Wirklichkeit?<\/span><\/h3>\n<p>Regie: Peter Kratz<br \/>\nB\u00fchnenbild: Enno Craiss<br \/>\nKost\u00fcm: Steph Schneider<br \/>\nBesetzung: <br \/>\n2010: Folkert D\u00fccker, Ulrike Fischer, Andreas Klaue, Mimi Schwaiberger, Jens Woggon<br \/>\n2011: Mimi Beaufort-Spontin, Ulrike Fischer, Andreas Klaue, Amor Schumacher, Jens Woggon,<\/p>\n<p><span style=\"font-size: 14pt;\"><strong>KONZEPTION<\/strong><\/span><br \/>\nIm Amerika der gro\u00dfen Depression findet Cecilia nur auf der Kinoleinwand die \u00fcberlebenswichtige Dosis Realit\u00e4tsflucht. Verheiratet mit dem Grobian Monk, nimmt sie jede Gelegenheit wahr, um ihre triste Ehe und ihren grauen Alltag f\u00fcr die Dauer eines Hollywoodstreifens zu vergessen. Vor allem der gut aussehende Arch\u00e4ologe Tom Baxter aus \u201eThe Purple Rose of Cairo\u201c hat es ihr angetan. Als sie sich den Film zum x-ten Male anschaut, passiert das Unm\u00f6gliche: Tom Baxter steigt von der Leinwand herunter. Zur\u00fcck bleiben fassungslose Kinobesucher und ein orientierungsloses Ensemble im weiterhin laufenden Film, das keine Zeit verliert, sich nach Herzenslust anzugiften. W\u00e4hrend Cecilia und Tom eine Bilderbuchromanze im verlassenen Vergn\u00fcgungspark erleben, steht Hollywood Kopf. Richtig \u00c4rger bekommt vor allem Gil Shepard, der Schauspieler des Tom Baxter, der den Studioboss Hirsch f\u00fcr diese unerh\u00f6rte Leinwandflucht verantwortlich macht. Gemeinsam setzen sie Himmel und H\u00f6lle in Bewegung, um den Entflohenen wieder zu finden und in den Film zur\u00fcck zu verfrachten. Als Gil Shepard durch Zufall auf die Spur von Tom und Cecilia st\u00f6\u00dft, heuchelt er Cecilia Liebe vor. Und Cecilia sieht sich unverhofft in einer Dreiecksbeziehung zwischen dem idealen Liebhaber Tom und einem echten Hollywood-Star.<\/p>\n<p>Mit einer m\u00e4rchenhaft poetischen Liebesgeschichte, den liebevoll naiven Gehversuchen der aus der Leinwand geflohenen Filmfigur Tom Baxter, den k\u00f6stlichen Profilneurosen der Schauspieler und\u00a0 einigen frivolen Musicaleinlagen, bietet \u201ePurple Rose of Cario\u201c einen extrem hohen Unterhaltungswert \u2013 trotz der melancholischen Grundstimmung, die den Film durchweht. Diese perfekte Balance mag der Grund daf\u00fcr sein, dass Woody Allen \u201eThe Purple Rose of Cairo\u201c als einen seiner Lieblingsfilme bezeichnete \u2013 und wohl auch deshalb erst im letzten Jahr eine B\u00fchnenfassung autorisierte.<br \/>\n2009 in Wien uraufgef\u00fchrt, feierte sie beim Theatersommer ihre Deutschlandpremiere.<br \/>\nDie Dramatisierung des Filmklassikers ging jedoch weit dar\u00fcber hinaus, die Geschichte des Films einfach nur nachzuerz\u00e4hlen, konnte sie doch mit der Unmittelbarkeit des Theaters Akzente setzten, die im Film nicht m\u00f6glich sind. Die Bruchlinie zwischen Film und Realit\u00e4t wurde zum intensiven Theatererlebnis, in dem die Figuren tats\u00e4chlich aus Fleisch und Blut von der Leinwand stiegen, um vor den Augen des Theatersommerpublikums ganz real auf der B\u00fchne zu agieren.<\/p>\n<p><span style=\"font-size: 14pt;\"><strong>PRESSESTIMMEN<\/strong><\/span><br \/>\n\u201eEine weitere Perle in der Reihe der Kratz&#8217;schen Inszenierungen. Er meistert fast jede Klippe und schafft es auch noch, dass Allens Anliegen &#8211; die Gegen\u00fcberstellung von Fiktion und Realit\u00e4t &#8211; in starker Manier zur Geltung kommt.\u201c\u00a0 &#8211; LKZ &#8211;<\/p>\n<p>\u201eAlle die Woody Allen lieben, freuen sich, dass dieser Stoff im Ludwigsburger Cluss-Garten angekommen ist. Die Schauspieler zeigen alle Facetten ihres K\u00f6nnens.\u201c<br \/>\n&#8211; Stuttgarter Nachrichten &#8211;<\/p>\n<p>\u201eDie Freilichtb\u00fchne spielt s\u00e4mtliche Tr\u00fcmpfe aus, die sie hat: Da ist der Zauber des idyllischen Theatergartens, eine kluge und den M\u00f6glichkeiten des Theaters entsprechende Umsetzung des Filmstoffs, sowie viele gro\u00dfartige Einf\u00e4lle.\u201c &#8211; Ludwigsburger Wochenblatt &#8211;<\/p>\n<p>\u201cPeter Kratz inszeniert in deutscher Erstauff\u00fchrung eine spritzige Kom\u00f6die um Realit\u00e4t und Fiktion. Highlight in einem insgesamt \u00fcberzeugenden Ensemble: Andreas Klaue in einer Dreifachrolle.\u201d<br \/>\n&#8211; Prinz &#8211;<\/p>\n<p><a href=\"http:\/\/foerderverein-theatersommer.net\/archiv\/wp-content\/uploads\/2010_Purple_Rose_5_WEB.jpg\"><img loading=\"lazy\" decoding=\"async\" class=\"alignleft wp-image-7373 size-thumbnail\" title=\"2010 Purple Rose of Cairo (Filmproduzent Hirsch\/Andreas Klaue)\" src=\"http:\/\/foerderverein-theatersommer.net\/archiv\/wp-content\/uploads\/2010_Purple_Rose_5_WEB-175x175.jpg\" alt=\"2010_Purple_Rose_5_WEB\" width=\"175\" height=\"175\" \/><\/a><a href=\"http:\/\/foerderverein-theatersommer.net\/archiv\/wp-content\/uploads\/2010_Purple_Rose_3_WEB.jpg\"><img loading=\"lazy\" decoding=\"async\" class=\"alignleft wp-image-7371 size-thumbnail\" title=\"2010 Purple Rose of Cairo (Cecillia\/Ulrike Fischer; Tom Baxter\/Jens Woggon)\" src=\"http:\/\/foerderverein-theatersommer.net\/archiv\/wp-content\/uploads\/2010_Purple_Rose_3_WEB-175x175.jpg\" alt=\"2010_Purple_Rose_3_WEB\" width=\"175\" height=\"175\" \/><\/a><a href=\"http:\/\/foerderverein-theatersommer.net\/archiv\/wp-content\/uploads\/2010_Purple_Rose_1_WEB.jpg\"><img loading=\"lazy\" decoding=\"async\" class=\"alignleft wp-image-7369 size-thumbnail\" title=\"2010 Purple Rose of Cairo (Cecillia\/Ulrike Fischer)\" src=\"http:\/\/foerderverein-theatersommer.net\/archiv\/wp-content\/uploads\/2010_Purple_Rose_1_WEB-175x175.jpg\" alt=\"2010_Purple_Rose_1_WEB\" width=\"175\" height=\"175\" \/><\/a><a href=\"http:\/\/foerderverein-theatersommer.net\/archiv\/wp-content\/uploads\/2010_Purple_Rose_4_WEB.jpg\"><img loading=\"lazy\" decoding=\"async\" class=\"alignleft wp-image-7372 size-thumbnail\" title=\"2010 Purple Rose of Cairo (Ensemble)\" src=\"http:\/\/foerderverein-theatersommer.net\/archiv\/wp-content\/uploads\/2010_Purple_Rose_4_WEB-175x175.jpg\" alt=\"2010_Purple_Rose_4_WEB\" width=\"175\" height=\"175\" \/><\/a><\/p>\n<p><img loading=\"lazy\" decoding=\"async\" class=\"wp-image-7370 size-thumbnail alignleft\" title=\"2010 Purple Rose of Cairo (Ensemble)\" src=\"http:\/\/foerderverein-theatersommer.net\/archiv\/wp-content\/uploads\/2010_Purple_Rose_2_WEB-175x175.jpg\" alt=\"2010_Purple_Rose_2_WEB\" width=\"175\" height=\"175\" \/><\/p>\n<p>&nbsp;<\/p>\n<p>&nbsp;<\/p>\n<p>&nbsp;<\/p>\n<p>&nbsp;<\/p>\n<p>&nbsp;<\/p>\n<p><span style=\"font-size: 8pt;\">Bildvergr\u00f6\u00dferung: Photo anklicken und \u00fcber re\/li Pfeil weiter<\/span><\/p>\n<p>&nbsp;<\/p>\n<p><span style=\"font-size: 14pt;\"><strong>ZUSCHAUERZAHLEN<\/strong><\/span><br \/>\n2010:\u00a0\u00a0\u00a0\u00a0\u00a0 3.660 Zuschauer<br \/>\n2011:\u00a0\u00a0\u00a0\u00a0\u00a0 1.100 Zuschauer<br \/>\nGesamt: 4.760 Zuschauer<\/p>\n<p><span style=\"text-decoration: underline; color: #339966;\"><strong><span style=\"font-size: 14pt;\"><a style=\"color: #339966; text-decoration: underline;\" title=\"2011 \u2013 Himmel \u00fcber Berlin\" href=\"http:\/\/foerderverein-theatersommer.net\/archiv\/spielplan\/ab-2010\/2011-himmel-ueber-berlin\/\">n\u00e4chstes St\u00fcck<\/a><\/span><\/strong><\/span><\/p>\n","protected":false},"excerpt":{"rendered":"<p>PURPLE ROSE OF CAIRO Kom\u00f6die &amp; Melodram nach Woody Allens Filmklassiker Deutsche Erstauff\u00fchrung\u00a0 f\u00fcr den Theatersommer eingerichtet von Peter Kratz&#8230; <span class=\"read-more\"><a href=\"https:\/\/foerderverein-theatersommer.net\/archiv\/spielplan\/2001-2010\/2010-purple-rose-of-cairo\/\" class=\"button button-darkgray small\"> Continue Reading &rarr; <\/a><\/span><\/p>\n","protected":false},"author":1,"featured_media":9840,"parent":3438,"menu_order":20,"comment_status":"closed","ping_status":"closed","template":"","meta":{"footnotes":""},"_links":{"self":[{"href":"https:\/\/foerderverein-theatersommer.net\/archiv\/wp-json\/wp\/v2\/pages\/6523"}],"collection":[{"href":"https:\/\/foerderverein-theatersommer.net\/archiv\/wp-json\/wp\/v2\/pages"}],"about":[{"href":"https:\/\/foerderverein-theatersommer.net\/archiv\/wp-json\/wp\/v2\/types\/page"}],"author":[{"embeddable":true,"href":"https:\/\/foerderverein-theatersommer.net\/archiv\/wp-json\/wp\/v2\/users\/1"}],"replies":[{"embeddable":true,"href":"https:\/\/foerderverein-theatersommer.net\/archiv\/wp-json\/wp\/v2\/comments?post=6523"}],"version-history":[{"count":25,"href":"https:\/\/foerderverein-theatersommer.net\/archiv\/wp-json\/wp\/v2\/pages\/6523\/revisions"}],"predecessor-version":[{"id":10454,"href":"https:\/\/foerderverein-theatersommer.net\/archiv\/wp-json\/wp\/v2\/pages\/6523\/revisions\/10454"}],"up":[{"embeddable":true,"href":"https:\/\/foerderverein-theatersommer.net\/archiv\/wp-json\/wp\/v2\/pages\/3438"}],"wp:featuredmedia":[{"embeddable":true,"href":"https:\/\/foerderverein-theatersommer.net\/archiv\/wp-json\/wp\/v2\/media\/9840"}],"wp:attachment":[{"href":"https:\/\/foerderverein-theatersommer.net\/archiv\/wp-json\/wp\/v2\/media?parent=6523"}],"curies":[{"name":"wp","href":"https:\/\/api.w.org\/{rel}","templated":true}]}}