{"id":6525,"date":"2014-11-27T13:05:13","date_gmt":"2014-11-27T13:05:13","guid":{"rendered":"http:\/\/foerderverein-theatersommer.net\/archiv\/?page_id=6525"},"modified":"2024-06-19T15:05:30","modified_gmt":"2024-06-19T15:05:30","slug":"2010-ronja-raeubertochter","status":"publish","type":"page","link":"https:\/\/foerderverein-theatersommer.net\/archiv\/spielplan\/kindertheater\/2010-ronja-raeubertochter\/","title":{"rendered":"<br\/>2010 &#8211; Ronja R\u00e4ubertochter<br\/><br\/>"},"content":{"rendered":"<p><span style=\"font-size: 18pt;\"><strong>RONJA R\u00c4UBERTOCHTER<\/strong><\/span><br \/>\nKindertheater nach Michael Ende<br \/>\n<span style=\"font-size: 10pt;\">F\u00fcr den Theatersommer szenisch und dramaturgisch eingerichtet von Christiane Wolff<\/span><\/p>\n<h3><span style=\"font-size: 24pt;\">Scher dich zum Donnerdrummel!<\/span><\/h3>\n<p>REGIE: Christiane Wolff<br \/>\nKOST\u00dcM: Ulrike Mitschke<br \/>\nBESETZUNG:<br \/>\n2010 &#8211; Jean Paul Baeck, Christiane Dollmann, Folkert D\u00fccker, Janina Fahrner<br \/>\n2015 &#8211; Timo Beyerling, Juliane Fechner, Felix Jeiter, Elisabeth-Marie Leistikow<\/p>\n<p><span style=\"font-size: 14pt;\"><strong>KONZEPTION\/INHALT<\/strong><\/span><br \/>\nRonja lebt mit ihren Eltern ein wildes und unbeschwertes R\u00e4uberleben im gro\u00dfen Wald. Ihr Vater, der R\u00e4uberhauptmann Mattis, s\u00e4he nichts lieber, als dass sie in seine Fu\u00dfstapfen tritt. Ronja liebt ihren Vater hei\u00df und innig. Doch je \u00e4lter sie wird, desto mehr beginnt sie an ihrem vorgezeichneten Weg zu zweifeln. Endg\u00fcltig anders wird alles, als Ronja Birk kennen lernt, den Sohn von Mattis Erzfeind Borka. Sie rettet Birks Leben \u2013 und er bald darauf ihres. Nun wissen sie, dass sie zusammengeh\u00f6ren. Aber sie wissen auch, dass ihre Eltern ihre Freundschaft nie dulden w\u00fcrden. Die Dinge eskalieren, als Mattis Birk gefangen nimmt und Ronja sich freiwillig Borka ausliefert, um ihren Freund zu retten. Daran zerbricht das Verh\u00e4ltnis zwischen Ronja und ihrem Vater. Die Kinder rei\u00dfen aus und hausen in einer H\u00f6hle im Wald. Doch den Winter k\u00f6nnten sie, blo\u00df auf sich gestellt, dort nicht \u00fcberleben. Werden sie es schaffen, zur\u00fcckzukehren und Frieden zwischen ihren beiden Familien zu stiften?<\/p>\n<p>Astrid Lindgren schuf mit \u201eRonja R\u00e4ubertochter\u201c ein Lieblingsbuch f\u00fcr Generationen von Kindern. Wohl vor allem deshalb, weil ihre Geschichte vom Kampf des Erwachsenwerdens bei Jung und Alt einen Nerv trifft. Ronja liebt ihren Vater. Aber sie will und muss lernen, selbst zu entscheiden, was gut f\u00fcr sie ist \u2013 obwohl es weh tut. Gleichzeitig h\u00e4lt \u201eRonja\u201c auch viel Trost und Ermutigung bereit. Denn die Freundschaft zu Birk mit ihren Romeo-und-Julia-Ankl\u00e4ngen \u00f6ffnet den beiden die T\u00fcr in die Zukunft. Sie verleiht ihnen die n\u00f6tige Reife, ein neues Kapitel im Leben aller aufzuschlagen. Die Botschaft ist klar: Mut, emotionale Ehrlichkeit und Beharrlichkeit werden belohnt.<br \/>\nDie Theatersommer-Inszenierung konzentriert sich auf diesen Kern von \u201eRonja R\u00e4ubertochter\u201c und stellt den Familienkonflikt in den Mittelpunkt. Gegen\u00fcber einem Indoor-Theater kann der Cluss-Garten gleichzeitig mit viel Gr\u00fcn und Natur atmosph\u00e4risch punkten. Schlie\u00dflich erz\u00e4hlt \u201eRonja R\u00e4ubertochter\u201c ausgesprochen poetisch die ultimative \u201eDrau\u00dfen-Geschichte\u201c, mit Rumpelwichten, Gnomen und Wilddruden.<\/p>\n<p><strong><span style=\"font-size: 14pt;\">PRESSESTIMMEN<\/span><\/strong><br \/>\n<strong>Eine spannende Inszenierung<\/strong><br \/>\n\u201eEine spannende, zuweilen auch spa\u00dfige Inszenierung des Kinderbuchklassikers. (&#8230;) Regisseurin Christiane Wolff hat es erneut geschafft, ein Abenteuer f\u00fcr \u00e4ltere Kinder so in Szene zu setzen, dass sich die Anspannung immer wieder mit einem befreienden Lacher l\u00f6sen kann.\u201c\u00a0&#8211; Ludwigsburger Kreiszeitung &#8211;<\/p>\n<p><strong>Ein gro\u00dfer Theaterspa\u00df mit liebevollen Ideen<\/strong><br \/>\n\u201e(&#8230;) Christiane Wolff hat das St\u00fcck einf\u00fchlsam inszeniert und lehrt ihr Publikum, dass man auch gegen Widerst\u00e4nde auf Vernunft und das Gute setzen sollte und sich Mut bezahlt macht.\u201c- Stuttgarter Zeitung &#8211;<\/p>\n<p><strong>Ein gut gemachtes M\u00e4rchen<\/strong><br \/>\n\u201eDas gr\u00f6\u00dfte Lob f\u00fcr die Inszenierung war aber das Publikum selbst. Die Kinder hielten eineinhalb Stunden still und hatten diesen entr\u00fcckten Blick am Schluss, wie ihn nur ein gut gemachtes M\u00e4rchen auf die Gesichter zaubern kann.\u201c &#8211; Bietigheimer Zeitung &#8211;<\/p>\n<p><a href=\"http:\/\/foerderverein-theatersommer.net\/archiv\/wp-content\/uploads\/2010_Ronja_6_WEB.jpg\"><img loading=\"lazy\" decoding=\"async\" class=\"alignleft wp-image-7754 size-thumbnail\" title=\"Ronja R\u00e4ubertochter (Graugnome\/ J. Fahrner und J. P. Baeck) - THS 2010 - Foto \u00a9 by Crassie\" src=\"http:\/\/foerderverein-theatersommer.net\/archiv\/wp-content\/uploads\/2010_Ronja_6_WEB-175x175.jpg\" alt=\"2010_Ronja_6_WEB\" width=\"175\" height=\"175\" \/><\/a><a href=\"http:\/\/foerderverein-theatersommer.net\/archiv\/wp-content\/uploads\/2010_Ronja_5_WEB.jpg\"><img loading=\"lazy\" decoding=\"async\" class=\"alignleft wp-image-7753 size-thumbnail\" title=\"Ronja R\u00e4ubertochter (Birk\/ J. P. Baeck, Ronja\/ C. Dollmann)  - THS 2010 - Foto \u00a9 by Crassie\" src=\"http:\/\/foerderverein-theatersommer.net\/archiv\/wp-content\/uploads\/2010_Ronja_5_WEB-175x175.jpg\" alt=\"2010_Ronja_5_WEB\" width=\"175\" height=\"175\" \/><\/a><a href=\"http:\/\/foerderverein-theatersommer.net\/archiv\/wp-content\/uploads\/2010_Ronja_4_WEB.jpg\"><img loading=\"lazy\" decoding=\"async\" class=\"alignleft wp-image-7752 size-thumbnail\" title=\"Ronja R\u00e4ubertochter (Ronja\/ C. Dollmann, Lovis\/ J. Fahrner)  - THS 2010 - Foto \u00a9 by Crassie\" src=\"http:\/\/foerderverein-theatersommer.net\/archiv\/wp-content\/uploads\/2010_Ronja_4_WEB-175x175.jpg\" alt=\"2010_Ronja_4_WEB\" width=\"175\" height=\"175\" \/><\/a><\/p>\n<p>&nbsp;<\/p>\n<p><span style=\"font-size: 8pt;\">Bildvergr\u00f6\u00dferung: Foto anklicken und \u00fcber re\/li Pfeil weiter<\/span><\/p>\n<p>&nbsp;<\/p>\n<p>&nbsp;<\/p>\n<p><span style=\"font-size: 14pt;\"><strong>ZUSCHAUERZAHLEN<\/strong><\/span><br \/>\n2010: \u00a0 \u00a0 \u00a0 \u00a0 4.281 Zuschauende<br \/>\n2015: \u00a0 \u00a0 \u00a0 \u00a0 5.868 Zuschauende<br \/>\nGesamt: 10.149 Zuschauende<\/p>\n<p><span style=\"text-decoration: underline; font-size: 14pt; color: #ff6600;\"><strong><a style=\"color: #ff6600;\" title=\"2011 \u2013 Tintenherz\" href=\"https:\/\/foerderverein-theatersommer.net\/archiv\/spielplan\/kindertheater\/2012-kalle-blomquist\/\">N\u00e4chstes St\u00fcck<\/a><\/strong><\/span><\/p>\n","protected":false},"excerpt":{"rendered":"<p>RONJA R\u00c4UBERTOCHTER Kindertheater nach Michael Ende F\u00fcr den Theatersommer szenisch und dramaturgisch eingerichtet von Christiane Wolff Scher dich zum Donnerdrummel!&#8230; <span class=\"read-more\"><a href=\"https:\/\/foerderverein-theatersommer.net\/archiv\/spielplan\/kindertheater\/2010-ronja-raeubertochter\/\" class=\"button button-darkgray small\"> Continue Reading &rarr; <\/a><\/span><\/p>\n","protected":false},"author":1,"featured_media":10365,"parent":1583,"menu_order":6,"comment_status":"closed","ping_status":"closed","template":"","meta":{"footnotes":""},"_links":{"self":[{"href":"https:\/\/foerderverein-theatersommer.net\/archiv\/wp-json\/wp\/v2\/pages\/6525"}],"collection":[{"href":"https:\/\/foerderverein-theatersommer.net\/archiv\/wp-json\/wp\/v2\/pages"}],"about":[{"href":"https:\/\/foerderverein-theatersommer.net\/archiv\/wp-json\/wp\/v2\/types\/page"}],"author":[{"embeddable":true,"href":"https:\/\/foerderverein-theatersommer.net\/archiv\/wp-json\/wp\/v2\/users\/1"}],"replies":[{"embeddable":true,"href":"https:\/\/foerderverein-theatersommer.net\/archiv\/wp-json\/wp\/v2\/comments?post=6525"}],"version-history":[{"count":11,"href":"https:\/\/foerderverein-theatersommer.net\/archiv\/wp-json\/wp\/v2\/pages\/6525\/revisions"}],"predecessor-version":[{"id":11379,"href":"https:\/\/foerderverein-theatersommer.net\/archiv\/wp-json\/wp\/v2\/pages\/6525\/revisions\/11379"}],"up":[{"embeddable":true,"href":"https:\/\/foerderverein-theatersommer.net\/archiv\/wp-json\/wp\/v2\/pages\/1583"}],"wp:featuredmedia":[{"embeddable":true,"href":"https:\/\/foerderverein-theatersommer.net\/archiv\/wp-json\/wp\/v2\/media\/10365"}],"wp:attachment":[{"href":"https:\/\/foerderverein-theatersommer.net\/archiv\/wp-json\/wp\/v2\/media?parent=6525"}],"curies":[{"name":"wp","href":"https:\/\/api.w.org\/{rel}","templated":true}]}}