{"id":7076,"date":"2014-12-09T10:25:33","date_gmt":"2014-12-09T10:25:33","guid":{"rendered":"http:\/\/foerderverein-theatersommer.net\/archiv\/?page_id=7076"},"modified":"2024-10-23T16:30:36","modified_gmt":"2024-10-23T16:30:36","slug":"2000-das-dschunglebuch","status":"publish","type":"page","link":"https:\/\/foerderverein-theatersommer.net\/archiv\/spielplan\/kindertheater\/2000-das-dschunglebuch\/","title":{"rendered":"<br\/>2000 &#8211; Das Dschungelbuch<br\/>"},"content":{"rendered":"<p><span style=\"font-size: 18pt;\"><strong>DAS DSCHUNGELBUCH<\/strong><\/span><br \/>\nKinder- und Familientheater frei nach Rudi Kipling<br \/>\n<span style=\"font-size: 10pt;\">Konzeption\/Bearbeitung: C. Wolff<\/span><\/p>\n<h3><span style=\"font-size: 24pt;\">Unterhaltsame Poesie und Dichte<\/span><\/h3>\n<p>REGIE: Christiane Wolff<br \/>\nB\u00dcHNE: Carl Bauer\/ Christiane Wolff<br \/>\nKOST\u00dcM: Moni Gebauer<br \/>\nBESETZUNG:<br \/>\n2000\/01: Mirjam Hamm, Mimmi Schwaiberger, Akritas Tougiannaidis<br \/>\n2004: Giuliana T. de Carlo, Tobias D\u00fcrr, Mimmi Schwaiberger<\/p>\n<p><span style=\"font-size: 14pt;\"><strong>KONZEPTION\/INHALT<\/strong><\/span><br \/>\nIn einem Korb hat ein Wolfspaar das Menschenbaby Mogli gefunden und einfach dem eigenen Nachwuchs zugesellt. Dieser f\u00fchlt sich in Konstellation mit w\u00f6lfischen Eltern und einem Braunb\u00e4ren als Kumpel eigentlich sehr wohl, w\u00e4re da nicht der B\u00f6sewicht Schir Khan, ein Tiger, der Mogli ganz unverbl\u00fcmt als ,\u00fcberm\u00fctiges Mittagessen\u2018 bezeichnet&#8230;<br \/>\nGanz und gar nicht Disney-like verarbeitete die erste der Kindertheaterinszenierungen die Geschichte um Freundschaft und Zugeh\u00f6rigkeit, ohne dabei auf das Mensch-trifft-Mensch-Happy-End verzichten zu m\u00fcssen.<\/p>\n<p><span style=\"font-size: 14pt;\"><strong>PRESSESTIMMEN<\/strong><\/span><br \/>\n<strong>Tierisch gut<\/strong><br \/>\n&#8222;Lebte der Dschungelbuch-Autor heute noch &#8211; er f\u00e4nde diese Inszenierung bestimmt tierisch gut.&#8220; &#8211; Bietigheimer Zeitung &#8211;<\/p>\n<p><strong>Gelungene Auff\u00fchrung<\/strong><br \/>\n&#8222;Ein sch\u00f6ner Satz, den Mogli von Balu gelernt hat und der f\u00fcr Wolffs Theater charakteristisch ist, bleibt von der gelungenen Auff\u00fchrung ganz besonders in Erinnerung: &#8218;Mein Bauch ist ganz traurig in mir&#8216;.&#8220; &#8211; LKZ &#8211;<\/p>\n<p><span style=\"color: #808080;\"><span style=\"color: #808080; font-size: 8pt;\"><a href=\"http:\/\/foerderverein-theatersommer.net\/archiv\/wp-content\/uploads\/2000_Jungle_Book_1_WEB.jpg\"><img loading=\"lazy\" decoding=\"async\" class=\"alignleft wp-image-7707 size-thumbnail\" title=\"Das Dschunglebuch (Raksha - Mutter Wolf\/ M. Hamm, Vater Wolf\/ A. Tougiannidis) - THS 2000 - Foto \u00a9 by Robert Crassie\" src=\"http:\/\/foerderverein-theatersommer.net\/archiv\/wp-content\/uploads\/2000_Jungle_Book_1_WEB-175x175.jpg\" alt=\"2000_Jungle_Book_1_WEB\" width=\"175\" height=\"175\" \/><\/a><a href=\"http:\/\/foerderverein-theatersommer.net\/archiv\/wp-content\/uploads\/2000_Jungle_Book_2_WEB.jpg\"><img loading=\"lazy\" decoding=\"async\" class=\"alignleft wp-image-7708 size-thumbnail\" title=\"Das Dschunglebuch (Kaa, die Schlange\/Mimmi Schwaiberger) - THS 2000 - Foto \u00a9 by Robert Crassie\" src=\"http:\/\/foerderverein-theatersommer.net\/archiv\/wp-content\/uploads\/2000_Jungle_Book_2_WEB-175x175.jpg\" alt=\"2000_Jungle_Book_2_WEB\" width=\"175\" height=\"175\" \/><\/a><a href=\"http:\/\/foerderverein-theatersommer.net\/archiv\/wp-content\/uploads\/2000_Jungle_Book_3_WEB.jpg\"><img loading=\"lazy\" decoding=\"async\" class=\"alignleft wp-image-7709 size-thumbnail\" title=\"Das Dschunglebuch (Mogli\/ M. Schwaiberger, Lui\/ A. Tougiannidis) - THS 2000 - Foto \u00a9 by Robert Crassie\" src=\"http:\/\/foerderverein-theatersommer.net\/archiv\/wp-content\/uploads\/2000_Jungle_Book_3_WEB-175x175.jpg\" alt=\"2000_Jungle_Book_3_WEB\" width=\"175\" height=\"175\" \/><\/a><a href=\"http:\/\/foerderverein-theatersommer.net\/archiv\/wp-content\/uploads\/2000_Jungle_Book_5_WEB.jpg\"><img loading=\"lazy\" decoding=\"async\" class=\"alignleft wp-image-7710 size-thumbnail\" title=\"Das Dschunglebuch (Mogli\/ M. Schwaiberger, Baghira\/ M. Hamm) - THS 2000 - Foto \u00a9 by Robert Crassie\" src=\"http:\/\/foerderverein-theatersommer.net\/archiv\/wp-content\/uploads\/2000_Jungle_Book_5_WEB-175x175.jpg\" alt=\"2000_Jungle_Book_5_WEB\" width=\"175\" height=\"175\" \/><\/a><a href=\"http:\/\/foerderverein-theatersommer.net\/archiv\/wp-content\/uploads\/2000_Jungle_Book_6_WEB.jpg\"><img loading=\"lazy\" decoding=\"async\" class=\"alignleft wp-image-7711 size-thumbnail\" title=\"2000 Das Dschunglebuch (Balluh\/ A. Tougiannidis) - THS 2000 - Foto \u00a9 by Robert Crassie\" src=\"http:\/\/foerderverein-theatersommer.net\/archiv\/wp-content\/uploads\/2000_Jungle_Book_6_WEB-175x175.jpg\" alt=\"2000_Jungle_Book_6_WEB\" width=\"175\" height=\"175\" \/><\/a><a href=\"http:\/\/foerderverein-theatersommer.net\/archiv\/wp-content\/uploads\/2004_Jungle_Book_6_WEB.jpg\"><img loading=\"lazy\" decoding=\"async\" class=\"alignleft wp-image-7712 size-thumbnail\" title=\"Das Dschunglebuch (Ensemble) - THS 2000 - Foto \u00a9 by Robert Crassie\" src=\"http:\/\/foerderverein-theatersommer.net\/archiv\/wp-content\/uploads\/2004_Jungle_Book_6_WEB-175x175.jpg\" alt=\"2004_Jungle_Book_6_WEB\" width=\"175\" height=\"175\" \/><\/a><br \/>\n<\/span><\/span><\/p>\n<p>&nbsp;<\/p>\n<p>&nbsp;<\/p>\n<p>&nbsp;<\/p>\n<p><span style=\"color: #808080;\"><span style=\"color: #808080; font-size: 8pt;\">Bildvergr\u00f6\u00dferung: Foto anklicken und \u00fcber re\/li Pfeil weiter<\/span><\/span><\/p>\n<p>&nbsp;<\/p>\n<p>ZUSCHAUERZAHLEN<br \/>\n2000:\u00a0\u00a0\u00a0\u00a0\u00a0 1.643 Zuschauer<br \/>\n2001: \u00a0 \u00a0 \u00a01.350 Zuschauer<br \/>\n2004:\u00a0\u00a0\u00a0\u00a0\u00a0 1.170 Zuschauer<br \/>\nGesamt: 4.163 Zuschauer<\/p>\n<p><span style=\"text-decoration: underline; color: #ff6600;\"><strong><span style=\"font-size: 14pt;\"><a style=\"color: #ff6600; text-decoration: underline;\" title=\"2002 \u2013 Urmel aus dem Eis\" href=\"http:\/\/foerderverein-theatersommer.net\/archiv\/spielplan\/kindertheater\/2002-urmel-aus-dem-eis-2\/\">N\u00e4chstes St\u00fcck<\/a><\/span><\/strong><\/span><\/p>\n","protected":false},"excerpt":{"rendered":"<p>DAS DSCHUNGELBUCH Kinder- und Familientheater frei nach Rudi Kipling Konzeption\/Bearbeitung: C. Wolff Unterhaltsame Poesie und Dichte REGIE: Christiane Wolff B\u00dcHNE:&#8230; <span class=\"read-more\"><a href=\"https:\/\/foerderverein-theatersommer.net\/archiv\/spielplan\/kindertheater\/2000-das-dschunglebuch\/\" class=\"button button-darkgray small\"> Continue Reading &rarr; <\/a><\/span><\/p>\n","protected":false},"author":1,"featured_media":10332,"parent":1583,"menu_order":0,"comment_status":"closed","ping_status":"closed","template":"","meta":{"footnotes":""},"_links":{"self":[{"href":"https:\/\/foerderverein-theatersommer.net\/archiv\/wp-json\/wp\/v2\/pages\/7076"}],"collection":[{"href":"https:\/\/foerderverein-theatersommer.net\/archiv\/wp-json\/wp\/v2\/pages"}],"about":[{"href":"https:\/\/foerderverein-theatersommer.net\/archiv\/wp-json\/wp\/v2\/types\/page"}],"author":[{"embeddable":true,"href":"https:\/\/foerderverein-theatersommer.net\/archiv\/wp-json\/wp\/v2\/users\/1"}],"replies":[{"embeddable":true,"href":"https:\/\/foerderverein-theatersommer.net\/archiv\/wp-json\/wp\/v2\/comments?post=7076"}],"version-history":[{"count":9,"href":"https:\/\/foerderverein-theatersommer.net\/archiv\/wp-json\/wp\/v2\/pages\/7076\/revisions"}],"predecessor-version":[{"id":11550,"href":"https:\/\/foerderverein-theatersommer.net\/archiv\/wp-json\/wp\/v2\/pages\/7076\/revisions\/11550"}],"up":[{"embeddable":true,"href":"https:\/\/foerderverein-theatersommer.net\/archiv\/wp-json\/wp\/v2\/pages\/1583"}],"wp:featuredmedia":[{"embeddable":true,"href":"https:\/\/foerderverein-theatersommer.net\/archiv\/wp-json\/wp\/v2\/media\/10332"}],"wp:attachment":[{"href":"https:\/\/foerderverein-theatersommer.net\/archiv\/wp-json\/wp\/v2\/media?parent=7076"}],"curies":[{"name":"wp","href":"https:\/\/api.w.org\/{rel}","templated":true}]}}