{"id":7167,"date":"2014-12-16T12:24:30","date_gmt":"2014-12-16T12:24:30","guid":{"rendered":"http:\/\/foerderverein-theatersommer.net\/archiv\/?page_id=7167"},"modified":"2024-06-19T15:04:24","modified_gmt":"2024-06-19T15:04:24","slug":"2012-kalle-blomquist","status":"publish","type":"page","link":"https:\/\/foerderverein-theatersommer.net\/archiv\/spielplan\/kindertheater\/2012-kalle-blomquist\/","title":{"rendered":"<br\/>2012 &#8211; Kalle Blomquist<br\/><br\/>"},"content":{"rendered":"<p><span style=\"font-size: 18pt;\"><strong>KALLE BLOMQUIST<\/strong><\/span><br \/>\nKindertheater nach Astrid Lindgren <br \/>\nBearbeitung: C. Wolff<\/p>\n<h3><span style=\"font-size: 24pt;\">ACHTUNG: THEATERBAZILLUS!<\/span><\/h3>\n<p>REGIE: Christiane Wolff<br \/>\nKOST\u00dcM: Claudia Flasche<br \/>\nB\u00dcHNE: Christiane Wolff \u00a0<br \/>\nMUSIKAUSWAHL: Peter Kratz<br \/>\nBESETZUNG: <br \/>\n2012: \u00a0Stefanie Friedrich, Diana Gantner, Severin Gm\u00fcnder, Christian Werner<br \/>\n2018: \u00a0Sasha Bornemann, Johanna Kr\u00fcger, Stefan M\u00fcller-Doriat, Ronja Schweikert<\/p>\n<p><strong><span style=\"font-size: 14pt;\">KONZEPTION\/INHALT<\/span><br \/>\n<\/strong>Kalle ist Detektiv und als Vorbilder dienen ihm niemand Geringeres als Sherlock Holmes und James Bond. Die Sommerferien verbringt er in einem kleinen schwedischen Dorf bei Tante Mia. Dort kann man meisterhaft Spuren lesen, dort verf\u00fcgt er sogar \u00fcber ein Detektivhauptquartier&#8230; Bereits 1946 machte sich Kalle Blomquist, in der schwedischen Originalausgabe, auf Verbrecherjagd &#8211; der &#8222;Meisterdetektiv&#8220; erschien kurz nach &#8222;Pippi Langstrumpf&#8220; als eines der ersten Werke von Astrid Lindgren und hat den Ruhm der gro\u00dfen schwedischen Autorin mitbegr\u00fcndet.<\/p>\n<p><strong><span style=\"font-size: 14pt;\">PRESSESTIMMEN<\/span> <\/strong><br \/>\n<strong>Mit dem Theaterbazillus angesteckt!<\/strong><br \/>\n&#8222;M\u00fctter, V\u00e4ter, wenn ihr eure Kinder mit dem Theaterbazillus anstecken wollt, steigt in die S-Bahn und bringt sie zum Meisterdetektiv Kalle Blomquist.&#8220; &#8211; Stuttgarter Zeitung &#8211; <\/p>\n<p><strong>Ein echtes Vergn\u00fcgen<\/strong><br \/>\n&#8222;Es ist wunderbar wie Christiane Wolff wieder die Kinderseelen anspricht. Sie hat die Zahl der Figuren reduziert, die Handlung sehr z\u00fcgig angelegt, so dass nie Langeweile aufkommt. (&#8230;) So ist eine Inszenierung entstanden, die zeigt, dass Kindertheater &#8211; mit viel Herz und genauso viel K\u00f6nnen gemacht &#8211; ein echtes Vergn\u00fcgen sein kann.&#8220; &#8211; LKZ &#8211; <\/p>\n<p><a href=\"http:\/\/foerderverein-theatersommer.net\/archiv\/wp-content\/uploads\/2012_Kalle_3_WEB.jpg\"><img loading=\"lazy\" decoding=\"async\" class=\"alignleft wp-image-7765 size-thumbnail\" title=\"Kalle Blomquist (Lotta\/ S. Friedrich, Kalle\/ S. Gm\u00fcnder) - THS 2012 - Foto \u00a9 Robert Crassie\" src=\"http:\/\/foerderverein-theatersommer.net\/archiv\/wp-content\/uploads\/2012_Kalle_3_WEB-175x175.jpg\" alt=\"2012_Kalle_3_WEB\" width=\"175\" height=\"175\" \/><\/a><a href=\"http:\/\/foerderverein-theatersommer.net\/archiv\/wp-content\/uploads\/2012_Kalle_4_WEB.jpg\"><img loading=\"lazy\" decoding=\"async\" class=\"alignleft wp-image-7766 size-thumbnail\" title=\"Kalle Blomquist (Kalle\/ S. Gm\u00fcnder, Onkel Einar\/ C. Werner) - THS 2012 - Foto \u00a9 Robert Crassie\" src=\"http:\/\/foerderverein-theatersommer.net\/archiv\/wp-content\/uploads\/2012_Kalle_4_WEB-175x175.jpg\" alt=\"2012_Kalle_4_WEB\" width=\"175\" height=\"175\" \/><\/a><a href=\"http:\/\/foerderverein-theatersommer.net\/archiv\/wp-content\/uploads\/2012_Kalle_1_WEB.jpg\"><img loading=\"lazy\" decoding=\"async\" class=\"alignleft wp-image-7763 size-thumbnail\" title=\"Kalle Blomquist (Kalle\/ S. Gm\u00fcnder, Lotta\/ S. Friedrich, Onkel Einar\/ C. Werner) - THS 2012 - Foto \u00a9 Robert Crassie\" src=\"http:\/\/foerderverein-theatersommer.net\/archiv\/wp-content\/uploads\/2012_Kalle_1_WEB-175x175.jpg\" alt=\"2012_Kalle_1_WEB\" width=\"175\" height=\"175\" \/><\/a><a href=\"http:\/\/foerderverein-theatersommer.net\/archiv\/wp-content\/uploads\/2012_Kalle_6_WEB.jpg\"><img loading=\"lazy\" decoding=\"async\" class=\"alignleft wp-image-7768 size-thumbnail\" title=\"Kalle Blomquist (Lotta\/ Stefanie Friedrich) - THS 2012 - Foto \u00a9 Robert Crassie\" src=\"http:\/\/foerderverein-theatersommer.net\/archiv\/wp-content\/uploads\/2012_Kalle_6_WEB-175x175.jpg\" alt=\"2012_Kalle_6_WEB\" width=\"175\" height=\"175\" \/><\/a><a href=\"http:\/\/foerderverein-theatersommer.net\/archiv\/wp-content\/uploads\/2012_Kalle_5_WEB.jpg\"><img loading=\"lazy\" decoding=\"async\" class=\"alignleft wp-image-7767 size-thumbnail\" title=\"Kalle Blomquist (Tante\/ D. Gantner, Onkel Einar\/ C. Werner) - THS 2012 - Foto \u00a9 Robert Crassie\" src=\"http:\/\/foerderverein-theatersommer.net\/archiv\/wp-content\/uploads\/2012_Kalle_5_WEB-175x175.jpg\" alt=\"2012_Kalle_5_WEB\" width=\"175\" height=\"175\" \/><\/a><a href=\"http:\/\/foerderverein-theatersommer.net\/archiv\/wp-content\/uploads\/2012_Kalle_2_WEB.jpg\"><img loading=\"lazy\" decoding=\"async\" class=\"alignleft wp-image-7764 size-thumbnail\" title=\"Kalle Blomquist (Kalle\/ S. Gm\u00fcnder, Lotta\/ S. Friedrich, Onkel Einar\/ C. Werner) - THS 2012 - Foto \u00a9 Robert Crassie\" src=\"http:\/\/foerderverein-theatersommer.net\/archiv\/wp-content\/uploads\/2012_Kalle_2_WEB-175x175.jpg\" alt=\"2012_Kalle_2_WEB\" width=\"175\" height=\"175\" \/><\/a><\/p>\n<p>&nbsp;<\/p>\n<p>&nbsp;<\/p>\n<p>&nbsp;<\/p>\n<p>&nbsp;<\/p>\n<p>&nbsp;<\/p>\n<p><span style=\"font-size: 8pt;\">Bildvergr\u00f6\u00dferung: Foto anklicken und \u00fcber re\/li Pfeil weiter<br \/>\n<\/span><\/p>\n<p>&nbsp;<\/p>\n<p>ZUSCHAUER:<br \/>\n2012: \u00a0 \u00a0 3.958 Zuschauer<br \/>\n2018: \u00a0 \u00a0 5.116 Zuschauer<br \/>\nGesamt: 9.074 Zuschauer<\/p>\n<p><span style=\"text-decoration: underline; font-size: 14pt; color: #ff6600;\"><a style=\"color: #ff6600;\" title=\"2020 - Pippi Langstrumpf\" href=\"http:\/\/foerderverein-theatersommer.net\/archiv\/spielplan\/kindertheater\/2020-pippi-langstrumpf\/\"><strong>N\u00e4chstes St\u00fcck<\/strong><\/a><\/span><\/p>\n<p>&nbsp;<\/p>\n","protected":false},"excerpt":{"rendered":"<p>KALLE BLOMQUIST Kindertheater nach Astrid Lindgren Bearbeitung: C. Wolff ACHTUNG: THEATERBAZILLUS! REGIE: Christiane Wolff KOST\u00dcM: Claudia Flasche B\u00dcHNE: Christiane Wolff&#8230; <span class=\"read-more\"><a href=\"https:\/\/foerderverein-theatersommer.net\/archiv\/spielplan\/kindertheater\/2012-kalle-blomquist\/\" class=\"button button-darkgray small\"> Continue Reading &rarr; <\/a><\/span><\/p>\n","protected":false},"author":1,"featured_media":10339,"parent":1583,"menu_order":4,"comment_status":"closed","ping_status":"closed","template":"","meta":{"footnotes":""},"_links":{"self":[{"href":"https:\/\/foerderverein-theatersommer.net\/archiv\/wp-json\/wp\/v2\/pages\/7167"}],"collection":[{"href":"https:\/\/foerderverein-theatersommer.net\/archiv\/wp-json\/wp\/v2\/pages"}],"about":[{"href":"https:\/\/foerderverein-theatersommer.net\/archiv\/wp-json\/wp\/v2\/types\/page"}],"author":[{"embeddable":true,"href":"https:\/\/foerderverein-theatersommer.net\/archiv\/wp-json\/wp\/v2\/users\/1"}],"replies":[{"embeddable":true,"href":"https:\/\/foerderverein-theatersommer.net\/archiv\/wp-json\/wp\/v2\/comments?post=7167"}],"version-history":[{"count":16,"href":"https:\/\/foerderverein-theatersommer.net\/archiv\/wp-json\/wp\/v2\/pages\/7167\/revisions"}],"predecessor-version":[{"id":10395,"href":"https:\/\/foerderverein-theatersommer.net\/archiv\/wp-json\/wp\/v2\/pages\/7167\/revisions\/10395"}],"up":[{"embeddable":true,"href":"https:\/\/foerderverein-theatersommer.net\/archiv\/wp-json\/wp\/v2\/pages\/1583"}],"wp:featuredmedia":[{"embeddable":true,"href":"https:\/\/foerderverein-theatersommer.net\/archiv\/wp-json\/wp\/v2\/media\/10339"}],"wp:attachment":[{"href":"https:\/\/foerderverein-theatersommer.net\/archiv\/wp-json\/wp\/v2\/media?parent=7167"}],"curies":[{"name":"wp","href":"https:\/\/api.w.org\/{rel}","templated":true}]}}