{"id":7171,"date":"2014-12-16T12:32:45","date_gmt":"2014-12-16T12:32:45","guid":{"rendered":"http:\/\/foerderverein-theatersommer.net\/archiv\/?page_id=7171"},"modified":"2024-05-02T14:59:25","modified_gmt":"2024-05-02T14:59:25","slug":"2013-die-raeuber","status":"publish","type":"page","link":"https:\/\/foerderverein-theatersommer.net\/archiv\/spielplan\/ab-2010\/2013-die-raeuber\/","title":{"rendered":"<br\/>2013 &#8211; Die R\u00e4uber<br\/><br\/><br\/>"},"content":{"rendered":"<p><span style=\"font-size: 18pt;\"><strong>DIE R\u00c4UBER<\/strong><\/span><br \/>\nfrei nach Friedrich Schiller<br \/>\n<span style=\"font-size: 10pt;\">F\u00fcr den Theatersommer dramaturgisch und szenisch eingerichtet von Peter Kratz<\/span><\/p>\n<h3><span style=\"font-size: 24pt;\">So vergn\u00fcglich kann Sturm und Drang sein<\/span><\/h3>\n<p>REGIE: Peter Kratz<br \/>\nKOST\u00dcME: Claudia Flasche<br \/>\nB\u00dcHNE: Enno Craiss<br \/>\nMIT: Anja Barth, Christina Einbrock\/Christiani Wetter, Andreas Klaue, Bernhard Linke<\/p>\n<p><strong><span style=\"font-size: 14pt;\">KONZEPTION<\/span><\/strong><br \/>\n&#8222;Ich gehe, mich selbst in die H\u00e4nde der Justiz zu \u00fcberliefern&#8220;, sagt die Hauptfigur Karl von Moor am Ende von Schillers Drama. Karl erkennt, dass er durch die Intrigen seines Bruders Franz zu einem Verbrecher und M\u00f6rder geworden ist und er seinem Schicksal nicht mehr entkommen kann.<br \/>\nAn dieser Stelle setzte die Bearbeitung an. Nach mehr als 250 Jahren wird Karl von Moor aus dem ewigen &#8218;Gef\u00e4ngnis&#8216; seiner Schuld entlassen. Man k\u00f6nnte auch sagen, dass ihn die H\u00f6lle selbst einfach ausgespuckt hat. Da steht er nun, der alte Moor, unser Erz\u00e4hler, und l\u00e4sst alles ganz neu beginnen. Es waren einmal &#8230; Karl und Franz. Dort der Lieblingssohn, weit weg, hier der andere, stets pr\u00e4sent, von Neid und Habsucht zerfressen. Hinzu tritt ein weiblich-w\u00fcster Derwisch namens Spiegelberg und da ist auch das zarte, engelsgleiche Wesen Amilia. Erz\u00e4hlung, Erinnerung, Tr\u00e4umerei nehmen Gestalt an, das bitterernste Spiel beginnt &#8211; in dem die Gegens\u00e4tze sich vielfach spiegeln, Figuren wie Zeiten durcheinanderst\u00fcrmen und -dr\u00e4ngen.<\/p>\n<p><span style=\"font-size: 14pt;\"><strong>PRESSESTIMMEN<\/strong><\/span><br \/>\n<strong>Auch f\u00fcr Schiller-Verehrer ein Genuss<\/strong><br \/>\n&#8222;Der Grundton der Inszenierung ist heiter. Kluge Aktualisierungen und Einladungen brechen den hohen Ton, den Schiller anschl\u00e4gt. Damit wird der Theaterabend auch f\u00fcr alle Schiller-Verehrer zu einem Genuss. Die Inszenierung macht Schiller und seine Figuren nicht l\u00e4cherlich. Immer wieder bricht sich, zwischen aller Lustigkeit und Lockerheit im Umgang mit dem weltber\u00fchmten Stoff, Schillers Genie Bahn.&#8220; &#8211; Ludwigsburger Wochenblatt &#8211;<\/p>\n<p><strong>Gehaltvoller als die R\u00e4uber des Sturm- und Drangdichters Schiller<\/strong><br \/>\n&#8222;Man darf behaupten, dass diese neuen R\u00e4uber gehaltvoller sind als jene des Sturm- und Drangdichters Schiller mit seinem Freiheitsideal, das alles \u00fcberstrahlt. Gut oder b\u00f6se, frei oder gefangen, vier Schauspieler bew\u00e4ltigen den Stoff im Stil des Theatersommers. Alle \u00fcberzeugen als Einzeldarsteller wie im Ensemble. Die R\u00e4dchen greifen ineinander, die Handlung bewegt sich tief auf einer Gef\u00fchls- und Gem\u00fctsebene.&#8220; &#8211; LKZ &#8211;<\/p>\n<p><strong>Gedanklicher Witz und sch\u00f6ne Bildideen<\/strong><br \/>\n&#8222;Peter Kratz&#8216; vergn\u00fcgliche Inszenierung \u00fcberzeugt durch gedanklichen Witz und sch\u00f6ne Bildideen. Und gerade in dieser Schr\u00e4gheit eingebettet leuchtet Schillers unglaubliche Sprache besonders hell.&#8220; &#8211; Stuttgarter Zeitung &#8211;<\/p>\n<p><a href=\"http:\/\/foerderverein-theatersommer.net\/archiv\/wp-content\/uploads\/2013_Raeuber_4_WEB.jpg\"><img loading=\"lazy\" decoding=\"async\" class=\"alignleft wp-image-7565 size-thumbnail\" title=\"2013 Die R\u00e4uber (Karl von Moor\/A. Klaue, Spiegelberg\/A. Barth)\" src=\"http:\/\/foerderverein-theatersommer.net\/archiv\/wp-content\/uploads\/2013_Raeuber_4_WEB-175x175.jpg\" alt=\"2013_Raeuber_4_WEB\" width=\"175\" height=\"175\" \/><\/a><a href=\"http:\/\/foerderverein-theatersommer.net\/archiv\/wp-content\/uploads\/2013_Raeuber_1_WEB.jpg\"><img loading=\"lazy\" decoding=\"async\" class=\"alignleft wp-image-7562 size-thumbnail\" title=\"2013 Die R\u00e4uber (Karl von Moor\/Andreas Klaue)\" src=\"http:\/\/foerderverein-theatersommer.net\/archiv\/wp-content\/uploads\/2013_Raeuber_1_WEB-175x175.jpg\" alt=\"2013_Raeuber_1_WEB\" width=\"175\" height=\"175\" \/><\/a><a href=\"http:\/\/foerderverein-theatersommer.net\/archiv\/wp-content\/uploads\/2013_Raeuber_3_WEB.jpg\"><img loading=\"lazy\" decoding=\"async\" class=\"alignleft wp-image-7564 size-thumbnail\" title=\"2014 Die R\u00e4uber (Ensemble)\" src=\"http:\/\/foerderverein-theatersommer.net\/archiv\/wp-content\/uploads\/2013_Raeuber_3_WEB-175x175.jpg\" alt=\"2013_Raeuber_3_WEB\" width=\"175\" height=\"175\" \/><\/a><a href=\"http:\/\/foerderverein-theatersommer.net\/archiv\/wp-content\/uploads\/2013_Raeuber_5_WEB.jpg\"><img loading=\"lazy\" decoding=\"async\" class=\"alignleft wp-image-7566 size-thumbnail\" title=\"2014 Die R\u00e4uber (Ensemble)\" src=\"http:\/\/foerderverein-theatersommer.net\/archiv\/wp-content\/uploads\/2013_Raeuber_5_WEB-175x175.jpg\" alt=\"2013_Raeuber_5_WEB\" width=\"175\" height=\"175\" \/><\/a>\u00a0<a href=\"http:\/\/foerderverein-theatersommer.net\/archiv\/wp-content\/uploads\/2013_Raeuber_6_WEB.jpg\"><img loading=\"lazy\" decoding=\"async\" class=\"alignleft wp-image-7567 size-thumbnail\" title=\"2013 Die R\u00e4uber (Spiegelberg\/A. Barth, R\u00e4uber\/A. C. Einbrock)\" src=\"http:\/\/foerderverein-theatersommer.net\/archiv\/wp-content\/uploads\/2013_Raeuber_6_WEB-175x175.jpg\" alt=\"2013_Raeuber_6_WEB\" width=\"175\" height=\"175\" \/><\/a><\/p>\n<p><span style=\"color: #808080; font-size: 8pt;\"><a href=\"http:\/\/foerderverein-theatersommer.net\/archiv\/wp-content\/uploads\/2013_Raeuber_2_WEB.jpg\"><img loading=\"lazy\" decoding=\"async\" class=\"alignleft wp-image-7563 size-thumbnail\" title=\"2013 Die R\u00e4uber (Ensemble)\" src=\"http:\/\/foerderverein-theatersommer.net\/archiv\/wp-content\/uploads\/2013_Raeuber_2_WEB-175x175.jpg\" alt=\"2013_Raeuber_2_WEB\" width=\"175\" height=\"175\" \/><\/a><\/span><\/p>\n<p>&nbsp;<\/p>\n<p>&nbsp;<\/p>\n<p>&nbsp;<\/p>\n<p><span style=\"color: #808080; font-size: 8pt;\">Bildvergr\u00f6\u00dferung: Foto anklicken und \u00fcber re\/li Pfeil weiter<\/span><\/p>\n<p>&nbsp;<\/p>\n<p>&nbsp;<\/p>\n<p><span style=\"font-size: 14pt;\"><strong>ZUSCHAUERZAHLEN<\/strong><\/span><br \/>\n2013: \u00a0 \u00a0 \u00a0 \u00a0 \u00a04.042 Zuschauer<br \/>\n2014: \u00a0 \u00a0 \u00a0 \u00a0 \u00a01.246 Zuschauer<br \/>\n<strong>Gesamt:<\/strong>\u00a0 5.288 Zuschauer<\/p>\n<p><span style=\"color: #800000; font-size: 14pt;\"><a style=\"color: #800000;\" title=\"2013 \u2013 eine Mittsommernachts-Sex-Kom\u00f6die\" href=\"http:\/\/foerderverein-theatersommer.net\/archiv\/spielplan\/ab-2010\/2013-eine-mittsommernachts-sex-komoedie\/\"><span style=\"text-decoration: underline; color: #339966;\"><strong>n\u00e4chstes St\u00fcck<\/strong><\/span><\/a><\/span><\/p>\n<p><img loading=\"lazy\" decoding=\"async\" class=\"alignleft wp-image-9928 size-large\" src=\"http:\/\/foerderverein-theatersommer.net\/archiv\/wp-content\/uploads\/2013-Raeuber-Plakat-326x800.jpg\" alt=\"\" width=\"326\" height=\"800\" srcset=\"https:\/\/foerderverein-theatersommer.net\/archiv\/wp-content\/uploads\/2013-Raeuber-Plakat-326x800.jpg 326w, https:\/\/foerderverein-theatersommer.net\/archiv\/wp-content\/uploads\/2013-Raeuber-Plakat-122x300.jpg 122w, https:\/\/foerderverein-theatersommer.net\/archiv\/wp-content\/uploads\/2013-Raeuber-Plakat-407x999.jpg 407w, https:\/\/foerderverein-theatersommer.net\/archiv\/wp-content\/uploads\/2013-Raeuber-Plakat.jpg 588w\" sizes=\"(max-width: 326px) 100vw, 326px\" \/><\/p>\n<p>&nbsp;<\/p>\n<p>&nbsp;<\/p>\n<p>&nbsp;<\/p>\n<p>&nbsp;<\/p>\n<p>&nbsp;<\/p>\n<p>&nbsp;<\/p>\n<p>&nbsp;<\/p>\n<p>&nbsp;<\/p>\n<p>&nbsp;<\/p>\n<p>&nbsp;<\/p>\n<p>&nbsp;<\/p>\n<p>&nbsp;<\/p>\n<p><span style=\"color: #808080; font-size: 8pt;\">Plakat: \u00a9 Crassie (Graphik &amp; Plakatkunst)<\/span><\/p>\n<p>&nbsp;<\/p>\n<p>&nbsp;<\/p>\n<p>&nbsp;<\/p>\n<p>&nbsp;<\/p>\n<p>&nbsp;<\/p>\n<p>&nbsp;<\/p>\n<p>&nbsp;<\/p>\n<p>&nbsp;<\/p>\n<p>&nbsp;<\/p>\n<p>&nbsp;<\/p>\n","protected":false},"excerpt":{"rendered":"<p>DIE R\u00c4UBER frei nach Friedrich Schiller F\u00fcr den Theatersommer dramaturgisch und szenisch eingerichtet von Peter Kratz So vergn\u00fcglich kann Sturm&#8230; <span class=\"read-more\"><a href=\"https:\/\/foerderverein-theatersommer.net\/archiv\/spielplan\/ab-2010\/2013-die-raeuber\/\" class=\"button button-darkgray small\"> Continue Reading &rarr; <\/a><\/span><\/p>\n","protected":false},"author":1,"featured_media":9927,"parent":1585,"menu_order":0,"comment_status":"closed","ping_status":"closed","template":"","meta":{"footnotes":""},"_links":{"self":[{"href":"https:\/\/foerderverein-theatersommer.net\/archiv\/wp-json\/wp\/v2\/pages\/7171"}],"collection":[{"href":"https:\/\/foerderverein-theatersommer.net\/archiv\/wp-json\/wp\/v2\/pages"}],"about":[{"href":"https:\/\/foerderverein-theatersommer.net\/archiv\/wp-json\/wp\/v2\/types\/page"}],"author":[{"embeddable":true,"href":"https:\/\/foerderverein-theatersommer.net\/archiv\/wp-json\/wp\/v2\/users\/1"}],"replies":[{"embeddable":true,"href":"https:\/\/foerderverein-theatersommer.net\/archiv\/wp-json\/wp\/v2\/comments?post=7171"}],"version-history":[{"count":20,"href":"https:\/\/foerderverein-theatersommer.net\/archiv\/wp-json\/wp\/v2\/pages\/7171\/revisions"}],"predecessor-version":[{"id":10463,"href":"https:\/\/foerderverein-theatersommer.net\/archiv\/wp-json\/wp\/v2\/pages\/7171\/revisions\/10463"}],"up":[{"embeddable":true,"href":"https:\/\/foerderverein-theatersommer.net\/archiv\/wp-json\/wp\/v2\/pages\/1585"}],"wp:featuredmedia":[{"embeddable":true,"href":"https:\/\/foerderverein-theatersommer.net\/archiv\/wp-json\/wp\/v2\/media\/9927"}],"wp:attachment":[{"href":"https:\/\/foerderverein-theatersommer.net\/archiv\/wp-json\/wp\/v2\/media?parent=7171"}],"curies":[{"name":"wp","href":"https:\/\/api.w.org\/{rel}","templated":true}]}}