{"id":7181,"date":"2014-12-16T15:42:51","date_gmt":"2014-12-16T15:42:51","guid":{"rendered":"http:\/\/foerderverein-theatersommer.net\/archiv\/?page_id=7181"},"modified":"2024-05-02T15:01:58","modified_gmt":"2024-05-02T15:01:58","slug":"2014-fruehstueck-bei-tiffany","status":"publish","type":"page","link":"https:\/\/foerderverein-theatersommer.net\/archiv\/spielplan\/ab-2010\/2014-fruehstueck-bei-tiffany\/","title":{"rendered":"<br\/>2014 &#8211; Fr\u00fchst\u00fcck bei Tiffany<br\/><br\/>"},"content":{"rendered":"<p><span style=\"font-size: 18pt;\"><strong>FR\u00dcHST\u00dcCK BEI TIFFANY<\/strong><\/span><br \/>\nDeutsche Erstauff\u00fchrung &#8211; nach dem Roman von Truman Capote<br \/>\nF\u00fcr den Theatersommer dramaturgisch und szenisch eingerichtet von Peter Kratz<\/p>\n<h3><span style=\"font-size: 24pt;\">Ein lohnenswerter, anderer Blickwinkel <br \/>\nauf eine ber\u00fchmte Geschichte<\/span><\/h3>\n<p>REGIE: Peter Kratz<br \/>\nKOST\u00dcME: Claudia Flasche<br \/>\nB\u00dcHNE: Enno Craiss<br \/>\nMIT: Anja Barth, Andreas Klaue, Bernhard Linke, Christian Werner, Christiani Wetter<\/p>\n<p>KONZEPTION<br \/>\nTruman Capotes gewagte, treffsichere Milieuschilderung fand bereits 1961 ihren Weg ins Kino &#8211; nur drei Jahre nachdem sie erschienen war. Ihre Hauptfigur Holly ist mit dem Gesicht von Audrey Hepburn in die Filmgeschichte eingegangen. Doch nicht erst als Film setzte &#8222;Fr\u00fchst\u00fcck bei Tiffany&#8220; neue Ma\u00dfst\u00e4be. Mehr noch als die geschmeidige Hollywoodversion entwirft Capotes weltber\u00fchmter Roman mit seiner originellen Heldin einen regelrecht neuen Frauentyp: eine kaprizi\u00f6se, unnahbare Edel-Geisha, die in geschliffenen Dialogen nicht mit erotischen Anspielungen geizt. Die Dramatisierung von &#8222;Fr\u00fchst\u00fcck bei Tiffany&#8220; setzt zwar auf den Erfolgsfilm, greift aber auch Teile aus Capotes Roman auf, die der damals noch strengen Zensur der amerikanischen Filmbeh\u00f6rden zum Opfer fielen.<\/p>\n<p>PRESSESTIMMEN<br \/>\n<strong>Sch\u00f6nstes Schauspielertheater<\/strong><br \/>\n&#8222;Diese Inszenierung ist sch\u00f6nstes Schauspielertheater. (&#8230;) Dem Regisseur gelingt eine gute Mixtur. Auf der B\u00fchne ist richtig was los, zu sehen sind aber auch viele zarte, poetische Momente.&#8220; &#8211; Stuttgarter Zeitung &#8211;<\/p>\n<p><strong>Quicklebendig und abwechslungsreich<\/strong><br \/>\n&#8222;Sowohl stilistisch wie inhaltlich pr\u00e4sentiert sich dieses Fr\u00fchst\u00fcck quicklebendig und abwechslungsreich. \u00d6fter geht es bis auf den Boden in den Bottich mit Kitsch, denn nat\u00fcrlich hat der Hepburn-Film so manche kitschige Komponente und Kratz macht sich mit seinen Schauspielern einen Spa\u00df draus, diesen Kitsch zu karikieren und zu persiflieren.&#8220; &#8211; LKZ &#8211;<\/p>\n<p><strong>\u00dcberzeugt in der Dramaturgie<\/strong><br \/>\n&#8222;Die Auff\u00fchrung \u00fcberzeugt in ihrer Dramaturgie in der wesentlich intensiveren Umsetzung der literarischen Buchvorlage. &#8218;Fr\u00fchst\u00fcck bei Tiffany&#8216; war und ist eher Psychodrama als Kom\u00f6die. Trotzdem finden sich komische Momente.&#8220; &#8211; Bietigheimer Zeitung &#8211;<\/p>\n<p><a href=\"http:\/\/foerderverein-theatersommer.net\/archiv\/wp-content\/uploads\/2014_Fruehstueck_Tiffany_1_WEB.jpg\"><img loading=\"lazy\" decoding=\"async\" class=\"alignleft wp-image-7568 size-thumbnail\" title=\"2014 Fr\u00fchst\u00fcck bei Tiffany (Holly\/Christiani Wetter) - ThS 2014 - Foto: \u00a9 by Robert Crassie\" src=\"http:\/\/foerderverein-theatersommer.net\/archiv\/wp-content\/uploads\/2014_Fruehstueck_Tiffany_1_WEB-175x175.jpg\" alt=\"2014_Fruehstueck_Tiffany_1_WEB\" width=\"175\" height=\"175\" \/><\/a><a href=\"http:\/\/foerderverein-theatersommer.net\/archiv\/wp-content\/uploads\/2014_Fruehstueck_Tiffany_5_WEB.jpg\"><img loading=\"lazy\" decoding=\"async\" class=\"alignleft wp-image-7572 size-thumbnail\" title=\"2014 Fr\u00fchst\u00fcck bei Tiffany (Yunoshi\/Christian Werner) - ThS 2014 - Foto: \u00a9 by Robert Crassie\" src=\"http:\/\/foerderverein-theatersommer.net\/archiv\/wp-content\/uploads\/2014_Fruehstueck_Tiffany_5_WEB-175x175.jpg\" alt=\"2014_Fruehstueck_Tiffany_5_WEB\" width=\"175\" height=\"175\" \/><\/a><a href=\"http:\/\/foerderverein-theatersommer.net\/archiv\/wp-content\/uploads\/2014_Fruehstueck_Tiffany_2_WEB.jpg\"><img loading=\"lazy\" decoding=\"async\" class=\"alignleft wp-image-7569 size-thumbnail\" title=\"2014 Fr\u00fchst\u00fcck bei Tiffany (Holly\/C. Wetter, Meg\/A. Barth) - ThS 2014 - Foto: \u00a9 by Robert Crassie\" src=\"http:\/\/foerderverein-theatersommer.net\/archiv\/wp-content\/uploads\/2014_Fruehstueck_Tiffany_2_WEB-175x175.jpg\" alt=\"2014_Fruehstueck_Tiffany_2_WEB\" width=\"175\" height=\"175\" \/><\/a><a href=\"http:\/\/foerderverein-theatersommer.net\/archiv\/wp-content\/uploads\/2014_Fruehstueck_Tiffany_6_WEB.jpg\"><img loading=\"lazy\" decoding=\"async\" class=\"alignleft wp-image-7573 size-thumbnail\" title=\"2014 Fr\u00fchst\u00fcck bei Tiffany (Holly\/C. Wetter, Truey Capote\/A. Klaue) - ThS 2014 - Foto: \u00a9 by Robert Crassie\" src=\"http:\/\/foerderverein-theatersommer.net\/archiv\/wp-content\/uploads\/2014_Fruehstueck_Tiffany_6_WEB-175x175.jpg\" alt=\"2014_Fruehstueck_Tiffany_6_WEB\" width=\"175\" height=\"175\" \/><\/a><a href=\"http:\/\/foerderverein-theatersommer.net\/archiv\/wp-content\/uploads\/2014_Fruehstueck_Tiffany_3_WEB.jpg\"><img loading=\"lazy\" decoding=\"async\" class=\"alignleft wp-image-7570 size-thumbnail\" title=\"2014 Fr\u00fchst\u00fcck bei Tiffany (Holly\/C. Wetter; Doc Golightly\/A. Klaue) - ThS 2014 - Foto: \u00a9 by Robert Crassie\" src=\"http:\/\/foerderverein-theatersommer.net\/archiv\/wp-content\/uploads\/2014_Fruehstueck_Tiffany_3_WEB-175x175.jpg\" alt=\"2014_Fruehstueck_Tiffany_3_WEB\" width=\"175\" height=\"175\" \/><\/a><a href=\"http:\/\/foerderverein-theatersommer.net\/archiv\/wp-content\/uploads\/2014_Fruehstueck_Tiffany_4_WEB.jpg\"><img loading=\"lazy\" decoding=\"async\" class=\"alignleft wp-image-7571 size-thumbnail\" title=\"2014 Fr\u00fchst\u00fcck bei Tiffany (Mr.O'Shaugnasy\/C. Werner, Fred\/B. Linke, Holly\/C. Wetter) - ThS 2014 - Foto: \u00a9 by Robert Crassie\" src=\"http:\/\/foerderverein-theatersommer.net\/archiv\/wp-content\/uploads\/2014_Fruehstueck_Tiffany_4_WEB-175x175.jpg\" alt=\"2014_Fruehstueck_Tiffany_4_WEB\" width=\"175\" height=\"175\" \/><\/a><\/p>\n<p>&nbsp;<\/p>\n<p>&nbsp;<\/p>\n<p>&nbsp;<\/p>\n<p>&nbsp;<\/p>\n<p><span style=\"font-size: 8pt;\">Bildvergr\u00f6\u00dferung: Foto anklicken und \u00fcber re\/li Pfeil weiter<\/span><\/p>\n<p>&nbsp;<\/p>\n<p>ZUSCHAUERZAHLEN<br \/>\n2014: \u00a0 \u00a0 4.834 Zuschauer<\/p>\n<p><span style=\"text-decoration: underline; font-size: 14pt; color: #339966;\"><strong><a style=\"color: #339966; text-decoration: underline;\" title=\"2014 \u2013 Garten von Godot\" href=\"http:\/\/foerderverein-theatersommer.net\/archiv\/spielplan\/ab-2010\/2014-garten-von-godot\/\">n\u00e4chstes St\u00fcck<\/a><\/strong><\/span><\/p>\n<p><img loading=\"lazy\" decoding=\"async\" class=\"alignleft wp-image-9984 size-large\" src=\"http:\/\/foerderverein-theatersommer.net\/archiv\/wp-content\/uploads\/2014-Tiffany-Plakat-326x800.jpg\" alt=\"\" width=\"326\" height=\"800\" srcset=\"https:\/\/foerderverein-theatersommer.net\/archiv\/wp-content\/uploads\/2014-Tiffany-Plakat-326x800.jpg 326w, https:\/\/foerderverein-theatersommer.net\/archiv\/wp-content\/uploads\/2014-Tiffany-Plakat-122x300.jpg 122w, https:\/\/foerderverein-theatersommer.net\/archiv\/wp-content\/uploads\/2014-Tiffany-Plakat-407x999.jpg 407w, https:\/\/foerderverein-theatersommer.net\/archiv\/wp-content\/uploads\/2014-Tiffany-Plakat.jpg 417w\" sizes=\"(max-width: 326px) 100vw, 326px\" \/><\/p>\n<p>&nbsp;<\/p>\n<p>&nbsp;<\/p>\n<p>&nbsp;<\/p>\n<p>&nbsp;<\/p>\n<p>&nbsp;<\/p>\n<p>&nbsp;<\/p>\n<p>&nbsp;<\/p>\n<p>&nbsp;<\/p>\n<p>&nbsp;<\/p>\n<p>&nbsp;<\/p>\n<p>&nbsp;<\/p>\n<p>&nbsp;<\/p>\n<p><span style=\"font-size: 8pt;\">Plakatmotiv \u00a9 by Robert Crassie<\/span><\/p>\n","protected":false},"excerpt":{"rendered":"<p>FR\u00dcHST\u00dcCK BEI TIFFANY Deutsche Erstauff\u00fchrung &#8211; nach dem Roman von Truman Capote F\u00fcr den Theatersommer dramaturgisch und szenisch eingerichtet von&#8230; <span class=\"read-more\"><a href=\"https:\/\/foerderverein-theatersommer.net\/archiv\/spielplan\/ab-2010\/2014-fruehstueck-bei-tiffany\/\" class=\"button button-darkgray small\"> Continue Reading &rarr; <\/a><\/span><\/p>\n","protected":false},"author":1,"featured_media":9977,"parent":1585,"menu_order":0,"comment_status":"closed","ping_status":"closed","template":"","meta":{"footnotes":""},"_links":{"self":[{"href":"https:\/\/foerderverein-theatersommer.net\/archiv\/wp-json\/wp\/v2\/pages\/7181"}],"collection":[{"href":"https:\/\/foerderverein-theatersommer.net\/archiv\/wp-json\/wp\/v2\/pages"}],"about":[{"href":"https:\/\/foerderverein-theatersommer.net\/archiv\/wp-json\/wp\/v2\/types\/page"}],"author":[{"embeddable":true,"href":"https:\/\/foerderverein-theatersommer.net\/archiv\/wp-json\/wp\/v2\/users\/1"}],"replies":[{"embeddable":true,"href":"https:\/\/foerderverein-theatersommer.net\/archiv\/wp-json\/wp\/v2\/comments?post=7181"}],"version-history":[{"count":15,"href":"https:\/\/foerderverein-theatersommer.net\/archiv\/wp-json\/wp\/v2\/pages\/7181\/revisions"}],"predecessor-version":[{"id":10465,"href":"https:\/\/foerderverein-theatersommer.net\/archiv\/wp-json\/wp\/v2\/pages\/7181\/revisions\/10465"}],"up":[{"embeddable":true,"href":"https:\/\/foerderverein-theatersommer.net\/archiv\/wp-json\/wp\/v2\/pages\/1585"}],"wp:featuredmedia":[{"embeddable":true,"href":"https:\/\/foerderverein-theatersommer.net\/archiv\/wp-json\/wp\/v2\/media\/9977"}],"wp:attachment":[{"href":"https:\/\/foerderverein-theatersommer.net\/archiv\/wp-json\/wp\/v2\/media?parent=7181"}],"curies":[{"name":"wp","href":"https:\/\/api.w.org\/{rel}","templated":true}]}}