{"id":7197,"date":"2014-12-16T16:22:45","date_gmt":"2014-12-16T16:22:45","guid":{"rendered":"http:\/\/foerderverein-theatersommer.net\/archiv\/?page_id=7197"},"modified":"2024-05-02T15:00:55","modified_gmt":"2024-05-02T15:00:55","slug":"2013-eine-mittsommernachts-sex-komoedie","status":"publish","type":"page","link":"https:\/\/foerderverein-theatersommer.net\/archiv\/spielplan\/ab-2010\/2013-eine-mittsommernachts-sex-komoedie\/","title":{"rendered":"<br\/>2013 &#8211; Eine Mittsommernachts-Sex-Kom\u00f6die<br\/><br\/>"},"content":{"rendered":"<p><span style=\"font-size: 18pt;\"><strong>EINE MITSOMMERNACHTS-SEX-KOM\u00d6DIE<\/strong><\/span><br \/>\nvon Woody Allen<br \/>\nF\u00fcr den Theatersommer szenisch eingerichtet von Christiane Wolff<\/p>\n<h3><span style=\"font-size: 24pt;\">Der Abend kommt, der Garten <br \/>\nentfaltet seine Zauberwirkung<\/span><\/h3>\n<p>REGIE: Christiane Wolff<br \/>\nKOST\u00dcME: Claudia Flasche<br \/>\nB\u00dcHNE: C. Wolff<br \/>\nMIT: Diana Gantner, Andreas Klopp, Meil Madukanya, Uwe-Peter Spinner, Anja Taschenberg, Christian Werner<\/p>\n<p><strong><span style=\"font-size: 14pt;\">KONZEPTION<\/span><\/strong><br \/>\nDrei Paare ist gleich sechs Menschen, macht zusammen rund ein Dutzend unterschiedlicher Auffassungen &#8211; vom Sex sowieso, aber nicht nur. Doch eins nach dem anderen. Am Wochenende will man wohlig ausspannen! Und ausspannen tun sie gr\u00fcndlich, die drei Partner-Paare. Vor allem spannen sie einander gegenseitig aus, was reihum f\u00fcr spannende Begegnungen der horizontalen Art sorgt&#8230;<\/p>\n<p>Woody Allens Film spielt um 1900, als das Kino noch in die Schule ging. Die Geschichte enth\u00e4lt eine wahrhaft wundersame Flut von Bez\u00fcgen, am deutlichsten zu Shakespeares &#8222;Sommernachtstraum&#8220; und zu Ingmar Bergmanns &#8222;Das L\u00e4cheln einer Sommernacht&#8220; und der ausgesprochen theatralische Stoff ist voll von geistreichen Dialogen, die sich f\u00fcr die B\u00fchne eigentlich fast besser eignen als f\u00fcr den Film. 2013 brachte der Theatersommer den Liebesrausch und das Verwirrspiel, die Amouren und munteren Partnertausch\u00fcbungen wieder an den Ort, wo sie hingeh\u00f6ren &#8211; in einen verwunschenen Garten, der f\u00fcr dieses erotisierte SEXtett wie geschaffen ist.<\/p>\n<p><span style=\"font-size: 14pt;\"><strong>PRESSESTIMMEN<\/strong><\/span><br \/>\n<strong>Mit feinen, spa\u00dfigen Details<\/strong><br \/>\n&#8222;Am\u00fcsement, gar nicht platt, sondern ansprechend, weil die Darsteller viel aus ihren Rollen machen. Alles hat einen guten Rhythmus, bereitet auf diese Art viel Freude und wartet immer wieder mit feinen, spa\u00dfigen Details auf.&#8220; &#8211; LKZ &#8211;<\/p>\n<p><strong>Ein kurzweiliger Abend mit Pointen<br \/>\n<\/strong>&#8222;Es ist ein leichtes Spiel um Shakespeares &#8218;Sommernachtstraum&#8216;, aber auch um Lebensfragen, wie das Nachtrauern um verpasste Chancen. Ein kurzweiliger Abend mit Pointen, die das Leben nicht sch\u00f6ner beschreiben k\u00f6nnten.&#8220; -Stuttgarter Nachrichten &#8211;<\/p>\n<p><strong>K\u00f6stliche Theatermomente<\/strong><br \/>\n&#8222;Christiane Wolff hat die T\u00fcr-auf-T\u00fcr-zu- Kom\u00f6die mit leichter Hand und mit Ironie im Detail inszeniert, ohne auf Teufel komm raus albern und deftig sein zu wollen. Dieses unbeschwerte Wochenende bietet k\u00f6stliche Theatermomente. (&#8230;) Es ist ein leichtes Spiel um Shakespeares &#8218;Sommernachtstraum&#8216;, aber auch um Lebensfragen, wie das Nachtrauern um verpasste Chancen. Ein kurzweiliger Abend mit Pointen, die das Leben nicht sch\u00f6ner beschreiben k\u00f6nnten.&#8220; -Stuttgarter Nachrichten &#8211;<\/p>\n<p><strong>K\u00f6stliche Theatermomente<\/strong><br \/>\n&#8222;Christiane Wolff hat die T\u00fcr-auf-T\u00fcr-zu- Kom\u00f6die mit leichter Hand und mit Ironie im Detail inszeniert, ohne auf Teufel komm raus albern und deftig sein zu wollen. Dieses unbeschwerte Wochenende bietet k\u00f6stliche Theatermomente.&#8220; &#8211; Stuttgarter Zeitung &#8211;<\/p>\n<p><a href=\"http:\/\/foerderverein-theatersommer.net\/archiv\/wp-content\/uploads\/2013_MSK_6_WEB.jpg\"><img loading=\"lazy\" decoding=\"async\" class=\"alignleft wp-image-7410 size-thumbnail\" title=\"2013 Eine Mittsommernachts-Sex-Kom\u00f6die (Ensemble)\" src=\"http:\/\/foerderverein-theatersommer.net\/archiv\/wp-content\/uploads\/2013_MSK_6_WEB-175x175.jpg\" alt=\"2013_MSK_6_WEB\" width=\"175\" height=\"175\" \/><\/a><a href=\"http:\/\/foerderverein-theatersommer.net\/archiv\/wp-content\/uploads\/2013_MSK_5_WEB.jpg\"><img loading=\"lazy\" decoding=\"async\" class=\"alignleft wp-image-7409 size-thumbnail\" title=\"2013 Eine Mittsommernachts-Sex-Kom\u00f6die (Dulcy\/Meli Madunkanya)\" src=\"http:\/\/foerderverein-theatersommer.net\/archiv\/wp-content\/uploads\/2013_MSK_5_WEB-175x175.jpg\" alt=\"2013_MSK_5_WEB\" width=\"175\" height=\"175\" \/><\/a><a href=\"http:\/\/foerderverein-theatersommer.net\/archiv\/wp-content\/uploads\/2013_MSK_4_WEB.jpg\"><img loading=\"lazy\" decoding=\"async\" class=\"alignleft wp-image-7408 size-thumbnail\" title=\"2013 Eine Mittsommernachts-Sex-Kom\u00f6die (Andrew\/U.-P. Spinner, Ariel\/A. Taschenberg)\" src=\"http:\/\/foerderverein-theatersommer.net\/archiv\/wp-content\/uploads\/2013_MSK_4_WEB-175x175.jpg\" alt=\"2013_MSK_4_WEB\" width=\"175\" height=\"175\" \/><\/a><a href=\"http:\/\/foerderverein-theatersommer.net\/archiv\/wp-content\/uploads\/2013_MSK_1_WEB.jpg\"><img loading=\"lazy\" decoding=\"async\" class=\"alignleft wp-image-7405 size-thumbnail\" title=\"2013 Eine Mittsommernachts-Sex-Kom\u00f6die (Dulcy\/M. Madunkanya, Ariel\/A. Taschenberg, Leopold\/C. Werner)\" src=\"http:\/\/foerderverein-theatersommer.net\/archiv\/wp-content\/uploads\/2013_MSK_1_WEB-175x175.jpg\" alt=\"2013_MSK_1_WEB\" width=\"175\" height=\"175\" \/><\/a><a href=\"http:\/\/foerderverein-theatersommer.net\/archiv\/wp-content\/uploads\/2013_MSK_2_WEB.jpg\"><img loading=\"lazy\" decoding=\"async\" class=\"alignleft wp-image-7406 size-thumbnail\" title=\"2013 Eine Mittsommernachts-Sex-Kom\u00f6die (Ensemble)\" src=\"http:\/\/foerderverein-theatersommer.net\/archiv\/wp-content\/uploads\/2013_MSK_2_WEB-175x175.jpg\" alt=\"2013_MSK_2_WEB\" width=\"175\" height=\"175\" \/><\/a><a href=\"http:\/\/foerderverein-theatersommer.net\/archiv\/wp-content\/uploads\/2013_MSK_3_WEB.jpg\"><img loading=\"lazy\" decoding=\"async\" class=\"alignleft wp-image-7407 size-thumbnail\" title=\"2013 Eine Mittsommernachts-Sex-Kom\u00f6die (Ensemble)\" src=\"http:\/\/foerderverein-theatersommer.net\/archiv\/wp-content\/uploads\/2013_MSK_3_WEB-175x175.jpg\" alt=\"2013_MSK_3_WEB\" width=\"175\" height=\"175\" \/><\/a><\/p>\n<p>&nbsp;<\/p>\n<p>&nbsp;<\/p>\n<p>&nbsp;<\/p>\n<p>&nbsp;<\/p>\n<p><span style=\"color: #808080; font-size: 8pt;\">Bildvergr\u00f6\u00dferung: Foto anklicken und \u00fcber re\/li Pfeil weiter<\/span><\/p>\n<p>&nbsp;<\/p>\n<p><span style=\"font-size: 14pt;\"><strong>ZUSCHAUERZAHLEN<\/strong><\/span><br \/>\n2013: \u00a0 \u00a0 \u00a0 4.262\u00a0 Zuschauer<\/p>\n<p><span style=\"text-decoration: underline; font-size: 14pt; color: #339966;\"><strong><a style=\"color: #339966; text-decoration: underline;\" title=\"2014 \u2013 Fr\u00fchst\u00fcck bei Tiffany\" href=\"http:\/\/foerderverein-theatersommer.net\/archiv\/spielplan\/ab-2010\/2014-fruehstueck-bei-tiffany\/\">n\u00e4chstes St\u00fcck<\/a><\/strong><\/span><\/p>\n","protected":false},"excerpt":{"rendered":"<p>EINE MITSOMMERNACHTS-SEX-KOM\u00d6DIE von Woody Allen F\u00fcr den Theatersommer szenisch eingerichtet von Christiane Wolff Der Abend kommt, der Garten entfaltet seine&#8230; <span class=\"read-more\"><a href=\"https:\/\/foerderverein-theatersommer.net\/archiv\/spielplan\/ab-2010\/2013-eine-mittsommernachts-sex-komoedie\/\" class=\"button button-darkgray small\"> Continue Reading &rarr; <\/a><\/span><\/p>\n","protected":false},"author":1,"featured_media":9942,"parent":1585,"menu_order":0,"comment_status":"closed","ping_status":"closed","template":"","meta":{"footnotes":""},"_links":{"self":[{"href":"https:\/\/foerderverein-theatersommer.net\/archiv\/wp-json\/wp\/v2\/pages\/7197"}],"collection":[{"href":"https:\/\/foerderverein-theatersommer.net\/archiv\/wp-json\/wp\/v2\/pages"}],"about":[{"href":"https:\/\/foerderverein-theatersommer.net\/archiv\/wp-json\/wp\/v2\/types\/page"}],"author":[{"embeddable":true,"href":"https:\/\/foerderverein-theatersommer.net\/archiv\/wp-json\/wp\/v2\/users\/1"}],"replies":[{"embeddable":true,"href":"https:\/\/foerderverein-theatersommer.net\/archiv\/wp-json\/wp\/v2\/comments?post=7197"}],"version-history":[{"count":11,"href":"https:\/\/foerderverein-theatersommer.net\/archiv\/wp-json\/wp\/v2\/pages\/7197\/revisions"}],"predecessor-version":[{"id":10464,"href":"https:\/\/foerderverein-theatersommer.net\/archiv\/wp-json\/wp\/v2\/pages\/7197\/revisions\/10464"}],"up":[{"embeddable":true,"href":"https:\/\/foerderverein-theatersommer.net\/archiv\/wp-json\/wp\/v2\/pages\/1585"}],"wp:featuredmedia":[{"embeddable":true,"href":"https:\/\/foerderverein-theatersommer.net\/archiv\/wp-json\/wp\/v2\/media\/9942"}],"wp:attachment":[{"href":"https:\/\/foerderverein-theatersommer.net\/archiv\/wp-json\/wp\/v2\/media?parent=7197"}],"curies":[{"name":"wp","href":"https:\/\/api.w.org\/{rel}","templated":true}]}}