{"id":7200,"date":"2014-12-16T16:23:59","date_gmt":"2014-12-16T16:23:59","guid":{"rendered":"http:\/\/foerderverein-theatersommer.net\/archiv\/?page_id=7200"},"modified":"2024-05-02T15:04:19","modified_gmt":"2024-05-02T15:04:19","slug":"2014-garten-von-godot","status":"publish","type":"page","link":"https:\/\/foerderverein-theatersommer.net\/archiv\/spielplan\/ab-2010\/2014-garten-von-godot\/","title":{"rendered":"<br\/>2014 &#8211; Garten von Godot<br\/><br\/><br\/>"},"content":{"rendered":"<p><span style=\"font-size: 18pt;\"><strong>GARTEN VON GODOT<\/strong><\/span><br \/>\nein Theaterabend nach Samuel Beckett<br \/>\n<span style=\"font-size: 10pt;\">dramaturgisch und szenisch eingerichtet von Peter Kratz<\/span><\/p>\n<p>Akt ohne Worte 1 &amp; 2 &#8211; Bruchst\u00fccke &#8211; Rockaby \/ \u00a0Samuel Beckett<br \/>\nGarten von Godot &#8211; szenische Collage von Peter Kratz<\/p>\n<h3><span style=\"font-size: 24pt;\">Die Diskrepanz zwischen \u00e4u\u00dferen <br \/>\nGegebenheiten und innerlicher Verzerrung<\/span><\/h3>\n<p>REGIE: Peter Kratz<br \/>\nKOST\u00dcM: Claudia Flasche<br \/>\nB\u00dcHNE: Enno Craiss<br \/>\nMIT: Anja Barth, Andreas Klaue, Bernhard Linke, Christian Werner(2014)\/Peter Kratz(2015)<\/p>\n<p><strong>KONZEPTION<\/strong><br \/>\nVerlassenheit und Absurdit\u00e4t, Liebe und Gott sind die gro\u00dfen Themen Samule Becketts, der das europ\u00e4ische Theater mit St\u00fccken wie &#8222;Warten auf Godot&#8220; so nachhaltig gepr\u00e4gt hat. An diesen zeitlosen B\u00fchnenklassiker lehnt sich der Theaterabend mit seinem Titel &#8222;Garten von Godot&#8220; an. Doch die Inszenierung beschr\u00e4nkt sich nicht auf den ber\u00fchmten zentralen Text. Mit einer Reihe von Einaktern erkundet sie vielmehr die Weite des Beckettschen Universums &#8211; gleichsam von den schwarzen L\u00f6chern der existentiellen Verlassenheit bis zu den funkelnden Sternen der Dialoge.<br \/>\nSo entsteht ein Tableau, das viele Facetten Becketts zeigt, Fragmente, die einander durchdringen und sich im Lauf des Theaterabends zu einem Ganzen zusammenf\u00fcgen wie in einem kubistischen Bild. Dabei lenkt die Inszenierung mit eher hellem Pinselstrich den Blick auf die unbeschwerten Geschichten vom Akzeptieren der Existenz. Dennoch besteht kein Zweifel, wir sind ganz beim Autor: &#8222;Garten von Godot&#8220; ist ein Beckett-Abend, der die tiefen Fragen spielerisch leicht serviert, voll heiterer Distanz aufs Wesentliche konzentriert &#8211; ganz im Sinne Becketts. Stets auf der Suche nach einer Einheit aus Denken und Gef\u00fchl, K\u00f6rper, Text und Geist. Stets auf der Suche nach einer Sprache, die ohne viele Worte auskommt. Und die gerade dadurch Einblicke ins Innerste des Menschen gestattet, die Streiflichter auf den gro\u00dfen, grenzenlosen Garten des Lebens wirft.<\/p>\n<p><strong>PRESSESTIMMEN<\/strong><br \/>\n<strong>Grotesk, skurril und witzig<\/strong><br \/>\n&#8222;Auch ohne Beckett-Kenner zu sein, bekommt man einen handfesten Zugriff auf diese Art von Theater. (&#8230;) Peter Kratz konnte es sich nicht verkneifen, nachdem er die ersten vier Szenen bemerkenswert dicht am Original inszeniert hat, zum ganzen Abend mit der Collage &#8218;Garten von Godot&#8216; seinen eigenen Beitrag zu leisten. Das absurde Theater wird hier grotesk, skurril und witzig.&#8220; &#8211; LKZ &#8211;<\/p>\n<p><strong>Existenzialistisches Theater in bester Manier<\/strong><br \/>\n&#8222;Das Ensemble zaubert eine surrealistische Abendstimmung. Existenzialistisches Theater in bester Manier. Wie vom Theatersommer gewohnt, lag auch in &#8218;Garten von Godot&#8216; das Beste im Detail.&#8220; &#8211; Bietigheimer Zeitung &#8211;<\/p>\n<p><strong>Traumhaft sch\u00f6n<\/strong><br \/>\n&#8222;Es gelingt etwas Wunderbares. Man sitzt und steht in stimmungsvoller Natur und erlebt im krassen Gegensatz dazu beklemmend die Szenen Becketts. Genau diese Spannung ist aufregend. (&#8230;) Traumhaft sch\u00f6n ist auch die Musik geraten.&#8220; &#8211; Stuttgarter Zeitung &#8211;<\/p>\n<p><a href=\"http:\/\/foerderverein-theatersommer.net\/archiv\/wp-content\/uploads\/2014_Garten_Godot_5_WEB.jpg\"><img loading=\"lazy\" decoding=\"async\" class=\"alignleft wp-image-7585 size-thumbnail\" title=\"2014 Garten von Godot (Rockaby - Frau\/Anja Barth) - ThS 2014 - Foto: \u00a9 by Robert Crassie\" src=\"http:\/\/foerderverein-theatersommer.net\/archiv\/wp-content\/uploads\/2014_Garten_Godot_5_WEB-175x175.jpg\" alt=\"2014_Garten_Godot_5_WEB\" width=\"175\" height=\"175\" \/><\/a><a href=\"http:\/\/foerderverein-theatersommer.net\/archiv\/wp-content\/uploads\/2014_Garten_Godot_3_WEB.jpg\"><img loading=\"lazy\" decoding=\"async\" class=\"alignleft wp-image-7583 size-thumbnail\" title=\"2014 Garten von Godot (Schwarzer Ritter\/Andreas Klaue) - ThS 2014 - Foto: \u00a9 by Robert Crassie\" src=\"http:\/\/foerderverein-theatersommer.net\/archiv\/wp-content\/uploads\/2014_Garten_Godot_3_WEB-175x175.jpg\" alt=\"2014_Garten_Godot_3_WEB\" width=\"175\" height=\"175\" \/><\/a><a href=\"http:\/\/foerderverein-theatersommer.net\/archiv\/wp-content\/uploads\/2014_Garten_Godot_2_WEB.jpg\"><img loading=\"lazy\" decoding=\"async\" class=\"alignleft wp-image-7582 size-thumbnail\" title=\"2014 Garten von Godot (Es\/B. Linke, Er\/C. Werner, Sie\/A. Barth) - ThS 2014 - Foto: \u00a9 by Robert Crassie\" src=\"http:\/\/foerderverein-theatersommer.net\/archiv\/wp-content\/uploads\/2014_Garten_Godot_2_WEB-175x175.jpg\" alt=\"2014_Garten_Godot_2_WEB\" width=\"175\" height=\"175\" \/><\/a><a href=\"http:\/\/foerderverein-theatersommer.net\/archiv\/wp-content\/uploads\/2014_Garten_Godot_4_WEB.jpg\"><img loading=\"lazy\" decoding=\"async\" class=\"alignleft wp-image-7584 size-thumbnail\" title=\"2014 Garten von Godot (Akt ohne Worte - Mann\/Christian Werner) - ThS 2014 - Foto: \u00a9 by Robert Crassie\" src=\"http:\/\/foerderverein-theatersommer.net\/archiv\/wp-content\/uploads\/2014_Garten_Godot_4_WEB-175x175.jpg\" alt=\"2014_Garten_Godot_4_WEB\" width=\"175\" height=\"175\" \/><\/a><a href=\"http:\/\/foerderverein-theatersommer.net\/archiv\/wp-content\/uploads\/2014_Garten_Godot_6_WEB.jpg\"><img loading=\"lazy\" decoding=\"async\" class=\"alignleft wp-image-7586 size-thumbnail\" title=\"2014 Garten von Godot (Bruchst\u00fccke - Blinder\/Bernhard Linke) - ThS 2014 - Foto: \u00a9 by Robert Crassie\" src=\"http:\/\/foerderverein-theatersommer.net\/archiv\/wp-content\/uploads\/2014_Garten_Godot_6_WEB-175x175.jpg\" alt=\"2014_Garten_Godot_6_WEB\" width=\"175\" height=\"175\" \/><\/a><a href=\"http:\/\/foerderverein-theatersommer.net\/archiv\/wp-content\/uploads\/2014_Garten_Godot_1_WEB.jpg\"><img loading=\"lazy\" decoding=\"async\" class=\"alignleft wp-image-7581 size-thumbnail\" title=\"2014 Garten von Godot (Ensemble) - ThS 2014 - Foto: \u00a9 by Robert Crassie\" src=\"http:\/\/foerderverein-theatersommer.net\/archiv\/wp-content\/uploads\/2014_Garten_Godot_1_WEB-175x175.jpg\" alt=\"2014_Garten_Godot_1_WEB\" width=\"175\" height=\"175\" \/><\/a><\/p>\n<p>&nbsp;<\/p>\n<p>&nbsp;<\/p>\n<p>&nbsp;<\/p>\n<p>&nbsp;<\/p>\n<p><span style=\"font-size: 8pt;\">Bildvergr\u00f6\u00dferung: Foto anklicken und \u00fcber re\/li Pfeil weiter<\/span><\/p>\n<p>&nbsp;<\/p>\n<p><strong>ZUSCHAUERZAHLEN<\/strong><br \/>\n2014: \u00a0 \u00a0 \u00a0406 Zuschauer<br \/>\n2015: \u00a0 \u00a0 \u00a0275 Zuschauer<br \/>\nGesamt: 681\u00a0Zuschauer<\/p>\n<p><span style=\"text-decoration: underline;\"><strong><span style=\"color: #339966;\"><a style=\"color: #339966; text-decoration: underline;\" title=\"2015 \u2013 Alle 16 Jahre im Sommer\" href=\"http:\/\/foerderverein-theatersommer.net\/archiv\/spielplan\/ab-2010\/2015-alle-16-jahre-im-sommer\/\"><span style=\"font-size: 14pt;\">n\u00e4chstes St\u00fcck<\/span><\/a><\/span><\/strong><\/span><\/p>\n<p><img loading=\"lazy\" decoding=\"async\" class=\"alignleft wp-image-9978 size-large\" src=\"http:\/\/foerderverein-theatersommer.net\/archiv\/wp-content\/uploads\/2014-Godot-Plakat-327x800.jpg\" alt=\"\" width=\"327\" height=\"800\" srcset=\"https:\/\/foerderverein-theatersommer.net\/archiv\/wp-content\/uploads\/2014-Godot-Plakat-327x800.jpg 327w, https:\/\/foerderverein-theatersommer.net\/archiv\/wp-content\/uploads\/2014-Godot-Plakat-123x300.jpg 123w, https:\/\/foerderverein-theatersommer.net\/archiv\/wp-content\/uploads\/2014-Godot-Plakat-768x1880.jpg 768w, https:\/\/foerderverein-theatersommer.net\/archiv\/wp-content\/uploads\/2014-Godot-Plakat-628x1536.jpg 628w, https:\/\/foerderverein-theatersommer.net\/archiv\/wp-content\/uploads\/2014-Godot-Plakat-837x2048.jpg 837w, https:\/\/foerderverein-theatersommer.net\/archiv\/wp-content\/uploads\/2014-Godot-Plakat-408x999.jpg 408w, https:\/\/foerderverein-theatersommer.net\/archiv\/wp-content\/uploads\/2014-Godot-Plakat.jpg 860w\" sizes=\"(max-width: 327px) 100vw, 327px\" \/><\/p>\n<p>&nbsp;<\/p>\n<p>&nbsp;<\/p>\n<p>&nbsp;<\/p>\n<p>&nbsp;<\/p>\n<p>&nbsp;<\/p>\n<p>&nbsp;<\/p>\n<p>&nbsp;<\/p>\n<p>&nbsp;<\/p>\n<p>&nbsp;<\/p>\n<p>&nbsp;<\/p>\n<p>&nbsp;<\/p>\n<p><span style=\"font-size: 8pt;\">Plakatmotiv: \u00a9 Crassie<\/span><\/p>\n","protected":false},"excerpt":{"rendered":"<p>GARTEN VON GODOT ein Theaterabend nach Samuel Beckett dramaturgisch und szenisch eingerichtet von Peter Kratz Akt ohne Worte 1 &amp;&#8230; <span class=\"read-more\"><a href=\"https:\/\/foerderverein-theatersommer.net\/archiv\/spielplan\/ab-2010\/2014-garten-von-godot\/\" class=\"button button-darkgray small\"> Continue Reading &rarr; <\/a><\/span><\/p>\n","protected":false},"author":3,"featured_media":9976,"parent":1585,"menu_order":0,"comment_status":"closed","ping_status":"closed","template":"","meta":{"footnotes":""},"_links":{"self":[{"href":"https:\/\/foerderverein-theatersommer.net\/archiv\/wp-json\/wp\/v2\/pages\/7200"}],"collection":[{"href":"https:\/\/foerderverein-theatersommer.net\/archiv\/wp-json\/wp\/v2\/pages"}],"about":[{"href":"https:\/\/foerderverein-theatersommer.net\/archiv\/wp-json\/wp\/v2\/types\/page"}],"author":[{"embeddable":true,"href":"https:\/\/foerderverein-theatersommer.net\/archiv\/wp-json\/wp\/v2\/users\/3"}],"replies":[{"embeddable":true,"href":"https:\/\/foerderverein-theatersommer.net\/archiv\/wp-json\/wp\/v2\/comments?post=7200"}],"version-history":[{"count":18,"href":"https:\/\/foerderverein-theatersommer.net\/archiv\/wp-json\/wp\/v2\/pages\/7200\/revisions"}],"predecessor-version":[{"id":10466,"href":"https:\/\/foerderverein-theatersommer.net\/archiv\/wp-json\/wp\/v2\/pages\/7200\/revisions\/10466"}],"up":[{"embeddable":true,"href":"https:\/\/foerderverein-theatersommer.net\/archiv\/wp-json\/wp\/v2\/pages\/1585"}],"wp:featuredmedia":[{"embeddable":true,"href":"https:\/\/foerderverein-theatersommer.net\/archiv\/wp-json\/wp\/v2\/media\/9976"}],"wp:attachment":[{"href":"https:\/\/foerderverein-theatersommer.net\/archiv\/wp-json\/wp\/v2\/media?parent=7200"}],"curies":[{"name":"wp","href":"https:\/\/api.w.org\/{rel}","templated":true}]}}