{"id":74,"date":"2011-02-04T14:21:36","date_gmt":"2011-02-04T14:21:36","guid":{"rendered":"http:\/\/foerderverein-theatersommer.net\/archiv\/2011\/"},"modified":"2024-06-28T07:41:20","modified_gmt":"2024-06-28T07:41:20","slug":"theatergarten","status":"publish","type":"page","link":"https:\/\/foerderverein-theatersommer.net\/archiv\/theatergarten\/","title":{"rendered":"Theatergarten"},"content":{"rendered":"<p style=\"text-align: center;\"><span style=\"font-size: 18pt;\"><strong><a href=\"http:\/\/foerderverein-theatersommer.net\/archiv\/wp-content\/uploads\/PastNowFutureLogo-New-fuer-Archiv-2024.jpg\"><img loading=\"lazy\" decoding=\"async\" class=\"aligncenter size-medium wp-image-11229\" src=\"http:\/\/foerderverein-theatersommer.net\/archiv\/wp-content\/uploads\/PastNowFutureLogo-New-fuer-Archiv-2024-300x266.jpg\" alt=\"\" width=\"300\" height=\"266\" srcset=\"https:\/\/foerderverein-theatersommer.net\/archiv\/wp-content\/uploads\/PastNowFutureLogo-New-fuer-Archiv-2024-300x266.jpg 300w, https:\/\/foerderverein-theatersommer.net\/archiv\/wp-content\/uploads\/PastNowFutureLogo-New-fuer-Archiv-2024-550x488.jpg 550w, https:\/\/foerderverein-theatersommer.net\/archiv\/wp-content\/uploads\/PastNowFutureLogo-New-fuer-Archiv-2024.jpg 591w\" sizes=\"(max-width: 300px) 100vw, 300px\" \/><\/a><br \/>\nTexte zur Spielst\u00e4tte des Theatersommers\u00a0<\/strong><\/span><\/p>\n<p style=\"text-align: center;\"><span style=\"text-decoration: underline;\"><strong><span style=\"font-size: 18pt; color: #339966; text-decoration: underline;\"><a style=\"color: #339966; text-decoration: underline;\" title=\"Der Theatergarten und die Jahre der Wandlung\" href=\"http:\/\/foerderverein-theatersommer.net\/archiv\/theatergarten\/ein-zaubergarten-mitten-in-der-stadt\/\">Der Theatergarten und die Jahre der Wandlung<\/a> <\/span><\/strong><\/span><b><br \/>\n<\/b>von der Landschaftsarchitektin Dorothee Batz<\/p>\n<p style=\"text-align: center;\"><span style=\"text-decoration: underline;\"><strong><span style=\"font-size: 18pt; color: #339966; text-decoration: underline;\"><a style=\"color: #339966; text-decoration: underline;\" title=\"Die Geschichte des Cluss-Gartens\" href=\"http:\/\/foerderverein-theatersommer.net\/archiv\/theatergarten\/die-geschichte-des-cluss-gartens\/\">Die Geschichte des Cluss-Gartens<\/a>\u00a0<\/span><\/strong><\/span><br \/>\nvon Sabine Deutscher<\/p>\n<p>&nbsp;<\/p>\n<p style=\"text-align: center;\"><strong><span style=\"font-size: 18pt;\">Im THEATERGARTEN gibt es drei Spielst\u00e4tten:<\/span><\/strong><\/p>\n<p style=\"text-align: center;\"><strong>Grosse B\u00fchne<\/strong><br \/>\nDie Gro\u00dfe B\u00fchne bildet seit 1991 das Herz der Spielst\u00e4tte und ist rundum von einer faszinierenden Baumkulisse eingerahmt. Die ansteigende Trib\u00fcne mit ca. 225 Pl\u00e4tzen bietet beste Sicht auf allen Pl\u00e4tzen.<a href=\"http:\/\/foerderverein-theatersommer.net\/archiv\/wp-content\/uploads\/2021-Buehne.jpeg\">.<\/a><a href=\"http:\/\/foerderverein-theatersommer.net\/archiv\/wp-content\/uploads\/2021-Buehne.jpeg\"><img loading=\"lazy\" decoding=\"async\" class=\"aligncenter wp-image-11351 size-medium\" src=\"http:\/\/foerderverein-theatersommer.net\/archiv\/wp-content\/uploads\/2021-Buehne-300x200.jpeg\" alt=\"\" width=\"300\" height=\"200\" srcset=\"https:\/\/foerderverein-theatersommer.net\/archiv\/wp-content\/uploads\/2021-Buehne-300x200.jpeg 300w, https:\/\/foerderverein-theatersommer.net\/archiv\/wp-content\/uploads\/2021-Buehne-800x533.jpeg 800w, https:\/\/foerderverein-theatersommer.net\/archiv\/wp-content\/uploads\/2021-Buehne-768x512.jpeg 768w, https:\/\/foerderverein-theatersommer.net\/archiv\/wp-content\/uploads\/2021-Buehne-1536x1024.jpeg 1536w, https:\/\/foerderverein-theatersommer.net\/archiv\/wp-content\/uploads\/2021-Buehne-550x367.jpeg 550w, https:\/\/foerderverein-theatersommer.net\/archiv\/wp-content\/uploads\/2021-Buehne-750x500.jpeg 750w, https:\/\/foerderverein-theatersommer.net\/archiv\/wp-content\/uploads\/2021-Buehne.jpeg 1772w\" sizes=\"(max-width: 300px) 100vw, 300px\" \/><\/a><\/p>\n<p style=\"text-align: center;\"><strong>Rondell<\/strong><br \/>\nDie Rondell-B\u00fchne wurde 2015 neu gebaut. Unter einem riesigen Ahornbaum begegnen sich Theater und Kunst in einer einzigartigen Naturkulisse mitten in der Ludwigsburger Innenstadt. Die Rondell B\u00fchne wird sowohl f\u00fcr das Kindertheater als auch f\u00fcr kleinere Abendproduktionen genutzt.<a href=\"http:\/\/foerderverein-theatersommer.net\/archiv\/wp-content\/uploads\/header-spielstaette-rondell-2015-offen.jpeg\"><img loading=\"lazy\" decoding=\"async\" class=\"aligncenter wp-image-11352 size-medium\" src=\"http:\/\/foerderverein-theatersommer.net\/archiv\/wp-content\/uploads\/header-spielstaette-rondell-2015-offen-300x196.jpeg\" alt=\"\" width=\"300\" height=\"196\" srcset=\"https:\/\/foerderverein-theatersommer.net\/archiv\/wp-content\/uploads\/header-spielstaette-rondell-2015-offen-300x196.jpeg 300w, https:\/\/foerderverein-theatersommer.net\/archiv\/wp-content\/uploads\/header-spielstaette-rondell-2015-offen-800x523.jpeg 800w, https:\/\/foerderverein-theatersommer.net\/archiv\/wp-content\/uploads\/header-spielstaette-rondell-2015-offen-768x502.jpeg 768w, https:\/\/foerderverein-theatersommer.net\/archiv\/wp-content\/uploads\/header-spielstaette-rondell-2015-offen-1536x1004.jpeg 1536w, https:\/\/foerderverein-theatersommer.net\/archiv\/wp-content\/uploads\/header-spielstaette-rondell-2015-offen-550x360.jpeg 550w, https:\/\/foerderverein-theatersommer.net\/archiv\/wp-content\/uploads\/header-spielstaette-rondell-2015-offen-750x490.jpeg 750w, https:\/\/foerderverein-theatersommer.net\/archiv\/wp-content\/uploads\/header-spielstaette-rondell-2015-offen.jpeg 1693w\" sizes=\"(max-width: 300px) 100vw, 300px\" \/><\/a><\/p>\n<p style=\"text-align: center;\"><strong>Kinder- und Familientheater<\/strong><br \/>\nAuch unser Kinder- und Familientheater befindet sich seit der Gr\u00fcndung im Jahr 2000 mitten im satten Gr\u00fcn des Theatergartens unter einem gro\u00dfen Sonnensegel. Die kleinen und gro\u00dfen Zuschauer sind ganz nah dran am Geschehen.<br \/>\n<a href=\"http:\/\/foerderverein-theatersommer.net\/archiv\/wp-content\/uploads\/5.-Kinder-und-Familientheater\u00a9ThS-fotografiert-von-S.Scharfenberg.jpeg\"><img loading=\"lazy\" decoding=\"async\" class=\"size-medium wp-image-11349 aligncenter\" src=\"http:\/\/foerderverein-theatersommer.net\/archiv\/wp-content\/uploads\/5.-Kinder-und-Familientheater\u00a9ThS-fotografiert-von-S.Scharfenberg-300x199.jpeg\" alt=\"\" width=\"300\" height=\"199\" srcset=\"https:\/\/foerderverein-theatersommer.net\/archiv\/wp-content\/uploads\/5.-Kinder-und-Familientheater\u00a9ThS-fotografiert-von-S.Scharfenberg-300x199.jpeg 300w, https:\/\/foerderverein-theatersommer.net\/archiv\/wp-content\/uploads\/5.-Kinder-und-Familientheater\u00a9ThS-fotografiert-von-S.Scharfenberg-800x531.jpeg 800w, https:\/\/foerderverein-theatersommer.net\/archiv\/wp-content\/uploads\/5.-Kinder-und-Familientheater\u00a9ThS-fotografiert-von-S.Scharfenberg-768x510.jpeg 768w, https:\/\/foerderverein-theatersommer.net\/archiv\/wp-content\/uploads\/5.-Kinder-und-Familientheater\u00a9ThS-fotografiert-von-S.Scharfenberg-1536x1020.jpeg 1536w, https:\/\/foerderverein-theatersommer.net\/archiv\/wp-content\/uploads\/5.-Kinder-und-Familientheater\u00a9ThS-fotografiert-von-S.Scharfenberg-550x365.jpeg 550w, https:\/\/foerderverein-theatersommer.net\/archiv\/wp-content\/uploads\/5.-Kinder-und-Familientheater\u00a9ThS-fotografiert-von-S.Scharfenberg-750x498.jpeg 750w, https:\/\/foerderverein-theatersommer.net\/archiv\/wp-content\/uploads\/5.-Kinder-und-Familientheater\u00a9ThS-fotografiert-von-S.Scharfenberg.jpeg 1772w\" sizes=\"(max-width: 300px) 100vw, 300px\" \/><\/a><\/p>\n<p>&nbsp;<\/p>\n<p style=\"text-align: center;\">\u00a0<\/p>\n","protected":false},"excerpt":{"rendered":"<p>Texte zur Spielst\u00e4tte des Theatersommers\u00a0 Der Theatergarten und die Jahre der Wandlung von der Landschaftsarchitektin Dorothee Batz Die Geschichte des&#8230; <span class=\"read-more\"><a href=\"https:\/\/foerderverein-theatersommer.net\/archiv\/theatergarten\/\" class=\"button button-darkgray small\"> Continue Reading &rarr; <\/a><\/span><\/p>\n","protected":false},"author":3,"featured_media":0,"parent":0,"menu_order":1,"comment_status":"closed","ping_status":"open","template":"","meta":{"footnotes":""},"_links":{"self":[{"href":"https:\/\/foerderverein-theatersommer.net\/archiv\/wp-json\/wp\/v2\/pages\/74"}],"collection":[{"href":"https:\/\/foerderverein-theatersommer.net\/archiv\/wp-json\/wp\/v2\/pages"}],"about":[{"href":"https:\/\/foerderverein-theatersommer.net\/archiv\/wp-json\/wp\/v2\/types\/page"}],"author":[{"embeddable":true,"href":"https:\/\/foerderverein-theatersommer.net\/archiv\/wp-json\/wp\/v2\/users\/3"}],"replies":[{"embeddable":true,"href":"https:\/\/foerderverein-theatersommer.net\/archiv\/wp-json\/wp\/v2\/comments?post=74"}],"version-history":[{"count":40,"href":"https:\/\/foerderverein-theatersommer.net\/archiv\/wp-json\/wp\/v2\/pages\/74\/revisions"}],"predecessor-version":[{"id":11364,"href":"https:\/\/foerderverein-theatersommer.net\/archiv\/wp-json\/wp\/v2\/pages\/74\/revisions\/11364"}],"wp:attachment":[{"href":"https:\/\/foerderverein-theatersommer.net\/archiv\/wp-json\/wp\/v2\/media?parent=74"}],"curies":[{"name":"wp","href":"https:\/\/api.w.org\/{rel}","templated":true}]}}