{"id":7426,"date":"2015-01-20T09:28:09","date_gmt":"2015-01-20T09:28:09","guid":{"rendered":"http:\/\/foerderverein-theatersommer.net\/archiv\/?page_id=7426"},"modified":"2024-06-13T15:41:09","modified_gmt":"2024-06-13T15:41:09","slug":"thema-kinderfamilien-und-schultheater","status":"publish","type":"page","link":"https:\/\/foerderverein-theatersommer.net\/archiv\/interviews\/thema-kinderfamilien-und-schultheater\/","title":{"rendered":"Thema: Kinder\/Familien- und Schultheater"},"content":{"rendered":"<p style=\"text-align: center;\"><strong><span style=\"font-size: 18pt;\"><a href=\"http:\/\/foerderverein-theatersommer.net\/archiv\/wp-content\/uploads\/PastNowFutureLogo-New-fuer-Archiv-2024.jpg\"><img loading=\"lazy\" decoding=\"async\" class=\"aligncenter size-medium wp-image-11229\" src=\"http:\/\/foerderverein-theatersommer.net\/archiv\/wp-content\/uploads\/PastNowFutureLogo-New-fuer-Archiv-2024-300x266.jpg\" alt=\"\" width=\"300\" height=\"266\" srcset=\"https:\/\/foerderverein-theatersommer.net\/archiv\/wp-content\/uploads\/PastNowFutureLogo-New-fuer-Archiv-2024-300x266.jpg 300w, https:\/\/foerderverein-theatersommer.net\/archiv\/wp-content\/uploads\/PastNowFutureLogo-New-fuer-Archiv-2024-550x488.jpg 550w, https:\/\/foerderverein-theatersommer.net\/archiv\/wp-content\/uploads\/PastNowFutureLogo-New-fuer-Archiv-2024.jpg 591w\" sizes=\"(max-width: 300px) 100vw, 300px\" \/><\/a><br \/>\nInterviews und Texte zum <br \/>\nKinder- und Familientheater des Theatersommers<\/span><\/strong><\/p>\n<p style=\"text-align: center;\"><span style=\"font-size: 18pt;\"><a href=\"https:\/\/foerderverein-theatersommer.net\/archiv\/interviews\/thema-kinderfamilien-und-schultheater\/interview-susanne-uberschuss\/\"><strong><span style=\"text-decoration: underline;\"><span style=\"color: #ff0000; text-decoration: underline;\">2013 Interview mit der P\u00e4dagogin<\/span> <span style=\"color: #ff0000; text-decoration: underline;\">Susanne \u00dcberschuss<\/span><\/span><\/strong><\/a><\/span><br \/>\n&#8222;<em>Unaufmerksame Sch\u00fcler nicht ermahnen zu m\u00fcssen, ist der beste Beweis f\u00fcr eine tolle Inszenierung<\/em>&#8222;<\/p>\n<p style=\"text-align: center;\"><span style=\"font-size: 18pt;\"><a href=\"https:\/\/foerderverein-theatersommer.net\/archiv\/texte\/altersempfehlung-im-kindertheater\/\"><strong><span style=\"text-decoration: underline;\"><span style=\"color: #ff0000; text-decoration: underline;\">Altersempfehlungen in Kinder-\/Familien- und Schultheater<\/span><\/span><\/strong><\/a><\/span><br \/>\nvon der Gr\u00fcnderin des Kindertheaters Christiane Wolff<\/p>\n","protected":false},"excerpt":{"rendered":"<p>Interviews und Texte zum Kinder- und Familientheater des Theatersommers 2013 Interview mit der P\u00e4dagogin Susanne \u00dcberschuss &#8222;Unaufmerksame Sch\u00fcler nicht ermahnen&#8230; <span class=\"read-more\"><a href=\"https:\/\/foerderverein-theatersommer.net\/archiv\/interviews\/thema-kinderfamilien-und-schultheater\/\" class=\"button button-darkgray small\"> Continue Reading &rarr; <\/a><\/span><\/p>\n","protected":false},"author":3,"featured_media":0,"parent":78,"menu_order":3,"comment_status":"closed","ping_status":"open","template":"","meta":{"footnotes":""},"_links":{"self":[{"href":"https:\/\/foerderverein-theatersommer.net\/archiv\/wp-json\/wp\/v2\/pages\/7426"}],"collection":[{"href":"https:\/\/foerderverein-theatersommer.net\/archiv\/wp-json\/wp\/v2\/pages"}],"about":[{"href":"https:\/\/foerderverein-theatersommer.net\/archiv\/wp-json\/wp\/v2\/types\/page"}],"author":[{"embeddable":true,"href":"https:\/\/foerderverein-theatersommer.net\/archiv\/wp-json\/wp\/v2\/users\/3"}],"replies":[{"embeddable":true,"href":"https:\/\/foerderverein-theatersommer.net\/archiv\/wp-json\/wp\/v2\/comments?post=7426"}],"version-history":[{"count":6,"href":"https:\/\/foerderverein-theatersommer.net\/archiv\/wp-json\/wp\/v2\/pages\/7426\/revisions"}],"predecessor-version":[{"id":11246,"href":"https:\/\/foerderverein-theatersommer.net\/archiv\/wp-json\/wp\/v2\/pages\/7426\/revisions\/11246"}],"up":[{"embeddable":true,"href":"https:\/\/foerderverein-theatersommer.net\/archiv\/wp-json\/wp\/v2\/pages\/78"}],"wp:attachment":[{"href":"https:\/\/foerderverein-theatersommer.net\/archiv\/wp-json\/wp\/v2\/media?parent=7426"}],"curies":[{"name":"wp","href":"https:\/\/api.w.org\/{rel}","templated":true}]}}