{"id":76,"date":"2011-02-04T14:22:30","date_gmt":"2011-02-04T14:22:30","guid":{"rendered":"http:\/\/foerderverein-theatersommer.net\/archiv\/2011\/"},"modified":"2024-06-28T07:39:44","modified_gmt":"2024-06-28T07:39:44","slug":"biografie","status":"publish","type":"page","link":"https:\/\/foerderverein-theatersommer.net\/archiv\/biografie\/","title":{"rendered":"History-Biografie"},"content":{"rendered":"<p style=\"text-align: center;\"><span style=\"font-size: 18pt;\"><strong><a href=\"http:\/\/foerderverein-theatersommer.net\/archiv\/wp-content\/uploads\/PastNowFutureLogo-New-fuer-Archiv-2024.jpg\"><img loading=\"lazy\" decoding=\"async\" class=\"aligncenter size-medium wp-image-11229\" src=\"http:\/\/foerderverein-theatersommer.net\/archiv\/wp-content\/uploads\/PastNowFutureLogo-New-fuer-Archiv-2024-300x266.jpg\" alt=\"\" width=\"300\" height=\"266\" srcset=\"https:\/\/foerderverein-theatersommer.net\/archiv\/wp-content\/uploads\/PastNowFutureLogo-New-fuer-Archiv-2024-300x266.jpg 300w, https:\/\/foerderverein-theatersommer.net\/archiv\/wp-content\/uploads\/PastNowFutureLogo-New-fuer-Archiv-2024-550x488.jpg 550w, https:\/\/foerderverein-theatersommer.net\/archiv\/wp-content\/uploads\/PastNowFutureLogo-New-fuer-Archiv-2024.jpg 591w\" sizes=\"(max-width: 300px) 100vw, 300px\" \/><\/a><br \/>\n<span style=\"font-size: 24pt;\">K\u00dcNSTLERISCHE LEITUNG\/<br \/>\nINTENDANZ<\/span><\/strong><\/span><br \/>\nab 2024: <br \/>\nChristine Hofer\u00a0<\/p>\n<p style=\"text-align: center;\">2019 &#8211; 2023<br \/>\nK\u00fcnstlerische Gesamtleitung\/Intendanz: Peter Kratz<br \/>\nLeitung Kindertheater (2020-2023): Diana Gantner<\/p>\n<p style=\"text-align: center;\">1991 &#8211; 2018<br \/>\nGr\u00fcndung &amp; k\u00fcnstlerische Gesamtleitung: Peter Kratz &amp; Christiane Wolff<br \/>\nLeitung Kindertheater (2000-2019): Christiane Wolff<br \/>\n<span style=\"color: #ff6600;\"><a style=\"color: #ff6600;\" href=\"https:\/\/foerderverein-theatersommer.net\/archiv\/biografie\/peter-kratz\/\"><span style=\"text-decoration: underline;\"><strong>Vita\/Info: Peter Kratz<\/strong><\/span><\/a><\/span><br \/>\n<span style=\"text-decoration: underline; color: #993300;\"><strong><a style=\"color: #993300; text-decoration: underline;\" href=\"https:\/\/foerderverein-theatersommer.net\/archiv\/biografie\/christiane-wolff\/\">Vita\/Infos: Christiane Wolff<\/a><\/strong><\/span><\/p>\n<p style=\"text-align: center;\"><span style=\"font-size: 24pt;\"><strong>GESCH\u00c4FTSF\u00dcHRUNG\/<br \/>\nRECHTSTR\u00c4GERSCHAFTEN<\/strong><\/span><br \/>\nab 2024 <br \/>\nGesch\u00e4ftsf\u00fchrung: Susanne Schmidt<\/p>\n<p style=\"text-align: center;\">2016 &#8211; 2023<br \/>\nIntendanz\/Gesch\u00e4ftsf\u00fchrung:\u00a0Peter Kratz\u00a0<br \/>\nRechtstr\u00e4ger: Scala Kultur Theatersommer gGmbH<\/p>\n<p style=\"text-align: center;\">2009 &#8211; 2016 <br \/>\nIntendanz\/Gesch\u00e4ftsf\u00fchrung: Peter Kratz (ThS) &amp; Edgar Lichtner (Scala-Live)<br \/>\nRechtstr\u00e4ger: Scala Kultur gGmbH<\/p>\n<p style=\"text-align: center;\">2006 &#8211; 2009<br \/>\nGesch\u00e4ftsf\u00fchrung: Ulrich Kiedaisch<br \/>\nRechtstr\u00e4ger: Stadt Ludwigsburg\/Scala Kultur gGmbH<\/p>\n<p style=\"text-align: center;\">2000 &#8211; 2006<br \/>\nGesch\u00e4ftsf\u00fchrung: Manfred R\u00fcdis\u00fchli<br \/>\nRechtstr\u00e4ger: Scala Kultur gGmbH\/Ludwigsburger Musikverein<\/p>\n<p style=\"text-align: center;\">1991 &#8211; 2000<br \/>\nGesch\u00e4ftsf\u00fchrung: Thomas Rothacker<br \/>\nRechtstr\u00e4ger: Ludwigsburger Musikverein e.V.<\/p>\n","protected":false},"excerpt":{"rendered":"<p>K\u00dcNSTLERISCHE LEITUNG\/ INTENDANZ ab 2024: Christine Hofer\u00a0 2019 &#8211; 2023 K\u00fcnstlerische Gesamtleitung\/Intendanz: Peter Kratz Leitung Kindertheater (2020-2023): Diana Gantner 1991&#8230; <span class=\"read-more\"><a href=\"https:\/\/foerderverein-theatersommer.net\/archiv\/biografie\/\" class=\"button button-darkgray small\"> Continue Reading &rarr; <\/a><\/span><\/p>\n","protected":false},"author":3,"featured_media":0,"parent":0,"menu_order":2,"comment_status":"closed","ping_status":"open","template":"","meta":{"footnotes":""},"_links":{"self":[{"href":"https:\/\/foerderverein-theatersommer.net\/archiv\/wp-json\/wp\/v2\/pages\/76"}],"collection":[{"href":"https:\/\/foerderverein-theatersommer.net\/archiv\/wp-json\/wp\/v2\/pages"}],"about":[{"href":"https:\/\/foerderverein-theatersommer.net\/archiv\/wp-json\/wp\/v2\/types\/page"}],"author":[{"embeddable":true,"href":"https:\/\/foerderverein-theatersommer.net\/archiv\/wp-json\/wp\/v2\/users\/3"}],"replies":[{"embeddable":true,"href":"https:\/\/foerderverein-theatersommer.net\/archiv\/wp-json\/wp\/v2\/comments?post=76"}],"version-history":[{"count":17,"href":"https:\/\/foerderverein-theatersommer.net\/archiv\/wp-json\/wp\/v2\/pages\/76\/revisions"}],"predecessor-version":[{"id":11346,"href":"https:\/\/foerderverein-theatersommer.net\/archiv\/wp-json\/wp\/v2\/pages\/76\/revisions\/11346"}],"wp:attachment":[{"href":"https:\/\/foerderverein-theatersommer.net\/archiv\/wp-json\/wp\/v2\/media?parent=76"}],"curies":[{"name":"wp","href":"https:\/\/api.w.org\/{rel}","templated":true}]}}