{"id":8055,"date":"2015-10-12T11:52:54","date_gmt":"2015-10-12T11:52:54","guid":{"rendered":"http:\/\/foerderverein-theatersommer.net\/archiv\/?page_id=8055"},"modified":"2024-05-02T15:05:40","modified_gmt":"2024-05-02T15:05:40","slug":"2015-alle-16-jahre-im-sommer","status":"publish","type":"page","link":"https:\/\/foerderverein-theatersommer.net\/archiv\/spielplan\/ab-2010\/2015-alle-16-jahre-im-sommer\/","title":{"rendered":"<br\/>2015 &#8211; Alle 16 Jahre im Sommer<br\/><br\/><br\/>"},"content":{"rendered":"<p><strong><span style=\"font-size: 18pt;\">ALLE 16 \u00a0JAHRE IM SOMMER<\/span><br \/>\n<\/strong>Eine Trilogie der Ver\u00e4nderung<br \/>\nvon John von D\u00fcffel<strong><br \/>\n<\/strong><\/p>\n<h2><span style=\"font-size: 24pt;\">Ob intellektueller Weltenretter, Fu\u00dfballpatriot <\/span><br \/>\n<span style=\"font-size: 24pt;\">oder sexuell aufgeschlossener Libertin <\/span><br \/>\n<span style=\"font-size: 24pt;\">&#8211; keiner kommt mit seiner Existenz zurecht.<\/span><\/h2>\n<p>REGIE: Peter Kratz<br \/>\nKOST\u00dcME: Claudia Flasche<br \/>\nB\u00dcHNE: Enno Craiss<br \/>\nDRAMATURGIE: Lena Fritschle<br \/>\nBESETZUNG\u00a0Anja Barth, Johanna Emil F\u00fclle, Sibille Helfenberger, Andreas Klaue, Bernhard Linke, Stefan Roschy<\/p>\n<p><span style=\"font-size: 14pt;\"><strong>KONZEPTION<\/strong><\/span><br \/>\nNach einem Vierteljahrhundert Spielbetrieb stand mit John von D\u00fcffels Trag\u00f6die des ver\u00e4nderten Lebens &#8211; so der Untertitel &#8211; erstmals ein zeitgen\u00f6ssisches St\u00fcck auf der B\u00fchne des Theatergartens. Im Spiegel dreier Fu\u00dfballweltmeristerschaften und entlang der Frage \u201eWissen wir, warum wir nicht mehr sind wie wir einmal waren?\u201c entf\u00fchrten Peter Kratz und das, sich von der Hippie-WG zu etablierten bis zerr\u00fctteten Familienkonstellationen wandelnde, Ensemble auf einen ebenso pointenprallen wie ber\u00fchrenden episodisch-nostalgischen Trip durch die Jahrzehnte.<br \/>\nF\u00fcr ein Theater, dessen Leitung sich im Regelfalle fantastisch darauf versteht, selbst als Autoren t\u00e4tig zu werden und althergebrachte Stoffen im Spiegel der heutigen Zeit einen g\u00e4nzlich neuen Schliff zu verpassen, ist die Wahl eines zeitgen\u00f6ssischen St\u00fcckes ein mutiger Schritt. Doch nach zahlreichen Inszenierungen klassischer Stoffe, mit klarem Fokus auf jenen tragischer Natur, die in seinen zeitgen\u00f6ssischen Bearbeitungen in voller Schlagkraft ihr heutiges Potential zu entfalten wussten; Literatur- und Filmadaptionen, die einer medialen Transferleistung bzw. der \u00dcbertragung auf die Gegebenheiten wie Notwendigkeiten einer B\u00fchnensituation bedurften und v\u00f6llig neue Perspektiven auf vertraute Geschichten warfen, blieb Regisseur Peter Kratz beinahe nur das Feld der Gegenwartsdramatik zur Erweiterung seines inszenatorischen Repertoires. Im Gegensatz zur sonstigen Arbeit galt es nicht, heutige L\u00f6sungen zu finden, altbew\u00e4hrtes von einem Medium auf das andere oder in die Gegenwart zu \u00fcbertragen, sondern einen Stoff umzusetzen der in eben dieser verfasst wie verortet wurde. Ein Experiment, f\u00fcr dessen Resultat nicht nur Presse und Zuschauer, sondern auch Autor John von D\u00fcffel h\u00f6chstpers\u00f6nlich nur lobende Worte fanden.<\/p>\n<p><span style=\"font-size: 14pt;\"><strong>PRESSESTIMMEN<\/strong><\/span><br \/>\n<strong>Ein St\u00fcck \u00fcber das Leben<\/strong><br \/>\n\u201eEin St\u00fcck von heute, das von heutigen Menschen erz\u00e4hlt, das auch Reminenszenen weckt an l\u00e4ngst vergangene Zeiten, aus denen so manches Ereignis pl\u00f6tzlich wieder sehr nah sein kann. Ein St\u00fcck \u00fcber das Leben, wie es ist, wie es t\u00e4glich stattfindet, und ein St\u00fcck, das dieses Leben dann doch ganz neu beleuchten kann.\u201c &#8211; LKZ &#8211;<\/p>\n<p><strong>Bricht immer wieder humorig den omnipr\u00e4senten Ernst<\/strong> <br \/>\n\u201eKratz darf man nicht nur zum Jubil\u00e4um gratulieren. Nie artet seine Inszenierung zum plumpen Gagfeuerwerk aus und bricht doch immer wieder humorig den omnipr\u00e4senten Ernst sobald dieser zu verkrustend droht.\u201c &#8211; STN &#8211;<\/p>\n<p><strong>Ein fulminanter Start<\/strong> <br \/>\n\u201eEin fulminanter Start des Ludwigsburger Theatersommers.\u201c &#8211; STZ &#8211;<\/p>\n<p><a class=\"fancybox\" href=\"http:\/\/foerderverein-theatersommer.net\/archiv\/wp-content\/uploads\/1.-2015-Alle-16-Jahre-im-Sommer-1974-Ensemble.jpg\"><img loading=\"lazy\" decoding=\"async\" class=\"alignleft wp-image-7258 size-thumbnail\" title=\"1994 Oh weh, WG! (von links: S. Roschy, A. Barth, J. F\u00fclle, S. Helfenberger, A. Klaue, B. Linke) - ThS 2015 - Foto: \u00a9 by R. Crassie\" src=\"http:\/\/foerderverein-theatersommer.net\/archiv\/wp-content\/uploads\/1.-2015-Alle-16-Jahre-im-Sommer-1974-Ensemble-175x175.jpg\" alt=\"1.Alle-16-Jahre-im-Sommer-1974-Ensemble\" width=\"175\" height=\"175\" \/> <\/a> <a class=\"fancybox\" href=\"http:\/\/foerderverein-theatersommer.net\/archiv\/wp-content\/uploads\/2.-2015-Alle-16-Jahre-im-Sommer-1990-Ensemble.jpg\"><img loading=\"lazy\" decoding=\"async\" class=\"alignleft size-thumbnail wp-image-8673\" title=\"1990 - Etabliert! (von links: S. Roschy, A. Barth, J. F\u00fclle, S. Helfenberger, A. Klaue, B. Linke) - ThS 2015 - Foto: \u00a9 by R. Crassie\" src=\"http:\/\/foerderverein-theatersommer.net\/archiv\/wp-content\/uploads\/2.-2015-Alle-16-Jahre-im-Sommer-1990-Ensemble-175x175.jpg\" alt=\"2.-2015-Alle-16-Jahre-im-Sommer-1990-Ensemble\" width=\"175\" height=\"175\" \/><\/a> <a class=\"fancybox\" href=\"http:\/\/foerderverein-theatersommer.net\/archiv\/wp-content\/uploads\/3.-2015-Alle-16-Jahre-im-Sommer-2006-Ensemble.jpg\"><img loading=\"lazy\" decoding=\"async\" class=\"alignleft wp-image-7258 size-thumbnail\" title=\"2006 Sommerm\u00e4rchen (von links: S. Helfenberger, A. Barth, S. Roschy, A. Klaue, J. F\u00fclle, B. Linke) - ThS 2015 - Foto: \u00a9 by R. Crassie\" src=\"http:\/\/foerderverein-theatersommer.net\/archiv\/wp-content\/uploads\/3.-2015-Alle-16-Jahre-im-Sommer-2006-Ensemble-175x175.jpg\" alt=\"3.-2015-Alle-16-Jahre-im-Sommer-2006-Ensemble\" width=\"175\" height=\"175\" \/><\/a><a class=\"fancybox\" href=\"http:\/\/foerderverein-theatersommer.net\/archiv\/wp-content\/uploads\/4.-2015-Alle-16-Jahre-im-Sommer-Ensemble.jpg\"><img loading=\"lazy\" decoding=\"async\" class=\"alignleft wp-image-7258 size-thumbnail\" title=\"1994 Sex, Drugs &amp; Rock'n Roll (von links: J. F\u00fclle, S. Helfenberger, A. Klaue, S. Roschy) - ThS 2015 - Foto: \u00a9 by R. Crassie\" src=\"http:\/\/foerderverein-theatersommer.net\/archiv\/wp-content\/uploads\/4.-2015-Alle-16-Jahre-im-Sommer-Ensemble-175x175.jpg\" alt=\"4.-2015-Alle-16-Jahre-im-Sommer-Ensemble\" width=\"175\" height=\"175\" \/><\/a><a class=\"fancybox\" href=\"http:\/\/foerderverein-theatersommer.net\/archiv\/wp-content\/uploads\/5.-2015-Alle-16-Jahre-im-Sommer.jpg\"><img loading=\"lazy\" decoding=\"async\" class=\"alignleft wp-image-7258 size-thumbnail\" title=\"1994 Was geht denn da? (Heidrun\/J. F\u00fclle, Magda\/S. Helfenberger) - ThS 2015 - Foto: \u00a9 by R. Crassie\" src=\"http:\/\/foerderverein-theatersommer.net\/archiv\/wp-content\/uploads\/5.-2015-Alle-16-Jahre-im-Sommer-175x175.jpg\" alt=\"5.-How-to-date-a-Feminist-Carina-und-Steve-\u00a9ThS-by-Crassie\" width=\"175\" height=\"175\" \/><\/a><a class=\"fancybox\" href=\"http:\/\/foerderverein-theatersommer.net\/archiv\/wp-content\/uploads\/6.-2015-Alle-16-Jahre-im-Sommer-Ensemble.jpg\"><img loading=\"lazy\" decoding=\"async\" class=\"alignleft wp-image-7258 size-thumbnail\" title=\"1990 Und jetzt? (Sabine\/A. Barth, Heidrun\/J. F\u00fclle, Hans-Helge\/B. Linke) - ThS 2015 - Foto: \u00a9 by R. Crassie\" src=\"http:\/\/foerderverein-theatersommer.net\/archiv\/wp-content\/uploads\/6.-2015-Alle-16-Jahre-im-Sommer-Ensemble-175x175.jpg\" alt=\"Feminist-Motiv-2019-Querformat\u00a9ThS\" width=\"175\" height=\"175\" \/><\/a><\/p>\n<p>&nbsp;<\/p>\n<p>&nbsp;<\/p>\n<p>&nbsp;<\/p>\n<p>&nbsp;<\/p>\n<p>&nbsp;<\/p>\n<p><span style=\"font-size: 8pt;\">Bildvergr\u00f6\u00dferung: Foto anklicken und \u00fcber re\/li Pfeil weiter<\/span><\/p>\n<p><span style=\"font-size: 14pt;\"><strong>ZUSCHAUERZAHLEN<\/strong><\/span><br \/>\n2015: 2.885 Zuschauer<\/p>\n<p><span style=\"text-decoration: underline; color: #339966;\"><span style=\"font-size: 14pt;\"><strong><a style=\"color: #339966; text-decoration: underline;\" title=\"2015 \u2013 Ball Paradiso\" href=\"http:\/\/foerderverein-theatersommer.net\/archiv\/spielplan\/ab-2010\/2015-ball-paradiso\/\">n\u00e4chstes St\u00fcck<\/a><\/strong><\/span><\/span><\/p>\n<p><a href=\"http:\/\/foerderverein-theatersommer.net\/archiv\/wp-content\/uploads\/2015-16-Jahre-Sommer-Plakatmotiv.jpg\"><img loading=\"lazy\" decoding=\"async\" class=\"alignleft wp-image-10104 size-large\" src=\"http:\/\/foerderverein-theatersommer.net\/archiv\/wp-content\/uploads\/2015-16-Jahre-Sommer-Plakatmotiv-432x800.jpg\" alt=\"\" width=\"432\" height=\"800\" srcset=\"https:\/\/foerderverein-theatersommer.net\/archiv\/wp-content\/uploads\/2015-16-Jahre-Sommer-Plakatmotiv-432x800.jpg 432w, https:\/\/foerderverein-theatersommer.net\/archiv\/wp-content\/uploads\/2015-16-Jahre-Sommer-Plakatmotiv-162x300.jpg 162w, https:\/\/foerderverein-theatersommer.net\/archiv\/wp-content\/uploads\/2015-16-Jahre-Sommer-Plakatmotiv-768x1421.jpg 768w, https:\/\/foerderverein-theatersommer.net\/archiv\/wp-content\/uploads\/2015-16-Jahre-Sommer-Plakatmotiv-540x999.jpg 540w, https:\/\/foerderverein-theatersommer.net\/archiv\/wp-content\/uploads\/2015-16-Jahre-Sommer-Plakatmotiv.jpg 787w\" sizes=\"(max-width: 432px) 100vw, 432px\" \/><\/a><\/p>\n<p>&nbsp;<\/p>\n<p>&nbsp;<\/p>\n<p>&nbsp;<\/p>\n<p>&nbsp;<\/p>\n<p>&nbsp;<\/p>\n<p>&nbsp;<\/p>\n<p>&nbsp;<\/p>\n<p>&nbsp;<\/p>\n<p>&nbsp;<\/p>\n<p>&nbsp;<\/p>\n<p>&nbsp;<\/p>\n<p>&nbsp;<\/p>\n<p><span style=\"font-size: 8pt;\">Plakatmotiv: \u00a9 Crassie<\/span><\/p>\n<p>&nbsp;<\/p>\n","protected":false},"excerpt":{"rendered":"<p>ALLE 16 \u00a0JAHRE IM SOMMER Eine Trilogie der Ver\u00e4nderung von John von D\u00fcffel Ob intellektueller Weltenretter, Fu\u00dfballpatriot oder sexuell aufgeschlossener&#8230; <span class=\"read-more\"><a href=\"https:\/\/foerderverein-theatersommer.net\/archiv\/spielplan\/ab-2010\/2015-alle-16-jahre-im-sommer\/\" class=\"button button-darkgray small\"> Continue Reading &rarr; <\/a><\/span><\/p>\n","protected":false},"author":3,"featured_media":10069,"parent":1585,"menu_order":0,"comment_status":"closed","ping_status":"closed","template":"","meta":{"footnotes":""},"_links":{"self":[{"href":"https:\/\/foerderverein-theatersommer.net\/archiv\/wp-json\/wp\/v2\/pages\/8055"}],"collection":[{"href":"https:\/\/foerderverein-theatersommer.net\/archiv\/wp-json\/wp\/v2\/pages"}],"about":[{"href":"https:\/\/foerderverein-theatersommer.net\/archiv\/wp-json\/wp\/v2\/types\/page"}],"author":[{"embeddable":true,"href":"https:\/\/foerderverein-theatersommer.net\/archiv\/wp-json\/wp\/v2\/users\/3"}],"replies":[{"embeddable":true,"href":"https:\/\/foerderverein-theatersommer.net\/archiv\/wp-json\/wp\/v2\/comments?post=8055"}],"version-history":[{"count":33,"href":"https:\/\/foerderverein-theatersommer.net\/archiv\/wp-json\/wp\/v2\/pages\/8055\/revisions"}],"predecessor-version":[{"id":10468,"href":"https:\/\/foerderverein-theatersommer.net\/archiv\/wp-json\/wp\/v2\/pages\/8055\/revisions\/10468"}],"up":[{"embeddable":true,"href":"https:\/\/foerderverein-theatersommer.net\/archiv\/wp-json\/wp\/v2\/pages\/1585"}],"wp:featuredmedia":[{"embeddable":true,"href":"https:\/\/foerderverein-theatersommer.net\/archiv\/wp-json\/wp\/v2\/media\/10069"}],"wp:attachment":[{"href":"https:\/\/foerderverein-theatersommer.net\/archiv\/wp-json\/wp\/v2\/media?parent=8055"}],"curies":[{"name":"wp","href":"https:\/\/api.w.org\/{rel}","templated":true}]}}