{"id":8079,"date":"2015-10-13T10:22:29","date_gmt":"2015-10-13T10:22:29","guid":{"rendered":"http:\/\/foerderverein-theatersommer.net\/archiv\/?page_id=8079"},"modified":"2024-05-02T15:06:46","modified_gmt":"2024-05-02T15:06:46","slug":"2015-ball-paradiso","status":"publish","type":"page","link":"https:\/\/foerderverein-theatersommer.net\/archiv\/spielplan\/ab-2010\/2015-ball-paradiso\/","title":{"rendered":"<br\/>2015 &#8211; Ball Paradiso<br\/><br\/><br\/>"},"content":{"rendered":"<p><span style=\"font-size: 18pt;\"><strong>BALL PARADISO<\/strong><\/span><br \/>\nEine poetische Reise durch 25 Jahre Theatersommer-Geschichte<br \/>\n<span style=\"font-size: 10pt;\">szenisch und dramaturgisch eingerichtet von Peter Kratz<\/span><\/p>\n<h3><span style=\"font-size: 24pt;\">Ein paradiesischer Ball der kreativen M\u00f6glichkeiten<\/span><\/h3>\n<p>REGIE\/KONZEPTION: Peter Kratz<br \/>\nKOST\u00dcME: Claudia Flasche<br \/>\nB\u00dcHNE: Enno Craiss<br \/>\nBESETZUNG:\u00a0Anja Barth, Johanna Emil F\u00fclle, Sibille Helfenberger, Andreas Klaue, Bernhard Linke, Stefan Roschy<\/p>\n<p><span style=\"font-size: 14pt;\"><strong>KONZEPTION<\/strong><\/span><br \/>\nVon bezaubernd-kom\u00f6diantischen Musicaleinlagen \u00fcber poetisch aktualisierte Klassiker und filmreifen B\u00fchnenadaptionen gro\u00dfer Leinwandnarrationen bis zu ausdrucksstark, auf die wesentliche Essenz verdichteten Literaturstoffen: die opulente B\u00fchnenzeitreise durch parallel 2000 Jahre Theater- und Medien bzw. 25 Jahre Inszenierungssgeschichte vereinte s\u00e4mtliche Facetten des Theatersommerkunst zu einem farbenpr\u00e4chtigen Tabelau vivante.<\/p>\n<p>Sie erz\u00e4hlt uns zu Beginn von VENUS UND ADONIS, von der Amazonenk\u00f6nigin PENTHESILEA, von ANTONIUS UND CLEOPATRA und wir sind zu Gast im Haus \u00d6DIPUS. Sp\u00e4ter im Mittelalter steigt das K\u00c4THCHEN VON HEILBRONN aus den Flammen und f\u00e4llt in die H\u00e4nde der R\u00c4UBER. Goethes FAUST schmachtet nach Gretchen und anderem. KABALE UND LIEBE f\u00fchrt uns zu den idealisierten Gef\u00fchlswelten von Barock und Romantik, bis Pr\u00e9verts DIE KINDER DES OLYMP eine modernere Theaterepoche einl\u00e4utet. \u00dcber Tschechows M\u00d6WE, Hesses STEPPENWOLF, Kafkas PROZESS schlie\u00dft sich der Kreis zur Gegenwart. HARRY UND SALLY sind m\u00e4chtig DOWN BY LOVE und bestellen ein FR\u00dcHST\u00dcCK BEI TIFFANY bevor der BALL PARADISO am Ende mit der PURPLE ROSE OF CAIRO in den HIMMEL \u00dcBER BERLIN und Richtung Ewigkeit entschwebt.<\/p>\n<p><span style=\"font-size: 14pt;\"><strong>PRESSESTIMMEN<\/strong><\/span><br \/>\n<strong>Kluge Modernisierungen<\/strong><br \/>\n\u201eRespektlos und respektvoll zugleich Klassiker umzumodeln, ist das Markenzeichen des Cluss-Theaters. Das Besondere und Bestechende dabei ist, wie Vorlagen ernstgenommen und intelligent ver\u00e4ndert werden, und damit der Gehalt des St\u00fcckes durch kluge Modernisierungen f\u00fcr die Gegenwart interessant wird. \u201c &#8211; STZ &#8211;<\/p>\n<p><strong>Wirklich gute<\/strong><strong> Schauspieler, die singen, tanzen, spielen&#8230;<\/strong><br \/>\n\u201eVor allem zeigen die sieben Akteure eine F\u00e4higkeit, die einen wirklich guten Schauspieler ausmacht und die besonders beim Theatersommer unabdingbar ist: Sie sind wandlungsf\u00e4hig, k\u00f6nnen ganz unterschiedliche Charaktere zeichnen und spielen, deklamieren, singen, tanzen und turnen, dass es eine Lust ist.\u201c &#8211; LKZ &#8211;<\/p>\n<p><strong>Das sch\u00f6nste Jubil\u00e4umsgeschenk<\/strong><br \/>\n\u201eDas sch\u00f6nste Jubil\u00e4umsgeschenk, das Regisseur Peter Kratz dem Publikum und irgendwie auch sich selbst machen konnte.\u201c &#8211; Ludwigsburger Wochenblatt &#8211;<\/p>\n<p><a class=\"fancybox\" href=\"http:\/\/foerderverein-theatersommer.net\/archiv\/wp-content\/uploads\/Ball-Paradiso-Ensemble-ThS-2015-Foto-by-A.-Essig.jpg\"><img loading=\"lazy\" decoding=\"async\" class=\"alignleft wp-image-7258 size-thumbnail\" title=\"Ball Paradiso (Ensemble) - ThS 2015 - Foto by A. Essig\" src=\"http:\/\/foerderverein-theatersommer.net\/archiv\/wp-content\/uploads\/Ball-Paradiso-Ensemble-ThS-2015-Foto-by-A.-Essig-175x175.jpg\" alt=\"Ball-Paradiso-Ensemble-ThS-2015\" width=\"175\" height=\"175\" \/> <\/a> <a class=\"fancybox\" href=\"http:\/\/foerderverein-theatersommer.net\/archiv\/wp-content\/uploads\/Howlin-Wolf-PabloP.-Kratz-ThS-2015-Foto-A.-Essig.jpg\"><img loading=\"lazy\" decoding=\"async\" class=\"alignleft size-thumbnail wp-image-8673\" title=\"Howlin Wolf (Pablo\/P. Kratz) - ThS 2015 - Foto A. Essig\" src=\"http:\/\/foerderverein-theatersommer.net\/archiv\/wp-content\/uploads\/Howlin-Wolf-PabloP.-Kratz-ThS-2015-Foto-A.-Essig-175x175.jpg\" alt=\"Ball-Paradiso-Ensemble-ThS-2015\" width=\"175\" height=\"175\" \/><\/a> <a class=\"fancybox\" href=\"http:\/\/foerderverein-theatersommer.net\/archiv\/wp-content\/uploads\/Kinder-des-Olymp-Ensemble-ThS-2015-Foto-by-A.-Essig.jpg\"><img loading=\"lazy\" decoding=\"async\" class=\"alignleft wp-image-7258 size-thumbnail\" title=\"Kinder des Olymp (von links: Jericho\/S.Roschy, Direktor\/P. Kratz, Frederic\/A.Klaue, Nathalie\/A. Barth) - ThS 2015 - Foto by A. Essig\" src=\"http:\/\/foerderverein-theatersommer.net\/archiv\/wp-content\/uploads\/Kinder-des-Olymp-Ensemble-ThS-2015-Foto-by-A.-Essig-175x175.jpg\" alt=\"Ball-Paradiso-Ensemble-ThS-2015\" width=\"175\" height=\"175\" \/><\/a><a class=\"fancybox\" href=\"http:\/\/foerderverein-theatersommer.net\/archiv\/wp-content\/uploads\/Magic-Night-PabloP.-Kratz-HallerA.-Klaue-ThS-2015-Foto-by-A.-Essig.jpg\"><img loading=\"lazy\" decoding=\"async\" class=\"alignleft wp-image-7258 size-thumbnail\" title=\"Magic Night (Pablo\/P. Kratz, Haller\/A. Klaue) - ThS 2015 - Foto by A. Essig\" src=\"http:\/\/foerderverein-theatersommer.net\/archiv\/wp-content\/uploads\/Magic-Night-PabloP.-Kratz-HallerA.-Klaue-ThS-2015-Foto-by-A.-Essig-175x175.jpg\" alt=\"Ball-Paradiso-Ensemble-ThS-2015\" width=\"175\" height=\"175\" \/><\/a><a class=\"fancybox\" href=\"http:\/\/foerderverein-theatersommer.net\/archiv\/wp-content\/uploads\/Purple-Rose-of-Cairo-CeciliaA.-Barth-BaxterS.-Roschy-ThS-2015-Foto-by-A.-Essig.jpg\"><img loading=\"lazy\" decoding=\"async\" class=\"alignleft wp-image-7258 size-thumbnail\" title=\"Purple Rose of Cairo (Cecilia\/A. Barth, Baxter\/S. Roschy) - ThS 2015 - Foto by A. Essig\" src=\"http:\/\/foerderverein-theatersommer.net\/archiv\/wp-content\/uploads\/Purple-Rose-of-Cairo-CeciliaA.-Barth-BaxterS.-Roschy-ThS-2015-Foto-by-A.-Essig-175x175.jpg\" alt=\"Ball-Paradiso-Ensemble-ThS-2015\" width=\"175\" height=\"175\" \/><\/a><a class=\"fancybox\" href=\"http:\/\/foerderverein-theatersommer.net\/archiv\/wp-content\/uploads\/Venus-Johanna-R.-F\u00fclle-ThS-2015-Foto-by-A.-Essig.jpg\"><img loading=\"lazy\" decoding=\"async\" class=\"alignleft wp-image-7258 size-thumbnail\" title=\"Venus (Johanna E. F\u00fclle) - ThS 2015 - Foto by A. Essig\" src=\"http:\/\/foerderverein-theatersommer.net\/archiv\/wp-content\/uploads\/Venus-Johanna-R.-F\u00fclle-ThS-2015-Foto-by-A.-Essig-175x175.jpg\" alt=\"Ball-Paradiso-Ensemble-ThS-2015\" width=\"175\" height=\"175\" \/><\/a><\/p>\n<p>&nbsp;<\/p>\n<p>&nbsp;<\/p>\n<p>&nbsp;<\/p>\n<p>&nbsp;<\/p>\n<p>&nbsp;<\/p>\n<p><span style=\"font-size: 8pt;\">Bildvergr\u00f6\u00dferung: Foto anklicken und \u00fcber re\/li Pfeil weiter<\/span><\/p>\n<p><strong><span style=\"font-size: 14pt;\">ZUSCHAUERZAHLEN<\/span><\/strong><br \/>\n2015: 1.457 Zuschauer<\/p>\n<p><span style=\"text-decoration: underline;\"><strong><span style=\"font-size: 14pt; color: #339966;\"><a style=\"color: #339966; text-decoration: underline;\" title=\"2015 \u2013 Die Wand\" href=\"http:\/\/foerderverein-theatersommer.net\/archiv\/spielplan\/ab-2010\/2015-die-wand\/\">n\u00e4chstes St\u00fcck<\/a><\/span><\/strong><\/span><\/p>\n<p><a href=\"http:\/\/foerderverein-theatersommer.net\/archiv\/wp-content\/uploads\/2015-Plakat-Ball-Paradiso.jpg\"><img loading=\"lazy\" decoding=\"async\" class=\"alignleft size-large wp-image-10103\" src=\"http:\/\/foerderverein-theatersommer.net\/archiv\/wp-content\/uploads\/2015-Plakat-Ball-Paradiso-336x800.jpg\" alt=\"\" width=\"336\" height=\"800\" srcset=\"https:\/\/foerderverein-theatersommer.net\/archiv\/wp-content\/uploads\/2015-Plakat-Ball-Paradiso-336x800.jpg 336w, https:\/\/foerderverein-theatersommer.net\/archiv\/wp-content\/uploads\/2015-Plakat-Ball-Paradiso-126x300.jpg 126w, https:\/\/foerderverein-theatersommer.net\/archiv\/wp-content\/uploads\/2015-Plakat-Ball-Paradiso-768x1831.jpg 768w, https:\/\/foerderverein-theatersommer.net\/archiv\/wp-content\/uploads\/2015-Plakat-Ball-Paradiso-644x1536.jpg 644w, https:\/\/foerderverein-theatersommer.net\/archiv\/wp-content\/uploads\/2015-Plakat-Ball-Paradiso-419x999.jpg 419w, https:\/\/foerderverein-theatersommer.net\/archiv\/wp-content\/uploads\/2015-Plakat-Ball-Paradiso.jpg 787w\" sizes=\"(max-width: 336px) 100vw, 336px\" \/><\/a><\/p>\n<p>&nbsp;<\/p>\n<p>&nbsp;<\/p>\n<p>&nbsp;<\/p>\n<p>&nbsp;<\/p>\n<p>&nbsp;<\/p>\n<p>&nbsp;<\/p>\n<p>&nbsp;<\/p>\n<p>&nbsp;<\/p>\n<p>&nbsp;<\/p>\n<p>&nbsp;<\/p>\n<p>&nbsp;<\/p>\n<p>&nbsp;<\/p>\n<p><span style=\"font-size: 8pt;\">Plakatmotiv: \u00a9 Crassie<\/span><\/p>\n","protected":false},"excerpt":{"rendered":"<p>BALL PARADISO Eine poetische Reise durch 25 Jahre Theatersommer-Geschichte szenisch und dramaturgisch eingerichtet von Peter Kratz Ein paradiesischer Ball der&#8230; <span class=\"read-more\"><a href=\"https:\/\/foerderverein-theatersommer.net\/archiv\/spielplan\/ab-2010\/2015-ball-paradiso\/\" class=\"button button-darkgray small\"> Continue Reading &rarr; <\/a><\/span><\/p>\n","protected":false},"author":3,"featured_media":10067,"parent":1585,"menu_order":0,"comment_status":"closed","ping_status":"closed","template":"","meta":{"footnotes":""},"_links":{"self":[{"href":"https:\/\/foerderverein-theatersommer.net\/archiv\/wp-json\/wp\/v2\/pages\/8079"}],"collection":[{"href":"https:\/\/foerderverein-theatersommer.net\/archiv\/wp-json\/wp\/v2\/pages"}],"about":[{"href":"https:\/\/foerderverein-theatersommer.net\/archiv\/wp-json\/wp\/v2\/types\/page"}],"author":[{"embeddable":true,"href":"https:\/\/foerderverein-theatersommer.net\/archiv\/wp-json\/wp\/v2\/users\/3"}],"replies":[{"embeddable":true,"href":"https:\/\/foerderverein-theatersommer.net\/archiv\/wp-json\/wp\/v2\/comments?post=8079"}],"version-history":[{"count":27,"href":"https:\/\/foerderverein-theatersommer.net\/archiv\/wp-json\/wp\/v2\/pages\/8079\/revisions"}],"predecessor-version":[{"id":10469,"href":"https:\/\/foerderverein-theatersommer.net\/archiv\/wp-json\/wp\/v2\/pages\/8079\/revisions\/10469"}],"up":[{"embeddable":true,"href":"https:\/\/foerderverein-theatersommer.net\/archiv\/wp-json\/wp\/v2\/pages\/1585"}],"wp:featuredmedia":[{"embeddable":true,"href":"https:\/\/foerderverein-theatersommer.net\/archiv\/wp-json\/wp\/v2\/media\/10067"}],"wp:attachment":[{"href":"https:\/\/foerderverein-theatersommer.net\/archiv\/wp-json\/wp\/v2\/media?parent=8079"}],"curies":[{"name":"wp","href":"https:\/\/api.w.org\/{rel}","templated":true}]}}