{"id":8260,"date":"2016-09-11T11:46:21","date_gmt":"2016-09-11T11:46:21","guid":{"rendered":"http:\/\/foerderverein-theatersommer.net\/archiv\/?page_id=8260"},"modified":"2024-05-02T15:10:25","modified_gmt":"2024-05-02T15:10:25","slug":"2016-endstation-hoffnung","status":"publish","type":"page","link":"https:\/\/foerderverein-theatersommer.net\/archiv\/spielplan\/ab-2010\/2016-endstation-hoffnung\/","title":{"rendered":"<br\/>2016 &#8211; Endstation Hoffnung<br\/><br\/>"},"content":{"rendered":"<p><strong><span style=\"font-size: 18pt;\">ENDSTATION HOFFNUNG<\/span><\/strong><br \/>\nfrei nach \u00d6d\u00f6n von Horv\u00e1th<br \/>\nszenisch eingerichtet von Christiane Wolff<\/p>\n<h3><strong><strong><span style=\"font-size: 24pt;\">Eine Thematik aktueller denn je\u2026<\/span><br \/>\n<\/strong><\/strong><\/h3>\n<p>INSZENIERUNG: Christiane Wolff<br \/>\nKOST\u00dcME: Claudia Flasche<br \/>\nMIT: Diana Gantner, Heiner Junghans, Michael L\u00e4mmermann, Christina Papst<\/p>\n<p><span style=\"font-size: 14pt;\"><strong>KONZEPTION<\/strong><\/span><br \/>\n\u00d6d\u00f6n von Horv\u00e1th erster Auftritt Im Theatergarten h\u00e4tte kaum zu einem passender Zeitpunkt erfolgen k\u00f6nnnen, denn: <br \/>\nMit Horv\u00e1ths Zeit verbindet uns ein Grundgef\u00fchl der Verunsicherung, obwohl sich viele Vorzeichen ver\u00e4ndert haben. Auch wir sind auf der Suche nach neuen Wertma\u00dfst\u00e4ben, hoffen auf Ver\u00e4nderung und sehnen uns nach Stabilit\u00e4t. Die Bearbeitung des Theatersommers transportierte\u00a0Horv\u00e1ths St\u00fcck auf sanfte Weise ins Hier und Jetzt.<\/p>\n<p>Die Hauptfigur Elisabeth, mittellos und in elender Lage, plant einen Befreiungsschlag. Ihre erste Idee daf\u00fcr klingt bestechend: Die eigene Leiche verkaufen, um Geld zum Leben zu haben. Elisabeth lehnt sich gegen die Zumutungen der Gesellschaft und des Daseins auf, sie ringt um Menschlichkeit, Sinn und N\u00e4he. Sie glaubt an die Liebe und gibt die Hoffnung nie auf. <br \/>\nKaum ein Autor hat die Zerrissenheit des modernen Menschen zwischen Einsamkeit und Sehnsucht, zwischen Liebe, Verzweiflung und Hoffnung so umfassend, dabei so klar und packend einfach dramatisiert wie Horv\u00e1th. Mehr noch, er hat Leichtigkeit, Komik und das Schreckliche zu etwas Neuem verwoben. <br \/>\nEine intensive Begegnung mit einem B\u00fchnenklassiker der Moderne \u2013 existentiell melancholisch, tief anr\u00fchrend und zugleich voller absurd erheiternder Momente, oder mit den Worten des Autors: \u201eMich wundert, dass ich so fr\u00f6hlich bin \u2026 \u201c<\/p>\n<p><span style=\"font-size: 18pt;\"><strong>PRESSESTIMMEN<\/strong><\/span><br \/>\n<strong>Ein rundes Sommerspektakel<\/strong><br \/>\n\u201eEin starkes St\u00fcck. Ein starkes Team. Eine starke Leistung. Damit ist eigentlich schon alles gesagt \u00fcber die Premiere von \u201eEndstation Hoffnung\u201c alles gesagt \u00fcber die Schauspieler und ihr fulminantes Darstellungsverm\u00f6gen.\u00a0Nun w\u00fcrden ein paar S\u00e4tze dem Team des Theatersommers nicht gerecht werden, das mit Horvaths nachempfundenen Drama \u201eGlaube, Liebe Hoffnung\u201c in die Saison gestartet ist. Dreizehn Figuren verteilen sich auf vier Schauspieler und das geht so flie\u00dfend schnell, dass die Zuschauer teilweise verdutzt auf den Besetzungszettel schielen.\u00a0Ein rundes Sommerspektakel, das den Spagat zwischen dem 1932 erschienenen Original und der Aktualit\u00e4t der Thematik mit Bravour meistert.\u201c \u2013 Ludwigsburger Kreiszeitung \u2013<\/p>\n<p><strong>Stimmig inszeniert<\/strong><br \/>\n\u201eWie jedes Jahr liefert das tiefgr\u00fcne Blattwerk des Cluss Gartens auch jetzt einen wunderbaren Hintergrund. Man schaut auf einen Laufsteg mit altmodischen Stra\u00dfenlaternen und ahnt bereits Horvaths Traurigkeit. Stimmig inszeniert Christiane Wolff das St\u00fcck als Mixtur aus pr\u00e4zise gestalteten Dialogen, burlesken Kampfszenen, feiner Komik und ber\u00fchrenden, bisweilen zuckers\u00fc\u00dfen Liedern \u2013 Kitsch und K\u00e4lte geh\u00f6ren zusammen.\u201c \u2013 Stuttgarter Zeitung \u2013<\/p>\n<p><a class=\"fancybox\" href=\"http:\/\/foerderverein-theatersommer.net\/archiv\/wp-content\/uploads\/2016-Endstation-Hoffung-Ensemble-THS-2016-Foto-LKZ.jpg\"><img loading=\"lazy\" decoding=\"async\" class=\"alignleft wp-image-7258 size-thumbnail\" title=\"2016 Endstation Hoffung (Ensemble) - THS 2016 - Foto: \u00a9 by LKZ\" src=\"http:\/\/foerderverein-theatersommer.net\/archiv\/wp-content\/uploads\/2016-Endstation-Hoffung-Ensemble-THS-2016-Foto-LKZ-175x175.jpg\" alt=\"2016 Endstation Hoffung (Ensemble) - THS 2016 - Foto: \u00a9 by LKZ\" width=\"175\" height=\"175\" \/> <\/a> <a class=\"fancybox\" href=\"http:\/\/foerderverein-theatersommer.net\/archiv\/wp-content\/uploads\/2016-Endstation-Hoffnung-H.-Junghans-K.-Papst-THS-2016-Foto-LKZ.jpg\"><img loading=\"lazy\" decoding=\"async\" class=\"alignleft size-thumbnail wp-image-8673\" title=\"2016 Endstation Hoffnung (H. Junghans, K. Papst) - THS 2016 - Foto: \u00a9 by LKZ\" src=\"http:\/\/foerderverein-theatersommer.net\/archiv\/wp-content\/uploads\/2016-Endstation-Hoffnung-H.-Junghans-K.-Papst-THS-2016-Foto-LKZ-175x175.jpg\" alt=\"2016 Endstation Hoffnung (H. Junghans, K. Papst) - THS 2016 - Foto: \u00a9 by LKZ\" width=\"175\" height=\"175\" \/><\/a> <a class=\"fancybox\" href=\"http:\/\/foerderverein-theatersommer.net\/archiv\/wp-content\/uploads\/2016-Endstation-Hoffnung-D.-Gantner-M.-Laemmermann.jpg\"><img loading=\"lazy\" decoding=\"async\" class=\"alignleft wp-image-7258 size-thumbnail\" title=\"2016 Endstation Hoffnung (D. Gantner, M. Laemmermann) - THS 2016- Foto: \u00a9 by LKZ\" src=\"http:\/\/foerderverein-theatersommer.net\/archiv\/wp-content\/uploads\/2016-Endstation-Hoffnung-D.-Gantner-M.-Laemmermann-175x175.jpg\" alt=\"2016 Endstation Hoffnung (D. Gantner, M. Laemmermann) - THS 2016- Foto: \u00a9 by LKZ\" width=\"175\" height=\"175\" \/><\/a><\/p>\n<p>&nbsp;<\/p>\n<p>&nbsp;<\/p>\n<p><span style=\"font-size: 8pt;\">Bildvergr\u00f6\u00dferung: Foto anklicken und \u00fcber re\/li Pfeil weiter<\/span><\/p>\n<p>&nbsp;<\/p>\n<p>ZUSCHAUERZAHLEN<br \/>\n2016:\u00a01.816 Besucher<\/p>\n<p><span style=\"font-size: 14pt; color: #339966;\"><a style=\"color: #339966;\" title=\"2016 \u2013 Die Nibelungen\" href=\"http:\/\/foerderverein-theatersommer.net\/archiv\/spielplan\/ab-2010\/2016-die-nibelungen\/\"><strong><span style=\"text-decoration: underline;\">N\u00e4chstes St\u00fcck<\/span><\/strong><\/a><\/span><\/p>\n<p><a href=\"http:\/\/foerderverein-theatersommer.net\/archiv\/wp-content\/uploads\/2016-ENDSTATION-Plakat.jpg\"><img loading=\"lazy\" decoding=\"async\" class=\"alignleft size-large wp-image-10142\" src=\"http:\/\/foerderverein-theatersommer.net\/archiv\/wp-content\/uploads\/2016-ENDSTATION-Plakat-336x800.jpg\" alt=\"\" width=\"336\" height=\"800\" srcset=\"https:\/\/foerderverein-theatersommer.net\/archiv\/wp-content\/uploads\/2016-ENDSTATION-Plakat-336x800.jpg 336w, https:\/\/foerderverein-theatersommer.net\/archiv\/wp-content\/uploads\/2016-ENDSTATION-Plakat-126x300.jpg 126w, https:\/\/foerderverein-theatersommer.net\/archiv\/wp-content\/uploads\/2016-ENDSTATION-Plakat-420x999.jpg 420w, https:\/\/foerderverein-theatersommer.net\/archiv\/wp-content\/uploads\/2016-ENDSTATION-Plakat.jpg 517w\" sizes=\"(max-width: 336px) 100vw, 336px\" \/><\/a><\/p>\n<p>&nbsp;<\/p>\n<p>&nbsp;<\/p>\n<p>&nbsp;<\/p>\n<p>&nbsp;<\/p>\n<p>&nbsp;<\/p>\n<p>&nbsp;<\/p>\n<p>&nbsp;<\/p>\n<p>&nbsp;<\/p>\n<p>&nbsp;<\/p>\n<p>&nbsp;<\/p>\n<p>&nbsp;<\/p>\n<p>&nbsp;<\/p>\n<p><span style=\"font-size: 8pt;\">Plakatmotiv: \u00a9 R. Crassie<\/span><\/p>\n","protected":false},"excerpt":{"rendered":"<p>ENDSTATION HOFFNUNG frei nach \u00d6d\u00f6n von Horv\u00e1th szenisch eingerichtet von Christiane Wolff Eine Thematik aktueller denn je\u2026 INSZENIERUNG: Christiane Wolff&#8230; <span class=\"read-more\"><a href=\"https:\/\/foerderverein-theatersommer.net\/archiv\/spielplan\/ab-2010\/2016-endstation-hoffnung\/\" class=\"button button-darkgray small\"> Continue Reading &rarr; <\/a><\/span><\/p>\n","protected":false},"author":3,"featured_media":10141,"parent":1585,"menu_order":0,"comment_status":"closed","ping_status":"closed","template":"","meta":{"footnotes":""},"_links":{"self":[{"href":"https:\/\/foerderverein-theatersommer.net\/archiv\/wp-json\/wp\/v2\/pages\/8260"}],"collection":[{"href":"https:\/\/foerderverein-theatersommer.net\/archiv\/wp-json\/wp\/v2\/pages"}],"about":[{"href":"https:\/\/foerderverein-theatersommer.net\/archiv\/wp-json\/wp\/v2\/types\/page"}],"author":[{"embeddable":true,"href":"https:\/\/foerderverein-theatersommer.net\/archiv\/wp-json\/wp\/v2\/users\/3"}],"replies":[{"embeddable":true,"href":"https:\/\/foerderverein-theatersommer.net\/archiv\/wp-json\/wp\/v2\/comments?post=8260"}],"version-history":[{"count":11,"href":"https:\/\/foerderverein-theatersommer.net\/archiv\/wp-json\/wp\/v2\/pages\/8260\/revisions"}],"predecessor-version":[{"id":10471,"href":"https:\/\/foerderverein-theatersommer.net\/archiv\/wp-json\/wp\/v2\/pages\/8260\/revisions\/10471"}],"up":[{"embeddable":true,"href":"https:\/\/foerderverein-theatersommer.net\/archiv\/wp-json\/wp\/v2\/pages\/1585"}],"wp:featuredmedia":[{"embeddable":true,"href":"https:\/\/foerderverein-theatersommer.net\/archiv\/wp-json\/wp\/v2\/media\/10141"}],"wp:attachment":[{"href":"https:\/\/foerderverein-theatersommer.net\/archiv\/wp-json\/wp\/v2\/media?parent=8260"}],"curies":[{"name":"wp","href":"https:\/\/api.w.org\/{rel}","templated":true}]}}