{"id":8282,"date":"2016-09-11T12:27:06","date_gmt":"2016-09-11T12:27:06","guid":{"rendered":"http:\/\/foerderverein-theatersommer.net\/archiv\/?page_id=8282"},"modified":"2024-05-02T15:11:10","modified_gmt":"2024-05-02T15:11:10","slug":"2016-die-nibelungen","status":"publish","type":"page","link":"https:\/\/foerderverein-theatersommer.net\/archiv\/spielplan\/ab-2010\/2016-die-nibelungen\/","title":{"rendered":"<br\/>2016 &#8211; Die Nibelungen<br\/><br\/>"},"content":{"rendered":"<p><span style=\"font-size: 18pt;\"><strong>DIE NIBELUNGEN<\/strong><\/span><br \/>\nvon Moritz Rinke<br \/>\n<span style=\"font-size: 10pt;\">f\u00fcr den Theatersommer dramaturgisch und szenisch eingerichtet von Peter Kratz<\/span><\/p>\n<h3><strong><strong><strong>Auf Monty-Python-Niveau!<\/strong><br \/>\n<\/strong><\/strong><\/h3>\n<p>INSZENIERUNG: Peter Kratz<br \/>\nKOST\u00dcME: Laura Yoro<br \/>\nB\u00dcHNE: Enno Craiss<br \/>\nDRAMATURGISCHE BERATUNG: Lena Fritschle<br \/>\nMIT: Nina Maria F\u00f6hr, Sibille Helfenberger(2016)\/Laura Pletzer(2017), Marius Hubel, Andreas Klaue, Bernhard Linke<\/p>\n<p><span style=\"font-size: 14pt;\"><strong>KONZEPTION<\/strong><\/span><br \/>\nEine Vorlage, wie f\u00fcr Ludwigsburg geschrieben: Mit ihr brachte der Theatersommer wieder einmal einen wuchtigen klassischen Stoff auf die B\u00fchne \u2013 und einen herausragenden zeitgen\u00f6ssischen Autor zugleich. Stoff und St\u00fcck durften dabei ein wenig aufatmen. Sie zogen aus der steinernen Wormser Kulisse ins Licht um, gewannen im lebendigen, freundlichen Sommergarten einen neuen Kontext. Doch die Inszenierung ging noch einen Schritt weiter. Herausforderungen wie etwa Massenszenen in kleiner Besetzung wurden nicht nur \u00fcberwunden, sondern theatersommerlich-innovativ als kreative Chance genutzt. Das Resultat: ein regelrechter Neuansatz in Sachen narrativer B\u00fchnenlogik. Siegfried &amp; Co. entfalteten im Theatergarten, unterst\u00fctzt durch Heldenversteher Moritz Rinke sowie einen Schuss Verr\u00fccktheit, nichts weniger als eine erfrischende neuartige, luftig-bodenst\u00e4ndig-gaukelnde Erz\u00e4hlweise.<\/p>\n<p>\u201eSo gleicherma\u00dfen glaubw\u00fcrdig und abgr\u00fcndig, so ungeheuerlich und gegenw\u00e4rtig wie in Rinkes Doppeldrama ist die Nibelungen-Sage nie zuvor erz\u00e4hlt worden.\u201c John von D\u00fcffel<\/p>\n<p><span style=\"font-size: 14pt;\"><strong>PRESSESTIMMEN<br \/>\n<\/strong><\/span><strong>Eine Interpretation der alten M\u00e4r, die ihresgleichen sucht<\/strong><br \/>\n\u201eEine wunderbare Inszenierung auf Monty-Pyton-Niveau!&#8220; &#8211; Ludwigsburger Kreiszeitung &#8211;<br \/>\n\u00a0<br \/>\n<strong>Fraglos aktuell<\/strong><br \/>\n\u201eEine rasante Mixtur aus schwergewichtiger Sage und Fantasy-Schmonzette.\u00a0Der Nibelungen \u2013 Plot hat Gegenwartsqualit\u00e4t, das erweisen St\u00fcck und\u00a0Inszenierung. Eifersucht, erbitterte Positionsk\u00e4mpfe und kalte Instrumentalisierung von Menschen, das alles ist fraglos aktuell.\u201c \u2013 Stuttgarter Zeitung \u2013<\/p>\n<p><strong>Was f\u00fcr ein Siegfried<\/strong><br \/>\n\u201eAuftritt Siegfried! Was f\u00fcr ein Typ! Ein kerniges Mannsbild mit Blondper\u00fccke besteigt die B\u00fchne. Andreas Klaue als Siegfried versteht es ganz wunderbar, den Siegfried mit K\u00f6rper und Stimme so aufzublasen, dass das Blonder-Recke-Klischee am\u00fcsant demontiert wird.\u201c \u2013 Stuttgarter Nachrichten \u2013<\/p>\n<p><strong>Sehenswert<\/strong><br \/>\n\u201eDie Nibelungen\u201c in der Inszenierung von Peter Kratz sind sehenswert, weil es einfach viel zu schauen gibt und die Schauspieler super sind. Wer jedoch ein Heldenepos erwartete, wird entt\u00e4uscht: Dieser wird demontiert. Zu Recht.\u201c\u00a0\u2013 Bietigheimer Zeitung<\/p>\n<p><a class=\"fancybox\" href=\"http:\/\/foerderverein-theatersommer.net\/archiv\/wp-content\/uploads\/2016-Achtung-Intrige-Hagen_B.-Linke-Gunther_M.-Hubel-ThS-2016-Foto-\u00a9-by-R.-Crassie.jpg\"><img loading=\"lazy\" decoding=\"async\" class=\"alignleft wp-image-7258 size-thumbnail\" title=\"2016 Achtung Intrige! (Hagen\/B. Linke, Gunther\/M. Hubel) - ThS 2016 - Foto \u00a9 by R. Crassie\" src=\"http:\/\/foerderverein-theatersommer.net\/archiv\/wp-content\/uploads\/2016-Achtung-Intrige-Hagen_B.-Linke-Gunther_M.-Hubel-ThS-2016-Foto-\u00a9-by-R.-Crassie-175x175.jpg\" alt=\"2016 Achtung Intrige! (Hagen\/ B. Linke, Gunther\/ M. Hubel) - ThS 2016 - Foto \u00a9 by R. Crassie\" width=\"175\" height=\"175\" \/> <\/a> <a class=\"fancybox\" href=\"http:\/\/foerderverein-theatersommer.net\/archiv\/wp-content\/uploads\/2016-Duestere-Aussichten-Siegfried_A.-Klaue-Kriemhild_N.M.-Foehr-ThS-2016-Foto-\u00a9-by-R.-Crassie.jpg\"><img loading=\"lazy\" decoding=\"async\" class=\"alignleft size-thumbnail wp-image-8673\" title=\"2016 D\u00fcstere Aussichten (Siegfried\/ A. Klaue, Kriemhild\/ N. M. F\u00f6hr) - ThS 2016 - Foto \u00a9 by Robert Crassie\" src=\"http:\/\/foerderverein-theatersommer.net\/archiv\/wp-content\/uploads\/2016-Duestere-Aussichten-Siegfried_A.-Klaue-Kriemhild_N.M.-Foehr-ThS-2016-Foto-\u00a9-by-R.-Crassie-175x175.jpg\" alt=\"2016 D\u00fcstere Aussichten (Siegfried\/ A. Klaue, Kriemhild\/ N. M. F\u00f6hr) - ThS 2016 - Foto \u00a9 by Robert Crassie\" width=\"175\" height=\"175\" \/><\/a> <a class=\"fancybox\" href=\"http:\/\/foerderverein-theatersommer.net\/archiv\/wp-content\/uploads\/2016-Finale-Ensemble-ThS-2016-Foto-\u00a9-by-R.-Crassie.jpg\"><img loading=\"lazy\" decoding=\"async\" class=\"alignleft wp-image-7258 size-thumbnail\" title=\"2016 Finale (Ensemble) - ThS 2016 - Foto \u00a9 by Robert Crassie\" src=\"http:\/\/foerderverein-theatersommer.net\/archiv\/wp-content\/uploads\/2016-Finale-Ensemble-ThS-2016-Foto-\u00a9-by-R.-Crassie-175x175.jpg\" alt=\"2016 Finale (Ensemble) - ThS 2016 - Foto \u00a9 by Robert Crassie\" width=\"175\" height=\"175\" \/><\/a><a class=\"fancybox\" href=\"http:\/\/foerderverein-theatersommer.net\/archiv\/wp-content\/uploads\/2016-Im-Todesnebel-Bruehhild_S.-Helfenberger-Siegfried_A.-Klaue-ThS-2016-Foto-\u00a9-by-R.-Crassie.jpg\"><img loading=\"lazy\" decoding=\"async\" class=\"alignleft wp-image-7258 size-thumbnail\" title=\"2016 Im Todesnebel (Br\u00fcnhild\/S. Helfenberger, Siegfried\/A. Klaue) - ThS 2016 - Foto \u00a9 by Robert Crassie\" src=\"http:\/\/foerderverein-theatersommer.net\/archiv\/wp-content\/uploads\/2016-Im-Todesnebel-Bruehhild_S.-Helfenberger-Siegfried_A.-Klaue-ThS-2016-Foto-\u00a9-by-R.-Crassie-175x175.jpg\" alt=\"2016 Im Todesnebel (Br\u00fcnhild\/S. Helfenberger, Siegfried\/A. Klaue) - ThS 2016 - Foto \u00a9 by Robert Crassie\" width=\"175\" height=\"175\" \/><\/a><a class=\"fancybox\" href=\"http:\/\/foerderverein-theatersommer.net\/archiv\/wp-content\/uploads\/2016-Koeniginnen-Bruehhild_L.-Pletzer-Kriemhild_N.M.-Foehr-ThS-2016-Foto-\u00a9-by-R.-Crassie.jpg\"><img loading=\"lazy\" decoding=\"async\" class=\"alignleft wp-image-7258 size-thumbnail\" title=\"2016 K\u00f6niginnen (Br\u00fchhild\/ L. Pletzer, Kriemhild\/ N.M. F\u00f6hr) - ThS 2016 - Foto \u00a9 by Robert Crassie\" src=\"http:\/\/foerderverein-theatersommer.net\/archiv\/wp-content\/uploads\/2016-Koeniginnen-Bruehhild_L.-Pletzer-Kriemhild_N.M.-Foehr-ThS-2016-Foto-\u00a9-by-R.-Crassie-175x175.jpg\" alt=\"2016 K\u00f6niginnen (Br\u00fcnhild\/ L. Pletzer, Kriemhild\/ N.M. F\u00f6hr) - ThS 2016 - Foto \u00a9 by Robert Crassie\" width=\"175\" height=\"175\" \/><\/a><a class=\"fancybox\" href=\"http:\/\/foerderverein-theatersommer.net\/archiv\/wp-content\/uploads\/2016-Koenig-Gunther-M.-Hubel-ThS-2016-Foto-\u00a9-by-R.-Crassie.jpg\"><img loading=\"lazy\" decoding=\"async\" class=\"alignleft wp-image-7258 size-thumbnail\" title=\"2016 K\u00f6nig Gunther (M. Hubel) - ThS 2016 - Foto \u00a9 by Robert Crassie\" src=\"http:\/\/foerderverein-theatersommer.net\/archiv\/wp-content\/uploads\/2016-Koenig-Gunther-M.-Hubel-ThS-2016-Foto-\u00a9-by-R.-Crassie-175x175.jpg\" alt=\"2016 K\u00f6nig Gunther (M. Hubel) - ThS 2016 - Foto \u00a9 by Robert Crassie\" width=\"175\" height=\"175\" \/><\/a><\/p>\n<p>&nbsp;<\/p>\n<p>&nbsp;<\/p>\n<p>&nbsp;<\/p>\n<p>&nbsp;<\/p>\n<p><span style=\"font-size: 8pt;\">Bildvergr\u00f6\u00dferung: Foto anklicken und \u00fcber re\/li Pfeil weiter<\/span><\/p>\n<p>&nbsp;<\/p>\n<p>\nZUSCHAUERZAHLEN<br \/>\n2016: \u00a0 \u00a0 \u00a0 \u00a0 2.986 Zuschauende<br \/>\n2017: \u00a0 \u00a0 \u00a0 \u00a0 1.578 Zuschauende<br \/>\nGesamt: 4.564 Zuschauende<\/p>\n<p><span style=\"text-decoration: underline;\"><span style=\"font-size: 14pt; color: #339966;\"><a style=\"color: #339966;\" title=\"2016 \u2013 Arsen &amp; Spitzenh\u00e4ubchen\" href=\"http:\/\/foerderverein-theatersommer.net\/archiv\/spielplan\/ab-2010\/2016-arsen-spitzenhaeubchen\/\"><strong>N\u00e4chstes St\u00fcck<\/strong><\/a><\/span><\/span><\/p>\n<p>&nbsp;<\/p>\n","protected":false},"excerpt":{"rendered":"<p>DIE NIBELUNGEN von Moritz Rinke f\u00fcr den Theatersommer dramaturgisch und szenisch eingerichtet von Peter Kratz Auf Monty-Python-Niveau! INSZENIERUNG: Peter Kratz&#8230; <span class=\"read-more\"><a href=\"https:\/\/foerderverein-theatersommer.net\/archiv\/spielplan\/ab-2010\/2016-die-nibelungen\/\" class=\"button button-darkgray small\"> Continue Reading &rarr; <\/a><\/span><\/p>\n","protected":false},"author":3,"featured_media":10114,"parent":1585,"menu_order":0,"comment_status":"closed","ping_status":"closed","template":"","meta":{"footnotes":""},"_links":{"self":[{"href":"https:\/\/foerderverein-theatersommer.net\/archiv\/wp-json\/wp\/v2\/pages\/8282"}],"collection":[{"href":"https:\/\/foerderverein-theatersommer.net\/archiv\/wp-json\/wp\/v2\/pages"}],"about":[{"href":"https:\/\/foerderverein-theatersommer.net\/archiv\/wp-json\/wp\/v2\/types\/page"}],"author":[{"embeddable":true,"href":"https:\/\/foerderverein-theatersommer.net\/archiv\/wp-json\/wp\/v2\/users\/3"}],"replies":[{"embeddable":true,"href":"https:\/\/foerderverein-theatersommer.net\/archiv\/wp-json\/wp\/v2\/comments?post=8282"}],"version-history":[{"count":19,"href":"https:\/\/foerderverein-theatersommer.net\/archiv\/wp-json\/wp\/v2\/pages\/8282\/revisions"}],"predecessor-version":[{"id":10131,"href":"https:\/\/foerderverein-theatersommer.net\/archiv\/wp-json\/wp\/v2\/pages\/8282\/revisions\/10131"}],"up":[{"embeddable":true,"href":"https:\/\/foerderverein-theatersommer.net\/archiv\/wp-json\/wp\/v2\/pages\/1585"}],"wp:featuredmedia":[{"embeddable":true,"href":"https:\/\/foerderverein-theatersommer.net\/archiv\/wp-json\/wp\/v2\/media\/10114"}],"wp:attachment":[{"href":"https:\/\/foerderverein-theatersommer.net\/archiv\/wp-json\/wp\/v2\/media?parent=8282"}],"curies":[{"name":"wp","href":"https:\/\/api.w.org\/{rel}","templated":true}]}}